{"id":1033,"date":"2022-12-05T15:37:54","date_gmt":"2022-12-05T14:37:54","guid":{"rendered":"https:\/\/www.versoverde.it\/?page_id=1033"},"modified":"2023-07-11T11:52:13","modified_gmt":"2023-07-11T09:52:13","slug":"verzeichnis","status":"publish","type":"page","link":"https:\/\/www.versoverde.it\/de\/verzeichnis\/","title":{"rendered":"Verzeichnis"},"content":{"rendered":"<p style=\"text-align: center\">Lieber Gast,<\/p>\n<p style=\"text-align: center\"><strong>willkommen bei VersoVerde!<\/strong><\/p>\n<p style=\"text-align: center\">Hier finden Sie einige n\u00fctzliche Informationen f\u00fcr Ihren Aufenthalt.<\/p>\n<p style=\"text-align: center\">Das Personal steht Ihnen jederzeit zur Verf\u00fcgung!<\/p>\n","protected":false},"excerpt":{"rendered":"<p>Lieber Gast, willkommen bei VersoVerde! Hier finden Sie einige n\u00fctzliche Informationen f\u00fcr Ihren Aufenthalt. Das Personal steht Ihnen jederzeit zur Verf\u00fcgung!<\/p>\n","protected":false},"author":409,"featured_media":0,"parent":0,"menu_order":930,"comment_status":"closed","ping_status":"closed","template":"template-single_restaurant.php","meta":{"footnotes":""},"class_list":["post-1033","page","type-page","status-publish","hentry"],"yoast_head":"<!-- This site is optimized with the Yoast SEO plugin v26.9 - https:\/\/yoast.com\/product\/yoast-seo-wordpress\/ -->\n<title>Verzeichnis &#8226; Verso Verde Milano &#8226;<\/title>\n<meta name=\"description\" content=\"Lieber Gast, willkommen bei VersoVerde! Hier finden Sie einige n\u00fctzliche Informationen f\u00fcr Ihren Aufenthalt. Das Personal steht Ihnen jederzeit zur Verf\u00fcgung!.\" \/>\n<meta name=\"robots\" content=\"noindex, nofollow\" \/>\n<meta property=\"og:locale\" content=\"de_DE\" \/>\n<meta property=\"og:type\" content=\"article\" \/>\n<meta property=\"og:title\" content=\"Verzeichnis &#8226; Verso Verde Milano &#8226;\" \/>\n<meta property=\"og:description\" content=\"Lieber Gast, willkommen bei VersoVerde! Hier finden Sie einige n\u00fctzliche Informationen f\u00fcr Ihren Aufenthalt. Das Personal steht Ihnen jederzeit zur Verf\u00fcgung!.\" \/>\n<meta property=\"og:url\" content=\"https:\/\/www.versoverde.it\/de\/verzeichnis\/\" \/>\n<meta property=\"og:site_name\" content=\"Verso Verde Milano\" \/>\n<meta property=\"article:modified_time\" content=\"2023-07-11T09:52:13+00:00\" \/>\n<meta name=\"twitter:card\" content=\"summary_large_image\" \/>\n<script type=\"application\/ld+json\" class=\"yoast-schema-graph\">{\"@context\":\"https:\/\/schema.org\",\"@graph\":[{\"@type\":\"WebPage\",\"@id\":\"https:\/\/www.versoverde.it\/de\/verzeichnis\/\",\"url\":\"https:\/\/www.versoverde.it\/de\/verzeichnis\/\",\"name\":\"Verzeichnis &#8226; Verso Verde Milano &#8226;\",\"isPartOf\":{\"@id\":\"https:\/\/www.versoverde.it\/de\/#website\"},\"datePublished\":\"2022-12-05T14:37:54+00:00\",\"dateModified\":\"2023-07-11T09:52:13+00:00\",\"description\":\"Lieber Gast, willkommen bei VersoVerde! Hier finden Sie einige n\u00fctzliche Informationen f\u00fcr Ihren Aufenthalt. Das Personal steht Ihnen jederzeit zur Verf\u00fcgung! .\",\"breadcrumb\":{\"@id\":\"https:\/\/www.versoverde.it\/de\/verzeichnis\/#breadcrumb\"},\"inLanguage\":\"de-DE\",\"potentialAction\":[{\"@type\":\"ReadAction\",\"target\":[\"https:\/\/www.versoverde.it\/de\/verzeichnis\/\"]}]},{\"@type\":\"BreadcrumbList\",\"@id\":\"https:\/\/www.versoverde.it\/de\/verzeichnis\/#breadcrumb\",\"itemListElement\":[{\"@type\":\"ListItem\",\"position\":1,\"name\":\"Home\",\"item\":\"https:\/\/www.versoverde.it\/de\/\"},{\"@type\":\"ListItem\",\"position\":2,\"name\":\"Verzeichnis\"}]},{\"@type\":\"WebSite\",\"@id\":\"https:\/\/www.versoverde.it\/de\/#website\",\"url\":\"https:\/\/www.versoverde.it\/de\/\",\"name\":\"Verso Verde Milano\",\"description\":\"Ecco un altro sito ms.decms.eu\",\"potentialAction\":[{\"@type\":\"SearchAction\",\"target\":{\"@type\":\"EntryPoint\",\"urlTemplate\":\"https:\/\/www.versoverde.it\/de\/?s={search_term_string}\"},\"query-input\":{\"@type\":\"PropertyValueSpecification\",\"valueRequired\":true,\"valueName\":\"search_term_string\"}}],\"inLanguage\":\"de-DE\"}]}<\/script>\n<!-- \/ Yoast SEO plugin. -->","yoast_head_json":{"title":"Verzeichnis &#8226; Verso Verde Milano &#8226;","description":"Lieber Gast, willkommen bei VersoVerde! Hier finden Sie einige n\u00fctzliche Informationen f\u00fcr Ihren Aufenthalt. Das Personal steht Ihnen jederzeit zur Verf\u00fcgung!.","robots":{"index":"noindex","follow":"nofollow"},"og_locale":"de_DE","og_type":"article","og_title":"Verzeichnis &#8226; Verso Verde Milano &#8226;","og_description":"Lieber Gast, willkommen bei VersoVerde! Hier finden Sie einige n\u00fctzliche Informationen f\u00fcr Ihren Aufenthalt. Das Personal steht Ihnen jederzeit zur Verf\u00fcgung!.","og_url":"https:\/\/www.versoverde.it\/de\/verzeichnis\/","og_site_name":"Verso Verde Milano","article_modified_time":"2023-07-11T09:52:13+00:00","twitter_card":"summary_large_image","schema":{"@context":"https:\/\/schema.org","@graph":[{"@type":"WebPage","@id":"https:\/\/www.versoverde.it\/de\/verzeichnis\/","url":"https:\/\/www.versoverde.it\/de\/verzeichnis\/","name":"Verzeichnis &#8226; Verso Verde Milano &#8226;","isPartOf":{"@id":"https:\/\/www.versoverde.it\/de\/#website"},"datePublished":"2022-12-05T14:37:54+00:00","dateModified":"2023-07-11T09:52:13+00:00","description":"Lieber Gast, willkommen bei VersoVerde! Hier finden Sie einige n\u00fctzliche Informationen f\u00fcr Ihren Aufenthalt. Das Personal steht Ihnen jederzeit zur Verf\u00fcgung! .","breadcrumb":{"@id":"https:\/\/www.versoverde.it\/de\/verzeichnis\/#breadcrumb"},"inLanguage":"de-DE","potentialAction":[{"@type":"ReadAction","target":["https:\/\/www.versoverde.it\/de\/verzeichnis\/"]}]},{"@type":"BreadcrumbList","@id":"https:\/\/www.versoverde.it\/de\/verzeichnis\/#breadcrumb","itemListElement":[{"@type":"ListItem","position":1,"name":"Home","item":"https:\/\/www.versoverde.it\/de\/"},{"@type":"ListItem","position":2,"name":"Verzeichnis"}]},{"@type":"WebSite","@id":"https:\/\/www.versoverde.it\/de\/#website","url":"https:\/\/www.versoverde.it\/de\/","name":"Verso Verde Milano","description":"Ecco un altro sito ms.decms.eu","potentialAction":[{"@type":"SearchAction","target":{"@type":"EntryPoint","urlTemplate":"https:\/\/www.versoverde.it\/de\/?s={search_term_string}"},"query-input":{"@type":"PropertyValueSpecification","valueRequired":true,"valueName":"search_term_string"}}],"inLanguage":"de-DE"}]}},"acf":[],"_links":{"self":[{"href":"https:\/\/www.versoverde.it\/de\/wp-json\/wp\/v2\/pages\/1033","targetHints":{"allow":["GET"]}}],"collection":[{"href":"https:\/\/www.versoverde.it\/de\/wp-json\/wp\/v2\/pages"}],"about":[{"href":"https:\/\/www.versoverde.it\/de\/wp-json\/wp\/v2\/types\/page"}],"author":[{"embeddable":true,"href":"https:\/\/www.versoverde.it\/de\/wp-json\/wp\/v2\/users\/409"}],"replies":[{"embeddable":true,"href":"https:\/\/www.versoverde.it\/de\/wp-json\/wp\/v2\/comments?post=1033"}],"version-history":[{"count":0,"href":"https:\/\/www.versoverde.it\/de\/wp-json\/wp\/v2\/pages\/1033\/revisions"}],"wp:attachment":[{"href":"https:\/\/www.versoverde.it\/de\/wp-json\/wp\/v2\/media?parent=1033"}],"curies":[{"name":"wp","href":"https:\/\/api.w.org\/{rel}","templated":true}]}}