{"id":1041,"date":"2022-12-06T12:21:47","date_gmt":"2022-12-06T11:21:47","guid":{"rendered":"https:\/\/www.versoverde.it\/?page_id=1041"},"modified":"2023-01-18T09:35:59","modified_gmt":"2023-01-18T08:35:59","slug":"struktur","status":"publish","type":"page","link":"https:\/\/www.versoverde.it\/de\/hotel\/struktur\/","title":{"rendered":"Struktur"},"content":{"rendered":"<div style=\"text-align: center\">Das VersoVerde Hotel ist das neue Stadterneuerungsprojekt in Mailand.<\/div>\n<div style=\"text-align: center\"><\/div>\n<div style=\"text-align: center\">Eine Intervention, die einen Wandel in der Denkweise und der Gestaltung nachhaltiger Geb\u00e4ude darstellt.<\/div>\n<div style=\"text-align: center\"><\/div>\n<div style=\"text-align: center\">Ein altes, stillgelegtes Geb\u00e4ude wurde in ein neues Konzept f\u00fcr Gastfreundschaft, Modernit\u00e4t, Nachhaltigkeit und Design umgewandelt.<\/div>\n<div style=\"text-align: center\"><\/div>\n<div style=\"text-align: center\">Wir haben uns bewusst f\u00fcr die Beibehaltung der f\u00fcr Industrielager typischen Doppelgew\u00f6lbe entschieden, um die historische Verbindung mit dem Gebiet aufrechtzuerhalten und gleichzeitig den Innen- und Au\u00dfenr\u00e4umen neues Leben und Licht zu verleihen.<\/div>\n<div style=\"text-align: center\"><\/div>\n<div style=\"text-align: center\">Das ehemals dunkle Geb\u00e4ude bietet nun helle und luftige R\u00e4ume, dank eines Einschnitts entlang des gesamten Geb\u00e4udes, der die dichte Vegetation zum Leben erweckt und aus dem Volumen selbst hervortreten l\u00e4sst.<\/div>\n<div style=\"text-align: center\"><\/div>\n<div style=\"text-align: center\">Beim Betreten des Geb\u00e4udes entdeckt man die verschiedenen R\u00e4ume, kleine Innenh\u00f6fe und gro\u00dfe moderne Fenster, die im Kontrast zum antiken Ambiente des Naviglio stehen.<\/div>\n<div style=\"text-align: center\"><\/div>\n<div style=\"text-align: center\">Ein neuer Lebensraum zum Erleben und Entdecken!<\/div>\n","protected":false},"excerpt":{"rendered":"<p>Das VersoVerde Hotel ist das neue Stadterneuerungsprojekt in Mailand. Eine Intervention, die einen Wandel in der Denkweise und der Gestaltung nachhaltiger Geb\u00e4ude darstellt. Ein altes, stillgelegtes Geb\u00e4ude wurde in ein neues Konzept f\u00fcr Gastfreundschaft, Modernit\u00e4t, Nachhaltigkeit und Design umgewandelt. Wir haben uns bewusst f\u00fcr die Beibehaltung der f\u00fcr Industrielager typischen Doppelgew\u00f6lbe entschieden, um die historische [&hellip;]<\/p>\n","protected":false},"author":409,"featured_media":0,"parent":556,"menu_order":10,"comment_status":"closed","ping_status":"closed","template":"","meta":{"footnotes":""},"class_list":["post-1041","page","type-page","status-publish","hentry"],"yoast_head":"<!-- This site is optimized with the Yoast SEO plugin v26.9 - https:\/\/yoast.com\/product\/yoast-seo-wordpress\/ -->\n<title>Struktur &#8226; Verso Verde Milano &#8226;<\/title>\n<meta name=\"description\" content=\"Das VersoVerde Hotel ist das neue Stadterneuerungsprojekt in Mailand.  Eine Intervention, die einen Wandel in der Denkweise und der Gestaltung nachhaltiger Geb\u00e4ude darstellt.  Ein altes, stillgelegtes Geb\u00e4ude wurde in ein neues Konzept f\u00fcr Gastfreundschaft, Modernit\u00e4t, Nachhaltigkeit und Design umgewandelt.  Wir haben uns bewusst f\u00fcr die Beibehaltung der f\u00fcr Industrielager typischen Doppelgew\u00f6lbe entschieden, um die historische Verbindung mit dem Gebiet aufrechtzuerhalten und gleichzeitig den Innen- und Au\u00dfenr\u00e4umen neues Leben und Licht zu verleihen.  Das ehemals dunkle Geb\u00e4ude bietet nun helle und luftige R\u00e4ume, dank eines Einschnitts entlang des gesamten Geb\u00e4udes, der die dichte Vegetation zum Leben erweckt und aus dem Volumen selbst hervortreten l\u00e4sst.  Beim Betreten des Geb\u00e4udes entdeckt man die verschiedenen R\u00e4ume, kleine Innenh\u00f6fe und gro\u00dfe moderne Fenster, die im Kontrast zum antiken Ambiente des Naviglio stehen.  Ein neuer Lebensraum zum Erleben und Entdecken!.\" \/>\n<meta name=\"robots\" content=\"index, follow, max-snippet:-1, max-image-preview:large, max-video-preview:-1\" \/>\n<link rel=\"canonical\" href=\"https:\/\/www.versoverde.it\/de\/hotel\/struktur\/\" \/>\n<meta property=\"og:locale\" content=\"de_DE\" \/>\n<meta property=\"og:type\" content=\"article\" \/>\n<meta property=\"og:title\" content=\"Struktur &#8226; Verso Verde Milano &#8226;\" \/>\n<meta property=\"og:description\" content=\"Das VersoVerde Hotel ist das neue Stadterneuerungsprojekt in Mailand.  Eine Intervention, die einen Wandel in der Denkweise und der Gestaltung nachhaltiger Geb\u00e4ude darstellt.  Ein altes, stillgelegtes Geb\u00e4ude wurde in ein neues Konzept f\u00fcr Gastfreundschaft, Modernit\u00e4t, Nachhaltigkeit und Design umgewandelt.  Wir haben uns bewusst f\u00fcr die Beibehaltung der f\u00fcr Industrielager typischen Doppelgew\u00f6lbe entschieden, um die historische Verbindung mit dem Gebiet aufrechtzuerhalten und gleichzeitig den Innen- und Au\u00dfenr\u00e4umen neues Leben und Licht zu verleihen.  Das ehemals dunkle Geb\u00e4ude bietet nun helle und luftige R\u00e4ume, dank eines Einschnitts entlang des gesamten Geb\u00e4udes, der die dichte Vegetation zum Leben erweckt und aus dem Volumen selbst hervortreten l\u00e4sst.  Beim Betreten des Geb\u00e4udes entdeckt man die verschiedenen R\u00e4ume, kleine Innenh\u00f6fe und gro\u00dfe moderne Fenster, die im Kontrast zum antiken Ambiente des Naviglio stehen.  Ein neuer Lebensraum zum Erleben und Entdecken!.\" \/>\n<meta property=\"og:url\" content=\"https:\/\/www.versoverde.it\/de\/hotel\/struktur\/\" \/>\n<meta property=\"og:site_name\" content=\"Verso Verde Milano\" \/>\n<meta property=\"article:modified_time\" content=\"2023-01-18T08:35:59+00:00\" \/>\n<meta name=\"twitter:card\" content=\"summary_large_image\" \/>\n<meta name=\"twitter:label1\" content=\"Gesch\u00e4tzte Lesezeit\" \/>\n\t<meta name=\"twitter:data1\" content=\"1 Minute\" \/>\n<script type=\"application\/ld+json\" class=\"yoast-schema-graph\">{\"@context\":\"https:\/\/schema.org\",\"@graph\":[{\"@type\":\"WebPage\",\"@id\":\"https:\/\/www.versoverde.it\/de\/hotel\/struktur\/\",\"url\":\"https:\/\/www.versoverde.it\/de\/hotel\/struktur\/\",\"name\":\"Struktur &#8226; Verso Verde Milano &#8226;\",\"isPartOf\":{\"@id\":\"https:\/\/www.versoverde.it\/de\/#website\"},\"datePublished\":\"2022-12-06T11:21:47+00:00\",\"dateModified\":\"2023-01-18T08:35:59+00:00\",\"description\":\"Das VersoVerde Hotel ist das neue Stadterneuerungsprojekt in Mailand. Eine Intervention, die einen Wandel in der Denkweise und der Gestaltung nachhaltiger Geb\u00e4ude darstellt. Ein altes, stillgelegtes Geb\u00e4ude wurde in ein neues Konzept f\u00fcr Gastfreundschaft, Modernit\u00e4t, Nachhaltigkeit und Design umgewandelt. Wir haben uns bewusst f\u00fcr die Beibehaltung der f\u00fcr Industrielager typischen Doppelgew\u00f6lbe entschieden, um die historische Verbindung mit dem Gebiet aufrechtzuerhalten und gleichzeitig den Innen- und Au\u00dfenr\u00e4umen neues Leben und Licht zu verleihen. Das ehemals dunkle Geb\u00e4ude bietet nun helle und luftige R\u00e4ume, dank eines Einschnitts entlang des gesamten Geb\u00e4udes, der die dichte Vegetation zum Leben erweckt und aus dem Volumen selbst hervortreten l\u00e4sst. Beim Betreten des Geb\u00e4udes entdeckt man die verschiedenen R\u00e4ume, kleine Innenh\u00f6fe und gro\u00dfe moderne Fenster, die im Kontrast zum antiken Ambiente des Naviglio stehen. Ein neuer Lebensraum zum Erleben und Entdecken! .\",\"breadcrumb\":{\"@id\":\"https:\/\/www.versoverde.it\/de\/hotel\/struktur\/#breadcrumb\"},\"inLanguage\":\"de-DE\",\"potentialAction\":[{\"@type\":\"ReadAction\",\"target\":[\"https:\/\/www.versoverde.it\/de\/hotel\/struktur\/\"]}]},{\"@type\":\"BreadcrumbList\",\"@id\":\"https:\/\/www.versoverde.it\/de\/hotel\/struktur\/#breadcrumb\",\"itemListElement\":[{\"@type\":\"ListItem\",\"position\":1,\"name\":\"Home\",\"item\":\"https:\/\/www.versoverde.it\/de\/\"},{\"@type\":\"ListItem\",\"position\":2,\"name\":\"Hotel\",\"item\":\"https:\/\/www.versoverde.it\/de\/hotel\/\"},{\"@type\":\"ListItem\",\"position\":3,\"name\":\"Struktur\"}]},{\"@type\":\"WebSite\",\"@id\":\"https:\/\/www.versoverde.it\/de\/#website\",\"url\":\"https:\/\/www.versoverde.it\/de\/\",\"name\":\"Verso Verde Milano\",\"description\":\"Ecco un altro sito ms.decms.eu\",\"potentialAction\":[{\"@type\":\"SearchAction\",\"target\":{\"@type\":\"EntryPoint\",\"urlTemplate\":\"https:\/\/www.versoverde.it\/de\/?s={search_term_string}\"},\"query-input\":{\"@type\":\"PropertyValueSpecification\",\"valueRequired\":true,\"valueName\":\"search_term_string\"}}],\"inLanguage\":\"de-DE\"}]}<\/script>\n<!-- \/ Yoast SEO plugin. -->","yoast_head_json":{"title":"Struktur &#8226; Verso Verde Milano &#8226;","description":"Das VersoVerde Hotel ist das neue Stadterneuerungsprojekt in Mailand.  Eine Intervention, die einen Wandel in der Denkweise und der Gestaltung nachhaltiger Geb\u00e4ude darstellt.  Ein altes, stillgelegtes Geb\u00e4ude wurde in ein neues Konzept f\u00fcr Gastfreundschaft, Modernit\u00e4t, Nachhaltigkeit und Design umgewandelt.  Wir haben uns bewusst f\u00fcr die Beibehaltung der f\u00fcr Industrielager typischen Doppelgew\u00f6lbe entschieden, um die historische Verbindung mit dem Gebiet aufrechtzuerhalten und gleichzeitig den Innen- und Au\u00dfenr\u00e4umen neues Leben und Licht zu verleihen.  Das ehemals dunkle Geb\u00e4ude bietet nun helle und luftige R\u00e4ume, dank eines Einschnitts entlang des gesamten Geb\u00e4udes, der die dichte Vegetation zum Leben erweckt und aus dem Volumen selbst hervortreten l\u00e4sst.  Beim Betreten des Geb\u00e4udes entdeckt man die verschiedenen R\u00e4ume, kleine Innenh\u00f6fe und gro\u00dfe moderne Fenster, die im Kontrast zum antiken Ambiente des Naviglio stehen.  Ein neuer Lebensraum zum Erleben und Entdecken!.","robots":{"index":"index","follow":"follow","max-snippet":"max-snippet:-1","max-image-preview":"max-image-preview:large","max-video-preview":"max-video-preview:-1"},"canonical":"https:\/\/www.versoverde.it\/de\/hotel\/struktur\/","og_locale":"de_DE","og_type":"article","og_title":"Struktur &#8226; Verso Verde Milano &#8226;","og_description":"Das VersoVerde Hotel ist das neue Stadterneuerungsprojekt in Mailand.  Eine Intervention, die einen Wandel in der Denkweise und der Gestaltung nachhaltiger Geb\u00e4ude darstellt.  Ein altes, stillgelegtes Geb\u00e4ude wurde in ein neues Konzept f\u00fcr Gastfreundschaft, Modernit\u00e4t, Nachhaltigkeit und Design umgewandelt.  Wir haben uns bewusst f\u00fcr die Beibehaltung der f\u00fcr Industrielager typischen Doppelgew\u00f6lbe entschieden, um die historische Verbindung mit dem Gebiet aufrechtzuerhalten und gleichzeitig den Innen- und Au\u00dfenr\u00e4umen neues Leben und Licht zu verleihen.  Das ehemals dunkle Geb\u00e4ude bietet nun helle und luftige R\u00e4ume, dank eines Einschnitts entlang des gesamten Geb\u00e4udes, der die dichte Vegetation zum Leben erweckt und aus dem Volumen selbst hervortreten l\u00e4sst.  Beim Betreten des Geb\u00e4udes entdeckt man die verschiedenen R\u00e4ume, kleine Innenh\u00f6fe und gro\u00dfe moderne Fenster, die im Kontrast zum antiken Ambiente des Naviglio stehen.  Ein neuer Lebensraum zum Erleben und Entdecken!.","og_url":"https:\/\/www.versoverde.it\/de\/hotel\/struktur\/","og_site_name":"Verso Verde Milano","article_modified_time":"2023-01-18T08:35:59+00:00","twitter_card":"summary_large_image","twitter_misc":{"Gesch\u00e4tzte Lesezeit":"1 Minute"},"schema":{"@context":"https:\/\/schema.org","@graph":[{"@type":"WebPage","@id":"https:\/\/www.versoverde.it\/de\/hotel\/struktur\/","url":"https:\/\/www.versoverde.it\/de\/hotel\/struktur\/","name":"Struktur &#8226; Verso Verde Milano &#8226;","isPartOf":{"@id":"https:\/\/www.versoverde.it\/de\/#website"},"datePublished":"2022-12-06T11:21:47+00:00","dateModified":"2023-01-18T08:35:59+00:00","description":"Das VersoVerde Hotel ist das neue Stadterneuerungsprojekt in Mailand. Eine Intervention, die einen Wandel in der Denkweise und der Gestaltung nachhaltiger Geb\u00e4ude darstellt. Ein altes, stillgelegtes Geb\u00e4ude wurde in ein neues Konzept f\u00fcr Gastfreundschaft, Modernit\u00e4t, Nachhaltigkeit und Design umgewandelt. Wir haben uns bewusst f\u00fcr die Beibehaltung der f\u00fcr Industrielager typischen Doppelgew\u00f6lbe entschieden, um die historische Verbindung mit dem Gebiet aufrechtzuerhalten und gleichzeitig den Innen- und Au\u00dfenr\u00e4umen neues Leben und Licht zu verleihen. Das ehemals dunkle Geb\u00e4ude bietet nun helle und luftige R\u00e4ume, dank eines Einschnitts entlang des gesamten Geb\u00e4udes, der die dichte Vegetation zum Leben erweckt und aus dem Volumen selbst hervortreten l\u00e4sst. Beim Betreten des Geb\u00e4udes entdeckt man die verschiedenen R\u00e4ume, kleine Innenh\u00f6fe und gro\u00dfe moderne Fenster, die im Kontrast zum antiken Ambiente des Naviglio stehen. Ein neuer Lebensraum zum Erleben und Entdecken! .","breadcrumb":{"@id":"https:\/\/www.versoverde.it\/de\/hotel\/struktur\/#breadcrumb"},"inLanguage":"de-DE","potentialAction":[{"@type":"ReadAction","target":["https:\/\/www.versoverde.it\/de\/hotel\/struktur\/"]}]},{"@type":"BreadcrumbList","@id":"https:\/\/www.versoverde.it\/de\/hotel\/struktur\/#breadcrumb","itemListElement":[{"@type":"ListItem","position":1,"name":"Home","item":"https:\/\/www.versoverde.it\/de\/"},{"@type":"ListItem","position":2,"name":"Hotel","item":"https:\/\/www.versoverde.it\/de\/hotel\/"},{"@type":"ListItem","position":3,"name":"Struktur"}]},{"@type":"WebSite","@id":"https:\/\/www.versoverde.it\/de\/#website","url":"https:\/\/www.versoverde.it\/de\/","name":"Verso Verde Milano","description":"Ecco un altro sito ms.decms.eu","potentialAction":[{"@type":"SearchAction","target":{"@type":"EntryPoint","urlTemplate":"https:\/\/www.versoverde.it\/de\/?s={search_term_string}"},"query-input":{"@type":"PropertyValueSpecification","valueRequired":true,"valueName":"search_term_string"}}],"inLanguage":"de-DE"}]}},"acf":[],"_links":{"self":[{"href":"https:\/\/www.versoverde.it\/de\/wp-json\/wp\/v2\/pages\/1041","targetHints":{"allow":["GET"]}}],"collection":[{"href":"https:\/\/www.versoverde.it\/de\/wp-json\/wp\/v2\/pages"}],"about":[{"href":"https:\/\/www.versoverde.it\/de\/wp-json\/wp\/v2\/types\/page"}],"author":[{"embeddable":true,"href":"https:\/\/www.versoverde.it\/de\/wp-json\/wp\/v2\/users\/409"}],"replies":[{"embeddable":true,"href":"https:\/\/www.versoverde.it\/de\/wp-json\/wp\/v2\/comments?post=1041"}],"version-history":[{"count":0,"href":"https:\/\/www.versoverde.it\/de\/wp-json\/wp\/v2\/pages\/1041\/revisions"}],"up":[{"embeddable":true,"href":"https:\/\/www.versoverde.it\/de\/wp-json\/wp\/v2\/pages\/556"}],"wp:attachment":[{"href":"https:\/\/www.versoverde.it\/de\/wp-json\/wp\/v2\/media?parent=1041"}],"curies":[{"name":"wp","href":"https:\/\/api.w.org\/{rel}","templated":true}]}}