{"id":1044,"date":"2022-12-06T12:21:57","date_gmt":"2022-12-06T11:21:57","guid":{"rendered":"https:\/\/www.versoverde.it\/?page_id=1044"},"modified":"2022-12-06T12:21:57","modified_gmt":"2022-12-06T11:21:57","slug":"materialien","status":"publish","type":"page","link":"https:\/\/www.versoverde.it\/de\/hotel\/materialien\/","title":{"rendered":"Materialien"},"content":{"rendered":"<div style=\"text-align: center\">Die Auswahl der Materialien orientierte sich an Produkten mit zertifizierten Merkmalen der \u00f6kologischen Nachhaltigkeit in der gesamten Lieferkette: Produktion, Installation, Nutzung, Stilllegung.<\/div>\n<div style=\"text-align: center\"><\/div>\n<div style=\"text-align: center\">Die Grundlage der nachhaltigen Architektur war eine sorgf\u00e4ltige \u00dcberpr\u00fcfung der ausgewogenen Verwendung von Materialien, die in f\u00fcnf Makrokategorien fallen<\/div>\n<div style=\"text-align: center\"><\/div>\n<div style=\"text-align: center\">\n<ul class=\"MailOutline\">\n<li>nat\u00fcrliche &#8222;lebende&#8220; Materialien. nat\u00fcrliche Stoffe wie Leinen, Baumwolle, Seide, Wolle<\/li>\n<li>tr\u00e4ge nat\u00fcrliche Materialien wie Metall und Stein<\/li>\n<li>erdgebundene Materialien wie Keramik, Ziegel und Zement.<\/li>\n<li>Materialien, die an Wasser erinnern.<\/li>\n<li>Materialien zur Schaffung von Transparenz und Glas.<\/li>\n<\/ul>\n<\/div>\n<div style=\"text-align: center\"><\/div>\n<div style=\"text-align: center\">Jede dieser Kategorien ruft Empfindungen hervor, die die anderen nicht \u00fcberwiegen k\u00f6nnen und d\u00fcrfen, da es sonst zu einem Ungleichgewicht in den Gesamtempfindungen des wahrgenommenen Wohlbefindens kommt. Dieses Gleichgewicht muss in Bezug auf die Oberfl\u00e4chentemperaturen dieser Materialien, die sich stark voneinander unterscheiden, auf ihre Beschaffenheit und, im Falle des Lichts, auf den Lichteinfall auf die Materialien selbst hergestellt werden.<\/div>\n","protected":false},"excerpt":{"rendered":"<p>Die Auswahl der Materialien orientierte sich an Produkten mit zertifizierten Merkmalen der \u00f6kologischen Nachhaltigkeit in der gesamten Lieferkette: Produktion, Installation, Nutzung, Stilllegung. Die Grundlage der nachhaltigen Architektur war eine sorgf\u00e4ltige \u00dcberpr\u00fcfung der ausgewogenen Verwendung von Materialien, die in f\u00fcnf Makrokategorien fallen nat\u00fcrliche &#8222;lebende&#8220; Materialien. nat\u00fcrliche Stoffe wie Leinen, Baumwolle, Seide, Wolle tr\u00e4ge nat\u00fcrliche Materialien wie [&hellip;]<\/p>\n","protected":false},"author":409,"featured_media":0,"parent":556,"menu_order":20,"comment_status":"closed","ping_status":"closed","template":"","meta":{"footnotes":""},"class_list":["post-1044","page","type-page","status-publish","hentry"],"yoast_head":"<!-- This site is optimized with the Yoast SEO plugin v26.9 - https:\/\/yoast.com\/product\/yoast-seo-wordpress\/ -->\n<title>Materialien &#8226; Verso Verde Milano &#8226;<\/title>\n<meta name=\"description\" content=\"Die Auswahl der Materialien orientierte sich an Produkten mit zertifizierten Merkmalen der \u00f6kologischen Nachhaltigkeit in der gesamten Lieferkette: Produktion, Installation, Nutzung, Stilllegung.  Die Grundlage der nachhaltigen Architektur war eine sorgf\u00e4ltige \u00dcberpr\u00fcfung der ausgewogenen Verwendung von Materialien, die in f\u00fcnf Makrokategorien fallen     nat\u00fcrliche &quot;lebende&quot; Materialien. nat\u00fcrliche Stoffe wie Leinen, Baumwolle, Seide, Wolle  tr\u00e4ge nat\u00fcrliche Materialien wie Metall und Stein  erdgebundene Materialien wie Keramik, Ziegel und Zement.  Materialien, die an Wasser erinnern.  Materialien zur Schaffung von Transparenz und Glas.    Jede dieser Kategorien ruft Empfindungen hervor, die die anderen nicht \u00fcberwiegen k\u00f6nnen und d\u00fcrfen, da es sonst zu einem Ungleichgewicht in den Gesamtempfindungen des wahrgenommenen Wohlbefindens kommt\" \/>\n<meta name=\"robots\" content=\"index, follow, max-snippet:-1, max-image-preview:large, max-video-preview:-1\" \/>\n<link rel=\"canonical\" href=\"https:\/\/www.versoverde.it\/de\/hotel\/materialien\/\" \/>\n<meta property=\"og:locale\" content=\"de_DE\" \/>\n<meta property=\"og:type\" content=\"article\" \/>\n<meta property=\"og:title\" content=\"Materialien &#8226; Verso Verde Milano &#8226;\" \/>\n<meta property=\"og:description\" content=\"Die Auswahl der Materialien orientierte sich an Produkten mit zertifizierten Merkmalen der \u00f6kologischen Nachhaltigkeit in der gesamten Lieferkette: Produktion, Installation, Nutzung, Stilllegung.  Die Grundlage der nachhaltigen Architektur war eine sorgf\u00e4ltige \u00dcberpr\u00fcfung der ausgewogenen Verwendung von Materialien, die in f\u00fcnf Makrokategorien fallen     nat\u00fcrliche &quot;lebende&quot; Materialien. nat\u00fcrliche Stoffe wie Leinen, Baumwolle, Seide, Wolle  tr\u00e4ge nat\u00fcrliche Materialien wie Metall und Stein  erdgebundene Materialien wie Keramik, Ziegel und Zement.  Materialien, die an Wasser erinnern.  Materialien zur Schaffung von Transparenz und Glas.    Jede dieser Kategorien ruft Empfindungen hervor, die die anderen nicht \u00fcberwiegen k\u00f6nnen und d\u00fcrfen, da es sonst zu einem Ungleichgewicht in den Gesamtempfindungen des wahrgenommenen Wohlbefindens kommt\" \/>\n<meta property=\"og:url\" content=\"https:\/\/www.versoverde.it\/de\/hotel\/materialien\/\" \/>\n<meta property=\"og:site_name\" content=\"Verso Verde Milano\" \/>\n<meta name=\"twitter:card\" content=\"summary_large_image\" \/>\n<meta name=\"twitter:label1\" content=\"Gesch\u00e4tzte Lesezeit\" \/>\n\t<meta name=\"twitter:data1\" content=\"1 Minute\" \/>\n<script type=\"application\/ld+json\" class=\"yoast-schema-graph\">{\"@context\":\"https:\/\/schema.org\",\"@graph\":[{\"@type\":\"WebPage\",\"@id\":\"https:\/\/www.versoverde.it\/de\/hotel\/materialien\/\",\"url\":\"https:\/\/www.versoverde.it\/de\/hotel\/materialien\/\",\"name\":\"Materialien &#8226; Verso Verde Milano &#8226;\",\"isPartOf\":{\"@id\":\"https:\/\/www.versoverde.it\/de\/#website\"},\"datePublished\":\"2022-12-06T11:21:57+00:00\",\"description\":\"Die Auswahl der Materialien orientierte sich an Produkten mit zertifizierten Merkmalen der \u00f6kologischen Nachhaltigkeit in der gesamten Lieferkette: Produktion, Installation, Nutzung, Stilllegung. Die Grundlage der nachhaltigen Architektur war eine sorgf\u00e4ltige \u00dcberpr\u00fcfung der ausgewogenen Verwendung von Materialien, die in f\u00fcnf Makrokategorien fallen \u2022 nat\u00fcrliche \\\"lebende\\\" Materialien. nat\u00fcrliche Stoffe wie Leinen, Baumwolle, Seide, Wolle \u2022 tr\u00e4ge nat\u00fcrliche Materialien wie Metall und Stein \u2022 erdgebundene Materialien wie Keramik, Ziegel und Zement. \u2022 Materialien, die an Wasser erinnern. \u2022 Materialien zur Schaffung von Transparenz und Glas. Jede dieser Kategorien ruft Empfindungen hervor, die die anderen nicht \u00fcberwiegen k\u00f6nnen und d\u00fcrfen, da es sonst zu einem Ungleichgewicht in den Gesamtempfindungen des wahrgenommenen Wohlbefindens kommt\",\"breadcrumb\":{\"@id\":\"https:\/\/www.versoverde.it\/de\/hotel\/materialien\/#breadcrumb\"},\"inLanguage\":\"de-DE\",\"potentialAction\":[{\"@type\":\"ReadAction\",\"target\":[\"https:\/\/www.versoverde.it\/de\/hotel\/materialien\/\"]}]},{\"@type\":\"BreadcrumbList\",\"@id\":\"https:\/\/www.versoverde.it\/de\/hotel\/materialien\/#breadcrumb\",\"itemListElement\":[{\"@type\":\"ListItem\",\"position\":1,\"name\":\"Home\",\"item\":\"https:\/\/www.versoverde.it\/de\/\"},{\"@type\":\"ListItem\",\"position\":2,\"name\":\"Hotel\",\"item\":\"https:\/\/www.versoverde.it\/de\/hotel\/\"},{\"@type\":\"ListItem\",\"position\":3,\"name\":\"Materialien\"}]},{\"@type\":\"WebSite\",\"@id\":\"https:\/\/www.versoverde.it\/de\/#website\",\"url\":\"https:\/\/www.versoverde.it\/de\/\",\"name\":\"Verso Verde Milano\",\"description\":\"Ecco un altro sito ms.decms.eu\",\"potentialAction\":[{\"@type\":\"SearchAction\",\"target\":{\"@type\":\"EntryPoint\",\"urlTemplate\":\"https:\/\/www.versoverde.it\/de\/?s={search_term_string}\"},\"query-input\":{\"@type\":\"PropertyValueSpecification\",\"valueRequired\":true,\"valueName\":\"search_term_string\"}}],\"inLanguage\":\"de-DE\"}]}<\/script>\n<!-- \/ Yoast SEO plugin. -->","yoast_head_json":{"title":"Materialien &#8226; Verso Verde Milano &#8226;","description":"Die Auswahl der Materialien orientierte sich an Produkten mit zertifizierten Merkmalen der \u00f6kologischen Nachhaltigkeit in der gesamten Lieferkette: Produktion, Installation, Nutzung, Stilllegung.  Die Grundlage der nachhaltigen Architektur war eine sorgf\u00e4ltige \u00dcberpr\u00fcfung der ausgewogenen Verwendung von Materialien, die in f\u00fcnf Makrokategorien fallen     nat\u00fcrliche \"lebende\" Materialien. nat\u00fcrliche Stoffe wie Leinen, Baumwolle, Seide, Wolle  tr\u00e4ge nat\u00fcrliche Materialien wie Metall und Stein  erdgebundene Materialien wie Keramik, Ziegel und Zement.  Materialien, die an Wasser erinnern.  Materialien zur Schaffung von Transparenz und Glas.    Jede dieser Kategorien ruft Empfindungen hervor, die die anderen nicht \u00fcberwiegen k\u00f6nnen und d\u00fcrfen, da es sonst zu einem Ungleichgewicht in den Gesamtempfindungen des wahrgenommenen Wohlbefindens kommt","robots":{"index":"index","follow":"follow","max-snippet":"max-snippet:-1","max-image-preview":"max-image-preview:large","max-video-preview":"max-video-preview:-1"},"canonical":"https:\/\/www.versoverde.it\/de\/hotel\/materialien\/","og_locale":"de_DE","og_type":"article","og_title":"Materialien &#8226; Verso Verde Milano &#8226;","og_description":"Die Auswahl der Materialien orientierte sich an Produkten mit zertifizierten Merkmalen der \u00f6kologischen Nachhaltigkeit in der gesamten Lieferkette: Produktion, Installation, Nutzung, Stilllegung.  Die Grundlage der nachhaltigen Architektur war eine sorgf\u00e4ltige \u00dcberpr\u00fcfung der ausgewogenen Verwendung von Materialien, die in f\u00fcnf Makrokategorien fallen     nat\u00fcrliche \"lebende\" Materialien. nat\u00fcrliche Stoffe wie Leinen, Baumwolle, Seide, Wolle  tr\u00e4ge nat\u00fcrliche Materialien wie Metall und Stein  erdgebundene Materialien wie Keramik, Ziegel und Zement.  Materialien, die an Wasser erinnern.  Materialien zur Schaffung von Transparenz und Glas.    Jede dieser Kategorien ruft Empfindungen hervor, die die anderen nicht \u00fcberwiegen k\u00f6nnen und d\u00fcrfen, da es sonst zu einem Ungleichgewicht in den Gesamtempfindungen des wahrgenommenen Wohlbefindens kommt","og_url":"https:\/\/www.versoverde.it\/de\/hotel\/materialien\/","og_site_name":"Verso Verde Milano","twitter_card":"summary_large_image","twitter_misc":{"Gesch\u00e4tzte Lesezeit":"1 Minute"},"schema":{"@context":"https:\/\/schema.org","@graph":[{"@type":"WebPage","@id":"https:\/\/www.versoverde.it\/de\/hotel\/materialien\/","url":"https:\/\/www.versoverde.it\/de\/hotel\/materialien\/","name":"Materialien &#8226; Verso Verde Milano &#8226;","isPartOf":{"@id":"https:\/\/www.versoverde.it\/de\/#website"},"datePublished":"2022-12-06T11:21:57+00:00","description":"Die Auswahl der Materialien orientierte sich an Produkten mit zertifizierten Merkmalen der \u00f6kologischen Nachhaltigkeit in der gesamten Lieferkette: Produktion, Installation, Nutzung, Stilllegung. Die Grundlage der nachhaltigen Architektur war eine sorgf\u00e4ltige \u00dcberpr\u00fcfung der ausgewogenen Verwendung von Materialien, die in f\u00fcnf Makrokategorien fallen \u2022 nat\u00fcrliche \"lebende\" Materialien. nat\u00fcrliche Stoffe wie Leinen, Baumwolle, Seide, Wolle \u2022 tr\u00e4ge nat\u00fcrliche Materialien wie Metall und Stein \u2022 erdgebundene Materialien wie Keramik, Ziegel und Zement. \u2022 Materialien, die an Wasser erinnern. \u2022 Materialien zur Schaffung von Transparenz und Glas. Jede dieser Kategorien ruft Empfindungen hervor, die die anderen nicht \u00fcberwiegen k\u00f6nnen und d\u00fcrfen, da es sonst zu einem Ungleichgewicht in den Gesamtempfindungen des wahrgenommenen Wohlbefindens kommt","breadcrumb":{"@id":"https:\/\/www.versoverde.it\/de\/hotel\/materialien\/#breadcrumb"},"inLanguage":"de-DE","potentialAction":[{"@type":"ReadAction","target":["https:\/\/www.versoverde.it\/de\/hotel\/materialien\/"]}]},{"@type":"BreadcrumbList","@id":"https:\/\/www.versoverde.it\/de\/hotel\/materialien\/#breadcrumb","itemListElement":[{"@type":"ListItem","position":1,"name":"Home","item":"https:\/\/www.versoverde.it\/de\/"},{"@type":"ListItem","position":2,"name":"Hotel","item":"https:\/\/www.versoverde.it\/de\/hotel\/"},{"@type":"ListItem","position":3,"name":"Materialien"}]},{"@type":"WebSite","@id":"https:\/\/www.versoverde.it\/de\/#website","url":"https:\/\/www.versoverde.it\/de\/","name":"Verso Verde Milano","description":"Ecco un altro sito ms.decms.eu","potentialAction":[{"@type":"SearchAction","target":{"@type":"EntryPoint","urlTemplate":"https:\/\/www.versoverde.it\/de\/?s={search_term_string}"},"query-input":{"@type":"PropertyValueSpecification","valueRequired":true,"valueName":"search_term_string"}}],"inLanguage":"de-DE"}]}},"acf":[],"_links":{"self":[{"href":"https:\/\/www.versoverde.it\/de\/wp-json\/wp\/v2\/pages\/1044","targetHints":{"allow":["GET"]}}],"collection":[{"href":"https:\/\/www.versoverde.it\/de\/wp-json\/wp\/v2\/pages"}],"about":[{"href":"https:\/\/www.versoverde.it\/de\/wp-json\/wp\/v2\/types\/page"}],"author":[{"embeddable":true,"href":"https:\/\/www.versoverde.it\/de\/wp-json\/wp\/v2\/users\/409"}],"replies":[{"embeddable":true,"href":"https:\/\/www.versoverde.it\/de\/wp-json\/wp\/v2\/comments?post=1044"}],"version-history":[{"count":0,"href":"https:\/\/www.versoverde.it\/de\/wp-json\/wp\/v2\/pages\/1044\/revisions"}],"up":[{"embeddable":true,"href":"https:\/\/www.versoverde.it\/de\/wp-json\/wp\/v2\/pages\/556"}],"wp:attachment":[{"href":"https:\/\/www.versoverde.it\/de\/wp-json\/wp\/v2\/media?parent=1044"}],"curies":[{"name":"wp","href":"https:\/\/api.w.org\/{rel}","templated":true}]}}