{"id":1050,"date":"2022-12-06T14:00:38","date_gmt":"2022-12-06T13:00:38","guid":{"rendered":"https:\/\/www.versoverde.it\/?page_id=1050"},"modified":"2026-03-12T09:44:01","modified_gmt":"2026-03-12T08:44:01","slug":"doppelzimmer-klassisch","status":"publish","type":"page","link":"https:\/\/www.versoverde.it\/de\/zimmer\/hotel\/doppelzimmer-klassisch\/","title":{"rendered":"Doppelzimmer klassisch"},"content":{"rendered":"<p style=\"text-align: center\">Barrierefreies Doppelzimmer,<\/p>\n<p style=\"text-align: center\">Kingsize-Bett (180 cm) mit Topper und zwei Kissen.<\/p>\n<p style=\"text-align: center\">Einzelbetten m\u00f6glich.<\/p>\n<p style=\"text-align: center\">Smart-TV mit Chromecast-System, mit dem Sie<\/p>\n<p style=\"text-align: center\">im Internet verf\u00fcgbare Streaming-Inhalte auf den Fernseher \u00fcbertragen k\u00f6nnen.<\/p>\n<p style=\"text-align: center\">Schreibtischbereich, Minibar, Safe, Telefon.<\/p>\n<p style=\"text-align: center\">Barrierefreies Badezimmer mit niedrigerem Waschbecken, Dusche mit Haltegriffen , Haartrockner, Handt\u00fcchern und<\/p>\n<p style=\"text-align: center\">Toilettenartikeln (dieses Badezimmer verf\u00fcgt nicht \u00fcber ein Bidet)<\/p>\n<p style=\"text-align: center\">Gro\u00dfes Fenster mit Blick auf die Terrasse \u201ePatio delle Betulle\u201d.<\/p>\n<p style=\"text-align: center\">\n","protected":false},"excerpt":{"rendered":"<p>Barrierefreies Doppelzimmer, Kingsize-Bett (180 cm) mit Topper und zwei Kissen. Einzelbetten m\u00f6glich. Smart-TV mit Chromecast-System, mit dem Sie im Internet verf\u00fcgbare Streaming-Inhalte auf den Fernseher \u00fcbertragen k\u00f6nnen. Schreibtischbereich, Minibar, Safe, Telefon. Barrierefreies Badezimmer mit niedrigerem Waschbecken, Dusche mit Haltegriffen , Haartrockner, Handt\u00fcchern und Toilettenartikeln (dieses Badezimmer verf\u00fcgt nicht \u00fcber ein Bidet) Gro\u00dfes Fenster mit Blick [&hellip;]<\/p>\n","protected":false},"author":409,"featured_media":0,"parent":573,"menu_order":25,"comment_status":"closed","ping_status":"closed","template":"template-single-room.php","meta":{"footnotes":""},"class_list":["post-1050","page","type-page","status-publish","hentry"],"yoast_head":"<!-- This site is optimized with the Yoast SEO plugin v26.9 - https:\/\/yoast.com\/product\/yoast-seo-wordpress\/ -->\n<title>Doppelzimmer klassisch &#8226; Verso Verde Milano &#8226;<\/title>\n<meta name=\"description\" content=\"Barrierefreies Doppelzimmer, Kingsize-Bett (180 cm) mit Topper und zwei Kissen. Einzelbetten m\u00f6glich. Smart-TV mit Chromecast-System, mit dem Sie im Internet verf\u00fcgbare Streaming-Inhalte auf den Fernseher \u00fcbertragen k\u00f6nnen. Schreibtischbereich, Minibar, Safe, Telefon. Barrierefreies Badezimmer mit niedrigerem Waschbecken, Dusche mit Haltegriffen , Haartrockner, Handt\u00fcchern und Toilettenartikeln (dieses Badezimmer verf\u00fcgt nicht \u00fcber ein Bidet) Gro\u00dfes Fenster mit Blick auf die Terrasse \u201ePatio delle Betulle\u201d. .\" \/>\n<meta name=\"robots\" content=\"index, follow, max-snippet:-1, max-image-preview:large, max-video-preview:-1\" \/>\n<link rel=\"canonical\" href=\"https:\/\/www.versoverde.it\/de\/zimmer\/hotel\/doppelzimmer-klassisch\/\" \/>\n<meta property=\"og:locale\" content=\"de_DE\" \/>\n<meta property=\"og:type\" content=\"article\" \/>\n<meta property=\"og:title\" content=\"Doppelzimmer klassisch &#8226; Verso Verde Milano &#8226;\" \/>\n<meta property=\"og:description\" content=\"Barrierefreies Doppelzimmer, Kingsize-Bett (180 cm) mit Topper und zwei Kissen. Einzelbetten m\u00f6glich. Smart-TV mit Chromecast-System, mit dem Sie im Internet verf\u00fcgbare Streaming-Inhalte auf den Fernseher \u00fcbertragen k\u00f6nnen. Schreibtischbereich, Minibar, Safe, Telefon. Barrierefreies Badezimmer mit niedrigerem Waschbecken, Dusche mit Haltegriffen , Haartrockner, Handt\u00fcchern und Toilettenartikeln (dieses Badezimmer verf\u00fcgt nicht \u00fcber ein Bidet) Gro\u00dfes Fenster mit Blick auf die Terrasse \u201ePatio delle Betulle\u201d. .\" \/>\n<meta property=\"og:url\" content=\"https:\/\/www.versoverde.it\/de\/zimmer\/hotel\/doppelzimmer-klassisch\/\" \/>\n<meta property=\"og:site_name\" content=\"Verso Verde Milano\" \/>\n<meta property=\"article:modified_time\" content=\"2026-03-12T08:44:01+00:00\" \/>\n<meta name=\"twitter:card\" content=\"summary_large_image\" \/>\n<script type=\"application\/ld+json\" class=\"yoast-schema-graph\">{\"@context\":\"https:\/\/schema.org\",\"@graph\":[{\"@type\":\"WebPage\",\"@id\":\"https:\/\/www.versoverde.it\/de\/zimmer\/hotel\/doppelzimmer-klassisch\/\",\"url\":\"https:\/\/www.versoverde.it\/de\/zimmer\/hotel\/doppelzimmer-klassisch\/\",\"name\":\"Doppelzimmer klassisch &#8226; Verso Verde Milano &#8226;\",\"isPartOf\":{\"@id\":\"https:\/\/www.versoverde.it\/de\/#website\"},\"datePublished\":\"2022-12-06T13:00:38+00:00\",\"dateModified\":\"2026-03-12T08:44:01+00:00\",\"description\":\"Barrierefreies Doppelzimmer, Kingsize-Bett (180 cm) mit Topper und zwei Kissen. Einzelbetten m\u00f6glich. Smart-TV mit Chromecast-System, mit dem Sie im Internet verf\u00fcgbare Streaming-Inhalte auf den Fernseher \u00fcbertragen k\u00f6nnen. Schreibtischbereich, Minibar, Safe, Telefon. Barrierefreies Badezimmer mit niedrigerem Waschbecken, Dusche mit Haltegriffen , Haartrockner, Handt\u00fcchern und Toilettenartikeln (dieses Badezimmer verf\u00fcgt nicht \u00fcber ein Bidet) Gro\u00dfes Fenster mit Blick auf die Terrasse \u201ePatio delle Betulle\u201d. .\",\"breadcrumb\":{\"@id\":\"https:\/\/www.versoverde.it\/de\/zimmer\/hotel\/doppelzimmer-klassisch\/#breadcrumb\"},\"inLanguage\":\"de-DE\",\"potentialAction\":[{\"@type\":\"ReadAction\",\"target\":[\"https:\/\/www.versoverde.it\/de\/zimmer\/hotel\/doppelzimmer-klassisch\/\"]}]},{\"@type\":\"BreadcrumbList\",\"@id\":\"https:\/\/www.versoverde.it\/de\/zimmer\/hotel\/doppelzimmer-klassisch\/#breadcrumb\",\"itemListElement\":[{\"@type\":\"ListItem\",\"position\":1,\"name\":\"Home\",\"item\":\"https:\/\/www.versoverde.it\/de\/\"},{\"@type\":\"ListItem\",\"position\":2,\"name\":\"Zimmer\",\"item\":\"https:\/\/www.versoverde.it\/de\/zimmer\/\"},{\"@type\":\"ListItem\",\"position\":3,\"name\":\"Hotel\",\"item\":\"https:\/\/www.versoverde.it\/de\/zimmer\/hotel\/\"},{\"@type\":\"ListItem\",\"position\":4,\"name\":\"Doppelzimmer klassisch\"}]},{\"@type\":\"WebSite\",\"@id\":\"https:\/\/www.versoverde.it\/de\/#website\",\"url\":\"https:\/\/www.versoverde.it\/de\/\",\"name\":\"Verso Verde Milano\",\"description\":\"Ecco un altro sito ms.decms.eu\",\"potentialAction\":[{\"@type\":\"SearchAction\",\"target\":{\"@type\":\"EntryPoint\",\"urlTemplate\":\"https:\/\/www.versoverde.it\/de\/?s={search_term_string}\"},\"query-input\":{\"@type\":\"PropertyValueSpecification\",\"valueRequired\":true,\"valueName\":\"search_term_string\"}}],\"inLanguage\":\"de-DE\"}]}<\/script>\n<!-- \/ Yoast SEO plugin. -->","yoast_head_json":{"title":"Doppelzimmer klassisch &#8226; Verso Verde Milano &#8226;","description":"Barrierefreies Doppelzimmer, Kingsize-Bett (180 cm) mit Topper und zwei Kissen. Einzelbetten m\u00f6glich. Smart-TV mit Chromecast-System, mit dem Sie im Internet verf\u00fcgbare Streaming-Inhalte auf den Fernseher \u00fcbertragen k\u00f6nnen. Schreibtischbereich, Minibar, Safe, Telefon. Barrierefreies Badezimmer mit niedrigerem Waschbecken, Dusche mit Haltegriffen , Haartrockner, Handt\u00fcchern und Toilettenartikeln (dieses Badezimmer verf\u00fcgt nicht \u00fcber ein Bidet) Gro\u00dfes Fenster mit Blick auf die Terrasse \u201ePatio delle Betulle\u201d. .","robots":{"index":"index","follow":"follow","max-snippet":"max-snippet:-1","max-image-preview":"max-image-preview:large","max-video-preview":"max-video-preview:-1"},"canonical":"https:\/\/www.versoverde.it\/de\/zimmer\/hotel\/doppelzimmer-klassisch\/","og_locale":"de_DE","og_type":"article","og_title":"Doppelzimmer klassisch &#8226; Verso Verde Milano &#8226;","og_description":"Barrierefreies Doppelzimmer, Kingsize-Bett (180 cm) mit Topper und zwei Kissen. Einzelbetten m\u00f6glich. Smart-TV mit Chromecast-System, mit dem Sie im Internet verf\u00fcgbare Streaming-Inhalte auf den Fernseher \u00fcbertragen k\u00f6nnen. Schreibtischbereich, Minibar, Safe, Telefon. Barrierefreies Badezimmer mit niedrigerem Waschbecken, Dusche mit Haltegriffen , Haartrockner, Handt\u00fcchern und Toilettenartikeln (dieses Badezimmer verf\u00fcgt nicht \u00fcber ein Bidet) Gro\u00dfes Fenster mit Blick auf die Terrasse \u201ePatio delle Betulle\u201d. .","og_url":"https:\/\/www.versoverde.it\/de\/zimmer\/hotel\/doppelzimmer-klassisch\/","og_site_name":"Verso Verde Milano","article_modified_time":"2026-03-12T08:44:01+00:00","twitter_card":"summary_large_image","schema":{"@context":"https:\/\/schema.org","@graph":[{"@type":"WebPage","@id":"https:\/\/www.versoverde.it\/de\/zimmer\/hotel\/doppelzimmer-klassisch\/","url":"https:\/\/www.versoverde.it\/de\/zimmer\/hotel\/doppelzimmer-klassisch\/","name":"Doppelzimmer klassisch &#8226; Verso Verde Milano &#8226;","isPartOf":{"@id":"https:\/\/www.versoverde.it\/de\/#website"},"datePublished":"2022-12-06T13:00:38+00:00","dateModified":"2026-03-12T08:44:01+00:00","description":"Barrierefreies Doppelzimmer, Kingsize-Bett (180 cm) mit Topper und zwei Kissen. Einzelbetten m\u00f6glich. Smart-TV mit Chromecast-System, mit dem Sie im Internet verf\u00fcgbare Streaming-Inhalte auf den Fernseher \u00fcbertragen k\u00f6nnen. Schreibtischbereich, Minibar, Safe, Telefon. Barrierefreies Badezimmer mit niedrigerem Waschbecken, Dusche mit Haltegriffen , Haartrockner, Handt\u00fcchern und Toilettenartikeln (dieses Badezimmer verf\u00fcgt nicht \u00fcber ein Bidet) Gro\u00dfes Fenster mit Blick auf die Terrasse \u201ePatio delle Betulle\u201d. .","breadcrumb":{"@id":"https:\/\/www.versoverde.it\/de\/zimmer\/hotel\/doppelzimmer-klassisch\/#breadcrumb"},"inLanguage":"de-DE","potentialAction":[{"@type":"ReadAction","target":["https:\/\/www.versoverde.it\/de\/zimmer\/hotel\/doppelzimmer-klassisch\/"]}]},{"@type":"BreadcrumbList","@id":"https:\/\/www.versoverde.it\/de\/zimmer\/hotel\/doppelzimmer-klassisch\/#breadcrumb","itemListElement":[{"@type":"ListItem","position":1,"name":"Home","item":"https:\/\/www.versoverde.it\/de\/"},{"@type":"ListItem","position":2,"name":"Zimmer","item":"https:\/\/www.versoverde.it\/de\/zimmer\/"},{"@type":"ListItem","position":3,"name":"Hotel","item":"https:\/\/www.versoverde.it\/de\/zimmer\/hotel\/"},{"@type":"ListItem","position":4,"name":"Doppelzimmer klassisch"}]},{"@type":"WebSite","@id":"https:\/\/www.versoverde.it\/de\/#website","url":"https:\/\/www.versoverde.it\/de\/","name":"Verso Verde Milano","description":"Ecco un altro sito ms.decms.eu","potentialAction":[{"@type":"SearchAction","target":{"@type":"EntryPoint","urlTemplate":"https:\/\/www.versoverde.it\/de\/?s={search_term_string}"},"query-input":{"@type":"PropertyValueSpecification","valueRequired":true,"valueName":"search_term_string"}}],"inLanguage":"de-DE"}]}},"acf":[],"_links":{"self":[{"href":"https:\/\/www.versoverde.it\/de\/wp-json\/wp\/v2\/pages\/1050","targetHints":{"allow":["GET"]}}],"collection":[{"href":"https:\/\/www.versoverde.it\/de\/wp-json\/wp\/v2\/pages"}],"about":[{"href":"https:\/\/www.versoverde.it\/de\/wp-json\/wp\/v2\/types\/page"}],"author":[{"embeddable":true,"href":"https:\/\/www.versoverde.it\/de\/wp-json\/wp\/v2\/users\/409"}],"replies":[{"embeddable":true,"href":"https:\/\/www.versoverde.it\/de\/wp-json\/wp\/v2\/comments?post=1050"}],"version-history":[{"count":0,"href":"https:\/\/www.versoverde.it\/de\/wp-json\/wp\/v2\/pages\/1050\/revisions"}],"up":[{"embeddable":true,"href":"https:\/\/www.versoverde.it\/de\/wp-json\/wp\/v2\/pages\/573"}],"wp:attachment":[{"href":"https:\/\/www.versoverde.it\/de\/wp-json\/wp\/v2\/media?parent=1050"}],"curies":[{"name":"wp","href":"https:\/\/api.w.org\/{rel}","templated":true}]}}