{"id":1199,"date":"2025-04-11T15:50:45","date_gmt":"2025-04-11T13:50:45","guid":{"rendered":"https:\/\/www.versoverde.it\/?page_id=1199"},"modified":"2025-04-11T15:50:45","modified_gmt":"2025-04-11T13:50:45","slug":"universitaeten","status":"publish","type":"page","link":"https:\/\/www.versoverde.it\/de\/wie-sie-uns-erreichen\/universitaeten\/","title":{"rendered":"Universit\u00e4ten"},"content":{"rendered":"<p style=\"text-align: center\">Das VersoVerde Hotel liegt in der N\u00e4he der renommierten Universit\u00e4ten IULM und Bocconi.<\/p>\n<p style=\"text-align: center\">Um die IULM Universit\u00e4t zu erreichen, m\u00fcssen Sie den Bus<\/p>\n<p style=\"text-align: center\">den Bus 324 von Ludovico il Moro 25 bis zur Haltestelle Romolo FS.<\/p>\n<p style=\"text-align: center\">Um die Bocconi-Universit\u00e4t zu erreichen, nehmen Sie<\/p>\n<p style=\"text-align: center\">Stra\u00dfenbahnlinie 2 ab Ludovico il Moro 25 bis Porta Genova und dann Stra\u00dfenbahnlinie 9, Haltestelle Bocconi.<\/p>\n","protected":false},"excerpt":{"rendered":"<p>Das VersoVerde Hotel liegt in der N\u00e4he der renommierten Universit\u00e4ten IULM und Bocconi. Um die IULM Universit\u00e4t zu erreichen, m\u00fcssen Sie den Bus den Bus 324 von Ludovico il Moro 25 bis zur Haltestelle Romolo FS. Um die Bocconi-Universit\u00e4t zu erreichen, nehmen Sie Stra\u00dfenbahnlinie 2 ab Ludovico il Moro 25 bis Porta Genova und dann [&hellip;]<\/p>\n","protected":false},"author":409,"featured_media":0,"parent":653,"menu_order":90,"comment_status":"closed","ping_status":"closed","template":"","meta":{"footnotes":""},"class_list":["post-1199","page","type-page","status-publish","hentry"],"yoast_head":"<!-- This site is optimized with the Yoast SEO plugin v26.9 - https:\/\/yoast.com\/product\/yoast-seo-wordpress\/ -->\n<title>Universit\u00e4ten &#8226; Verso Verde Milano &#8226;<\/title>\n<meta name=\"description\" content=\"Das VersoVerde Hotel liegt in der N\u00e4he der renommierten Universit\u00e4ten IULM und Bocconi. Um die IULM Universit\u00e4t zu erreichen, m\u00fcssen Sie den Bus den Bus 324 von Ludovico il Moro 25 bis zur Haltestelle Romolo FS. Um die Bocconi-Universit\u00e4t zu erreichen, nehmen Sie Stra\u00dfenbahnlinie 2 ab Ludovico il Moro 25 bis Porta Genova und dann Stra\u00dfenbahnlinie 9, Haltestelle Bocconi..\" \/>\n<meta name=\"robots\" content=\"index, follow, max-snippet:-1, max-image-preview:large, max-video-preview:-1\" \/>\n<link rel=\"canonical\" href=\"https:\/\/www.versoverde.it\/de\/wie-sie-uns-erreichen\/universitaeten\/\" \/>\n<meta property=\"og:locale\" content=\"de_DE\" \/>\n<meta property=\"og:type\" content=\"article\" \/>\n<meta property=\"og:title\" content=\"Universit\u00e4ten &#8226; Verso Verde Milano &#8226;\" \/>\n<meta property=\"og:description\" content=\"Das VersoVerde Hotel liegt in der N\u00e4he der renommierten Universit\u00e4ten IULM und Bocconi. Um die IULM Universit\u00e4t zu erreichen, m\u00fcssen Sie den Bus den Bus 324 von Ludovico il Moro 25 bis zur Haltestelle Romolo FS. Um die Bocconi-Universit\u00e4t zu erreichen, nehmen Sie Stra\u00dfenbahnlinie 2 ab Ludovico il Moro 25 bis Porta Genova und dann Stra\u00dfenbahnlinie 9, Haltestelle Bocconi..\" \/>\n<meta property=\"og:url\" content=\"https:\/\/www.versoverde.it\/de\/wie-sie-uns-erreichen\/universitaeten\/\" \/>\n<meta property=\"og:site_name\" content=\"Verso Verde Milano\" \/>\n<meta name=\"twitter:card\" content=\"summary_large_image\" \/>\n<script type=\"application\/ld+json\" class=\"yoast-schema-graph\">{\"@context\":\"https:\/\/schema.org\",\"@graph\":[{\"@type\":\"WebPage\",\"@id\":\"https:\/\/www.versoverde.it\/de\/wie-sie-uns-erreichen\/universitaeten\/\",\"url\":\"https:\/\/www.versoverde.it\/de\/wie-sie-uns-erreichen\/universitaeten\/\",\"name\":\"Universit\u00e4ten &#8226; Verso Verde Milano &#8226;\",\"isPartOf\":{\"@id\":\"https:\/\/www.versoverde.it\/de\/#website\"},\"datePublished\":\"2025-04-11T13:50:45+00:00\",\"description\":\"Das VersoVerde Hotel liegt in der N\u00e4he der renommierten Universit\u00e4ten IULM und Bocconi. Um die IULM Universit\u00e4t zu erreichen, m\u00fcssen Sie den Bus den Bus 324 von Ludovico il Moro 25 bis zur Haltestelle Romolo FS. Um die Bocconi-Universit\u00e4t zu erreichen, nehmen Sie Stra\u00dfenbahnlinie 2 ab Ludovico il Moro 25 bis Porta Genova und dann Stra\u00dfenbahnlinie 9, Haltestelle Bocconi. .\",\"breadcrumb\":{\"@id\":\"https:\/\/www.versoverde.it\/de\/wie-sie-uns-erreichen\/universitaeten\/#breadcrumb\"},\"inLanguage\":\"de-DE\",\"potentialAction\":[{\"@type\":\"ReadAction\",\"target\":[\"https:\/\/www.versoverde.it\/de\/wie-sie-uns-erreichen\/universitaeten\/\"]}]},{\"@type\":\"BreadcrumbList\",\"@id\":\"https:\/\/www.versoverde.it\/de\/wie-sie-uns-erreichen\/universitaeten\/#breadcrumb\",\"itemListElement\":[{\"@type\":\"ListItem\",\"position\":1,\"name\":\"Home\",\"item\":\"https:\/\/www.versoverde.it\/de\/\"},{\"@type\":\"ListItem\",\"position\":2,\"name\":\"Wie Sie uns erreichen\",\"item\":\"https:\/\/www.versoverde.it\/de\/wie-sie-uns-erreichen\/\"},{\"@type\":\"ListItem\",\"position\":3,\"name\":\"Universit\u00e4ten\"}]},{\"@type\":\"WebSite\",\"@id\":\"https:\/\/www.versoverde.it\/de\/#website\",\"url\":\"https:\/\/www.versoverde.it\/de\/\",\"name\":\"Verso Verde Milano\",\"description\":\"Ecco un altro sito ms.decms.eu\",\"potentialAction\":[{\"@type\":\"SearchAction\",\"target\":{\"@type\":\"EntryPoint\",\"urlTemplate\":\"https:\/\/www.versoverde.it\/de\/?s={search_term_string}\"},\"query-input\":{\"@type\":\"PropertyValueSpecification\",\"valueRequired\":true,\"valueName\":\"search_term_string\"}}],\"inLanguage\":\"de-DE\"}]}<\/script>\n<!-- \/ Yoast SEO plugin. -->","yoast_head_json":{"title":"Universit\u00e4ten &#8226; Verso Verde Milano &#8226;","description":"Das VersoVerde Hotel liegt in der N\u00e4he der renommierten Universit\u00e4ten IULM und Bocconi. Um die IULM Universit\u00e4t zu erreichen, m\u00fcssen Sie den Bus den Bus 324 von Ludovico il Moro 25 bis zur Haltestelle Romolo FS. Um die Bocconi-Universit\u00e4t zu erreichen, nehmen Sie Stra\u00dfenbahnlinie 2 ab Ludovico il Moro 25 bis Porta Genova und dann Stra\u00dfenbahnlinie 9, Haltestelle Bocconi..","robots":{"index":"index","follow":"follow","max-snippet":"max-snippet:-1","max-image-preview":"max-image-preview:large","max-video-preview":"max-video-preview:-1"},"canonical":"https:\/\/www.versoverde.it\/de\/wie-sie-uns-erreichen\/universitaeten\/","og_locale":"de_DE","og_type":"article","og_title":"Universit\u00e4ten &#8226; Verso Verde Milano &#8226;","og_description":"Das VersoVerde Hotel liegt in der N\u00e4he der renommierten Universit\u00e4ten IULM und Bocconi. Um die IULM Universit\u00e4t zu erreichen, m\u00fcssen Sie den Bus den Bus 324 von Ludovico il Moro 25 bis zur Haltestelle Romolo FS. Um die Bocconi-Universit\u00e4t zu erreichen, nehmen Sie Stra\u00dfenbahnlinie 2 ab Ludovico il Moro 25 bis Porta Genova und dann Stra\u00dfenbahnlinie 9, Haltestelle Bocconi..","og_url":"https:\/\/www.versoverde.it\/de\/wie-sie-uns-erreichen\/universitaeten\/","og_site_name":"Verso Verde Milano","twitter_card":"summary_large_image","schema":{"@context":"https:\/\/schema.org","@graph":[{"@type":"WebPage","@id":"https:\/\/www.versoverde.it\/de\/wie-sie-uns-erreichen\/universitaeten\/","url":"https:\/\/www.versoverde.it\/de\/wie-sie-uns-erreichen\/universitaeten\/","name":"Universit\u00e4ten &#8226; Verso Verde Milano &#8226;","isPartOf":{"@id":"https:\/\/www.versoverde.it\/de\/#website"},"datePublished":"2025-04-11T13:50:45+00:00","description":"Das VersoVerde Hotel liegt in der N\u00e4he der renommierten Universit\u00e4ten IULM und Bocconi. Um die IULM Universit\u00e4t zu erreichen, m\u00fcssen Sie den Bus den Bus 324 von Ludovico il Moro 25 bis zur Haltestelle Romolo FS. Um die Bocconi-Universit\u00e4t zu erreichen, nehmen Sie Stra\u00dfenbahnlinie 2 ab Ludovico il Moro 25 bis Porta Genova und dann Stra\u00dfenbahnlinie 9, Haltestelle Bocconi. .","breadcrumb":{"@id":"https:\/\/www.versoverde.it\/de\/wie-sie-uns-erreichen\/universitaeten\/#breadcrumb"},"inLanguage":"de-DE","potentialAction":[{"@type":"ReadAction","target":["https:\/\/www.versoverde.it\/de\/wie-sie-uns-erreichen\/universitaeten\/"]}]},{"@type":"BreadcrumbList","@id":"https:\/\/www.versoverde.it\/de\/wie-sie-uns-erreichen\/universitaeten\/#breadcrumb","itemListElement":[{"@type":"ListItem","position":1,"name":"Home","item":"https:\/\/www.versoverde.it\/de\/"},{"@type":"ListItem","position":2,"name":"Wie Sie uns erreichen","item":"https:\/\/www.versoverde.it\/de\/wie-sie-uns-erreichen\/"},{"@type":"ListItem","position":3,"name":"Universit\u00e4ten"}]},{"@type":"WebSite","@id":"https:\/\/www.versoverde.it\/de\/#website","url":"https:\/\/www.versoverde.it\/de\/","name":"Verso Verde Milano","description":"Ecco un altro sito ms.decms.eu","potentialAction":[{"@type":"SearchAction","target":{"@type":"EntryPoint","urlTemplate":"https:\/\/www.versoverde.it\/de\/?s={search_term_string}"},"query-input":{"@type":"PropertyValueSpecification","valueRequired":true,"valueName":"search_term_string"}}],"inLanguage":"de-DE"}]}},"acf":[],"_links":{"self":[{"href":"https:\/\/www.versoverde.it\/de\/wp-json\/wp\/v2\/pages\/1199","targetHints":{"allow":["GET"]}}],"collection":[{"href":"https:\/\/www.versoverde.it\/de\/wp-json\/wp\/v2\/pages"}],"about":[{"href":"https:\/\/www.versoverde.it\/de\/wp-json\/wp\/v2\/types\/page"}],"author":[{"embeddable":true,"href":"https:\/\/www.versoverde.it\/de\/wp-json\/wp\/v2\/users\/409"}],"replies":[{"embeddable":true,"href":"https:\/\/www.versoverde.it\/de\/wp-json\/wp\/v2\/comments?post=1199"}],"version-history":[{"count":0,"href":"https:\/\/www.versoverde.it\/de\/wp-json\/wp\/v2\/pages\/1199\/revisions"}],"up":[{"embeddable":true,"href":"https:\/\/www.versoverde.it\/de\/wp-json\/wp\/v2\/pages\/653"}],"wp:attachment":[{"href":"https:\/\/www.versoverde.it\/de\/wp-json\/wp\/v2\/media?parent=1199"}],"curies":[{"name":"wp","href":"https:\/\/api.w.org\/{rel}","templated":true}]}}