{"id":1207,"date":"2025-06-09T09:30:26","date_gmt":"2025-06-09T07:30:26","guid":{"rendered":"https:\/\/www.versoverde.it\/?page_id=1207"},"modified":"2025-06-09T09:30:26","modified_gmt":"2025-06-09T07:30:26","slug":"triennale-milano","status":"publish","type":"page","link":"https:\/\/www.versoverde.it\/de\/wie-sie-uns-erreichen\/triennale-milano\/","title":{"rendered":"Triennale  Milano"},"content":{"rendered":"<p style=\"text-align: center\">Seit 1923 ist die Triennale Milano die italienische Institution f\u00fcr<\/p>\n<p style=\"text-align: center\">Design, Architektur, bildende und darstellende Kunst.<\/p>\n<p style=\"text-align: center\">\n<p style=\"text-align: center\">\nUm dorthin zu gelangen, nehmen Sie die Stra\u00dfenbahnlinie 2 von Ludovico il Moro 25 bis Porta Genova.<\/p>\n<p style=\"text-align: center\">Nehmen Sie dann die gr\u00fcne U-Bahnlinie M2 bis Cadorna.<\/p>\n<p style=\"text-align: center\">Die Triennale ist 10 Minuten zu Fu\u00df entfernt.<\/p>\n","protected":false},"excerpt":{"rendered":"<p>Seit 1923 ist die Triennale Milano die italienische Institution f\u00fcr Design, Architektur, bildende und darstellende Kunst. Um dorthin zu gelangen, nehmen Sie die Stra\u00dfenbahnlinie 2 von Ludovico il Moro 25 bis Porta Genova. Nehmen Sie dann die gr\u00fcne U-Bahnlinie M2 bis Cadorna. Die Triennale ist 10 Minuten zu Fu\u00df entfernt.<\/p>\n","protected":false},"author":409,"featured_media":0,"parent":653,"menu_order":100,"comment_status":"closed","ping_status":"closed","template":"","meta":{"footnotes":""},"class_list":["post-1207","page","type-page","status-publish","hentry"],"yoast_head":"<!-- This site is optimized with the Yoast SEO plugin v26.9 - https:\/\/yoast.com\/product\/yoast-seo-wordpress\/ -->\n<title>Triennale Milano &#8226; Verso Verde Milano &#8226;<\/title>\n<meta name=\"description\" content=\"Seit 1923 ist die Triennale Milano die italienische Institution f\u00fcr Design, Architektur, bildende und darstellende Kunst.   Um dorthin zu gelangen, nehmen Sie die Stra\u00dfenbahnlinie 2 von Ludovico il Moro 25 bis Porta Genova. Nehmen Sie dann die gr\u00fcne U-Bahnlinie M2 bis Cadorna. Die Triennale ist 10 Minuten zu Fu\u00df entfernt..\" \/>\n<meta name=\"robots\" content=\"index, follow, max-snippet:-1, max-image-preview:large, max-video-preview:-1\" \/>\n<link rel=\"canonical\" href=\"https:\/\/www.versoverde.it\/de\/wie-sie-uns-erreichen\/triennale-milano\/\" \/>\n<meta property=\"og:locale\" content=\"de_DE\" \/>\n<meta property=\"og:type\" content=\"article\" \/>\n<meta property=\"og:title\" content=\"Triennale Milano &#8226; Verso Verde Milano &#8226;\" \/>\n<meta property=\"og:description\" content=\"Seit 1923 ist die Triennale Milano die italienische Institution f\u00fcr Design, Architektur, bildende und darstellende Kunst.   Um dorthin zu gelangen, nehmen Sie die Stra\u00dfenbahnlinie 2 von Ludovico il Moro 25 bis Porta Genova. Nehmen Sie dann die gr\u00fcne U-Bahnlinie M2 bis Cadorna. Die Triennale ist 10 Minuten zu Fu\u00df entfernt..\" \/>\n<meta property=\"og:url\" content=\"https:\/\/www.versoverde.it\/de\/wie-sie-uns-erreichen\/triennale-milano\/\" \/>\n<meta property=\"og:site_name\" content=\"Verso Verde Milano\" \/>\n<meta name=\"twitter:card\" content=\"summary_large_image\" \/>\n<script type=\"application\/ld+json\" class=\"yoast-schema-graph\">{\"@context\":\"https:\/\/schema.org\",\"@graph\":[{\"@type\":\"WebPage\",\"@id\":\"https:\/\/www.versoverde.it\/de\/wie-sie-uns-erreichen\/triennale-milano\/\",\"url\":\"https:\/\/www.versoverde.it\/de\/wie-sie-uns-erreichen\/triennale-milano\/\",\"name\":\"Triennale Milano &#8226; Verso Verde Milano &#8226;\",\"isPartOf\":{\"@id\":\"https:\/\/www.versoverde.it\/de\/#website\"},\"datePublished\":\"2025-06-09T07:30:26+00:00\",\"description\":\"Seit 1923 ist die Triennale Milano die italienische Institution f\u00fcr Design, Architektur, bildende und darstellende Kunst. Um dorthin zu gelangen, nehmen Sie die Stra\u00dfenbahnlinie 2 von Ludovico il Moro 25 bis Porta Genova. Nehmen Sie dann die gr\u00fcne U-Bahnlinie M2 bis Cadorna. Die Triennale ist 10 Minuten zu Fu\u00df entfernt. .\",\"breadcrumb\":{\"@id\":\"https:\/\/www.versoverde.it\/de\/wie-sie-uns-erreichen\/triennale-milano\/#breadcrumb\"},\"inLanguage\":\"de-DE\",\"potentialAction\":[{\"@type\":\"ReadAction\",\"target\":[\"https:\/\/www.versoverde.it\/de\/wie-sie-uns-erreichen\/triennale-milano\/\"]}]},{\"@type\":\"BreadcrumbList\",\"@id\":\"https:\/\/www.versoverde.it\/de\/wie-sie-uns-erreichen\/triennale-milano\/#breadcrumb\",\"itemListElement\":[{\"@type\":\"ListItem\",\"position\":1,\"name\":\"Home\",\"item\":\"https:\/\/www.versoverde.it\/de\/\"},{\"@type\":\"ListItem\",\"position\":2,\"name\":\"Wie Sie uns erreichen\",\"item\":\"https:\/\/www.versoverde.it\/de\/wie-sie-uns-erreichen\/\"},{\"@type\":\"ListItem\",\"position\":3,\"name\":\"Triennale Milano\"}]},{\"@type\":\"WebSite\",\"@id\":\"https:\/\/www.versoverde.it\/de\/#website\",\"url\":\"https:\/\/www.versoverde.it\/de\/\",\"name\":\"Verso Verde Milano\",\"description\":\"Ecco un altro sito ms.decms.eu\",\"potentialAction\":[{\"@type\":\"SearchAction\",\"target\":{\"@type\":\"EntryPoint\",\"urlTemplate\":\"https:\/\/www.versoverde.it\/de\/?s={search_term_string}\"},\"query-input\":{\"@type\":\"PropertyValueSpecification\",\"valueRequired\":true,\"valueName\":\"search_term_string\"}}],\"inLanguage\":\"de-DE\"}]}<\/script>\n<!-- \/ Yoast SEO plugin. -->","yoast_head_json":{"title":"Triennale Milano &#8226; Verso Verde Milano &#8226;","description":"Seit 1923 ist die Triennale Milano die italienische Institution f\u00fcr Design, Architektur, bildende und darstellende Kunst.   Um dorthin zu gelangen, nehmen Sie die Stra\u00dfenbahnlinie 2 von Ludovico il Moro 25 bis Porta Genova. Nehmen Sie dann die gr\u00fcne U-Bahnlinie M2 bis Cadorna. Die Triennale ist 10 Minuten zu Fu\u00df entfernt..","robots":{"index":"index","follow":"follow","max-snippet":"max-snippet:-1","max-image-preview":"max-image-preview:large","max-video-preview":"max-video-preview:-1"},"canonical":"https:\/\/www.versoverde.it\/de\/wie-sie-uns-erreichen\/triennale-milano\/","og_locale":"de_DE","og_type":"article","og_title":"Triennale Milano &#8226; Verso Verde Milano &#8226;","og_description":"Seit 1923 ist die Triennale Milano die italienische Institution f\u00fcr Design, Architektur, bildende und darstellende Kunst.   Um dorthin zu gelangen, nehmen Sie die Stra\u00dfenbahnlinie 2 von Ludovico il Moro 25 bis Porta Genova. Nehmen Sie dann die gr\u00fcne U-Bahnlinie M2 bis Cadorna. Die Triennale ist 10 Minuten zu Fu\u00df entfernt..","og_url":"https:\/\/www.versoverde.it\/de\/wie-sie-uns-erreichen\/triennale-milano\/","og_site_name":"Verso Verde Milano","twitter_card":"summary_large_image","schema":{"@context":"https:\/\/schema.org","@graph":[{"@type":"WebPage","@id":"https:\/\/www.versoverde.it\/de\/wie-sie-uns-erreichen\/triennale-milano\/","url":"https:\/\/www.versoverde.it\/de\/wie-sie-uns-erreichen\/triennale-milano\/","name":"Triennale Milano &#8226; Verso Verde Milano &#8226;","isPartOf":{"@id":"https:\/\/www.versoverde.it\/de\/#website"},"datePublished":"2025-06-09T07:30:26+00:00","description":"Seit 1923 ist die Triennale Milano die italienische Institution f\u00fcr Design, Architektur, bildende und darstellende Kunst. Um dorthin zu gelangen, nehmen Sie die Stra\u00dfenbahnlinie 2 von Ludovico il Moro 25 bis Porta Genova. Nehmen Sie dann die gr\u00fcne U-Bahnlinie M2 bis Cadorna. Die Triennale ist 10 Minuten zu Fu\u00df entfernt. .","breadcrumb":{"@id":"https:\/\/www.versoverde.it\/de\/wie-sie-uns-erreichen\/triennale-milano\/#breadcrumb"},"inLanguage":"de-DE","potentialAction":[{"@type":"ReadAction","target":["https:\/\/www.versoverde.it\/de\/wie-sie-uns-erreichen\/triennale-milano\/"]}]},{"@type":"BreadcrumbList","@id":"https:\/\/www.versoverde.it\/de\/wie-sie-uns-erreichen\/triennale-milano\/#breadcrumb","itemListElement":[{"@type":"ListItem","position":1,"name":"Home","item":"https:\/\/www.versoverde.it\/de\/"},{"@type":"ListItem","position":2,"name":"Wie Sie uns erreichen","item":"https:\/\/www.versoverde.it\/de\/wie-sie-uns-erreichen\/"},{"@type":"ListItem","position":3,"name":"Triennale Milano"}]},{"@type":"WebSite","@id":"https:\/\/www.versoverde.it\/de\/#website","url":"https:\/\/www.versoverde.it\/de\/","name":"Verso Verde Milano","description":"Ecco un altro sito ms.decms.eu","potentialAction":[{"@type":"SearchAction","target":{"@type":"EntryPoint","urlTemplate":"https:\/\/www.versoverde.it\/de\/?s={search_term_string}"},"query-input":{"@type":"PropertyValueSpecification","valueRequired":true,"valueName":"search_term_string"}}],"inLanguage":"de-DE"}]}},"acf":[],"_links":{"self":[{"href":"https:\/\/www.versoverde.it\/de\/wp-json\/wp\/v2\/pages\/1207","targetHints":{"allow":["GET"]}}],"collection":[{"href":"https:\/\/www.versoverde.it\/de\/wp-json\/wp\/v2\/pages"}],"about":[{"href":"https:\/\/www.versoverde.it\/de\/wp-json\/wp\/v2\/types\/page"}],"author":[{"embeddable":true,"href":"https:\/\/www.versoverde.it\/de\/wp-json\/wp\/v2\/users\/409"}],"replies":[{"embeddable":true,"href":"https:\/\/www.versoverde.it\/de\/wp-json\/wp\/v2\/comments?post=1207"}],"version-history":[{"count":0,"href":"https:\/\/www.versoverde.it\/de\/wp-json\/wp\/v2\/pages\/1207\/revisions"}],"up":[{"embeddable":true,"href":"https:\/\/www.versoverde.it\/de\/wp-json\/wp\/v2\/pages\/653"}],"wp:attachment":[{"href":"https:\/\/www.versoverde.it\/de\/wp-json\/wp\/v2\/media?parent=1207"}],"curies":[{"name":"wp","href":"https:\/\/api.w.org\/{rel}","templated":true}]}}