{"id":553,"date":"2022-04-27T12:30:20","date_gmt":"2022-04-27T10:30:20","guid":{"rendered":"https:\/\/www.versoverde.it\/?page_id=553"},"modified":"2025-04-22T12:26:52","modified_gmt":"2025-04-22T10:26:52","slug":"versoverde","status":"publish","type":"page","link":"https:\/\/www.versoverde.it\/de\/","title":{"rendered":"Hotel &amp; Spa"},"content":{"rendered":"<p style=\"text-align: center\"><strong>Ihre Oase der Ruhe in Mailand.<\/strong><\/p>\n<p style=\"text-align: center\">Ein neues Konzept der gr\u00fcnen Gastfreundschaft f\u00fcr Ihren Aufenthalt in Mailand.<\/p>\n<p style=\"text-align: center\">Entspannen Sie sich inmitten der duftenden Vegetation, die das Hotel umgibt,<br \/>\nNehmen Sie auf unserer Birken-Terrasse Platz und beobachten Sie die Stelle, an der die Pflanzen den Himmel ber\u00fchren.<\/p>\n<p style=\"text-align: center\">G\u00f6nnen Sie sich einen Moment des Wohlbefindens in unserem Spa, trainieren Sie in unserem Fitnessraum und erkunden Sie den Naviglio Grande mit unseren Fahrr\u00e4dern.<\/p>\n<p style=\"text-align: center\">Und am Ende des Tages k\u00f6nnen Sie sich in unserem Whirlpool auf der Terrasse entspannen.<\/p>\n<p style=\"text-align: center\">Erleben Sie eine au\u00dfergew\u00f6hnliche Erfahrung in der wunderbaren Umgebung von Mailands Navigli.<\/p>\n","protected":false},"excerpt":{"rendered":"<p>Ihre Oase der Ruhe in Mailand. Ein neues Konzept der gr\u00fcnen Gastfreundschaft f\u00fcr Ihren Aufenthalt in Mailand. Entspannen Sie sich inmitten der duftenden Vegetation, die das Hotel umgibt, Nehmen Sie auf unserer Birken-Terrasse Platz und beobachten Sie die Stelle, an der die Pflanzen den Himmel ber\u00fchren. G\u00f6nnen Sie sich einen Moment des Wohlbefindens in unserem [&hellip;]<\/p>\n","protected":false},"author":13,"featured_media":0,"parent":0,"menu_order":10,"comment_status":"closed","ping_status":"closed","template":"","meta":{"footnotes":""},"class_list":["post-553","page","type-page","status-publish","hentry"],"yoast_head":"<!-- This site is optimized with the Yoast SEO plugin v26.9 - https:\/\/yoast.com\/product\/yoast-seo-wordpress\/ -->\n<title>Hotel &amp; Spa &#8226; Verso Verde Milano &#8226;<\/title>\n<meta name=\"description\" content=\"Ihre Oase der Ruhe in Mailand. Ein neues Konzept der gr\u00fcnen Gastfreundschaft f\u00fcr Ihren Aufenthalt in Mailand. Entspannen Sie sich inmitten der duftenden Vegetation, die das Hotel umgibt, Nehmen Sie auf unserer Birken-Terrasse Platz und beobachten Sie die Stelle, an der die Pflanzen den Himmel ber\u00fchren. G\u00f6nnen Sie sich einen Moment des Wohlbefindens in unserem Spa, trainieren Sie in unserem Fitnessraum und erkunden Sie den Naviglio Grande mit unseren Fahrr\u00e4dern. Und am Ende des Tages k\u00f6nnen Sie sich in unserem Whirlpool auf der Terrasse entspannen. Erleben Sie eine au\u00dfergew\u00f6hnliche Erfahrung in der wunderbaren Umgebung von Mailands Navigli..\" \/>\n<meta name=\"robots\" content=\"index, follow, max-snippet:-1, max-image-preview:large, max-video-preview:-1\" \/>\n<link rel=\"canonical\" href=\"https:\/\/www.versoverde.it\/de\/\" \/>\n<meta property=\"og:locale\" content=\"de_DE\" \/>\n<meta property=\"og:type\" content=\"article\" \/>\n<meta property=\"og:title\" content=\"Hotel &amp; Spa &#8226; Verso Verde Milano &#8226;\" \/>\n<meta property=\"og:description\" content=\"Ihre Oase der Ruhe in Mailand. Ein neues Konzept der gr\u00fcnen Gastfreundschaft f\u00fcr Ihren Aufenthalt in Mailand. Entspannen Sie sich inmitten der duftenden Vegetation, die das Hotel umgibt, Nehmen Sie auf unserer Birken-Terrasse Platz und beobachten Sie die Stelle, an der die Pflanzen den Himmel ber\u00fchren. G\u00f6nnen Sie sich einen Moment des Wohlbefindens in unserem Spa, trainieren Sie in unserem Fitnessraum und erkunden Sie den Naviglio Grande mit unseren Fahrr\u00e4dern. Und am Ende des Tages k\u00f6nnen Sie sich in unserem Whirlpool auf der Terrasse entspannen. Erleben Sie eine au\u00dfergew\u00f6hnliche Erfahrung in der wunderbaren Umgebung von Mailands Navigli..\" \/>\n<meta property=\"og:url\" content=\"https:\/\/www.versoverde.it\/de\/\" \/>\n<meta property=\"og:site_name\" content=\"Verso Verde Milano\" \/>\n<meta property=\"article:modified_time\" content=\"2025-04-22T10:26:52+00:00\" \/>\n<meta name=\"twitter:card\" content=\"summary_large_image\" \/>\n<meta name=\"twitter:label1\" content=\"Gesch\u00e4tzte Lesezeit\" \/>\n\t<meta name=\"twitter:data1\" content=\"1 Minute\" \/>\n<script type=\"application\/ld+json\" class=\"yoast-schema-graph\">{\"@context\":\"https:\/\/schema.org\",\"@graph\":[{\"@type\":\"WebPage\",\"@id\":\"https:\/\/www.versoverde.it\/de\/\",\"url\":\"https:\/\/www.versoverde.it\/de\/\",\"name\":\"Hotel &amp; Spa &#8226; Verso Verde Milano &#8226;\",\"isPartOf\":{\"@id\":\"https:\/\/www.versoverde.it\/de\/#website\"},\"datePublished\":\"2022-04-27T10:30:20+00:00\",\"dateModified\":\"2025-04-22T10:26:52+00:00\",\"description\":\"Ihre Oase der Ruhe in Mailand. Ein neues Konzept der gr\u00fcnen Gastfreundschaft f\u00fcr Ihren Aufenthalt in Mailand. Entspannen Sie sich inmitten der duftenden Vegetation, die das Hotel umgibt, Nehmen Sie auf unserer Birken-Terrasse Platz und beobachten Sie die Stelle, an der die Pflanzen den Himmel ber\u00fchren. G\u00f6nnen Sie sich einen Moment des Wohlbefindens in unserem Spa, trainieren Sie in unserem Fitnessraum und erkunden Sie den Naviglio Grande mit unseren Fahrr\u00e4dern. Und am Ende des Tages k\u00f6nnen Sie sich in unserem Whirlpool auf der Terrasse entspannen. Erleben Sie eine au\u00dfergew\u00f6hnliche Erfahrung in der wunderbaren Umgebung von Mailands Navigli. .\",\"breadcrumb\":{\"@id\":\"https:\/\/www.versoverde.it\/de\/#breadcrumb\"},\"inLanguage\":\"de-DE\",\"potentialAction\":[{\"@type\":\"ReadAction\",\"target\":[\"https:\/\/www.versoverde.it\/de\/\"]}]},{\"@type\":\"BreadcrumbList\",\"@id\":\"https:\/\/www.versoverde.it\/de\/#breadcrumb\",\"itemListElement\":[{\"@type\":\"ListItem\",\"position\":1,\"name\":\"Home\",\"item\":\"https:\/\/www.versoverde.it\/de\/\"},{\"@type\":\"ListItem\",\"position\":2,\"name\":\"Hotel &amp; Spa\"}]},{\"@type\":\"WebSite\",\"@id\":\"https:\/\/www.versoverde.it\/de\/#website\",\"url\":\"https:\/\/www.versoverde.it\/de\/\",\"name\":\"Verso Verde Milano\",\"description\":\"Ecco un altro sito ms.decms.eu\",\"potentialAction\":[{\"@type\":\"SearchAction\",\"target\":{\"@type\":\"EntryPoint\",\"urlTemplate\":\"https:\/\/www.versoverde.it\/de\/?s={search_term_string}\"},\"query-input\":{\"@type\":\"PropertyValueSpecification\",\"valueRequired\":true,\"valueName\":\"search_term_string\"}}],\"inLanguage\":\"de-DE\"}]}<\/script>\n<!-- \/ Yoast SEO plugin. -->","yoast_head_json":{"title":"Hotel &amp; Spa &#8226; Verso Verde Milano &#8226;","description":"Ihre Oase der Ruhe in Mailand. Ein neues Konzept der gr\u00fcnen Gastfreundschaft f\u00fcr Ihren Aufenthalt in Mailand. Entspannen Sie sich inmitten der duftenden Vegetation, die das Hotel umgibt, Nehmen Sie auf unserer Birken-Terrasse Platz und beobachten Sie die Stelle, an der die Pflanzen den Himmel ber\u00fchren. G\u00f6nnen Sie sich einen Moment des Wohlbefindens in unserem Spa, trainieren Sie in unserem Fitnessraum und erkunden Sie den Naviglio Grande mit unseren Fahrr\u00e4dern. Und am Ende des Tages k\u00f6nnen Sie sich in unserem Whirlpool auf der Terrasse entspannen. Erleben Sie eine au\u00dfergew\u00f6hnliche Erfahrung in der wunderbaren Umgebung von Mailands Navigli..","robots":{"index":"index","follow":"follow","max-snippet":"max-snippet:-1","max-image-preview":"max-image-preview:large","max-video-preview":"max-video-preview:-1"},"canonical":"https:\/\/www.versoverde.it\/de\/","og_locale":"de_DE","og_type":"article","og_title":"Hotel &amp; Spa &#8226; Verso Verde Milano &#8226;","og_description":"Ihre Oase der Ruhe in Mailand. Ein neues Konzept der gr\u00fcnen Gastfreundschaft f\u00fcr Ihren Aufenthalt in Mailand. Entspannen Sie sich inmitten der duftenden Vegetation, die das Hotel umgibt, Nehmen Sie auf unserer Birken-Terrasse Platz und beobachten Sie die Stelle, an der die Pflanzen den Himmel ber\u00fchren. G\u00f6nnen Sie sich einen Moment des Wohlbefindens in unserem Spa, trainieren Sie in unserem Fitnessraum und erkunden Sie den Naviglio Grande mit unseren Fahrr\u00e4dern. Und am Ende des Tages k\u00f6nnen Sie sich in unserem Whirlpool auf der Terrasse entspannen. Erleben Sie eine au\u00dfergew\u00f6hnliche Erfahrung in der wunderbaren Umgebung von Mailands Navigli..","og_url":"https:\/\/www.versoverde.it\/de\/","og_site_name":"Verso Verde Milano","article_modified_time":"2025-04-22T10:26:52+00:00","twitter_card":"summary_large_image","twitter_misc":{"Gesch\u00e4tzte Lesezeit":"1 Minute"},"schema":{"@context":"https:\/\/schema.org","@graph":[{"@type":"WebPage","@id":"https:\/\/www.versoverde.it\/de\/","url":"https:\/\/www.versoverde.it\/de\/","name":"Hotel &amp; Spa &#8226; Verso Verde Milano &#8226;","isPartOf":{"@id":"https:\/\/www.versoverde.it\/de\/#website"},"datePublished":"2022-04-27T10:30:20+00:00","dateModified":"2025-04-22T10:26:52+00:00","description":"Ihre Oase der Ruhe in Mailand. Ein neues Konzept der gr\u00fcnen Gastfreundschaft f\u00fcr Ihren Aufenthalt in Mailand. Entspannen Sie sich inmitten der duftenden Vegetation, die das Hotel umgibt, Nehmen Sie auf unserer Birken-Terrasse Platz und beobachten Sie die Stelle, an der die Pflanzen den Himmel ber\u00fchren. G\u00f6nnen Sie sich einen Moment des Wohlbefindens in unserem Spa, trainieren Sie in unserem Fitnessraum und erkunden Sie den Naviglio Grande mit unseren Fahrr\u00e4dern. Und am Ende des Tages k\u00f6nnen Sie sich in unserem Whirlpool auf der Terrasse entspannen. Erleben Sie eine au\u00dfergew\u00f6hnliche Erfahrung in der wunderbaren Umgebung von Mailands Navigli. .","breadcrumb":{"@id":"https:\/\/www.versoverde.it\/de\/#breadcrumb"},"inLanguage":"de-DE","potentialAction":[{"@type":"ReadAction","target":["https:\/\/www.versoverde.it\/de\/"]}]},{"@type":"BreadcrumbList","@id":"https:\/\/www.versoverde.it\/de\/#breadcrumb","itemListElement":[{"@type":"ListItem","position":1,"name":"Home","item":"https:\/\/www.versoverde.it\/de\/"},{"@type":"ListItem","position":2,"name":"Hotel &amp; Spa"}]},{"@type":"WebSite","@id":"https:\/\/www.versoverde.it\/de\/#website","url":"https:\/\/www.versoverde.it\/de\/","name":"Verso Verde Milano","description":"Ecco un altro sito ms.decms.eu","potentialAction":[{"@type":"SearchAction","target":{"@type":"EntryPoint","urlTemplate":"https:\/\/www.versoverde.it\/de\/?s={search_term_string}"},"query-input":{"@type":"PropertyValueSpecification","valueRequired":true,"valueName":"search_term_string"}}],"inLanguage":"de-DE"}]}},"acf":[],"_links":{"self":[{"href":"https:\/\/www.versoverde.it\/de\/wp-json\/wp\/v2\/pages\/553","targetHints":{"allow":["GET"]}}],"collection":[{"href":"https:\/\/www.versoverde.it\/de\/wp-json\/wp\/v2\/pages"}],"about":[{"href":"https:\/\/www.versoverde.it\/de\/wp-json\/wp\/v2\/types\/page"}],"author":[{"embeddable":true,"href":"https:\/\/www.versoverde.it\/de\/wp-json\/wp\/v2\/users\/13"}],"replies":[{"embeddable":true,"href":"https:\/\/www.versoverde.it\/de\/wp-json\/wp\/v2\/comments?post=553"}],"version-history":[{"count":0,"href":"https:\/\/www.versoverde.it\/de\/wp-json\/wp\/v2\/pages\/553\/revisions"}],"wp:attachment":[{"href":"https:\/\/www.versoverde.it\/de\/wp-json\/wp\/v2\/media?parent=553"}],"curies":[{"name":"wp","href":"https:\/\/api.w.org\/{rel}","templated":true}]}}