{"id":556,"date":"2022-04-27T12:50:23","date_gmt":"2022-04-27T10:50:23","guid":{"rendered":"https:\/\/www.versoverde.it\/?page_id=556"},"modified":"2022-04-27T12:50:31","modified_gmt":"2022-04-27T10:50:31","slug":"hotel","status":"publish","type":"page","link":"https:\/\/www.versoverde.it\/de\/hotel\/","title":{"rendered":"Hotel"},"content":{"rendered":"<p style=\"text-align: center;\">VersoVerde ist eine kleine versteckte Oase im Herzen von Mailand, wo man sich zu Hause f\u00fchlen kann, auch wenn man weit weg von zu Hause ist.<\/p>\n<p style=\"text-align: center;\">Ein flie\u00dfender Raum, in dem die Natur alte und moderne Geb\u00e4ude umarmt.<\/p>\n<p style=\"text-align: center;\">Eine vielf\u00e4ltige Struktur voller Anregungen, Erinnerungen, Materialien, Farben, D\u00fcfte.<\/p>\n<p style=\"text-align: center;\">Neben der alten Cascina San Cristoforo, die am Mail\u00e4nder Kanal Naviglio Grande liegt, befindet sich ein historischer Industrieraum, der nach den Prinzipien der Bioarchitektur v\u00f6llig neu gestaltet wurde.<\/p>\n<p style=\"text-align: center;\">An beiden Standorten finden Sie eine entspannende, warme und nat\u00fcrliche Atmosph\u00e4re, die durch die verwendeten Materialien wie Holz, Eisen und duftende Kletterpflanzen entsteht.<\/p>\n<p style=\"text-align: center;\">Modernste Technologie, 2,5 Gbps Glasfaserverbindung, integrierte Haustechnik, Schallschutz, Self-Check-in.<strong><br \/>\n<\/strong>Technologie im Dienste Ihrer Bed\u00fcrfnisse, damit Sie Ihre Zeit optimal nutzen k\u00f6nnen.<\/p>\n<p style=\"text-align: center;\"><strong><em>W\u00e4hlen Sie die Atmosph\u00e4re, die Ihnen am besten gef\u00e4llt.<\/em><\/strong><\/p>\n","protected":false},"excerpt":{"rendered":"<p>VersoVerde ist eine kleine versteckte Oase im Herzen von Mailand, wo man sich zu Hause f\u00fchlen kann, auch wenn man weit weg von zu Hause ist. Ein flie\u00dfender Raum, in dem die Natur alte und moderne Geb\u00e4ude umarmt. Eine vielf\u00e4ltige Struktur voller Anregungen, Erinnerungen, Materialien, Farben, D\u00fcfte. Neben der alten Cascina San Cristoforo, die am [&hellip;]<\/p>\n","protected":false},"author":13,"featured_media":0,"parent":0,"menu_order":20,"comment_status":"closed","ping_status":"closed","template":"","meta":{"footnotes":""},"class_list":["post-556","page","type-page","status-publish","hentry"],"yoast_head":"<!-- This site is optimized with the Yoast SEO plugin v26.9 - https:\/\/yoast.com\/product\/yoast-seo-wordpress\/ -->\n<title>Hotel &#8226; Verso Verde Milano &#8226;<\/title>\n<meta name=\"description\" content=\"VersoVerde ist eine kleine versteckte Oase im Herzen von Mailand, wo man sich zu Hause f\u00fchlen kann, auch wenn man weit weg von zu Hause ist. Ein flie\u00dfender Raum, in dem die Natur alte und moderne Geb\u00e4ude umarmt. Eine vielf\u00e4ltige Struktur voller Anregungen, Erinnerungen, Materialien, Farben, D\u00fcfte. Neben der alten Cascina San Cristoforo, die am Mail\u00e4nder Kanal Naviglio Grande liegt, befindet sich ein historischer Industrieraum, der nach den Prinzipien der Bioarchitektur v\u00f6llig neu gestaltet wurde. An beiden Standorten finden Sie eine entspannende, warme und nat\u00fcrliche Atmosph\u00e4re, die durch die verwendeten Materialien wie Holz, Eisen und duftende Kletterpflanzen entsteht. Modernste Technologie, 2,5 Gbps Glasfaserverbindung, integrierte Haustechnik, Schallschutz, Self-Check-in. Technologie im Dienste Ihrer Bed\u00fcrfnisse, damit Sie Ihre Zeit optimal nutzen k\u00f6nnen. W\u00e4hlen Sie die Atmosph\u00e4re, die Ihnen am besten gef\u00e4llt..\" \/>\n<meta name=\"robots\" content=\"index, follow, max-snippet:-1, max-image-preview:large, max-video-preview:-1\" \/>\n<link rel=\"canonical\" href=\"https:\/\/www.versoverde.it\/de\/hotel\/\" \/>\n<meta property=\"og:locale\" content=\"de_DE\" \/>\n<meta property=\"og:type\" content=\"article\" \/>\n<meta property=\"og:title\" content=\"Hotel &#8226; Verso Verde Milano &#8226;\" \/>\n<meta property=\"og:description\" content=\"VersoVerde ist eine kleine versteckte Oase im Herzen von Mailand, wo man sich zu Hause f\u00fchlen kann, auch wenn man weit weg von zu Hause ist. Ein flie\u00dfender Raum, in dem die Natur alte und moderne Geb\u00e4ude umarmt. Eine vielf\u00e4ltige Struktur voller Anregungen, Erinnerungen, Materialien, Farben, D\u00fcfte. Neben der alten Cascina San Cristoforo, die am Mail\u00e4nder Kanal Naviglio Grande liegt, befindet sich ein historischer Industrieraum, der nach den Prinzipien der Bioarchitektur v\u00f6llig neu gestaltet wurde. An beiden Standorten finden Sie eine entspannende, warme und nat\u00fcrliche Atmosph\u00e4re, die durch die verwendeten Materialien wie Holz, Eisen und duftende Kletterpflanzen entsteht. Modernste Technologie, 2,5 Gbps Glasfaserverbindung, integrierte Haustechnik, Schallschutz, Self-Check-in. Technologie im Dienste Ihrer Bed\u00fcrfnisse, damit Sie Ihre Zeit optimal nutzen k\u00f6nnen. W\u00e4hlen Sie die Atmosph\u00e4re, die Ihnen am besten gef\u00e4llt..\" \/>\n<meta property=\"og:url\" content=\"https:\/\/www.versoverde.it\/de\/hotel\/\" \/>\n<meta property=\"og:site_name\" content=\"Verso Verde Milano\" \/>\n<meta property=\"article:modified_time\" content=\"2022-04-27T10:50:31+00:00\" \/>\n<meta name=\"twitter:card\" content=\"summary_large_image\" \/>\n<meta name=\"twitter:label1\" content=\"Gesch\u00e4tzte Lesezeit\" \/>\n\t<meta name=\"twitter:data1\" content=\"1 Minute\" \/>\n<script type=\"application\/ld+json\" class=\"yoast-schema-graph\">{\"@context\":\"https:\/\/schema.org\",\"@graph\":[{\"@type\":\"WebPage\",\"@id\":\"https:\/\/www.versoverde.it\/de\/hotel\/\",\"url\":\"https:\/\/www.versoverde.it\/de\/hotel\/\",\"name\":\"Hotel &#8226; Verso Verde Milano &#8226;\",\"isPartOf\":{\"@id\":\"https:\/\/www.versoverde.it\/de\/#website\"},\"datePublished\":\"2022-04-27T10:50:23+00:00\",\"dateModified\":\"2022-04-27T10:50:31+00:00\",\"description\":\"VersoVerde ist eine kleine versteckte Oase im Herzen von Mailand, wo man sich zu Hause f\u00fchlen kann, auch wenn man weit weg von zu Hause ist. Ein flie\u00dfender Raum, in dem die Natur alte und moderne Geb\u00e4ude umarmt. Eine vielf\u00e4ltige Struktur voller Anregungen, Erinnerungen, Materialien, Farben, D\u00fcfte. Neben der alten Cascina San Cristoforo, die am Mail\u00e4nder Kanal Naviglio Grande liegt, befindet sich ein historischer Industrieraum, der nach den Prinzipien der Bioarchitektur v\u00f6llig neu gestaltet wurde. An beiden Standorten finden Sie eine entspannende, warme und nat\u00fcrliche Atmosph\u00e4re, die durch die verwendeten Materialien wie Holz, Eisen und duftende Kletterpflanzen entsteht. Modernste Technologie, 2,5 Gbps Glasfaserverbindung, integrierte Haustechnik, Schallschutz, Self-Check-in. Technologie im Dienste Ihrer Bed\u00fcrfnisse, damit Sie Ihre Zeit optimal nutzen k\u00f6nnen. W\u00e4hlen Sie die Atmosph\u00e4re, die Ihnen am besten gef\u00e4llt. .\",\"breadcrumb\":{\"@id\":\"https:\/\/www.versoverde.it\/de\/hotel\/#breadcrumb\"},\"inLanguage\":\"de-DE\",\"potentialAction\":[{\"@type\":\"ReadAction\",\"target\":[\"https:\/\/www.versoverde.it\/de\/hotel\/\"]}]},{\"@type\":\"BreadcrumbList\",\"@id\":\"https:\/\/www.versoverde.it\/de\/hotel\/#breadcrumb\",\"itemListElement\":[{\"@type\":\"ListItem\",\"position\":1,\"name\":\"Home\",\"item\":\"https:\/\/www.versoverde.it\/de\/\"},{\"@type\":\"ListItem\",\"position\":2,\"name\":\"Hotel\"}]},{\"@type\":\"WebSite\",\"@id\":\"https:\/\/www.versoverde.it\/de\/#website\",\"url\":\"https:\/\/www.versoverde.it\/de\/\",\"name\":\"Verso Verde Milano\",\"description\":\"Ecco un altro sito ms.decms.eu\",\"potentialAction\":[{\"@type\":\"SearchAction\",\"target\":{\"@type\":\"EntryPoint\",\"urlTemplate\":\"https:\/\/www.versoverde.it\/de\/?s={search_term_string}\"},\"query-input\":{\"@type\":\"PropertyValueSpecification\",\"valueRequired\":true,\"valueName\":\"search_term_string\"}}],\"inLanguage\":\"de-DE\"}]}<\/script>\n<!-- \/ Yoast SEO plugin. -->","yoast_head_json":{"title":"Hotel &#8226; Verso Verde Milano &#8226;","description":"VersoVerde ist eine kleine versteckte Oase im Herzen von Mailand, wo man sich zu Hause f\u00fchlen kann, auch wenn man weit weg von zu Hause ist. Ein flie\u00dfender Raum, in dem die Natur alte und moderne Geb\u00e4ude umarmt. Eine vielf\u00e4ltige Struktur voller Anregungen, Erinnerungen, Materialien, Farben, D\u00fcfte. Neben der alten Cascina San Cristoforo, die am Mail\u00e4nder Kanal Naviglio Grande liegt, befindet sich ein historischer Industrieraum, der nach den Prinzipien der Bioarchitektur v\u00f6llig neu gestaltet wurde. An beiden Standorten finden Sie eine entspannende, warme und nat\u00fcrliche Atmosph\u00e4re, die durch die verwendeten Materialien wie Holz, Eisen und duftende Kletterpflanzen entsteht. Modernste Technologie, 2,5 Gbps Glasfaserverbindung, integrierte Haustechnik, Schallschutz, Self-Check-in. Technologie im Dienste Ihrer Bed\u00fcrfnisse, damit Sie Ihre Zeit optimal nutzen k\u00f6nnen. W\u00e4hlen Sie die Atmosph\u00e4re, die Ihnen am besten gef\u00e4llt..","robots":{"index":"index","follow":"follow","max-snippet":"max-snippet:-1","max-image-preview":"max-image-preview:large","max-video-preview":"max-video-preview:-1"},"canonical":"https:\/\/www.versoverde.it\/de\/hotel\/","og_locale":"de_DE","og_type":"article","og_title":"Hotel &#8226; Verso Verde Milano &#8226;","og_description":"VersoVerde ist eine kleine versteckte Oase im Herzen von Mailand, wo man sich zu Hause f\u00fchlen kann, auch wenn man weit weg von zu Hause ist. Ein flie\u00dfender Raum, in dem die Natur alte und moderne Geb\u00e4ude umarmt. Eine vielf\u00e4ltige Struktur voller Anregungen, Erinnerungen, Materialien, Farben, D\u00fcfte. Neben der alten Cascina San Cristoforo, die am Mail\u00e4nder Kanal Naviglio Grande liegt, befindet sich ein historischer Industrieraum, der nach den Prinzipien der Bioarchitektur v\u00f6llig neu gestaltet wurde. An beiden Standorten finden Sie eine entspannende, warme und nat\u00fcrliche Atmosph\u00e4re, die durch die verwendeten Materialien wie Holz, Eisen und duftende Kletterpflanzen entsteht. Modernste Technologie, 2,5 Gbps Glasfaserverbindung, integrierte Haustechnik, Schallschutz, Self-Check-in. Technologie im Dienste Ihrer Bed\u00fcrfnisse, damit Sie Ihre Zeit optimal nutzen k\u00f6nnen. W\u00e4hlen Sie die Atmosph\u00e4re, die Ihnen am besten gef\u00e4llt..","og_url":"https:\/\/www.versoverde.it\/de\/hotel\/","og_site_name":"Verso Verde Milano","article_modified_time":"2022-04-27T10:50:31+00:00","twitter_card":"summary_large_image","twitter_misc":{"Gesch\u00e4tzte Lesezeit":"1 Minute"},"schema":{"@context":"https:\/\/schema.org","@graph":[{"@type":"WebPage","@id":"https:\/\/www.versoverde.it\/de\/hotel\/","url":"https:\/\/www.versoverde.it\/de\/hotel\/","name":"Hotel &#8226; Verso Verde Milano &#8226;","isPartOf":{"@id":"https:\/\/www.versoverde.it\/de\/#website"},"datePublished":"2022-04-27T10:50:23+00:00","dateModified":"2022-04-27T10:50:31+00:00","description":"VersoVerde ist eine kleine versteckte Oase im Herzen von Mailand, wo man sich zu Hause f\u00fchlen kann, auch wenn man weit weg von zu Hause ist. Ein flie\u00dfender Raum, in dem die Natur alte und moderne Geb\u00e4ude umarmt. Eine vielf\u00e4ltige Struktur voller Anregungen, Erinnerungen, Materialien, Farben, D\u00fcfte. Neben der alten Cascina San Cristoforo, die am Mail\u00e4nder Kanal Naviglio Grande liegt, befindet sich ein historischer Industrieraum, der nach den Prinzipien der Bioarchitektur v\u00f6llig neu gestaltet wurde. An beiden Standorten finden Sie eine entspannende, warme und nat\u00fcrliche Atmosph\u00e4re, die durch die verwendeten Materialien wie Holz, Eisen und duftende Kletterpflanzen entsteht. Modernste Technologie, 2,5 Gbps Glasfaserverbindung, integrierte Haustechnik, Schallschutz, Self-Check-in. Technologie im Dienste Ihrer Bed\u00fcrfnisse, damit Sie Ihre Zeit optimal nutzen k\u00f6nnen. W\u00e4hlen Sie die Atmosph\u00e4re, die Ihnen am besten gef\u00e4llt. .","breadcrumb":{"@id":"https:\/\/www.versoverde.it\/de\/hotel\/#breadcrumb"},"inLanguage":"de-DE","potentialAction":[{"@type":"ReadAction","target":["https:\/\/www.versoverde.it\/de\/hotel\/"]}]},{"@type":"BreadcrumbList","@id":"https:\/\/www.versoverde.it\/de\/hotel\/#breadcrumb","itemListElement":[{"@type":"ListItem","position":1,"name":"Home","item":"https:\/\/www.versoverde.it\/de\/"},{"@type":"ListItem","position":2,"name":"Hotel"}]},{"@type":"WebSite","@id":"https:\/\/www.versoverde.it\/de\/#website","url":"https:\/\/www.versoverde.it\/de\/","name":"Verso Verde Milano","description":"Ecco un altro sito ms.decms.eu","potentialAction":[{"@type":"SearchAction","target":{"@type":"EntryPoint","urlTemplate":"https:\/\/www.versoverde.it\/de\/?s={search_term_string}"},"query-input":{"@type":"PropertyValueSpecification","valueRequired":true,"valueName":"search_term_string"}}],"inLanguage":"de-DE"}]}},"acf":[],"_links":{"self":[{"href":"https:\/\/www.versoverde.it\/de\/wp-json\/wp\/v2\/pages\/556","targetHints":{"allow":["GET"]}}],"collection":[{"href":"https:\/\/www.versoverde.it\/de\/wp-json\/wp\/v2\/pages"}],"about":[{"href":"https:\/\/www.versoverde.it\/de\/wp-json\/wp\/v2\/types\/page"}],"author":[{"embeddable":true,"href":"https:\/\/www.versoverde.it\/de\/wp-json\/wp\/v2\/users\/13"}],"replies":[{"embeddable":true,"href":"https:\/\/www.versoverde.it\/de\/wp-json\/wp\/v2\/comments?post=556"}],"version-history":[{"count":0,"href":"https:\/\/www.versoverde.it\/de\/wp-json\/wp\/v2\/pages\/556\/revisions"}],"wp:attachment":[{"href":"https:\/\/www.versoverde.it\/de\/wp-json\/wp\/v2\/media?parent=556"}],"curies":[{"name":"wp","href":"https:\/\/api.w.org\/{rel}","templated":true}]}}