{"id":558,"date":"2022-04-27T15:02:41","date_gmt":"2022-04-27T13:02:41","guid":{"rendered":"https:\/\/www.versoverde.it\/?page_id=558"},"modified":"2022-04-27T15:02:55","modified_gmt":"2022-04-27T13:02:55","slug":"nachhaltigkeit","status":"publish","type":"page","link":"https:\/\/www.versoverde.it\/de\/hotel\/nachhaltigkeit\/","title":{"rendered":"Nachhaltigkeit"},"content":{"rendered":"<p style=\"text-align: center;\">Zwischen dem langsam flie\u00dfenden Wasser des Naviglio und den gr\u00fcnen Essenzen, die das Geb\u00e4ude umh\u00fcllen, ist VersoVerde nicht nur energieautonom, sondern tr\u00e4gt als regeneratives Geb\u00e4ude auch zur Verbesserung der Umwelt und zur Erh\u00f6hung der Artenvielfalt um es herum bei.<\/p>\n<p style=\"text-align: center;\">Photovoltaik-Paneele zur Stromerzeugung, R\u00fcckgewinnung und Speicherung von Regenwasser f\u00fcr die Bew\u00e4sserung der Gr\u00fcnfl\u00e4chen, Steuerung der Sonneneinstrahlung, \u00fcberh\u00e4ngende Balkone zur Abschirmung der direkten Sonneneinstrahlung, Nutzung der nat\u00fcrlichen Abend- und Nachtl\u00fcftung zur K\u00fchlung der Gemeinschaftsr\u00e4ume, hocheffiziente Raumklimatisierung, vertikale Begr\u00fcnung zur Abschw\u00e4chung der induzierten W\u00e4rmeerzeugung und zur CO2-Reduzierung.<\/p>\n<p style=\"text-align: center;\"><strong><em>Mailand wird gr\u00fcner!<\/em><\/strong><\/p>\n","protected":false},"excerpt":{"rendered":"<p>Zwischen dem langsam flie\u00dfenden Wasser des Naviglio und den gr\u00fcnen Essenzen, die das Geb\u00e4ude umh\u00fcllen, ist VersoVerde nicht nur energieautonom, sondern tr\u00e4gt als regeneratives Geb\u00e4ude auch zur Verbesserung der Umwelt und zur Erh\u00f6hung der Artenvielfalt um es herum bei. Photovoltaik-Paneele zur Stromerzeugung, R\u00fcckgewinnung und Speicherung von Regenwasser f\u00fcr die Bew\u00e4sserung der Gr\u00fcnfl\u00e4chen, Steuerung der Sonneneinstrahlung, [&hellip;]<\/p>\n","protected":false},"author":13,"featured_media":0,"parent":556,"menu_order":30,"comment_status":"closed","ping_status":"closed","template":"","meta":{"footnotes":""},"class_list":["post-558","page","type-page","status-publish","hentry"],"yoast_head":"<!-- This site is optimized with the Yoast SEO plugin v26.9 - https:\/\/yoast.com\/product\/yoast-seo-wordpress\/ -->\n<title>Nachhaltigkeit &#8226; Verso Verde Milano &#8226;<\/title>\n<meta name=\"description\" content=\"Zwischen dem langsam flie\u00dfenden Wasser des Naviglio und den gr\u00fcnen Essenzen, die das Geb\u00e4ude umh\u00fcllen, ist VersoVerde nicht nur energieautonom, sondern tr\u00e4gt als regeneratives Geb\u00e4ude auch zur Verbesserung der Umwelt und zur Erh\u00f6hung der Artenvielfalt um es herum bei. Photovoltaik-Paneele zur Stromerzeugung, R\u00fcckgewinnung und Speicherung von Regenwasser f\u00fcr die Bew\u00e4sserung der Gr\u00fcnfl\u00e4chen, Steuerung der Sonneneinstrahlung, \u00fcberh\u00e4ngende Balkone zur Abschirmung der direkten Sonneneinstrahlung, Nutzung der nat\u00fcrlichen Abend- und Nachtl\u00fcftung zur K\u00fchlung der Gemeinschaftsr\u00e4ume, hocheffiziente Raumklimatisierung, vertikale Begr\u00fcnung zur Abschw\u00e4chung der induzierten W\u00e4rmeerzeugung und zur CO2-Reduzierung. Mailand wird gr\u00fcner!.\" \/>\n<meta name=\"robots\" content=\"index, follow, max-snippet:-1, max-image-preview:large, max-video-preview:-1\" \/>\n<link rel=\"canonical\" href=\"https:\/\/www.versoverde.it\/de\/hotel\/nachhaltigkeit\/\" \/>\n<meta property=\"og:locale\" content=\"de_DE\" \/>\n<meta property=\"og:type\" content=\"article\" \/>\n<meta property=\"og:title\" content=\"Nachhaltigkeit &#8226; Verso Verde Milano &#8226;\" \/>\n<meta property=\"og:description\" content=\"Zwischen dem langsam flie\u00dfenden Wasser des Naviglio und den gr\u00fcnen Essenzen, die das Geb\u00e4ude umh\u00fcllen, ist VersoVerde nicht nur energieautonom, sondern tr\u00e4gt als regeneratives Geb\u00e4ude auch zur Verbesserung der Umwelt und zur Erh\u00f6hung der Artenvielfalt um es herum bei. Photovoltaik-Paneele zur Stromerzeugung, R\u00fcckgewinnung und Speicherung von Regenwasser f\u00fcr die Bew\u00e4sserung der Gr\u00fcnfl\u00e4chen, Steuerung der Sonneneinstrahlung, \u00fcberh\u00e4ngende Balkone zur Abschirmung der direkten Sonneneinstrahlung, Nutzung der nat\u00fcrlichen Abend- und Nachtl\u00fcftung zur K\u00fchlung der Gemeinschaftsr\u00e4ume, hocheffiziente Raumklimatisierung, vertikale Begr\u00fcnung zur Abschw\u00e4chung der induzierten W\u00e4rmeerzeugung und zur CO2-Reduzierung. Mailand wird gr\u00fcner!.\" \/>\n<meta property=\"og:url\" content=\"https:\/\/www.versoverde.it\/de\/hotel\/nachhaltigkeit\/\" \/>\n<meta property=\"og:site_name\" content=\"Verso Verde Milano\" \/>\n<meta property=\"article:modified_time\" content=\"2022-04-27T13:02:55+00:00\" \/>\n<meta name=\"twitter:card\" content=\"summary_large_image\" \/>\n<meta name=\"twitter:label1\" content=\"Gesch\u00e4tzte Lesezeit\" \/>\n\t<meta name=\"twitter:data1\" content=\"1 Minute\" \/>\n<script type=\"application\/ld+json\" class=\"yoast-schema-graph\">{\"@context\":\"https:\/\/schema.org\",\"@graph\":[{\"@type\":\"WebPage\",\"@id\":\"https:\/\/www.versoverde.it\/de\/hotel\/nachhaltigkeit\/\",\"url\":\"https:\/\/www.versoverde.it\/de\/hotel\/nachhaltigkeit\/\",\"name\":\"Nachhaltigkeit &#8226; Verso Verde Milano &#8226;\",\"isPartOf\":{\"@id\":\"https:\/\/www.versoverde.it\/de\/#website\"},\"datePublished\":\"2022-04-27T13:02:41+00:00\",\"dateModified\":\"2022-04-27T13:02:55+00:00\",\"description\":\"Zwischen dem langsam flie\u00dfenden Wasser des Naviglio und den gr\u00fcnen Essenzen, die das Geb\u00e4ude umh\u00fcllen, ist VersoVerde nicht nur energieautonom, sondern tr\u00e4gt als regeneratives Geb\u00e4ude auch zur Verbesserung der Umwelt und zur Erh\u00f6hung der Artenvielfalt um es herum bei. Photovoltaik-Paneele zur Stromerzeugung, R\u00fcckgewinnung und Speicherung von Regenwasser f\u00fcr die Bew\u00e4sserung der Gr\u00fcnfl\u00e4chen, Steuerung der Sonneneinstrahlung, \u00fcberh\u00e4ngende Balkone zur Abschirmung der direkten Sonneneinstrahlung, Nutzung der nat\u00fcrlichen Abend- und Nachtl\u00fcftung zur K\u00fchlung der Gemeinschaftsr\u00e4ume, hocheffiziente Raumklimatisierung, vertikale Begr\u00fcnung zur Abschw\u00e4chung der induzierten W\u00e4rmeerzeugung und zur CO2-Reduzierung. Mailand wird gr\u00fcner! .\",\"breadcrumb\":{\"@id\":\"https:\/\/www.versoverde.it\/de\/hotel\/nachhaltigkeit\/#breadcrumb\"},\"inLanguage\":\"de-DE\",\"potentialAction\":[{\"@type\":\"ReadAction\",\"target\":[\"https:\/\/www.versoverde.it\/de\/hotel\/nachhaltigkeit\/\"]}]},{\"@type\":\"BreadcrumbList\",\"@id\":\"https:\/\/www.versoverde.it\/de\/hotel\/nachhaltigkeit\/#breadcrumb\",\"itemListElement\":[{\"@type\":\"ListItem\",\"position\":1,\"name\":\"Home\",\"item\":\"https:\/\/www.versoverde.it\/de\/\"},{\"@type\":\"ListItem\",\"position\":2,\"name\":\"Hotel\",\"item\":\"https:\/\/www.versoverde.it\/de\/hotel\/\"},{\"@type\":\"ListItem\",\"position\":3,\"name\":\"Nachhaltigkeit\"}]},{\"@type\":\"WebSite\",\"@id\":\"https:\/\/www.versoverde.it\/de\/#website\",\"url\":\"https:\/\/www.versoverde.it\/de\/\",\"name\":\"Verso Verde Milano\",\"description\":\"Ecco un altro sito ms.decms.eu\",\"potentialAction\":[{\"@type\":\"SearchAction\",\"target\":{\"@type\":\"EntryPoint\",\"urlTemplate\":\"https:\/\/www.versoverde.it\/de\/?s={search_term_string}\"},\"query-input\":{\"@type\":\"PropertyValueSpecification\",\"valueRequired\":true,\"valueName\":\"search_term_string\"}}],\"inLanguage\":\"de-DE\"}]}<\/script>\n<!-- \/ Yoast SEO plugin. -->","yoast_head_json":{"title":"Nachhaltigkeit &#8226; Verso Verde Milano &#8226;","description":"Zwischen dem langsam flie\u00dfenden Wasser des Naviglio und den gr\u00fcnen Essenzen, die das Geb\u00e4ude umh\u00fcllen, ist VersoVerde nicht nur energieautonom, sondern tr\u00e4gt als regeneratives Geb\u00e4ude auch zur Verbesserung der Umwelt und zur Erh\u00f6hung der Artenvielfalt um es herum bei. Photovoltaik-Paneele zur Stromerzeugung, R\u00fcckgewinnung und Speicherung von Regenwasser f\u00fcr die Bew\u00e4sserung der Gr\u00fcnfl\u00e4chen, Steuerung der Sonneneinstrahlung, \u00fcberh\u00e4ngende Balkone zur Abschirmung der direkten Sonneneinstrahlung, Nutzung der nat\u00fcrlichen Abend- und Nachtl\u00fcftung zur K\u00fchlung der Gemeinschaftsr\u00e4ume, hocheffiziente Raumklimatisierung, vertikale Begr\u00fcnung zur Abschw\u00e4chung der induzierten W\u00e4rmeerzeugung und zur CO2-Reduzierung. Mailand wird gr\u00fcner!.","robots":{"index":"index","follow":"follow","max-snippet":"max-snippet:-1","max-image-preview":"max-image-preview:large","max-video-preview":"max-video-preview:-1"},"canonical":"https:\/\/www.versoverde.it\/de\/hotel\/nachhaltigkeit\/","og_locale":"de_DE","og_type":"article","og_title":"Nachhaltigkeit &#8226; Verso Verde Milano &#8226;","og_description":"Zwischen dem langsam flie\u00dfenden Wasser des Naviglio und den gr\u00fcnen Essenzen, die das Geb\u00e4ude umh\u00fcllen, ist VersoVerde nicht nur energieautonom, sondern tr\u00e4gt als regeneratives Geb\u00e4ude auch zur Verbesserung der Umwelt und zur Erh\u00f6hung der Artenvielfalt um es herum bei. Photovoltaik-Paneele zur Stromerzeugung, R\u00fcckgewinnung und Speicherung von Regenwasser f\u00fcr die Bew\u00e4sserung der Gr\u00fcnfl\u00e4chen, Steuerung der Sonneneinstrahlung, \u00fcberh\u00e4ngende Balkone zur Abschirmung der direkten Sonneneinstrahlung, Nutzung der nat\u00fcrlichen Abend- und Nachtl\u00fcftung zur K\u00fchlung der Gemeinschaftsr\u00e4ume, hocheffiziente Raumklimatisierung, vertikale Begr\u00fcnung zur Abschw\u00e4chung der induzierten W\u00e4rmeerzeugung und zur CO2-Reduzierung. Mailand wird gr\u00fcner!.","og_url":"https:\/\/www.versoverde.it\/de\/hotel\/nachhaltigkeit\/","og_site_name":"Verso Verde Milano","article_modified_time":"2022-04-27T13:02:55+00:00","twitter_card":"summary_large_image","twitter_misc":{"Gesch\u00e4tzte Lesezeit":"1 Minute"},"schema":{"@context":"https:\/\/schema.org","@graph":[{"@type":"WebPage","@id":"https:\/\/www.versoverde.it\/de\/hotel\/nachhaltigkeit\/","url":"https:\/\/www.versoverde.it\/de\/hotel\/nachhaltigkeit\/","name":"Nachhaltigkeit &#8226; Verso Verde Milano &#8226;","isPartOf":{"@id":"https:\/\/www.versoverde.it\/de\/#website"},"datePublished":"2022-04-27T13:02:41+00:00","dateModified":"2022-04-27T13:02:55+00:00","description":"Zwischen dem langsam flie\u00dfenden Wasser des Naviglio und den gr\u00fcnen Essenzen, die das Geb\u00e4ude umh\u00fcllen, ist VersoVerde nicht nur energieautonom, sondern tr\u00e4gt als regeneratives Geb\u00e4ude auch zur Verbesserung der Umwelt und zur Erh\u00f6hung der Artenvielfalt um es herum bei. Photovoltaik-Paneele zur Stromerzeugung, R\u00fcckgewinnung und Speicherung von Regenwasser f\u00fcr die Bew\u00e4sserung der Gr\u00fcnfl\u00e4chen, Steuerung der Sonneneinstrahlung, \u00fcberh\u00e4ngende Balkone zur Abschirmung der direkten Sonneneinstrahlung, Nutzung der nat\u00fcrlichen Abend- und Nachtl\u00fcftung zur K\u00fchlung der Gemeinschaftsr\u00e4ume, hocheffiziente Raumklimatisierung, vertikale Begr\u00fcnung zur Abschw\u00e4chung der induzierten W\u00e4rmeerzeugung und zur CO2-Reduzierung. Mailand wird gr\u00fcner! .","breadcrumb":{"@id":"https:\/\/www.versoverde.it\/de\/hotel\/nachhaltigkeit\/#breadcrumb"},"inLanguage":"de-DE","potentialAction":[{"@type":"ReadAction","target":["https:\/\/www.versoverde.it\/de\/hotel\/nachhaltigkeit\/"]}]},{"@type":"BreadcrumbList","@id":"https:\/\/www.versoverde.it\/de\/hotel\/nachhaltigkeit\/#breadcrumb","itemListElement":[{"@type":"ListItem","position":1,"name":"Home","item":"https:\/\/www.versoverde.it\/de\/"},{"@type":"ListItem","position":2,"name":"Hotel","item":"https:\/\/www.versoverde.it\/de\/hotel\/"},{"@type":"ListItem","position":3,"name":"Nachhaltigkeit"}]},{"@type":"WebSite","@id":"https:\/\/www.versoverde.it\/de\/#website","url":"https:\/\/www.versoverde.it\/de\/","name":"Verso Verde Milano","description":"Ecco un altro sito ms.decms.eu","potentialAction":[{"@type":"SearchAction","target":{"@type":"EntryPoint","urlTemplate":"https:\/\/www.versoverde.it\/de\/?s={search_term_string}"},"query-input":{"@type":"PropertyValueSpecification","valueRequired":true,"valueName":"search_term_string"}}],"inLanguage":"de-DE"}]}},"acf":[],"_links":{"self":[{"href":"https:\/\/www.versoverde.it\/de\/wp-json\/wp\/v2\/pages\/558","targetHints":{"allow":["GET"]}}],"collection":[{"href":"https:\/\/www.versoverde.it\/de\/wp-json\/wp\/v2\/pages"}],"about":[{"href":"https:\/\/www.versoverde.it\/de\/wp-json\/wp\/v2\/types\/page"}],"author":[{"embeddable":true,"href":"https:\/\/www.versoverde.it\/de\/wp-json\/wp\/v2\/users\/13"}],"replies":[{"embeddable":true,"href":"https:\/\/www.versoverde.it\/de\/wp-json\/wp\/v2\/comments?post=558"}],"version-history":[{"count":0,"href":"https:\/\/www.versoverde.it\/de\/wp-json\/wp\/v2\/pages\/558\/revisions"}],"up":[{"embeddable":true,"href":"https:\/\/www.versoverde.it\/de\/wp-json\/wp\/v2\/pages\/556"}],"wp:attachment":[{"href":"https:\/\/www.versoverde.it\/de\/wp-json\/wp\/v2\/media?parent=558"}],"curies":[{"name":"wp","href":"https:\/\/api.w.org\/{rel}","templated":true}]}}