{"id":560,"date":"2022-04-27T15:04:08","date_gmt":"2022-04-27T13:04:08","guid":{"rendered":"https:\/\/www.versoverde.it\/?page_id=560"},"modified":"2022-12-06T15:15:43","modified_gmt":"2022-12-06T14:15:43","slug":"standort","status":"publish","type":"page","link":"https:\/\/www.versoverde.it\/de\/hotel\/standort\/","title":{"rendered":"Standort"},"content":{"rendered":"<p style=\"text-align: center\">VersoVerde wurde in einem Gebiet des Naviglio Grande geboren, wo die Stadt Mailand auf das Land trifft.<\/p>\n<p style=\"text-align: center\">Das Viertel San Cristoforo ist nicht nur f\u00fcr die gleichnamige Kirche und die ehemalige Richard-Ginori-Fabrik bekannt, in der heute bedeutende internationale Unternehmen angesiedelt sind, sondern auch ein Ort der Entspannung und vor allem des Sports: Bootfahren, Radfahren, Joggen und Wandern.<\/p>\n<p style=\"text-align: center\">Ein perfekter Aufenthaltsort, ein wendiger Knotenpunkt, um jeden Bereich der Stadt zu erreichen, sei es f\u00fcr Arbeit oder Tourismus.<\/p>\n<p style=\"text-align: center\">Wir sind nur einen kurzen Spaziergang von der Darsena entfernt, wo die Stra\u00dfe zum Leben erwacht und zum Zentrum der st\u00e4dtischen Unterhaltung wird.<\/p>\n<p style=\"text-align: center\">Die Gegend bietet auch einige Sehensw\u00fcrdigkeiten, wie die Via Savona und die Via Tortona, die vor allem f\u00fcr den Fuorisalone w\u00e4hrend der Mail\u00e4nder Designwoche bekannt ist.<\/p>\n<p style=\"text-align: center\">In der Via Tortona befindet sich auch das MUDEC, das Mail\u00e4nder Museum der Kulturen, das sich der F\u00f6rderung und interdisziplin\u00e4ren Erforschung der Weltkulturen widmet.<\/p>\n<p style=\"text-align: center\">VersoVerde liegt au\u00dferdem in einer sehr verkehrsg\u00fcnstigen Gegend, von der aus man den Universit\u00e4tscampus der IULM und viele andere renommierte Mail\u00e4nder Universit\u00e4ten gut erreichen kann.<\/p>\n","protected":false},"excerpt":{"rendered":"<p>VersoVerde wurde in einem Gebiet des Naviglio Grande geboren, wo die Stadt Mailand auf das Land trifft. Das Viertel San Cristoforo ist nicht nur f\u00fcr die gleichnamige Kirche und die ehemalige Richard-Ginori-Fabrik bekannt, in der heute bedeutende internationale Unternehmen angesiedelt sind, sondern auch ein Ort der Entspannung und vor allem des Sports: Bootfahren, Radfahren, Joggen [&hellip;]<\/p>\n","protected":false},"author":13,"featured_media":0,"parent":556,"menu_order":40,"comment_status":"closed","ping_status":"closed","template":"","meta":{"footnotes":""},"class_list":["post-560","page","type-page","status-publish","hentry"],"yoast_head":"<!-- This site is optimized with the Yoast SEO plugin v26.9 - https:\/\/yoast.com\/product\/yoast-seo-wordpress\/ -->\n<title>Standort &#8226; Verso Verde Milano &#8226;<\/title>\n<meta name=\"description\" content=\"VersoVerde wurde in einem Gebiet des Naviglio Grande geboren, wo die Stadt Mailand auf das Land trifft. Das Viertel San Cristoforo ist nicht nur f\u00fcr die gleichnamige Kirche und die ehemalige Richard-Ginori-Fabrik bekannt, in der heute bedeutende internationale Unternehmen angesiedelt sind, sondern auch ein Ort der Entspannung und vor allem des Sports: Bootfahren, Radfahren, Joggen und Wandern. Ein perfekter Aufenthaltsort, ein wendiger Knotenpunkt, um jeden Bereich der Stadt zu erreichen, sei es f\u00fcr Arbeit oder Tourismus. Wir sind nur einen kurzen Spaziergang von der Darsena entfernt, wo die Stra\u00dfe zum Leben erwacht und zum Zentrum der st\u00e4dtischen Unterhaltung wird. Die Gegend bietet auch einige Sehensw\u00fcrdigkeiten, wie die Via Savona und die Via Tortona, die vor allem f\u00fcr den Fuorisalone w\u00e4hrend der Mail\u00e4nder Designwoche bekannt ist. In der Via Tortona befindet sich auch das MUDEC, das Mail\u00e4nder Museum der Kulturen, das sich der F\u00f6rderung und interdisziplin\u00e4ren Erforschung der Weltkulturen widmet. VersoVerde liegt au\u00dferdem in einer sehr verkehrsg\u00fcnstigen Gegend, von der aus man den Universit\u00e4tscampus der IULM und viele andere renommierte Mail\u00e4nder Universit\u00e4ten gut erreichen kann..\" \/>\n<meta name=\"robots\" content=\"index, follow, max-snippet:-1, max-image-preview:large, max-video-preview:-1\" \/>\n<link rel=\"canonical\" href=\"https:\/\/www.versoverde.it\/de\/hotel\/standort\/\" \/>\n<meta property=\"og:locale\" content=\"de_DE\" \/>\n<meta property=\"og:type\" content=\"article\" \/>\n<meta property=\"og:title\" content=\"Standort &#8226; Verso Verde Milano &#8226;\" \/>\n<meta property=\"og:description\" content=\"VersoVerde wurde in einem Gebiet des Naviglio Grande geboren, wo die Stadt Mailand auf das Land trifft. Das Viertel San Cristoforo ist nicht nur f\u00fcr die gleichnamige Kirche und die ehemalige Richard-Ginori-Fabrik bekannt, in der heute bedeutende internationale Unternehmen angesiedelt sind, sondern auch ein Ort der Entspannung und vor allem des Sports: Bootfahren, Radfahren, Joggen und Wandern. Ein perfekter Aufenthaltsort, ein wendiger Knotenpunkt, um jeden Bereich der Stadt zu erreichen, sei es f\u00fcr Arbeit oder Tourismus. Wir sind nur einen kurzen Spaziergang von der Darsena entfernt, wo die Stra\u00dfe zum Leben erwacht und zum Zentrum der st\u00e4dtischen Unterhaltung wird. Die Gegend bietet auch einige Sehensw\u00fcrdigkeiten, wie die Via Savona und die Via Tortona, die vor allem f\u00fcr den Fuorisalone w\u00e4hrend der Mail\u00e4nder Designwoche bekannt ist. In der Via Tortona befindet sich auch das MUDEC, das Mail\u00e4nder Museum der Kulturen, das sich der F\u00f6rderung und interdisziplin\u00e4ren Erforschung der Weltkulturen widmet. VersoVerde liegt au\u00dferdem in einer sehr verkehrsg\u00fcnstigen Gegend, von der aus man den Universit\u00e4tscampus der IULM und viele andere renommierte Mail\u00e4nder Universit\u00e4ten gut erreichen kann..\" \/>\n<meta property=\"og:url\" content=\"https:\/\/www.versoverde.it\/de\/hotel\/standort\/\" \/>\n<meta property=\"og:site_name\" content=\"Verso Verde Milano\" \/>\n<meta property=\"article:modified_time\" content=\"2022-12-06T14:15:43+00:00\" \/>\n<meta name=\"twitter:card\" content=\"summary_large_image\" \/>\n<meta name=\"twitter:label1\" content=\"Gesch\u00e4tzte Lesezeit\" \/>\n\t<meta name=\"twitter:data1\" content=\"1 Minute\" \/>\n<script type=\"application\/ld+json\" class=\"yoast-schema-graph\">{\"@context\":\"https:\/\/schema.org\",\"@graph\":[{\"@type\":\"WebPage\",\"@id\":\"https:\/\/www.versoverde.it\/de\/hotel\/standort\/\",\"url\":\"https:\/\/www.versoverde.it\/de\/hotel\/standort\/\",\"name\":\"Standort &#8226; Verso Verde Milano &#8226;\",\"isPartOf\":{\"@id\":\"https:\/\/www.versoverde.it\/de\/#website\"},\"datePublished\":\"2022-04-27T13:04:08+00:00\",\"dateModified\":\"2022-12-06T14:15:43+00:00\",\"description\":\"VersoVerde wurde in einem Gebiet des Naviglio Grande geboren, wo die Stadt Mailand auf das Land trifft. Das Viertel San Cristoforo ist nicht nur f\u00fcr die gleichnamige Kirche und die ehemalige Richard-Ginori-Fabrik bekannt, in der heute bedeutende internationale Unternehmen angesiedelt sind, sondern auch ein Ort der Entspannung und vor allem des Sports: Bootfahren, Radfahren, Joggen und Wandern. Ein perfekter Aufenthaltsort, ein wendiger Knotenpunkt, um jeden Bereich der Stadt zu erreichen, sei es f\u00fcr Arbeit oder Tourismus. Wir sind nur einen kurzen Spaziergang von der Darsena entfernt, wo die Stra\u00dfe zum Leben erwacht und zum Zentrum der st\u00e4dtischen Unterhaltung wird. Die Gegend bietet auch einige Sehensw\u00fcrdigkeiten, wie die Via Savona und die Via Tortona, die vor allem f\u00fcr den Fuorisalone w\u00e4hrend der Mail\u00e4nder Designwoche bekannt ist. In der Via Tortona befindet sich auch das MUDEC, das Mail\u00e4nder Museum der Kulturen, das sich der F\u00f6rderung und interdisziplin\u00e4ren Erforschung der Weltkulturen widmet. VersoVerde liegt au\u00dferdem in einer sehr verkehrsg\u00fcnstigen Gegend, von der aus man den Universit\u00e4tscampus der IULM und viele andere renommierte Mail\u00e4nder Universit\u00e4ten gut erreichen kann. .\",\"breadcrumb\":{\"@id\":\"https:\/\/www.versoverde.it\/de\/hotel\/standort\/#breadcrumb\"},\"inLanguage\":\"de-DE\",\"potentialAction\":[{\"@type\":\"ReadAction\",\"target\":[\"https:\/\/www.versoverde.it\/de\/hotel\/standort\/\"]}]},{\"@type\":\"BreadcrumbList\",\"@id\":\"https:\/\/www.versoverde.it\/de\/hotel\/standort\/#breadcrumb\",\"itemListElement\":[{\"@type\":\"ListItem\",\"position\":1,\"name\":\"Home\",\"item\":\"https:\/\/www.versoverde.it\/de\/\"},{\"@type\":\"ListItem\",\"position\":2,\"name\":\"Hotel\",\"item\":\"https:\/\/www.versoverde.it\/de\/hotel\/\"},{\"@type\":\"ListItem\",\"position\":3,\"name\":\"Standort\"}]},{\"@type\":\"WebSite\",\"@id\":\"https:\/\/www.versoverde.it\/de\/#website\",\"url\":\"https:\/\/www.versoverde.it\/de\/\",\"name\":\"Verso Verde Milano\",\"description\":\"Ecco un altro sito ms.decms.eu\",\"potentialAction\":[{\"@type\":\"SearchAction\",\"target\":{\"@type\":\"EntryPoint\",\"urlTemplate\":\"https:\/\/www.versoverde.it\/de\/?s={search_term_string}\"},\"query-input\":{\"@type\":\"PropertyValueSpecification\",\"valueRequired\":true,\"valueName\":\"search_term_string\"}}],\"inLanguage\":\"de-DE\"}]}<\/script>\n<!-- \/ Yoast SEO plugin. -->","yoast_head_json":{"title":"Standort &#8226; Verso Verde Milano &#8226;","description":"VersoVerde wurde in einem Gebiet des Naviglio Grande geboren, wo die Stadt Mailand auf das Land trifft. Das Viertel San Cristoforo ist nicht nur f\u00fcr die gleichnamige Kirche und die ehemalige Richard-Ginori-Fabrik bekannt, in der heute bedeutende internationale Unternehmen angesiedelt sind, sondern auch ein Ort der Entspannung und vor allem des Sports: Bootfahren, Radfahren, Joggen und Wandern. Ein perfekter Aufenthaltsort, ein wendiger Knotenpunkt, um jeden Bereich der Stadt zu erreichen, sei es f\u00fcr Arbeit oder Tourismus. Wir sind nur einen kurzen Spaziergang von der Darsena entfernt, wo die Stra\u00dfe zum Leben erwacht und zum Zentrum der st\u00e4dtischen Unterhaltung wird. Die Gegend bietet auch einige Sehensw\u00fcrdigkeiten, wie die Via Savona und die Via Tortona, die vor allem f\u00fcr den Fuorisalone w\u00e4hrend der Mail\u00e4nder Designwoche bekannt ist. In der Via Tortona befindet sich auch das MUDEC, das Mail\u00e4nder Museum der Kulturen, das sich der F\u00f6rderung und interdisziplin\u00e4ren Erforschung der Weltkulturen widmet. VersoVerde liegt au\u00dferdem in einer sehr verkehrsg\u00fcnstigen Gegend, von der aus man den Universit\u00e4tscampus der IULM und viele andere renommierte Mail\u00e4nder Universit\u00e4ten gut erreichen kann..","robots":{"index":"index","follow":"follow","max-snippet":"max-snippet:-1","max-image-preview":"max-image-preview:large","max-video-preview":"max-video-preview:-1"},"canonical":"https:\/\/www.versoverde.it\/de\/hotel\/standort\/","og_locale":"de_DE","og_type":"article","og_title":"Standort &#8226; Verso Verde Milano &#8226;","og_description":"VersoVerde wurde in einem Gebiet des Naviglio Grande geboren, wo die Stadt Mailand auf das Land trifft. Das Viertel San Cristoforo ist nicht nur f\u00fcr die gleichnamige Kirche und die ehemalige Richard-Ginori-Fabrik bekannt, in der heute bedeutende internationale Unternehmen angesiedelt sind, sondern auch ein Ort der Entspannung und vor allem des Sports: Bootfahren, Radfahren, Joggen und Wandern. Ein perfekter Aufenthaltsort, ein wendiger Knotenpunkt, um jeden Bereich der Stadt zu erreichen, sei es f\u00fcr Arbeit oder Tourismus. Wir sind nur einen kurzen Spaziergang von der Darsena entfernt, wo die Stra\u00dfe zum Leben erwacht und zum Zentrum der st\u00e4dtischen Unterhaltung wird. Die Gegend bietet auch einige Sehensw\u00fcrdigkeiten, wie die Via Savona und die Via Tortona, die vor allem f\u00fcr den Fuorisalone w\u00e4hrend der Mail\u00e4nder Designwoche bekannt ist. In der Via Tortona befindet sich auch das MUDEC, das Mail\u00e4nder Museum der Kulturen, das sich der F\u00f6rderung und interdisziplin\u00e4ren Erforschung der Weltkulturen widmet. VersoVerde liegt au\u00dferdem in einer sehr verkehrsg\u00fcnstigen Gegend, von der aus man den Universit\u00e4tscampus der IULM und viele andere renommierte Mail\u00e4nder Universit\u00e4ten gut erreichen kann..","og_url":"https:\/\/www.versoverde.it\/de\/hotel\/standort\/","og_site_name":"Verso Verde Milano","article_modified_time":"2022-12-06T14:15:43+00:00","twitter_card":"summary_large_image","twitter_misc":{"Gesch\u00e4tzte Lesezeit":"1 Minute"},"schema":{"@context":"https:\/\/schema.org","@graph":[{"@type":"WebPage","@id":"https:\/\/www.versoverde.it\/de\/hotel\/standort\/","url":"https:\/\/www.versoverde.it\/de\/hotel\/standort\/","name":"Standort &#8226; Verso Verde Milano &#8226;","isPartOf":{"@id":"https:\/\/www.versoverde.it\/de\/#website"},"datePublished":"2022-04-27T13:04:08+00:00","dateModified":"2022-12-06T14:15:43+00:00","description":"VersoVerde wurde in einem Gebiet des Naviglio Grande geboren, wo die Stadt Mailand auf das Land trifft. Das Viertel San Cristoforo ist nicht nur f\u00fcr die gleichnamige Kirche und die ehemalige Richard-Ginori-Fabrik bekannt, in der heute bedeutende internationale Unternehmen angesiedelt sind, sondern auch ein Ort der Entspannung und vor allem des Sports: Bootfahren, Radfahren, Joggen und Wandern. Ein perfekter Aufenthaltsort, ein wendiger Knotenpunkt, um jeden Bereich der Stadt zu erreichen, sei es f\u00fcr Arbeit oder Tourismus. Wir sind nur einen kurzen Spaziergang von der Darsena entfernt, wo die Stra\u00dfe zum Leben erwacht und zum Zentrum der st\u00e4dtischen Unterhaltung wird. Die Gegend bietet auch einige Sehensw\u00fcrdigkeiten, wie die Via Savona und die Via Tortona, die vor allem f\u00fcr den Fuorisalone w\u00e4hrend der Mail\u00e4nder Designwoche bekannt ist. In der Via Tortona befindet sich auch das MUDEC, das Mail\u00e4nder Museum der Kulturen, das sich der F\u00f6rderung und interdisziplin\u00e4ren Erforschung der Weltkulturen widmet. VersoVerde liegt au\u00dferdem in einer sehr verkehrsg\u00fcnstigen Gegend, von der aus man den Universit\u00e4tscampus der IULM und viele andere renommierte Mail\u00e4nder Universit\u00e4ten gut erreichen kann. .","breadcrumb":{"@id":"https:\/\/www.versoverde.it\/de\/hotel\/standort\/#breadcrumb"},"inLanguage":"de-DE","potentialAction":[{"@type":"ReadAction","target":["https:\/\/www.versoverde.it\/de\/hotel\/standort\/"]}]},{"@type":"BreadcrumbList","@id":"https:\/\/www.versoverde.it\/de\/hotel\/standort\/#breadcrumb","itemListElement":[{"@type":"ListItem","position":1,"name":"Home","item":"https:\/\/www.versoverde.it\/de\/"},{"@type":"ListItem","position":2,"name":"Hotel","item":"https:\/\/www.versoverde.it\/de\/hotel\/"},{"@type":"ListItem","position":3,"name":"Standort"}]},{"@type":"WebSite","@id":"https:\/\/www.versoverde.it\/de\/#website","url":"https:\/\/www.versoverde.it\/de\/","name":"Verso Verde Milano","description":"Ecco un altro sito ms.decms.eu","potentialAction":[{"@type":"SearchAction","target":{"@type":"EntryPoint","urlTemplate":"https:\/\/www.versoverde.it\/de\/?s={search_term_string}"},"query-input":{"@type":"PropertyValueSpecification","valueRequired":true,"valueName":"search_term_string"}}],"inLanguage":"de-DE"}]}},"acf":[],"_links":{"self":[{"href":"https:\/\/www.versoverde.it\/de\/wp-json\/wp\/v2\/pages\/560","targetHints":{"allow":["GET"]}}],"collection":[{"href":"https:\/\/www.versoverde.it\/de\/wp-json\/wp\/v2\/pages"}],"about":[{"href":"https:\/\/www.versoverde.it\/de\/wp-json\/wp\/v2\/types\/page"}],"author":[{"embeddable":true,"href":"https:\/\/www.versoverde.it\/de\/wp-json\/wp\/v2\/users\/13"}],"replies":[{"embeddable":true,"href":"https:\/\/www.versoverde.it\/de\/wp-json\/wp\/v2\/comments?post=560"}],"version-history":[{"count":0,"href":"https:\/\/www.versoverde.it\/de\/wp-json\/wp\/v2\/pages\/560\/revisions"}],"up":[{"embeddable":true,"href":"https:\/\/www.versoverde.it\/de\/wp-json\/wp\/v2\/pages\/556"}],"wp:attachment":[{"href":"https:\/\/www.versoverde.it\/de\/wp-json\/wp\/v2\/media?parent=560"}],"curies":[{"name":"wp","href":"https:\/\/api.w.org\/{rel}","templated":true}]}}