{"id":563,"date":"2022-04-27T15:06:25","date_gmt":"2022-04-27T13:06:25","guid":{"rendered":"https:\/\/www.versoverde.it\/?page_id=563"},"modified":"2022-12-06T15:19:08","modified_gmt":"2022-12-06T14:19:08","slug":"dienstleistungen","status":"publish","type":"page","link":"https:\/\/www.versoverde.it\/de\/hotel\/dienstleistungen\/","title":{"rendered":"Dienstleistungen"},"content":{"rendered":"<p style=\"text-align: center\">VersoVerde bietet einen Selbstbedienungs-W\u00e4scheservice: Sie k\u00f6nnen unabh\u00e4ngig sein, ohne das Hotel verlassen zu m\u00fcssen.<br \/>\nDer klassische Hotelw\u00e4scheservice wird weiterhin zur Verf\u00fcgung stehen.<\/p>\n<p style=\"text-align: center\">VersoVerde verf\u00fcgt \u00fcber einen bequemen, kostenpflichtigen Privatparkplatz im Hotel, den Sie zusammen mit Ihrem Zimmer buchen k\u00f6nnen, um sicherzustellen, dass Ihr Auto in der N\u00e4he ist.<\/p>\n<p style=\"text-align: center\">VersoVerde bietet auch einen umweltfreundlichen Mobilit\u00e4tsservice an: Mit unseren Fahrr\u00e4dern im Vintage-Stil k\u00f6nnen Sie sich fortbewegen, wo immer Sie wollen, um den Naviglio Grande und den sch\u00f6nen Radweg Mailand-Tessin zu genie\u00dfen, der Sie aus der Stadt hinaus in die sch\u00f6ne lombardische Landschaft durch \u00fcppige Vegetation und l\u00e4ndliche D\u00f6rfer f\u00fchrt.<\/p>\n","protected":false},"excerpt":{"rendered":"<p>VersoVerde bietet einen Selbstbedienungs-W\u00e4scheservice: Sie k\u00f6nnen unabh\u00e4ngig sein, ohne das Hotel verlassen zu m\u00fcssen. Der klassische Hotelw\u00e4scheservice wird weiterhin zur Verf\u00fcgung stehen. VersoVerde verf\u00fcgt \u00fcber einen bequemen, kostenpflichtigen Privatparkplatz im Hotel, den Sie zusammen mit Ihrem Zimmer buchen k\u00f6nnen, um sicherzustellen, dass Ihr Auto in der N\u00e4he ist. VersoVerde bietet auch einen umweltfreundlichen Mobilit\u00e4tsservice an: [&hellip;]<\/p>\n","protected":false},"author":13,"featured_media":0,"parent":556,"menu_order":50,"comment_status":"closed","ping_status":"closed","template":"","meta":{"footnotes":""},"class_list":["post-563","page","type-page","status-publish","hentry"],"yoast_head":"<!-- This site is optimized with the Yoast SEO plugin v26.9 - https:\/\/yoast.com\/product\/yoast-seo-wordpress\/ -->\n<title>Dienstleistungen &#8226; Verso Verde Milano &#8226;<\/title>\n<meta name=\"description\" content=\"VersoVerde bietet einen Selbstbedienungs-W\u00e4scheservice: Sie k\u00f6nnen unabh\u00e4ngig sein, ohne das Hotel verlassen zu m\u00fcssen. Der klassische Hotelw\u00e4scheservice wird weiterhin zur Verf\u00fcgung stehen. VersoVerde verf\u00fcgt \u00fcber einen bequemen, kostenpflichtigen Privatparkplatz im Hotel, den Sie zusammen mit Ihrem Zimmer buchen k\u00f6nnen, um sicherzustellen, dass Ihr Auto in der N\u00e4he ist. VersoVerde bietet auch einen umweltfreundlichen Mobilit\u00e4tsservice an: Mit unseren Fahrr\u00e4dern im Vintage-Stil k\u00f6nnen Sie sich fortbewegen, wo immer Sie wollen, um den Naviglio Grande und den sch\u00f6nen Radweg Mailand-Tessin zu genie\u00dfen, der Sie aus der Stadt hinaus in die sch\u00f6ne lombardische Landschaft durch \u00fcppige Vegetation und l\u00e4ndliche D\u00f6rfer f\u00fchrt..\" \/>\n<meta name=\"robots\" content=\"index, follow, max-snippet:-1, max-image-preview:large, max-video-preview:-1\" \/>\n<link rel=\"canonical\" href=\"https:\/\/www.versoverde.it\/de\/hotel\/dienstleistungen\/\" \/>\n<meta property=\"og:locale\" content=\"de_DE\" \/>\n<meta property=\"og:type\" content=\"article\" \/>\n<meta property=\"og:title\" content=\"Dienstleistungen &#8226; Verso Verde Milano &#8226;\" \/>\n<meta property=\"og:description\" content=\"VersoVerde bietet einen Selbstbedienungs-W\u00e4scheservice: Sie k\u00f6nnen unabh\u00e4ngig sein, ohne das Hotel verlassen zu m\u00fcssen. Der klassische Hotelw\u00e4scheservice wird weiterhin zur Verf\u00fcgung stehen. VersoVerde verf\u00fcgt \u00fcber einen bequemen, kostenpflichtigen Privatparkplatz im Hotel, den Sie zusammen mit Ihrem Zimmer buchen k\u00f6nnen, um sicherzustellen, dass Ihr Auto in der N\u00e4he ist. VersoVerde bietet auch einen umweltfreundlichen Mobilit\u00e4tsservice an: Mit unseren Fahrr\u00e4dern im Vintage-Stil k\u00f6nnen Sie sich fortbewegen, wo immer Sie wollen, um den Naviglio Grande und den sch\u00f6nen Radweg Mailand-Tessin zu genie\u00dfen, der Sie aus der Stadt hinaus in die sch\u00f6ne lombardische Landschaft durch \u00fcppige Vegetation und l\u00e4ndliche D\u00f6rfer f\u00fchrt..\" \/>\n<meta property=\"og:url\" content=\"https:\/\/www.versoverde.it\/de\/hotel\/dienstleistungen\/\" \/>\n<meta property=\"og:site_name\" content=\"Verso Verde Milano\" \/>\n<meta property=\"article:modified_time\" content=\"2022-12-06T14:19:08+00:00\" \/>\n<meta name=\"twitter:card\" content=\"summary_large_image\" \/>\n<meta name=\"twitter:label1\" content=\"Gesch\u00e4tzte Lesezeit\" \/>\n\t<meta name=\"twitter:data1\" content=\"1 Minute\" \/>\n<script type=\"application\/ld+json\" class=\"yoast-schema-graph\">{\"@context\":\"https:\/\/schema.org\",\"@graph\":[{\"@type\":\"WebPage\",\"@id\":\"https:\/\/www.versoverde.it\/de\/hotel\/dienstleistungen\/\",\"url\":\"https:\/\/www.versoverde.it\/de\/hotel\/dienstleistungen\/\",\"name\":\"Dienstleistungen &#8226; Verso Verde Milano &#8226;\",\"isPartOf\":{\"@id\":\"https:\/\/www.versoverde.it\/de\/#website\"},\"datePublished\":\"2022-04-27T13:06:25+00:00\",\"dateModified\":\"2022-12-06T14:19:08+00:00\",\"description\":\"VersoVerde bietet einen Selbstbedienungs-W\u00e4scheservice: Sie k\u00f6nnen unabh\u00e4ngig sein, ohne das Hotel verlassen zu m\u00fcssen. Der klassische Hotelw\u00e4scheservice wird weiterhin zur Verf\u00fcgung stehen. VersoVerde verf\u00fcgt \u00fcber einen bequemen, kostenpflichtigen Privatparkplatz im Hotel, den Sie zusammen mit Ihrem Zimmer buchen k\u00f6nnen, um sicherzustellen, dass Ihr Auto in der N\u00e4he ist. VersoVerde bietet auch einen umweltfreundlichen Mobilit\u00e4tsservice an: Mit unseren Fahrr\u00e4dern im Vintage-Stil k\u00f6nnen Sie sich fortbewegen, wo immer Sie wollen, um den Naviglio Grande und den sch\u00f6nen Radweg Mailand-Tessin zu genie\u00dfen, der Sie aus der Stadt hinaus in die sch\u00f6ne lombardische Landschaft durch \u00fcppige Vegetation und l\u00e4ndliche D\u00f6rfer f\u00fchrt. .\",\"breadcrumb\":{\"@id\":\"https:\/\/www.versoverde.it\/de\/hotel\/dienstleistungen\/#breadcrumb\"},\"inLanguage\":\"de-DE\",\"potentialAction\":[{\"@type\":\"ReadAction\",\"target\":[\"https:\/\/www.versoverde.it\/de\/hotel\/dienstleistungen\/\"]}]},{\"@type\":\"BreadcrumbList\",\"@id\":\"https:\/\/www.versoverde.it\/de\/hotel\/dienstleistungen\/#breadcrumb\",\"itemListElement\":[{\"@type\":\"ListItem\",\"position\":1,\"name\":\"Home\",\"item\":\"https:\/\/www.versoverde.it\/de\/\"},{\"@type\":\"ListItem\",\"position\":2,\"name\":\"Hotel\",\"item\":\"https:\/\/www.versoverde.it\/de\/hotel\/\"},{\"@type\":\"ListItem\",\"position\":3,\"name\":\"Dienstleistungen\"}]},{\"@type\":\"WebSite\",\"@id\":\"https:\/\/www.versoverde.it\/de\/#website\",\"url\":\"https:\/\/www.versoverde.it\/de\/\",\"name\":\"Verso Verde Milano\",\"description\":\"Ecco un altro sito ms.decms.eu\",\"potentialAction\":[{\"@type\":\"SearchAction\",\"target\":{\"@type\":\"EntryPoint\",\"urlTemplate\":\"https:\/\/www.versoverde.it\/de\/?s={search_term_string}\"},\"query-input\":{\"@type\":\"PropertyValueSpecification\",\"valueRequired\":true,\"valueName\":\"search_term_string\"}}],\"inLanguage\":\"de-DE\"}]}<\/script>\n<!-- \/ Yoast SEO plugin. -->","yoast_head_json":{"title":"Dienstleistungen &#8226; Verso Verde Milano &#8226;","description":"VersoVerde bietet einen Selbstbedienungs-W\u00e4scheservice: Sie k\u00f6nnen unabh\u00e4ngig sein, ohne das Hotel verlassen zu m\u00fcssen. Der klassische Hotelw\u00e4scheservice wird weiterhin zur Verf\u00fcgung stehen. VersoVerde verf\u00fcgt \u00fcber einen bequemen, kostenpflichtigen Privatparkplatz im Hotel, den Sie zusammen mit Ihrem Zimmer buchen k\u00f6nnen, um sicherzustellen, dass Ihr Auto in der N\u00e4he ist. VersoVerde bietet auch einen umweltfreundlichen Mobilit\u00e4tsservice an: Mit unseren Fahrr\u00e4dern im Vintage-Stil k\u00f6nnen Sie sich fortbewegen, wo immer Sie wollen, um den Naviglio Grande und den sch\u00f6nen Radweg Mailand-Tessin zu genie\u00dfen, der Sie aus der Stadt hinaus in die sch\u00f6ne lombardische Landschaft durch \u00fcppige Vegetation und l\u00e4ndliche D\u00f6rfer f\u00fchrt..","robots":{"index":"index","follow":"follow","max-snippet":"max-snippet:-1","max-image-preview":"max-image-preview:large","max-video-preview":"max-video-preview:-1"},"canonical":"https:\/\/www.versoverde.it\/de\/hotel\/dienstleistungen\/","og_locale":"de_DE","og_type":"article","og_title":"Dienstleistungen &#8226; Verso Verde Milano &#8226;","og_description":"VersoVerde bietet einen Selbstbedienungs-W\u00e4scheservice: Sie k\u00f6nnen unabh\u00e4ngig sein, ohne das Hotel verlassen zu m\u00fcssen. Der klassische Hotelw\u00e4scheservice wird weiterhin zur Verf\u00fcgung stehen. VersoVerde verf\u00fcgt \u00fcber einen bequemen, kostenpflichtigen Privatparkplatz im Hotel, den Sie zusammen mit Ihrem Zimmer buchen k\u00f6nnen, um sicherzustellen, dass Ihr Auto in der N\u00e4he ist. VersoVerde bietet auch einen umweltfreundlichen Mobilit\u00e4tsservice an: Mit unseren Fahrr\u00e4dern im Vintage-Stil k\u00f6nnen Sie sich fortbewegen, wo immer Sie wollen, um den Naviglio Grande und den sch\u00f6nen Radweg Mailand-Tessin zu genie\u00dfen, der Sie aus der Stadt hinaus in die sch\u00f6ne lombardische Landschaft durch \u00fcppige Vegetation und l\u00e4ndliche D\u00f6rfer f\u00fchrt..","og_url":"https:\/\/www.versoverde.it\/de\/hotel\/dienstleistungen\/","og_site_name":"Verso Verde Milano","article_modified_time":"2022-12-06T14:19:08+00:00","twitter_card":"summary_large_image","twitter_misc":{"Gesch\u00e4tzte Lesezeit":"1 Minute"},"schema":{"@context":"https:\/\/schema.org","@graph":[{"@type":"WebPage","@id":"https:\/\/www.versoverde.it\/de\/hotel\/dienstleistungen\/","url":"https:\/\/www.versoverde.it\/de\/hotel\/dienstleistungen\/","name":"Dienstleistungen &#8226; Verso Verde Milano &#8226;","isPartOf":{"@id":"https:\/\/www.versoverde.it\/de\/#website"},"datePublished":"2022-04-27T13:06:25+00:00","dateModified":"2022-12-06T14:19:08+00:00","description":"VersoVerde bietet einen Selbstbedienungs-W\u00e4scheservice: Sie k\u00f6nnen unabh\u00e4ngig sein, ohne das Hotel verlassen zu m\u00fcssen. Der klassische Hotelw\u00e4scheservice wird weiterhin zur Verf\u00fcgung stehen. VersoVerde verf\u00fcgt \u00fcber einen bequemen, kostenpflichtigen Privatparkplatz im Hotel, den Sie zusammen mit Ihrem Zimmer buchen k\u00f6nnen, um sicherzustellen, dass Ihr Auto in der N\u00e4he ist. VersoVerde bietet auch einen umweltfreundlichen Mobilit\u00e4tsservice an: Mit unseren Fahrr\u00e4dern im Vintage-Stil k\u00f6nnen Sie sich fortbewegen, wo immer Sie wollen, um den Naviglio Grande und den sch\u00f6nen Radweg Mailand-Tessin zu genie\u00dfen, der Sie aus der Stadt hinaus in die sch\u00f6ne lombardische Landschaft durch \u00fcppige Vegetation und l\u00e4ndliche D\u00f6rfer f\u00fchrt. .","breadcrumb":{"@id":"https:\/\/www.versoverde.it\/de\/hotel\/dienstleistungen\/#breadcrumb"},"inLanguage":"de-DE","potentialAction":[{"@type":"ReadAction","target":["https:\/\/www.versoverde.it\/de\/hotel\/dienstleistungen\/"]}]},{"@type":"BreadcrumbList","@id":"https:\/\/www.versoverde.it\/de\/hotel\/dienstleistungen\/#breadcrumb","itemListElement":[{"@type":"ListItem","position":1,"name":"Home","item":"https:\/\/www.versoverde.it\/de\/"},{"@type":"ListItem","position":2,"name":"Hotel","item":"https:\/\/www.versoverde.it\/de\/hotel\/"},{"@type":"ListItem","position":3,"name":"Dienstleistungen"}]},{"@type":"WebSite","@id":"https:\/\/www.versoverde.it\/de\/#website","url":"https:\/\/www.versoverde.it\/de\/","name":"Verso Verde Milano","description":"Ecco un altro sito ms.decms.eu","potentialAction":[{"@type":"SearchAction","target":{"@type":"EntryPoint","urlTemplate":"https:\/\/www.versoverde.it\/de\/?s={search_term_string}"},"query-input":{"@type":"PropertyValueSpecification","valueRequired":true,"valueName":"search_term_string"}}],"inLanguage":"de-DE"}]}},"acf":[],"_links":{"self":[{"href":"https:\/\/www.versoverde.it\/de\/wp-json\/wp\/v2\/pages\/563","targetHints":{"allow":["GET"]}}],"collection":[{"href":"https:\/\/www.versoverde.it\/de\/wp-json\/wp\/v2\/pages"}],"about":[{"href":"https:\/\/www.versoverde.it\/de\/wp-json\/wp\/v2\/types\/page"}],"author":[{"embeddable":true,"href":"https:\/\/www.versoverde.it\/de\/wp-json\/wp\/v2\/users\/13"}],"replies":[{"embeddable":true,"href":"https:\/\/www.versoverde.it\/de\/wp-json\/wp\/v2\/comments?post=563"}],"version-history":[{"count":0,"href":"https:\/\/www.versoverde.it\/de\/wp-json\/wp\/v2\/pages\/563\/revisions"}],"up":[{"embeddable":true,"href":"https:\/\/www.versoverde.it\/de\/wp-json\/wp\/v2\/pages\/556"}],"wp:attachment":[{"href":"https:\/\/www.versoverde.it\/de\/wp-json\/wp\/v2\/media?parent=563"}],"curies":[{"name":"wp","href":"https:\/\/api.w.org\/{rel}","templated":true}]}}