{"id":566,"date":"2022-04-27T15:14:19","date_gmt":"2022-04-27T13:14:19","guid":{"rendered":"https:\/\/www.versoverde.it\/?page_id=566"},"modified":"2022-12-06T15:31:34","modified_gmt":"2022-12-06T14:31:34","slug":"wir-kuemmern-uns-um-sie","status":"publish","type":"page","link":"https:\/\/www.versoverde.it\/de\/hotel\/wir-kuemmern-uns-um-sie\/","title":{"rendered":"Wir k\u00fcmmern uns um Sie"},"content":{"rendered":"<p>Damit Sie sich keine Sorgen machen m\u00fcssen, haben wir ein Hygiene- und Sicherheitsprotokoll eingef\u00fchrt, das unter anderem Folgendes vorsieht:<\/p>\n<ul>\n<li>Bel\u00fcftung der R\u00e4ume<\/li>\n<li>Reinigung der Oberfl\u00e4ch<\/li>\n<li>Vollst\u00e4ndige Desinfektion<\/li>\n<li>Soziale Distanzierung<\/li>\n<li>Verwendung von Masken gem\u00e4\u00df den Vorschriften<\/li>\n<\/ul>\n","protected":false},"excerpt":{"rendered":"<p>Damit Sie sich keine Sorgen machen m\u00fcssen, haben wir ein Hygiene- und Sicherheitsprotokoll eingef\u00fchrt, das unter anderem Folgendes vorsieht: Bel\u00fcftung der R\u00e4ume Reinigung der Oberfl\u00e4ch Vollst\u00e4ndige Desinfektion Soziale Distanzierung Verwendung von Masken gem\u00e4\u00df den Vorschriften<\/p>\n","protected":false},"author":13,"featured_media":0,"parent":556,"menu_order":60,"comment_status":"closed","ping_status":"closed","template":"","meta":{"footnotes":""},"class_list":["post-566","page","type-page","status-publish","hentry"],"yoast_head":"<!-- This site is optimized with the Yoast SEO plugin v26.9 - https:\/\/yoast.com\/product\/yoast-seo-wordpress\/ -->\n<title>Wir k\u00fcmmern uns um Sie &#8226; Verso Verde Milano &#8226;<\/title>\n<meta name=\"description\" content=\"Damit Sie sich keine Sorgen machen m\u00fcssen, haben wir ein Hygiene- und Sicherheitsprotokoll eingef\u00fchrt, das unter anderem Folgendes vorsieht:   Bel\u00fcftung der R\u00e4ume  Reinigung der Oberfl\u00e4ch  Vollst\u00e4ndige Desinfektion  Soziale Distanzierung  Verwendung von Masken gem\u00e4\u00df den Vorschriften .\" \/>\n<meta name=\"robots\" content=\"index, follow, max-snippet:-1, max-image-preview:large, max-video-preview:-1\" \/>\n<link rel=\"canonical\" href=\"https:\/\/www.versoverde.it\/de\/hotel\/wir-kuemmern-uns-um-sie\/\" \/>\n<meta property=\"og:locale\" content=\"de_DE\" \/>\n<meta property=\"og:type\" content=\"article\" \/>\n<meta property=\"og:title\" content=\"Wir k\u00fcmmern uns um Sie &#8226; Verso Verde Milano &#8226;\" \/>\n<meta property=\"og:description\" content=\"Damit Sie sich keine Sorgen machen m\u00fcssen, haben wir ein Hygiene- und Sicherheitsprotokoll eingef\u00fchrt, das unter anderem Folgendes vorsieht:   Bel\u00fcftung der R\u00e4ume  Reinigung der Oberfl\u00e4ch  Vollst\u00e4ndige Desinfektion  Soziale Distanzierung  Verwendung von Masken gem\u00e4\u00df den Vorschriften .\" \/>\n<meta property=\"og:url\" content=\"https:\/\/www.versoverde.it\/de\/hotel\/wir-kuemmern-uns-um-sie\/\" \/>\n<meta property=\"og:site_name\" content=\"Verso Verde Milano\" \/>\n<meta property=\"article:modified_time\" content=\"2022-12-06T14:31:34+00:00\" \/>\n<meta name=\"twitter:card\" content=\"summary_large_image\" \/>\n<meta name=\"twitter:label1\" content=\"Gesch\u00e4tzte Lesezeit\" \/>\n\t<meta name=\"twitter:data1\" content=\"1 Minute\" \/>\n<script type=\"application\/ld+json\" class=\"yoast-schema-graph\">{\"@context\":\"https:\/\/schema.org\",\"@graph\":[{\"@type\":\"WebPage\",\"@id\":\"https:\/\/www.versoverde.it\/de\/hotel\/wir-kuemmern-uns-um-sie\/\",\"url\":\"https:\/\/www.versoverde.it\/de\/hotel\/wir-kuemmern-uns-um-sie\/\",\"name\":\"Wir k\u00fcmmern uns um Sie &#8226; Verso Verde Milano &#8226;\",\"isPartOf\":{\"@id\":\"https:\/\/www.versoverde.it\/de\/#website\"},\"datePublished\":\"2022-04-27T13:14:19+00:00\",\"dateModified\":\"2022-12-06T14:31:34+00:00\",\"description\":\"Damit Sie sich keine Sorgen machen m\u00fcssen, haben wir ein Hygiene- und Sicherheitsprotokoll eingef\u00fchrt, das unter anderem Folgendes vorsieht: \u2022 Bel\u00fcftung der R\u00e4ume \u2022 Reinigung der Oberfl\u00e4ch \u2022 Vollst\u00e4ndige Desinfektion \u2022 Soziale Distanzierung \u2022 Verwendung von Masken gem\u00e4\u00df den Vorschriften .\",\"breadcrumb\":{\"@id\":\"https:\/\/www.versoverde.it\/de\/hotel\/wir-kuemmern-uns-um-sie\/#breadcrumb\"},\"inLanguage\":\"de-DE\",\"potentialAction\":[{\"@type\":\"ReadAction\",\"target\":[\"https:\/\/www.versoverde.it\/de\/hotel\/wir-kuemmern-uns-um-sie\/\"]}]},{\"@type\":\"BreadcrumbList\",\"@id\":\"https:\/\/www.versoverde.it\/de\/hotel\/wir-kuemmern-uns-um-sie\/#breadcrumb\",\"itemListElement\":[{\"@type\":\"ListItem\",\"position\":1,\"name\":\"Home\",\"item\":\"https:\/\/www.versoverde.it\/de\/\"},{\"@type\":\"ListItem\",\"position\":2,\"name\":\"Hotel\",\"item\":\"https:\/\/www.versoverde.it\/de\/hotel\/\"},{\"@type\":\"ListItem\",\"position\":3,\"name\":\"Wir k\u00fcmmern uns um Sie\"}]},{\"@type\":\"WebSite\",\"@id\":\"https:\/\/www.versoverde.it\/de\/#website\",\"url\":\"https:\/\/www.versoverde.it\/de\/\",\"name\":\"Verso Verde Milano\",\"description\":\"Ecco un altro sito ms.decms.eu\",\"potentialAction\":[{\"@type\":\"SearchAction\",\"target\":{\"@type\":\"EntryPoint\",\"urlTemplate\":\"https:\/\/www.versoverde.it\/de\/?s={search_term_string}\"},\"query-input\":{\"@type\":\"PropertyValueSpecification\",\"valueRequired\":true,\"valueName\":\"search_term_string\"}}],\"inLanguage\":\"de-DE\"}]}<\/script>\n<!-- \/ Yoast SEO plugin. -->","yoast_head_json":{"title":"Wir k\u00fcmmern uns um Sie &#8226; Verso Verde Milano &#8226;","description":"Damit Sie sich keine Sorgen machen m\u00fcssen, haben wir ein Hygiene- und Sicherheitsprotokoll eingef\u00fchrt, das unter anderem Folgendes vorsieht:   Bel\u00fcftung der R\u00e4ume  Reinigung der Oberfl\u00e4ch  Vollst\u00e4ndige Desinfektion  Soziale Distanzierung  Verwendung von Masken gem\u00e4\u00df den Vorschriften .","robots":{"index":"index","follow":"follow","max-snippet":"max-snippet:-1","max-image-preview":"max-image-preview:large","max-video-preview":"max-video-preview:-1"},"canonical":"https:\/\/www.versoverde.it\/de\/hotel\/wir-kuemmern-uns-um-sie\/","og_locale":"de_DE","og_type":"article","og_title":"Wir k\u00fcmmern uns um Sie &#8226; Verso Verde Milano &#8226;","og_description":"Damit Sie sich keine Sorgen machen m\u00fcssen, haben wir ein Hygiene- und Sicherheitsprotokoll eingef\u00fchrt, das unter anderem Folgendes vorsieht:   Bel\u00fcftung der R\u00e4ume  Reinigung der Oberfl\u00e4ch  Vollst\u00e4ndige Desinfektion  Soziale Distanzierung  Verwendung von Masken gem\u00e4\u00df den Vorschriften .","og_url":"https:\/\/www.versoverde.it\/de\/hotel\/wir-kuemmern-uns-um-sie\/","og_site_name":"Verso Verde Milano","article_modified_time":"2022-12-06T14:31:34+00:00","twitter_card":"summary_large_image","twitter_misc":{"Gesch\u00e4tzte Lesezeit":"1 Minute"},"schema":{"@context":"https:\/\/schema.org","@graph":[{"@type":"WebPage","@id":"https:\/\/www.versoverde.it\/de\/hotel\/wir-kuemmern-uns-um-sie\/","url":"https:\/\/www.versoverde.it\/de\/hotel\/wir-kuemmern-uns-um-sie\/","name":"Wir k\u00fcmmern uns um Sie &#8226; Verso Verde Milano &#8226;","isPartOf":{"@id":"https:\/\/www.versoverde.it\/de\/#website"},"datePublished":"2022-04-27T13:14:19+00:00","dateModified":"2022-12-06T14:31:34+00:00","description":"Damit Sie sich keine Sorgen machen m\u00fcssen, haben wir ein Hygiene- und Sicherheitsprotokoll eingef\u00fchrt, das unter anderem Folgendes vorsieht: \u2022 Bel\u00fcftung der R\u00e4ume \u2022 Reinigung der Oberfl\u00e4ch \u2022 Vollst\u00e4ndige Desinfektion \u2022 Soziale Distanzierung \u2022 Verwendung von Masken gem\u00e4\u00df den Vorschriften .","breadcrumb":{"@id":"https:\/\/www.versoverde.it\/de\/hotel\/wir-kuemmern-uns-um-sie\/#breadcrumb"},"inLanguage":"de-DE","potentialAction":[{"@type":"ReadAction","target":["https:\/\/www.versoverde.it\/de\/hotel\/wir-kuemmern-uns-um-sie\/"]}]},{"@type":"BreadcrumbList","@id":"https:\/\/www.versoverde.it\/de\/hotel\/wir-kuemmern-uns-um-sie\/#breadcrumb","itemListElement":[{"@type":"ListItem","position":1,"name":"Home","item":"https:\/\/www.versoverde.it\/de\/"},{"@type":"ListItem","position":2,"name":"Hotel","item":"https:\/\/www.versoverde.it\/de\/hotel\/"},{"@type":"ListItem","position":3,"name":"Wir k\u00fcmmern uns um Sie"}]},{"@type":"WebSite","@id":"https:\/\/www.versoverde.it\/de\/#website","url":"https:\/\/www.versoverde.it\/de\/","name":"Verso Verde Milano","description":"Ecco un altro sito ms.decms.eu","potentialAction":[{"@type":"SearchAction","target":{"@type":"EntryPoint","urlTemplate":"https:\/\/www.versoverde.it\/de\/?s={search_term_string}"},"query-input":{"@type":"PropertyValueSpecification","valueRequired":true,"valueName":"search_term_string"}}],"inLanguage":"de-DE"}]}},"acf":[],"_links":{"self":[{"href":"https:\/\/www.versoverde.it\/de\/wp-json\/wp\/v2\/pages\/566","targetHints":{"allow":["GET"]}}],"collection":[{"href":"https:\/\/www.versoverde.it\/de\/wp-json\/wp\/v2\/pages"}],"about":[{"href":"https:\/\/www.versoverde.it\/de\/wp-json\/wp\/v2\/types\/page"}],"author":[{"embeddable":true,"href":"https:\/\/www.versoverde.it\/de\/wp-json\/wp\/v2\/users\/13"}],"replies":[{"embeddable":true,"href":"https:\/\/www.versoverde.it\/de\/wp-json\/wp\/v2\/comments?post=566"}],"version-history":[{"count":0,"href":"https:\/\/www.versoverde.it\/de\/wp-json\/wp\/v2\/pages\/566\/revisions"}],"up":[{"embeddable":true,"href":"https:\/\/www.versoverde.it\/de\/wp-json\/wp\/v2\/pages\/556"}],"wp:attachment":[{"href":"https:\/\/www.versoverde.it\/de\/wp-json\/wp\/v2\/media?parent=566"}],"curies":[{"name":"wp","href":"https:\/\/api.w.org\/{rel}","templated":true}]}}