{"id":568,"date":"2022-04-27T15:15:34","date_gmt":"2022-04-27T13:15:34","guid":{"rendered":"https:\/\/www.versoverde.it\/?page_id=568"},"modified":"2022-12-06T12:18:28","modified_gmt":"2022-12-06T11:18:28","slug":"zimmer","status":"publish","type":"page","link":"https:\/\/www.versoverde.it\/de\/zimmer\/","title":{"rendered":"Zimmer"},"content":{"rendered":"<p style=\"text-align: center\">Bei VersoVerde k\u00f6nnen Sie in einer komplett renovierten ehemaligen Fabrik wohnen, die sich durch gro\u00dfe Fenster, innovative Materialien und eine st\u00f6rende Natur auszeichnet<\/p>\n<p style=\"text-align: center\">oder im historischen Geh\u00f6ft San Cristoforo, das gegen\u00fcber dem Naviglio Grande liegt und die ganze Geschichte des alten Mailand verk\u00f6rpert.<\/p>\n","protected":false},"excerpt":{"rendered":"<p>Bei VersoVerde k\u00f6nnen Sie in einer komplett renovierten ehemaligen Fabrik wohnen, die sich durch gro\u00dfe Fenster, innovative Materialien und eine st\u00f6rende Natur auszeichnet oder im historischen Geh\u00f6ft San Cristoforo, das gegen\u00fcber dem Naviglio Grande liegt und die ganze Geschichte des alten Mailand verk\u00f6rpert.<\/p>\n","protected":false},"author":13,"featured_media":0,"parent":0,"menu_order":30,"comment_status":"closed","ping_status":"closed","template":"","meta":{"footnotes":""},"class_list":["post-568","page","type-page","status-publish","hentry"],"yoast_head":"<!-- This site is optimized with the Yoast SEO plugin v26.9 - https:\/\/yoast.com\/product\/yoast-seo-wordpress\/ -->\n<title>Zimmer &#8226; Verso Verde Milano &#8226;<\/title>\n<meta name=\"description\" content=\"Bei VersoVerde k\u00f6nnen Sie in einer komplett renovierten ehemaligen Fabrik wohnen, die sich durch gro\u00dfe Fenster, innovative Materialien und eine st\u00f6rende Natur auszeichnet oder im historischen Geh\u00f6ft San Cristoforo, das gegen\u00fcber dem Naviglio Grande liegt und die ganze Geschichte des alten Mailand verk\u00f6rpert..\" \/>\n<meta name=\"robots\" content=\"index, follow, max-snippet:-1, max-image-preview:large, max-video-preview:-1\" \/>\n<link rel=\"canonical\" href=\"https:\/\/www.versoverde.it\/de\/zimmer\/\" \/>\n<meta property=\"og:locale\" content=\"de_DE\" \/>\n<meta property=\"og:type\" content=\"article\" \/>\n<meta property=\"og:title\" content=\"Zimmer &#8226; Verso Verde Milano &#8226;\" \/>\n<meta property=\"og:description\" content=\"Bei VersoVerde k\u00f6nnen Sie in einer komplett renovierten ehemaligen Fabrik wohnen, die sich durch gro\u00dfe Fenster, innovative Materialien und eine st\u00f6rende Natur auszeichnet oder im historischen Geh\u00f6ft San Cristoforo, das gegen\u00fcber dem Naviglio Grande liegt und die ganze Geschichte des alten Mailand verk\u00f6rpert..\" \/>\n<meta property=\"og:url\" content=\"https:\/\/www.versoverde.it\/de\/zimmer\/\" \/>\n<meta property=\"og:site_name\" content=\"Verso Verde Milano\" \/>\n<meta property=\"article:modified_time\" content=\"2022-12-06T11:18:28+00:00\" \/>\n<meta name=\"twitter:card\" content=\"summary_large_image\" \/>\n<script type=\"application\/ld+json\" class=\"yoast-schema-graph\">{\"@context\":\"https:\/\/schema.org\",\"@graph\":[{\"@type\":\"WebPage\",\"@id\":\"https:\/\/www.versoverde.it\/de\/zimmer\/\",\"url\":\"https:\/\/www.versoverde.it\/de\/zimmer\/\",\"name\":\"Zimmer &#8226; Verso Verde Milano &#8226;\",\"isPartOf\":{\"@id\":\"https:\/\/www.versoverde.it\/de\/#website\"},\"datePublished\":\"2022-04-27T13:15:34+00:00\",\"dateModified\":\"2022-12-06T11:18:28+00:00\",\"description\":\"Bei VersoVerde k\u00f6nnen Sie in einer komplett renovierten ehemaligen Fabrik wohnen, die sich durch gro\u00dfe Fenster, innovative Materialien und eine st\u00f6rende Natur auszeichnet oder im historischen Geh\u00f6ft San Cristoforo, das gegen\u00fcber dem Naviglio Grande liegt und die ganze Geschichte des alten Mailand verk\u00f6rpert. .\",\"breadcrumb\":{\"@id\":\"https:\/\/www.versoverde.it\/de\/zimmer\/#breadcrumb\"},\"inLanguage\":\"de-DE\",\"potentialAction\":[{\"@type\":\"ReadAction\",\"target\":[\"https:\/\/www.versoverde.it\/de\/zimmer\/\"]}]},{\"@type\":\"BreadcrumbList\",\"@id\":\"https:\/\/www.versoverde.it\/de\/zimmer\/#breadcrumb\",\"itemListElement\":[{\"@type\":\"ListItem\",\"position\":1,\"name\":\"Home\",\"item\":\"https:\/\/www.versoverde.it\/de\/\"},{\"@type\":\"ListItem\",\"position\":2,\"name\":\"Zimmer\"}]},{\"@type\":\"WebSite\",\"@id\":\"https:\/\/www.versoverde.it\/de\/#website\",\"url\":\"https:\/\/www.versoverde.it\/de\/\",\"name\":\"Verso Verde Milano\",\"description\":\"Ecco un altro sito ms.decms.eu\",\"potentialAction\":[{\"@type\":\"SearchAction\",\"target\":{\"@type\":\"EntryPoint\",\"urlTemplate\":\"https:\/\/www.versoverde.it\/de\/?s={search_term_string}\"},\"query-input\":{\"@type\":\"PropertyValueSpecification\",\"valueRequired\":true,\"valueName\":\"search_term_string\"}}],\"inLanguage\":\"de-DE\"}]}<\/script>\n<!-- \/ Yoast SEO plugin. -->","yoast_head_json":{"title":"Zimmer &#8226; Verso Verde Milano &#8226;","description":"Bei VersoVerde k\u00f6nnen Sie in einer komplett renovierten ehemaligen Fabrik wohnen, die sich durch gro\u00dfe Fenster, innovative Materialien und eine st\u00f6rende Natur auszeichnet oder im historischen Geh\u00f6ft San Cristoforo, das gegen\u00fcber dem Naviglio Grande liegt und die ganze Geschichte des alten Mailand verk\u00f6rpert..","robots":{"index":"index","follow":"follow","max-snippet":"max-snippet:-1","max-image-preview":"max-image-preview:large","max-video-preview":"max-video-preview:-1"},"canonical":"https:\/\/www.versoverde.it\/de\/zimmer\/","og_locale":"de_DE","og_type":"article","og_title":"Zimmer &#8226; Verso Verde Milano &#8226;","og_description":"Bei VersoVerde k\u00f6nnen Sie in einer komplett renovierten ehemaligen Fabrik wohnen, die sich durch gro\u00dfe Fenster, innovative Materialien und eine st\u00f6rende Natur auszeichnet oder im historischen Geh\u00f6ft San Cristoforo, das gegen\u00fcber dem Naviglio Grande liegt und die ganze Geschichte des alten Mailand verk\u00f6rpert..","og_url":"https:\/\/www.versoverde.it\/de\/zimmer\/","og_site_name":"Verso Verde Milano","article_modified_time":"2022-12-06T11:18:28+00:00","twitter_card":"summary_large_image","schema":{"@context":"https:\/\/schema.org","@graph":[{"@type":"WebPage","@id":"https:\/\/www.versoverde.it\/de\/zimmer\/","url":"https:\/\/www.versoverde.it\/de\/zimmer\/","name":"Zimmer &#8226; Verso Verde Milano &#8226;","isPartOf":{"@id":"https:\/\/www.versoverde.it\/de\/#website"},"datePublished":"2022-04-27T13:15:34+00:00","dateModified":"2022-12-06T11:18:28+00:00","description":"Bei VersoVerde k\u00f6nnen Sie in einer komplett renovierten ehemaligen Fabrik wohnen, die sich durch gro\u00dfe Fenster, innovative Materialien und eine st\u00f6rende Natur auszeichnet oder im historischen Geh\u00f6ft San Cristoforo, das gegen\u00fcber dem Naviglio Grande liegt und die ganze Geschichte des alten Mailand verk\u00f6rpert. .","breadcrumb":{"@id":"https:\/\/www.versoverde.it\/de\/zimmer\/#breadcrumb"},"inLanguage":"de-DE","potentialAction":[{"@type":"ReadAction","target":["https:\/\/www.versoverde.it\/de\/zimmer\/"]}]},{"@type":"BreadcrumbList","@id":"https:\/\/www.versoverde.it\/de\/zimmer\/#breadcrumb","itemListElement":[{"@type":"ListItem","position":1,"name":"Home","item":"https:\/\/www.versoverde.it\/de\/"},{"@type":"ListItem","position":2,"name":"Zimmer"}]},{"@type":"WebSite","@id":"https:\/\/www.versoverde.it\/de\/#website","url":"https:\/\/www.versoverde.it\/de\/","name":"Verso Verde Milano","description":"Ecco un altro sito ms.decms.eu","potentialAction":[{"@type":"SearchAction","target":{"@type":"EntryPoint","urlTemplate":"https:\/\/www.versoverde.it\/de\/?s={search_term_string}"},"query-input":{"@type":"PropertyValueSpecification","valueRequired":true,"valueName":"search_term_string"}}],"inLanguage":"de-DE"}]}},"acf":[],"_links":{"self":[{"href":"https:\/\/www.versoverde.it\/de\/wp-json\/wp\/v2\/pages\/568","targetHints":{"allow":["GET"]}}],"collection":[{"href":"https:\/\/www.versoverde.it\/de\/wp-json\/wp\/v2\/pages"}],"about":[{"href":"https:\/\/www.versoverde.it\/de\/wp-json\/wp\/v2\/types\/page"}],"author":[{"embeddable":true,"href":"https:\/\/www.versoverde.it\/de\/wp-json\/wp\/v2\/users\/13"}],"replies":[{"embeddable":true,"href":"https:\/\/www.versoverde.it\/de\/wp-json\/wp\/v2\/comments?post=568"}],"version-history":[{"count":0,"href":"https:\/\/www.versoverde.it\/de\/wp-json\/wp\/v2\/pages\/568\/revisions"}],"wp:attachment":[{"href":"https:\/\/www.versoverde.it\/de\/wp-json\/wp\/v2\/media?parent=568"}],"curies":[{"name":"wp","href":"https:\/\/api.w.org\/{rel}","templated":true}]}}