{"id":586,"date":"2022-04-27T16:10:06","date_gmt":"2022-04-27T14:10:06","guid":{"rendered":"https:\/\/www.versoverde.it\/?page_id=586"},"modified":"2022-12-06T12:26:08","modified_gmt":"2022-12-06T11:26:08","slug":"superior-zimmer","status":"publish","type":"page","link":"https:\/\/www.versoverde.it\/de\/zimmer\/hotel\/superior-zimmer\/","title":{"rendered":"Superior Zimmer"},"content":{"rendered":"<p style=\"text-align: center\">Das Doppelzimmer befindet sich im ersten Stock.<\/p>\n<p style=\"text-align: center\">Bequemes Kingsize-Bett (180 cm) mit Topper und Doppelkissen.<\/p>\n<p style=\"text-align: center\">M\u00f6glichkeit von Einzelbetten.<\/p>\n<p style=\"text-align: center\">Smart TV mit Chromecast-System, mit dem Sie auf Ihren Fernseher projizieren k\u00f6nnen<\/p>\n<p style=\"text-align: center\">Streaming-Inhalte, die im Internet verf\u00fcgbar sind.<\/p>\n<p style=\"text-align: center\">Schreibtischbereich, Minibar, Safe, Telefon.<\/p>\n<p style=\"text-align: center\">Privates Badezimmer mit Dusche, Haartrockner, Handt\u00fcchern und Toilettenartikeln.<\/p>\n<p style=\"text-align: center\">Gro\u00dfes Fenster mit Blick auf den Garten.<\/p>\n","protected":false},"excerpt":{"rendered":"<p>Das Doppelzimmer befindet sich im ersten Stock. Bequemes Kingsize-Bett (180 cm) mit Topper und Doppelkissen. M\u00f6glichkeit von Einzelbetten. Smart TV mit Chromecast-System, mit dem Sie auf Ihren Fernseher projizieren k\u00f6nnen Streaming-Inhalte, die im Internet verf\u00fcgbar sind. Schreibtischbereich, Minibar, Safe, Telefon. Privates Badezimmer mit Dusche, Haartrockner, Handt\u00fcchern und Toilettenartikeln. Gro\u00dfes Fenster mit Blick auf den Garten.<\/p>\n","protected":false},"author":13,"featured_media":0,"parent":573,"menu_order":30,"comment_status":"closed","ping_status":"closed","template":"template-single-room.php","meta":{"footnotes":""},"class_list":["post-586","page","type-page","status-publish","hentry"],"yoast_head":"<!-- This site is optimized with the Yoast SEO plugin v26.9 - https:\/\/yoast.com\/product\/yoast-seo-wordpress\/ -->\n<title>Superior Zimmer &#8226; Verso Verde Milano &#8226;<\/title>\n<meta name=\"description\" content=\"Das Doppelzimmer befindet sich im ersten Stock. Bequemes Kingsize-Bett (180 cm) mit Topper und Doppelkissen. M\u00f6glichkeit von Einzelbetten. Smart TV mit Chromecast-System, mit dem Sie auf Ihren Fernseher projizieren k\u00f6nnen Streaming-Inhalte, die im Internet verf\u00fcgbar sind. Schreibtischbereich, Minibar, Safe, Telefon. Privates Badezimmer mit Dusche, Haartrockner, Handt\u00fcchern und Toilettenartikeln. Gro\u00dfes Fenster mit Blick auf den Garten..\" \/>\n<meta name=\"robots\" content=\"index, follow, max-snippet:-1, max-image-preview:large, max-video-preview:-1\" \/>\n<link rel=\"canonical\" href=\"https:\/\/www.versoverde.it\/de\/zimmer\/hotel\/superior-zimmer\/\" \/>\n<meta property=\"og:locale\" content=\"de_DE\" \/>\n<meta property=\"og:type\" content=\"article\" \/>\n<meta property=\"og:title\" content=\"Superior Zimmer &#8226; Verso Verde Milano &#8226;\" \/>\n<meta property=\"og:description\" content=\"Das Doppelzimmer befindet sich im ersten Stock. Bequemes Kingsize-Bett (180 cm) mit Topper und Doppelkissen. M\u00f6glichkeit von Einzelbetten. Smart TV mit Chromecast-System, mit dem Sie auf Ihren Fernseher projizieren k\u00f6nnen Streaming-Inhalte, die im Internet verf\u00fcgbar sind. Schreibtischbereich, Minibar, Safe, Telefon. Privates Badezimmer mit Dusche, Haartrockner, Handt\u00fcchern und Toilettenartikeln. Gro\u00dfes Fenster mit Blick auf den Garten..\" \/>\n<meta property=\"og:url\" content=\"https:\/\/www.versoverde.it\/de\/zimmer\/hotel\/superior-zimmer\/\" \/>\n<meta property=\"og:site_name\" content=\"Verso Verde Milano\" \/>\n<meta property=\"article:modified_time\" content=\"2022-12-06T11:26:08+00:00\" \/>\n<meta name=\"twitter:card\" content=\"summary_large_image\" \/>\n<script type=\"application\/ld+json\" class=\"yoast-schema-graph\">{\"@context\":\"https:\/\/schema.org\",\"@graph\":[{\"@type\":\"WebPage\",\"@id\":\"https:\/\/www.versoverde.it\/de\/zimmer\/hotel\/superior-zimmer\/\",\"url\":\"https:\/\/www.versoverde.it\/de\/zimmer\/hotel\/superior-zimmer\/\",\"name\":\"Superior Zimmer &#8226; Verso Verde Milano &#8226;\",\"isPartOf\":{\"@id\":\"https:\/\/www.versoverde.it\/de\/#website\"},\"datePublished\":\"2022-04-27T14:10:06+00:00\",\"dateModified\":\"2022-12-06T11:26:08+00:00\",\"description\":\"Das Doppelzimmer befindet sich im ersten Stock. Bequemes Kingsize-Bett (180 cm) mit Topper und Doppelkissen. M\u00f6glichkeit von Einzelbetten. Smart TV mit Chromecast-System, mit dem Sie auf Ihren Fernseher projizieren k\u00f6nnen Streaming-Inhalte, die im Internet verf\u00fcgbar sind. Schreibtischbereich, Minibar, Safe, Telefon. Privates Badezimmer mit Dusche, Haartrockner, Handt\u00fcchern und Toilettenartikeln. Gro\u00dfes Fenster mit Blick auf den Garten. .\",\"breadcrumb\":{\"@id\":\"https:\/\/www.versoverde.it\/de\/zimmer\/hotel\/superior-zimmer\/#breadcrumb\"},\"inLanguage\":\"de-DE\",\"potentialAction\":[{\"@type\":\"ReadAction\",\"target\":[\"https:\/\/www.versoverde.it\/de\/zimmer\/hotel\/superior-zimmer\/\"]}]},{\"@type\":\"BreadcrumbList\",\"@id\":\"https:\/\/www.versoverde.it\/de\/zimmer\/hotel\/superior-zimmer\/#breadcrumb\",\"itemListElement\":[{\"@type\":\"ListItem\",\"position\":1,\"name\":\"Home\",\"item\":\"https:\/\/www.versoverde.it\/de\/\"},{\"@type\":\"ListItem\",\"position\":2,\"name\":\"Zimmer\",\"item\":\"https:\/\/www.versoverde.it\/de\/zimmer\/\"},{\"@type\":\"ListItem\",\"position\":3,\"name\":\"Hotel\",\"item\":\"https:\/\/www.versoverde.it\/de\/zimmer\/hotel\/\"},{\"@type\":\"ListItem\",\"position\":4,\"name\":\"Superior Zimmer\"}]},{\"@type\":\"WebSite\",\"@id\":\"https:\/\/www.versoverde.it\/de\/#website\",\"url\":\"https:\/\/www.versoverde.it\/de\/\",\"name\":\"Verso Verde Milano\",\"description\":\"Ecco un altro sito ms.decms.eu\",\"potentialAction\":[{\"@type\":\"SearchAction\",\"target\":{\"@type\":\"EntryPoint\",\"urlTemplate\":\"https:\/\/www.versoverde.it\/de\/?s={search_term_string}\"},\"query-input\":{\"@type\":\"PropertyValueSpecification\",\"valueRequired\":true,\"valueName\":\"search_term_string\"}}],\"inLanguage\":\"de-DE\"}]}<\/script>\n<!-- \/ Yoast SEO plugin. -->","yoast_head_json":{"title":"Superior Zimmer &#8226; Verso Verde Milano &#8226;","description":"Das Doppelzimmer befindet sich im ersten Stock. Bequemes Kingsize-Bett (180 cm) mit Topper und Doppelkissen. M\u00f6glichkeit von Einzelbetten. Smart TV mit Chromecast-System, mit dem Sie auf Ihren Fernseher projizieren k\u00f6nnen Streaming-Inhalte, die im Internet verf\u00fcgbar sind. Schreibtischbereich, Minibar, Safe, Telefon. Privates Badezimmer mit Dusche, Haartrockner, Handt\u00fcchern und Toilettenartikeln. Gro\u00dfes Fenster mit Blick auf den Garten..","robots":{"index":"index","follow":"follow","max-snippet":"max-snippet:-1","max-image-preview":"max-image-preview:large","max-video-preview":"max-video-preview:-1"},"canonical":"https:\/\/www.versoverde.it\/de\/zimmer\/hotel\/superior-zimmer\/","og_locale":"de_DE","og_type":"article","og_title":"Superior Zimmer &#8226; Verso Verde Milano &#8226;","og_description":"Das Doppelzimmer befindet sich im ersten Stock. Bequemes Kingsize-Bett (180 cm) mit Topper und Doppelkissen. M\u00f6glichkeit von Einzelbetten. Smart TV mit Chromecast-System, mit dem Sie auf Ihren Fernseher projizieren k\u00f6nnen Streaming-Inhalte, die im Internet verf\u00fcgbar sind. Schreibtischbereich, Minibar, Safe, Telefon. Privates Badezimmer mit Dusche, Haartrockner, Handt\u00fcchern und Toilettenartikeln. Gro\u00dfes Fenster mit Blick auf den Garten..","og_url":"https:\/\/www.versoverde.it\/de\/zimmer\/hotel\/superior-zimmer\/","og_site_name":"Verso Verde Milano","article_modified_time":"2022-12-06T11:26:08+00:00","twitter_card":"summary_large_image","schema":{"@context":"https:\/\/schema.org","@graph":[{"@type":"WebPage","@id":"https:\/\/www.versoverde.it\/de\/zimmer\/hotel\/superior-zimmer\/","url":"https:\/\/www.versoverde.it\/de\/zimmer\/hotel\/superior-zimmer\/","name":"Superior Zimmer &#8226; Verso Verde Milano &#8226;","isPartOf":{"@id":"https:\/\/www.versoverde.it\/de\/#website"},"datePublished":"2022-04-27T14:10:06+00:00","dateModified":"2022-12-06T11:26:08+00:00","description":"Das Doppelzimmer befindet sich im ersten Stock. Bequemes Kingsize-Bett (180 cm) mit Topper und Doppelkissen. M\u00f6glichkeit von Einzelbetten. Smart TV mit Chromecast-System, mit dem Sie auf Ihren Fernseher projizieren k\u00f6nnen Streaming-Inhalte, die im Internet verf\u00fcgbar sind. Schreibtischbereich, Minibar, Safe, Telefon. Privates Badezimmer mit Dusche, Haartrockner, Handt\u00fcchern und Toilettenartikeln. Gro\u00dfes Fenster mit Blick auf den Garten. .","breadcrumb":{"@id":"https:\/\/www.versoverde.it\/de\/zimmer\/hotel\/superior-zimmer\/#breadcrumb"},"inLanguage":"de-DE","potentialAction":[{"@type":"ReadAction","target":["https:\/\/www.versoverde.it\/de\/zimmer\/hotel\/superior-zimmer\/"]}]},{"@type":"BreadcrumbList","@id":"https:\/\/www.versoverde.it\/de\/zimmer\/hotel\/superior-zimmer\/#breadcrumb","itemListElement":[{"@type":"ListItem","position":1,"name":"Home","item":"https:\/\/www.versoverde.it\/de\/"},{"@type":"ListItem","position":2,"name":"Zimmer","item":"https:\/\/www.versoverde.it\/de\/zimmer\/"},{"@type":"ListItem","position":3,"name":"Hotel","item":"https:\/\/www.versoverde.it\/de\/zimmer\/hotel\/"},{"@type":"ListItem","position":4,"name":"Superior Zimmer"}]},{"@type":"WebSite","@id":"https:\/\/www.versoverde.it\/de\/#website","url":"https:\/\/www.versoverde.it\/de\/","name":"Verso Verde Milano","description":"Ecco un altro sito ms.decms.eu","potentialAction":[{"@type":"SearchAction","target":{"@type":"EntryPoint","urlTemplate":"https:\/\/www.versoverde.it\/de\/?s={search_term_string}"},"query-input":{"@type":"PropertyValueSpecification","valueRequired":true,"valueName":"search_term_string"}}],"inLanguage":"de-DE"}]}},"acf":[],"_links":{"self":[{"href":"https:\/\/www.versoverde.it\/de\/wp-json\/wp\/v2\/pages\/586","targetHints":{"allow":["GET"]}}],"collection":[{"href":"https:\/\/www.versoverde.it\/de\/wp-json\/wp\/v2\/pages"}],"about":[{"href":"https:\/\/www.versoverde.it\/de\/wp-json\/wp\/v2\/types\/page"}],"author":[{"embeddable":true,"href":"https:\/\/www.versoverde.it\/de\/wp-json\/wp\/v2\/users\/13"}],"replies":[{"embeddable":true,"href":"https:\/\/www.versoverde.it\/de\/wp-json\/wp\/v2\/comments?post=586"}],"version-history":[{"count":0,"href":"https:\/\/www.versoverde.it\/de\/wp-json\/wp\/v2\/pages\/586\/revisions"}],"up":[{"embeddable":true,"href":"https:\/\/www.versoverde.it\/de\/wp-json\/wp\/v2\/pages\/573"}],"wp:attachment":[{"href":"https:\/\/www.versoverde.it\/de\/wp-json\/wp\/v2\/media?parent=586"}],"curies":[{"name":"wp","href":"https:\/\/api.w.org\/{rel}","templated":true}]}}