{"id":587,"date":"2022-04-27T16:11:35","date_gmt":"2022-04-27T14:11:35","guid":{"rendered":"https:\/\/www.versoverde.it\/?page_id=587"},"modified":"2022-12-06T12:29:29","modified_gmt":"2022-12-06T11:29:29","slug":"deluxe-zimmer-mit-badewanne","status":"publish","type":"page","link":"https:\/\/www.versoverde.it\/de\/zimmer\/hotel\/deluxe-zimmer-mit-badewanne\/","title":{"rendered":"Deluxe-Zimmer mit Badewanne"},"content":{"rendered":"<p style=\"text-align: center\">Ger\u00e4umiges Zimmer mit Kingsize-Bett (180 cm), ausgestattet mit Topper und Doppelkopfkissen.<\/p>\n<p style=\"text-align: center\">Smart TV mit Chromecast-System, mit dem Sie auf Ihren Fernseher projizieren k\u00f6nnen<\/p>\n<p style=\"text-align: center\">Inhalte, die als Streaming im Internet verf\u00fcgbar sind.<\/p>\n<p style=\"text-align: center\">Schreibtisch und Kosmetikbereich, Minibar, Safe, Telefon.<\/p>\n<p style=\"text-align: center\">Privates Badezimmer mit zentraler Badewanne und emotionaler Dusche, Haartrockner, Handt\u00fcchern und Toilettenartikeln.<\/p>\n<p style=\"text-align: center\">Gro\u00dfes Fenster mit Blick auf den Innenhof der Betulle.<\/p>\n<p style=\"text-align: center\">Es besteht die M\u00f6glichkeit, ein Superior-Doppelzimmer anzuschlie\u00dfen.<\/p>\n","protected":false},"excerpt":{"rendered":"<p>Ger\u00e4umiges Zimmer mit Kingsize-Bett (180 cm), ausgestattet mit Topper und Doppelkopfkissen. Smart TV mit Chromecast-System, mit dem Sie auf Ihren Fernseher projizieren k\u00f6nnen Inhalte, die als Streaming im Internet verf\u00fcgbar sind. Schreibtisch und Kosmetikbereich, Minibar, Safe, Telefon. Privates Badezimmer mit zentraler Badewanne und emotionaler Dusche, Haartrockner, Handt\u00fcchern und Toilettenartikeln. Gro\u00dfes Fenster mit Blick auf den [&hellip;]<\/p>\n","protected":false},"author":13,"featured_media":0,"parent":573,"menu_order":50,"comment_status":"closed","ping_status":"closed","template":"template-single-room.php","meta":{"footnotes":""},"class_list":["post-587","page","type-page","status-publish","hentry"],"yoast_head":"<!-- This site is optimized with the Yoast SEO plugin v26.9 - https:\/\/yoast.com\/product\/yoast-seo-wordpress\/ -->\n<title>Deluxe-Zimmer mit Badewanne &#8226; Verso Verde Milano &#8226;<\/title>\n<meta name=\"description\" content=\"Ger\u00e4umiges Zimmer mit Kingsize-Bett (180 cm), ausgestattet mit Topper und Doppelkopfkissen. Smart TV mit Chromecast-System, mit dem Sie auf Ihren Fernseher projizieren k\u00f6nnen Inhalte, die als Streaming im Internet verf\u00fcgbar sind. Schreibtisch und Kosmetikbereich, Minibar, Safe, Telefon. Privates Badezimmer mit zentraler Badewanne und emotionaler Dusche, Haartrockner, Handt\u00fcchern und Toilettenartikeln. Gro\u00dfes Fenster mit Blick auf den Innenhof der Betulle. Es besteht die M\u00f6glichkeit, ein Superior-Doppelzimmer anzuschlie\u00dfen..\" \/>\n<meta name=\"robots\" content=\"index, follow, max-snippet:-1, max-image-preview:large, max-video-preview:-1\" \/>\n<link rel=\"canonical\" href=\"https:\/\/www.versoverde.it\/de\/zimmer\/hotel\/deluxe-zimmer-mit-badewanne\/\" \/>\n<meta property=\"og:locale\" content=\"de_DE\" \/>\n<meta property=\"og:type\" content=\"article\" \/>\n<meta property=\"og:title\" content=\"Deluxe-Zimmer mit Badewanne &#8226; Verso Verde Milano &#8226;\" \/>\n<meta property=\"og:description\" content=\"Ger\u00e4umiges Zimmer mit Kingsize-Bett (180 cm), ausgestattet mit Topper und Doppelkopfkissen. Smart TV mit Chromecast-System, mit dem Sie auf Ihren Fernseher projizieren k\u00f6nnen Inhalte, die als Streaming im Internet verf\u00fcgbar sind. Schreibtisch und Kosmetikbereich, Minibar, Safe, Telefon. Privates Badezimmer mit zentraler Badewanne und emotionaler Dusche, Haartrockner, Handt\u00fcchern und Toilettenartikeln. Gro\u00dfes Fenster mit Blick auf den Innenhof der Betulle. Es besteht die M\u00f6glichkeit, ein Superior-Doppelzimmer anzuschlie\u00dfen..\" \/>\n<meta property=\"og:url\" content=\"https:\/\/www.versoverde.it\/de\/zimmer\/hotel\/deluxe-zimmer-mit-badewanne\/\" \/>\n<meta property=\"og:site_name\" content=\"Verso Verde Milano\" \/>\n<meta property=\"article:modified_time\" content=\"2022-12-06T11:29:29+00:00\" \/>\n<meta name=\"twitter:card\" content=\"summary_large_image\" \/>\n<script type=\"application\/ld+json\" class=\"yoast-schema-graph\">{\"@context\":\"https:\/\/schema.org\",\"@graph\":[{\"@type\":\"WebPage\",\"@id\":\"https:\/\/www.versoverde.it\/de\/zimmer\/hotel\/deluxe-zimmer-mit-badewanne\/\",\"url\":\"https:\/\/www.versoverde.it\/de\/zimmer\/hotel\/deluxe-zimmer-mit-badewanne\/\",\"name\":\"Deluxe-Zimmer mit Badewanne &#8226; Verso Verde Milano &#8226;\",\"isPartOf\":{\"@id\":\"https:\/\/www.versoverde.it\/de\/#website\"},\"datePublished\":\"2022-04-27T14:11:35+00:00\",\"dateModified\":\"2022-12-06T11:29:29+00:00\",\"description\":\"Ger\u00e4umiges Zimmer mit Kingsize-Bett (180 cm), ausgestattet mit Topper und Doppelkopfkissen. Smart TV mit Chromecast-System, mit dem Sie auf Ihren Fernseher projizieren k\u00f6nnen Inhalte, die als Streaming im Internet verf\u00fcgbar sind. Schreibtisch und Kosmetikbereich, Minibar, Safe, Telefon. Privates Badezimmer mit zentraler Badewanne und emotionaler Dusche, Haartrockner, Handt\u00fcchern und Toilettenartikeln. Gro\u00dfes Fenster mit Blick auf den Innenhof der Betulle. Es besteht die M\u00f6glichkeit, ein Superior-Doppelzimmer anzuschlie\u00dfen. .\",\"breadcrumb\":{\"@id\":\"https:\/\/www.versoverde.it\/de\/zimmer\/hotel\/deluxe-zimmer-mit-badewanne\/#breadcrumb\"},\"inLanguage\":\"de-DE\",\"potentialAction\":[{\"@type\":\"ReadAction\",\"target\":[\"https:\/\/www.versoverde.it\/de\/zimmer\/hotel\/deluxe-zimmer-mit-badewanne\/\"]}]},{\"@type\":\"BreadcrumbList\",\"@id\":\"https:\/\/www.versoverde.it\/de\/zimmer\/hotel\/deluxe-zimmer-mit-badewanne\/#breadcrumb\",\"itemListElement\":[{\"@type\":\"ListItem\",\"position\":1,\"name\":\"Home\",\"item\":\"https:\/\/www.versoverde.it\/de\/\"},{\"@type\":\"ListItem\",\"position\":2,\"name\":\"Zimmer\",\"item\":\"https:\/\/www.versoverde.it\/de\/zimmer\/\"},{\"@type\":\"ListItem\",\"position\":3,\"name\":\"Hotel\",\"item\":\"https:\/\/www.versoverde.it\/de\/zimmer\/hotel\/\"},{\"@type\":\"ListItem\",\"position\":4,\"name\":\"Deluxe-Zimmer mit Badewanne\"}]},{\"@type\":\"WebSite\",\"@id\":\"https:\/\/www.versoverde.it\/de\/#website\",\"url\":\"https:\/\/www.versoverde.it\/de\/\",\"name\":\"Verso Verde Milano\",\"description\":\"Ecco un altro sito ms.decms.eu\",\"potentialAction\":[{\"@type\":\"SearchAction\",\"target\":{\"@type\":\"EntryPoint\",\"urlTemplate\":\"https:\/\/www.versoverde.it\/de\/?s={search_term_string}\"},\"query-input\":{\"@type\":\"PropertyValueSpecification\",\"valueRequired\":true,\"valueName\":\"search_term_string\"}}],\"inLanguage\":\"de-DE\"}]}<\/script>\n<!-- \/ Yoast SEO plugin. -->","yoast_head_json":{"title":"Deluxe-Zimmer mit Badewanne &#8226; Verso Verde Milano &#8226;","description":"Ger\u00e4umiges Zimmer mit Kingsize-Bett (180 cm), ausgestattet mit Topper und Doppelkopfkissen. Smart TV mit Chromecast-System, mit dem Sie auf Ihren Fernseher projizieren k\u00f6nnen Inhalte, die als Streaming im Internet verf\u00fcgbar sind. Schreibtisch und Kosmetikbereich, Minibar, Safe, Telefon. Privates Badezimmer mit zentraler Badewanne und emotionaler Dusche, Haartrockner, Handt\u00fcchern und Toilettenartikeln. Gro\u00dfes Fenster mit Blick auf den Innenhof der Betulle. Es besteht die M\u00f6glichkeit, ein Superior-Doppelzimmer anzuschlie\u00dfen..","robots":{"index":"index","follow":"follow","max-snippet":"max-snippet:-1","max-image-preview":"max-image-preview:large","max-video-preview":"max-video-preview:-1"},"canonical":"https:\/\/www.versoverde.it\/de\/zimmer\/hotel\/deluxe-zimmer-mit-badewanne\/","og_locale":"de_DE","og_type":"article","og_title":"Deluxe-Zimmer mit Badewanne &#8226; Verso Verde Milano &#8226;","og_description":"Ger\u00e4umiges Zimmer mit Kingsize-Bett (180 cm), ausgestattet mit Topper und Doppelkopfkissen. Smart TV mit Chromecast-System, mit dem Sie auf Ihren Fernseher projizieren k\u00f6nnen Inhalte, die als Streaming im Internet verf\u00fcgbar sind. Schreibtisch und Kosmetikbereich, Minibar, Safe, Telefon. Privates Badezimmer mit zentraler Badewanne und emotionaler Dusche, Haartrockner, Handt\u00fcchern und Toilettenartikeln. Gro\u00dfes Fenster mit Blick auf den Innenhof der Betulle. Es besteht die M\u00f6glichkeit, ein Superior-Doppelzimmer anzuschlie\u00dfen..","og_url":"https:\/\/www.versoverde.it\/de\/zimmer\/hotel\/deluxe-zimmer-mit-badewanne\/","og_site_name":"Verso Verde Milano","article_modified_time":"2022-12-06T11:29:29+00:00","twitter_card":"summary_large_image","schema":{"@context":"https:\/\/schema.org","@graph":[{"@type":"WebPage","@id":"https:\/\/www.versoverde.it\/de\/zimmer\/hotel\/deluxe-zimmer-mit-badewanne\/","url":"https:\/\/www.versoverde.it\/de\/zimmer\/hotel\/deluxe-zimmer-mit-badewanne\/","name":"Deluxe-Zimmer mit Badewanne &#8226; Verso Verde Milano &#8226;","isPartOf":{"@id":"https:\/\/www.versoverde.it\/de\/#website"},"datePublished":"2022-04-27T14:11:35+00:00","dateModified":"2022-12-06T11:29:29+00:00","description":"Ger\u00e4umiges Zimmer mit Kingsize-Bett (180 cm), ausgestattet mit Topper und Doppelkopfkissen. Smart TV mit Chromecast-System, mit dem Sie auf Ihren Fernseher projizieren k\u00f6nnen Inhalte, die als Streaming im Internet verf\u00fcgbar sind. Schreibtisch und Kosmetikbereich, Minibar, Safe, Telefon. Privates Badezimmer mit zentraler Badewanne und emotionaler Dusche, Haartrockner, Handt\u00fcchern und Toilettenartikeln. Gro\u00dfes Fenster mit Blick auf den Innenhof der Betulle. Es besteht die M\u00f6glichkeit, ein Superior-Doppelzimmer anzuschlie\u00dfen. .","breadcrumb":{"@id":"https:\/\/www.versoverde.it\/de\/zimmer\/hotel\/deluxe-zimmer-mit-badewanne\/#breadcrumb"},"inLanguage":"de-DE","potentialAction":[{"@type":"ReadAction","target":["https:\/\/www.versoverde.it\/de\/zimmer\/hotel\/deluxe-zimmer-mit-badewanne\/"]}]},{"@type":"BreadcrumbList","@id":"https:\/\/www.versoverde.it\/de\/zimmer\/hotel\/deluxe-zimmer-mit-badewanne\/#breadcrumb","itemListElement":[{"@type":"ListItem","position":1,"name":"Home","item":"https:\/\/www.versoverde.it\/de\/"},{"@type":"ListItem","position":2,"name":"Zimmer","item":"https:\/\/www.versoverde.it\/de\/zimmer\/"},{"@type":"ListItem","position":3,"name":"Hotel","item":"https:\/\/www.versoverde.it\/de\/zimmer\/hotel\/"},{"@type":"ListItem","position":4,"name":"Deluxe-Zimmer mit Badewanne"}]},{"@type":"WebSite","@id":"https:\/\/www.versoverde.it\/de\/#website","url":"https:\/\/www.versoverde.it\/de\/","name":"Verso Verde Milano","description":"Ecco un altro sito ms.decms.eu","potentialAction":[{"@type":"SearchAction","target":{"@type":"EntryPoint","urlTemplate":"https:\/\/www.versoverde.it\/de\/?s={search_term_string}"},"query-input":{"@type":"PropertyValueSpecification","valueRequired":true,"valueName":"search_term_string"}}],"inLanguage":"de-DE"}]}},"acf":[],"_links":{"self":[{"href":"https:\/\/www.versoverde.it\/de\/wp-json\/wp\/v2\/pages\/587","targetHints":{"allow":["GET"]}}],"collection":[{"href":"https:\/\/www.versoverde.it\/de\/wp-json\/wp\/v2\/pages"}],"about":[{"href":"https:\/\/www.versoverde.it\/de\/wp-json\/wp\/v2\/types\/page"}],"author":[{"embeddable":true,"href":"https:\/\/www.versoverde.it\/de\/wp-json\/wp\/v2\/users\/13"}],"replies":[{"embeddable":true,"href":"https:\/\/www.versoverde.it\/de\/wp-json\/wp\/v2\/comments?post=587"}],"version-history":[{"count":0,"href":"https:\/\/www.versoverde.it\/de\/wp-json\/wp\/v2\/pages\/587\/revisions"}],"up":[{"embeddable":true,"href":"https:\/\/www.versoverde.it\/de\/wp-json\/wp\/v2\/pages\/573"}],"wp:attachment":[{"href":"https:\/\/www.versoverde.it\/de\/wp-json\/wp\/v2\/media?parent=587"}],"curies":[{"name":"wp","href":"https:\/\/api.w.org\/{rel}","templated":true}]}}