{"id":596,"date":"2022-04-27T16:16:22","date_gmt":"2022-04-27T14:16:22","guid":{"rendered":"https:\/\/www.versoverde.it\/?page_id=596"},"modified":"2026-01-20T11:18:43","modified_gmt":"2026-01-20T10:18:43","slug":"wohnung-lilium","status":"publish","type":"page","link":"https:\/\/www.versoverde.it\/de\/zimmer\/cascina\/wohnung-lilium\/","title":{"rendered":"Wohnung Lilium"},"content":{"rendered":"<p style=\"text-align: center\">Wohnung mit Blick auf den Naviglio Grande in offener Bauweise, bestehend aus einem Schlafzimmer mit Doppelbett (180 cm) und einem Schlafzimmer mit zwei Einzelbetten, Wohnzimmer mit Schlafcouch, K\u00fcche mit Esstisch, Kaffeemaschine, Herd, Backofen, Kochutensilien.<\/p>\n<p style=\"text-align: center\">Ein eigenes Bad mit Dusche, Haartrockner, Handt\u00fcchern und kostenlosen Toilettenartikeln.<\/p>\n<p style=\"text-align: center\">Bis zu vier G\u00e4ste.<\/p>\n","protected":false},"excerpt":{"rendered":"<p>Wohnung mit Blick auf den Naviglio Grande in offener Bauweise, bestehend aus einem Schlafzimmer mit Doppelbett (180 cm) und einem Schlafzimmer mit zwei Einzelbetten, Wohnzimmer mit Schlafcouch, K\u00fcche mit Esstisch, Kaffeemaschine, Herd, Backofen, Kochutensilien. Ein eigenes Bad mit Dusche, Haartrockner, Handt\u00fcchern und kostenlosen Toilettenartikeln. Bis zu vier G\u00e4ste.<\/p>\n","protected":false},"author":13,"featured_media":0,"parent":589,"menu_order":20,"comment_status":"closed","ping_status":"closed","template":"template-single-room.php","meta":{"footnotes":""},"class_list":["post-596","page","type-page","status-publish","hentry"],"yoast_head":"<!-- This site is optimized with the Yoast SEO plugin v26.9 - https:\/\/yoast.com\/product\/yoast-seo-wordpress\/ -->\n<title>Wohnung Lilium &#8226; Verso Verde Milano &#8226;<\/title>\n<meta name=\"description\" content=\"Wohnung mit Blick auf den Naviglio Grande in offener Bauweise, bestehend aus einem Schlafzimmer mit Doppelbett (180 cm) und einem Schlafzimmer mit zwei Einzelbetten, Wohnzimmer mit Schlafcouch, K\u00fcche mit Esstisch, Kaffeemaschine, Herd, Backofen, Kochutensilien. Ein eigenes Bad mit Dusche, Haartrockner, Handt\u00fcchern und kostenlosen Toilettenartikeln. Bis zu vier G\u00e4ste..\" \/>\n<meta name=\"robots\" content=\"index, follow, max-snippet:-1, max-image-preview:large, max-video-preview:-1\" \/>\n<link rel=\"canonical\" href=\"https:\/\/www.versoverde.it\/de\/zimmer\/cascina\/wohnung-lilium\/\" \/>\n<meta property=\"og:locale\" content=\"de_DE\" \/>\n<meta property=\"og:type\" content=\"article\" \/>\n<meta property=\"og:title\" content=\"Wohnung Lilium &#8226; Verso Verde Milano &#8226;\" \/>\n<meta property=\"og:description\" content=\"Wohnung mit Blick auf den Naviglio Grande in offener Bauweise, bestehend aus einem Schlafzimmer mit Doppelbett (180 cm) und einem Schlafzimmer mit zwei Einzelbetten, Wohnzimmer mit Schlafcouch, K\u00fcche mit Esstisch, Kaffeemaschine, Herd, Backofen, Kochutensilien. Ein eigenes Bad mit Dusche, Haartrockner, Handt\u00fcchern und kostenlosen Toilettenartikeln. Bis zu vier G\u00e4ste..\" \/>\n<meta property=\"og:url\" content=\"https:\/\/www.versoverde.it\/de\/zimmer\/cascina\/wohnung-lilium\/\" \/>\n<meta property=\"og:site_name\" content=\"Verso Verde Milano\" \/>\n<meta property=\"article:modified_time\" content=\"2026-01-20T10:18:43+00:00\" \/>\n<meta name=\"twitter:card\" content=\"summary_large_image\" \/>\n<script type=\"application\/ld+json\" class=\"yoast-schema-graph\">{\"@context\":\"https:\/\/schema.org\",\"@graph\":[{\"@type\":\"WebPage\",\"@id\":\"https:\/\/www.versoverde.it\/de\/zimmer\/cascina\/wohnung-lilium\/\",\"url\":\"https:\/\/www.versoverde.it\/de\/zimmer\/cascina\/wohnung-lilium\/\",\"name\":\"Wohnung Lilium &#8226; Verso Verde Milano &#8226;\",\"isPartOf\":{\"@id\":\"https:\/\/www.versoverde.it\/de\/#website\"},\"datePublished\":\"2022-04-27T14:16:22+00:00\",\"dateModified\":\"2026-01-20T10:18:43+00:00\",\"description\":\"Wohnung mit Blick auf den Naviglio Grande in offener Bauweise, bestehend aus einem Schlafzimmer mit Doppelbett (180 cm) und einem Schlafzimmer mit zwei Einzelbetten, Wohnzimmer mit Schlafcouch, K\u00fcche mit Esstisch, Kaffeemaschine, Herd, Backofen, Kochutensilien. Ein eigenes Bad mit Dusche, Haartrockner, Handt\u00fcchern und kostenlosen Toilettenartikeln. Bis zu vier G\u00e4ste. .\",\"breadcrumb\":{\"@id\":\"https:\/\/www.versoverde.it\/de\/zimmer\/cascina\/wohnung-lilium\/#breadcrumb\"},\"inLanguage\":\"de-DE\",\"potentialAction\":[{\"@type\":\"ReadAction\",\"target\":[\"https:\/\/www.versoverde.it\/de\/zimmer\/cascina\/wohnung-lilium\/\"]}]},{\"@type\":\"BreadcrumbList\",\"@id\":\"https:\/\/www.versoverde.it\/de\/zimmer\/cascina\/wohnung-lilium\/#breadcrumb\",\"itemListElement\":[{\"@type\":\"ListItem\",\"position\":1,\"name\":\"Home\",\"item\":\"https:\/\/www.versoverde.it\/de\/\"},{\"@type\":\"ListItem\",\"position\":2,\"name\":\"Zimmer\",\"item\":\"https:\/\/www.versoverde.it\/de\/zimmer\/\"},{\"@type\":\"ListItem\",\"position\":3,\"name\":\"Cascina\",\"item\":\"https:\/\/www.versoverde.it\/de\/zimmer\/cascina\/\"},{\"@type\":\"ListItem\",\"position\":4,\"name\":\"Wohnung Lilium\"}]},{\"@type\":\"WebSite\",\"@id\":\"https:\/\/www.versoverde.it\/de\/#website\",\"url\":\"https:\/\/www.versoverde.it\/de\/\",\"name\":\"Verso Verde Milano\",\"description\":\"Ecco un altro sito ms.decms.eu\",\"potentialAction\":[{\"@type\":\"SearchAction\",\"target\":{\"@type\":\"EntryPoint\",\"urlTemplate\":\"https:\/\/www.versoverde.it\/de\/?s={search_term_string}\"},\"query-input\":{\"@type\":\"PropertyValueSpecification\",\"valueRequired\":true,\"valueName\":\"search_term_string\"}}],\"inLanguage\":\"de-DE\"}]}<\/script>\n<!-- \/ Yoast SEO plugin. -->","yoast_head_json":{"title":"Wohnung Lilium &#8226; Verso Verde Milano &#8226;","description":"Wohnung mit Blick auf den Naviglio Grande in offener Bauweise, bestehend aus einem Schlafzimmer mit Doppelbett (180 cm) und einem Schlafzimmer mit zwei Einzelbetten, Wohnzimmer mit Schlafcouch, K\u00fcche mit Esstisch, Kaffeemaschine, Herd, Backofen, Kochutensilien. Ein eigenes Bad mit Dusche, Haartrockner, Handt\u00fcchern und kostenlosen Toilettenartikeln. Bis zu vier G\u00e4ste..","robots":{"index":"index","follow":"follow","max-snippet":"max-snippet:-1","max-image-preview":"max-image-preview:large","max-video-preview":"max-video-preview:-1"},"canonical":"https:\/\/www.versoverde.it\/de\/zimmer\/cascina\/wohnung-lilium\/","og_locale":"de_DE","og_type":"article","og_title":"Wohnung Lilium &#8226; Verso Verde Milano &#8226;","og_description":"Wohnung mit Blick auf den Naviglio Grande in offener Bauweise, bestehend aus einem Schlafzimmer mit Doppelbett (180 cm) und einem Schlafzimmer mit zwei Einzelbetten, Wohnzimmer mit Schlafcouch, K\u00fcche mit Esstisch, Kaffeemaschine, Herd, Backofen, Kochutensilien. Ein eigenes Bad mit Dusche, Haartrockner, Handt\u00fcchern und kostenlosen Toilettenartikeln. Bis zu vier G\u00e4ste..","og_url":"https:\/\/www.versoverde.it\/de\/zimmer\/cascina\/wohnung-lilium\/","og_site_name":"Verso Verde Milano","article_modified_time":"2026-01-20T10:18:43+00:00","twitter_card":"summary_large_image","schema":{"@context":"https:\/\/schema.org","@graph":[{"@type":"WebPage","@id":"https:\/\/www.versoverde.it\/de\/zimmer\/cascina\/wohnung-lilium\/","url":"https:\/\/www.versoverde.it\/de\/zimmer\/cascina\/wohnung-lilium\/","name":"Wohnung Lilium &#8226; Verso Verde Milano &#8226;","isPartOf":{"@id":"https:\/\/www.versoverde.it\/de\/#website"},"datePublished":"2022-04-27T14:16:22+00:00","dateModified":"2026-01-20T10:18:43+00:00","description":"Wohnung mit Blick auf den Naviglio Grande in offener Bauweise, bestehend aus einem Schlafzimmer mit Doppelbett (180 cm) und einem Schlafzimmer mit zwei Einzelbetten, Wohnzimmer mit Schlafcouch, K\u00fcche mit Esstisch, Kaffeemaschine, Herd, Backofen, Kochutensilien. Ein eigenes Bad mit Dusche, Haartrockner, Handt\u00fcchern und kostenlosen Toilettenartikeln. Bis zu vier G\u00e4ste. .","breadcrumb":{"@id":"https:\/\/www.versoverde.it\/de\/zimmer\/cascina\/wohnung-lilium\/#breadcrumb"},"inLanguage":"de-DE","potentialAction":[{"@type":"ReadAction","target":["https:\/\/www.versoverde.it\/de\/zimmer\/cascina\/wohnung-lilium\/"]}]},{"@type":"BreadcrumbList","@id":"https:\/\/www.versoverde.it\/de\/zimmer\/cascina\/wohnung-lilium\/#breadcrumb","itemListElement":[{"@type":"ListItem","position":1,"name":"Home","item":"https:\/\/www.versoverde.it\/de\/"},{"@type":"ListItem","position":2,"name":"Zimmer","item":"https:\/\/www.versoverde.it\/de\/zimmer\/"},{"@type":"ListItem","position":3,"name":"Cascina","item":"https:\/\/www.versoverde.it\/de\/zimmer\/cascina\/"},{"@type":"ListItem","position":4,"name":"Wohnung Lilium"}]},{"@type":"WebSite","@id":"https:\/\/www.versoverde.it\/de\/#website","url":"https:\/\/www.versoverde.it\/de\/","name":"Verso Verde Milano","description":"Ecco un altro sito ms.decms.eu","potentialAction":[{"@type":"SearchAction","target":{"@type":"EntryPoint","urlTemplate":"https:\/\/www.versoverde.it\/de\/?s={search_term_string}"},"query-input":{"@type":"PropertyValueSpecification","valueRequired":true,"valueName":"search_term_string"}}],"inLanguage":"de-DE"}]}},"acf":[],"_links":{"self":[{"href":"https:\/\/www.versoverde.it\/de\/wp-json\/wp\/v2\/pages\/596","targetHints":{"allow":["GET"]}}],"collection":[{"href":"https:\/\/www.versoverde.it\/de\/wp-json\/wp\/v2\/pages"}],"about":[{"href":"https:\/\/www.versoverde.it\/de\/wp-json\/wp\/v2\/types\/page"}],"author":[{"embeddable":true,"href":"https:\/\/www.versoverde.it\/de\/wp-json\/wp\/v2\/users\/13"}],"replies":[{"embeddable":true,"href":"https:\/\/www.versoverde.it\/de\/wp-json\/wp\/v2\/comments?post=596"}],"version-history":[{"count":0,"href":"https:\/\/www.versoverde.it\/de\/wp-json\/wp\/v2\/pages\/596\/revisions"}],"up":[{"embeddable":true,"href":"https:\/\/www.versoverde.it\/de\/wp-json\/wp\/v2\/pages\/589"}],"wp:attachment":[{"href":"https:\/\/www.versoverde.it\/de\/wp-json\/wp\/v2\/media?parent=596"}],"curies":[{"name":"wp","href":"https:\/\/api.w.org\/{rel}","templated":true}]}}