{"id":607,"date":"2022-04-27T16:34:32","date_gmt":"2022-04-27T14:34:32","guid":{"rendered":"https:\/\/www.versoverde.it\/?page_id=607"},"modified":"2023-07-10T09:04:48","modified_gmt":"2023-07-10T07:04:48","slug":"spa-gym","status":"publish","type":"page","link":"https:\/\/www.versoverde.it\/de\/spa-gym\/","title":{"rendered":"SPA&amp;GYM"},"content":{"rendered":"<p style=\"text-align: center\">In unserem <strong>SPA<\/strong> finden Sie f\u00fcr Ihr Wohlbefinden: Sauna, T\u00fcrkisches Bad, Erlebnisduschen,<\/p>\n<p style=\"text-align: center\">Wasserk\u00fcbel, Wasserfall und Jacuzzi im Executive-Bereich.<\/p>\n<p style=\"text-align: center\">Sie k\u00f6nnen auch im komfortablen <strong>Relax-Zone <\/strong>entspannen.<\/p>\n<p style=\"text-align: center\">Das SPA ist kostenpflichtig und muss im Voraus gebucht werden.<\/p>\n<p style=\"text-align: center\">\n<p style=\"text-align: center\">\nDas Hotel verf\u00fcgt auch \u00fcber ein kostenloses Indoor-<strong>GYM<\/strong>,<\/p>\n<p style=\"text-align: center\">wo Sie an Technogym-Ger\u00e4ten trainieren und sich von den Strapazen des Tages erholen k\u00f6nnen.<\/p>\n","protected":false},"excerpt":{"rendered":"<p>In unserem SPA finden Sie f\u00fcr Ihr Wohlbefinden: Sauna, T\u00fcrkisches Bad, Erlebnisduschen, Wasserk\u00fcbel, Wasserfall und Jacuzzi im Executive-Bereich. Sie k\u00f6nnen auch im komfortablen Relax-Zone entspannen. Das SPA ist kostenpflichtig und muss im Voraus gebucht werden. Das Hotel verf\u00fcgt auch \u00fcber ein kostenloses Indoor-GYM, wo Sie an Technogym-Ger\u00e4ten trainieren und sich von den Strapazen des Tages [&hellip;]<\/p>\n","protected":false},"author":13,"featured_media":0,"parent":0,"menu_order":45,"comment_status":"closed","ping_status":"closed","template":"","meta":{"footnotes":""},"class_list":["post-607","page","type-page","status-publish","hentry"],"yoast_head":"<!-- This site is optimized with the Yoast SEO plugin v26.9 - https:\/\/yoast.com\/product\/yoast-seo-wordpress\/ -->\n<title>SPA&amp;GYM &#8226; Verso Verde Milano &#8226;<\/title>\n<meta name=\"description\" content=\"In unserem SPA finden Sie f\u00fcr Ihr Wohlbefinden: Sauna, T\u00fcrkisches Bad, Erlebnisduschen, Wasserk\u00fcbel, Wasserfall und Jacuzzi im Executive-Bereich. Sie k\u00f6nnen auch im komfortablen Relax-Zone entspannen. Das SPA ist kostenpflichtig und muss im Voraus gebucht werden.   Das Hotel verf\u00fcgt auch \u00fcber ein kostenloses Indoor-GYM, wo Sie an Technogym-Ger\u00e4ten trainieren und sich von den Strapazen des Tages erholen k\u00f6nnen..\" \/>\n<meta name=\"robots\" content=\"index, follow, max-snippet:-1, max-image-preview:large, max-video-preview:-1\" \/>\n<link rel=\"canonical\" href=\"https:\/\/www.versoverde.it\/de\/spa-gym\/\" \/>\n<meta property=\"og:locale\" content=\"de_DE\" \/>\n<meta property=\"og:type\" content=\"article\" \/>\n<meta property=\"og:title\" content=\"SPA&amp;GYM &#8226; Verso Verde Milano &#8226;\" \/>\n<meta property=\"og:description\" content=\"In unserem SPA finden Sie f\u00fcr Ihr Wohlbefinden: Sauna, T\u00fcrkisches Bad, Erlebnisduschen, Wasserk\u00fcbel, Wasserfall und Jacuzzi im Executive-Bereich. Sie k\u00f6nnen auch im komfortablen Relax-Zone entspannen. Das SPA ist kostenpflichtig und muss im Voraus gebucht werden.   Das Hotel verf\u00fcgt auch \u00fcber ein kostenloses Indoor-GYM, wo Sie an Technogym-Ger\u00e4ten trainieren und sich von den Strapazen des Tages erholen k\u00f6nnen..\" \/>\n<meta property=\"og:url\" content=\"https:\/\/www.versoverde.it\/de\/spa-gym\/\" \/>\n<meta property=\"og:site_name\" content=\"Verso Verde Milano\" \/>\n<meta property=\"article:modified_time\" content=\"2023-07-10T07:04:48+00:00\" \/>\n<meta name=\"twitter:card\" content=\"summary_large_image\" \/>\n<script type=\"application\/ld+json\" class=\"yoast-schema-graph\">{\"@context\":\"https:\/\/schema.org\",\"@graph\":[{\"@type\":\"WebPage\",\"@id\":\"https:\/\/www.versoverde.it\/de\/spa-gym\/\",\"url\":\"https:\/\/www.versoverde.it\/de\/spa-gym\/\",\"name\":\"SPA&amp;GYM &#8226; Verso Verde Milano &#8226;\",\"isPartOf\":{\"@id\":\"https:\/\/www.versoverde.it\/de\/#website\"},\"datePublished\":\"2022-04-27T14:34:32+00:00\",\"dateModified\":\"2023-07-10T07:04:48+00:00\",\"description\":\"In unserem SPA finden Sie f\u00fcr Ihr Wohlbefinden: Sauna, T\u00fcrkisches Bad, Erlebnisduschen, Wasserk\u00fcbel, Wasserfall und Jacuzzi im Executive-Bereich. Sie k\u00f6nnen auch im komfortablen Relax-Zone entspannen. Das SPA ist kostenpflichtig und muss im Voraus gebucht werden. Das Hotel verf\u00fcgt auch \u00fcber ein kostenloses Indoor-GYM, wo Sie an Technogym-Ger\u00e4ten trainieren und sich von den Strapazen des Tages erholen k\u00f6nnen. .\",\"breadcrumb\":{\"@id\":\"https:\/\/www.versoverde.it\/de\/spa-gym\/#breadcrumb\"},\"inLanguage\":\"de-DE\",\"potentialAction\":[{\"@type\":\"ReadAction\",\"target\":[\"https:\/\/www.versoverde.it\/de\/spa-gym\/\"]}]},{\"@type\":\"BreadcrumbList\",\"@id\":\"https:\/\/www.versoverde.it\/de\/spa-gym\/#breadcrumb\",\"itemListElement\":[{\"@type\":\"ListItem\",\"position\":1,\"name\":\"Home\",\"item\":\"https:\/\/www.versoverde.it\/de\/\"},{\"@type\":\"ListItem\",\"position\":2,\"name\":\"SPA&amp;GYM\"}]},{\"@type\":\"WebSite\",\"@id\":\"https:\/\/www.versoverde.it\/de\/#website\",\"url\":\"https:\/\/www.versoverde.it\/de\/\",\"name\":\"Verso Verde Milano\",\"description\":\"Ecco un altro sito ms.decms.eu\",\"potentialAction\":[{\"@type\":\"SearchAction\",\"target\":{\"@type\":\"EntryPoint\",\"urlTemplate\":\"https:\/\/www.versoverde.it\/de\/?s={search_term_string}\"},\"query-input\":{\"@type\":\"PropertyValueSpecification\",\"valueRequired\":true,\"valueName\":\"search_term_string\"}}],\"inLanguage\":\"de-DE\"}]}<\/script>\n<!-- \/ Yoast SEO plugin. -->","yoast_head_json":{"title":"SPA&amp;GYM &#8226; Verso Verde Milano &#8226;","description":"In unserem SPA finden Sie f\u00fcr Ihr Wohlbefinden: Sauna, T\u00fcrkisches Bad, Erlebnisduschen, Wasserk\u00fcbel, Wasserfall und Jacuzzi im Executive-Bereich. Sie k\u00f6nnen auch im komfortablen Relax-Zone entspannen. Das SPA ist kostenpflichtig und muss im Voraus gebucht werden.   Das Hotel verf\u00fcgt auch \u00fcber ein kostenloses Indoor-GYM, wo Sie an Technogym-Ger\u00e4ten trainieren und sich von den Strapazen des Tages erholen k\u00f6nnen..","robots":{"index":"index","follow":"follow","max-snippet":"max-snippet:-1","max-image-preview":"max-image-preview:large","max-video-preview":"max-video-preview:-1"},"canonical":"https:\/\/www.versoverde.it\/de\/spa-gym\/","og_locale":"de_DE","og_type":"article","og_title":"SPA&amp;GYM &#8226; Verso Verde Milano &#8226;","og_description":"In unserem SPA finden Sie f\u00fcr Ihr Wohlbefinden: Sauna, T\u00fcrkisches Bad, Erlebnisduschen, Wasserk\u00fcbel, Wasserfall und Jacuzzi im Executive-Bereich. Sie k\u00f6nnen auch im komfortablen Relax-Zone entspannen. Das SPA ist kostenpflichtig und muss im Voraus gebucht werden.   Das Hotel verf\u00fcgt auch \u00fcber ein kostenloses Indoor-GYM, wo Sie an Technogym-Ger\u00e4ten trainieren und sich von den Strapazen des Tages erholen k\u00f6nnen..","og_url":"https:\/\/www.versoverde.it\/de\/spa-gym\/","og_site_name":"Verso Verde Milano","article_modified_time":"2023-07-10T07:04:48+00:00","twitter_card":"summary_large_image","schema":{"@context":"https:\/\/schema.org","@graph":[{"@type":"WebPage","@id":"https:\/\/www.versoverde.it\/de\/spa-gym\/","url":"https:\/\/www.versoverde.it\/de\/spa-gym\/","name":"SPA&amp;GYM &#8226; Verso Verde Milano &#8226;","isPartOf":{"@id":"https:\/\/www.versoverde.it\/de\/#website"},"datePublished":"2022-04-27T14:34:32+00:00","dateModified":"2023-07-10T07:04:48+00:00","description":"In unserem SPA finden Sie f\u00fcr Ihr Wohlbefinden: Sauna, T\u00fcrkisches Bad, Erlebnisduschen, Wasserk\u00fcbel, Wasserfall und Jacuzzi im Executive-Bereich. Sie k\u00f6nnen auch im komfortablen Relax-Zone entspannen. Das SPA ist kostenpflichtig und muss im Voraus gebucht werden. Das Hotel verf\u00fcgt auch \u00fcber ein kostenloses Indoor-GYM, wo Sie an Technogym-Ger\u00e4ten trainieren und sich von den Strapazen des Tages erholen k\u00f6nnen. .","breadcrumb":{"@id":"https:\/\/www.versoverde.it\/de\/spa-gym\/#breadcrumb"},"inLanguage":"de-DE","potentialAction":[{"@type":"ReadAction","target":["https:\/\/www.versoverde.it\/de\/spa-gym\/"]}]},{"@type":"BreadcrumbList","@id":"https:\/\/www.versoverde.it\/de\/spa-gym\/#breadcrumb","itemListElement":[{"@type":"ListItem","position":1,"name":"Home","item":"https:\/\/www.versoverde.it\/de\/"},{"@type":"ListItem","position":2,"name":"SPA&amp;GYM"}]},{"@type":"WebSite","@id":"https:\/\/www.versoverde.it\/de\/#website","url":"https:\/\/www.versoverde.it\/de\/","name":"Verso Verde Milano","description":"Ecco un altro sito ms.decms.eu","potentialAction":[{"@type":"SearchAction","target":{"@type":"EntryPoint","urlTemplate":"https:\/\/www.versoverde.it\/de\/?s={search_term_string}"},"query-input":{"@type":"PropertyValueSpecification","valueRequired":true,"valueName":"search_term_string"}}],"inLanguage":"de-DE"}]}},"acf":[],"_links":{"self":[{"href":"https:\/\/www.versoverde.it\/de\/wp-json\/wp\/v2\/pages\/607","targetHints":{"allow":["GET"]}}],"collection":[{"href":"https:\/\/www.versoverde.it\/de\/wp-json\/wp\/v2\/pages"}],"about":[{"href":"https:\/\/www.versoverde.it\/de\/wp-json\/wp\/v2\/types\/page"}],"author":[{"embeddable":true,"href":"https:\/\/www.versoverde.it\/de\/wp-json\/wp\/v2\/users\/13"}],"replies":[{"embeddable":true,"href":"https:\/\/www.versoverde.it\/de\/wp-json\/wp\/v2\/comments?post=607"}],"version-history":[{"count":0,"href":"https:\/\/www.versoverde.it\/de\/wp-json\/wp\/v2\/pages\/607\/revisions"}],"wp:attachment":[{"href":"https:\/\/www.versoverde.it\/de\/wp-json\/wp\/v2\/media?parent=607"}],"curies":[{"name":"wp","href":"https:\/\/api.w.org\/{rel}","templated":true}]}}