{"id":617,"date":"2022-11-28T16:13:45","date_gmt":"2022-11-28T15:13:45","guid":{"rendered":"https:\/\/www.versoverde.it\/?page_id=617"},"modified":"2023-06-09T09:30:29","modified_gmt":"2023-06-09T07:30:29","slug":"private-suite-mit-jacuzzi","status":"publish","type":"page","link":"https:\/\/www.versoverde.it\/de\/spa-gym\/private-suite-mit-jacuzzi\/","title":{"rendered":"Private Suite mit Jacuzzi"},"content":{"rendered":"<p style=\"text-align: center\">Entdecken Sie unser Executive SPA mit <strong>Jacuzzi<\/strong>, <strong>65&#8243;-Fernseher und doppelter Entspannungsliege<\/strong>, die Sie exklusiv nutzen k\u00f6nnen.<\/p>\n<p style=\"text-align: center\">Dazu gibt es einen angenehmen <strong>Wellness-Snack und -Getr\u00e4nk<\/strong>.<\/p>\n<p>&nbsp;<\/p>\n<p style=\"text-align: center\">Mit dem <strong><em>Executive-Paket<\/em><\/strong> k\u00f6nnen Sie auch genie\u00dfen:<\/p>\n<p style=\"text-align: center\">\u2022 Sauna, T\u00fcrkisches Bad, Farbtherapie-Duschen, K\u00fcbeldusche und Reaktionswasserfall.<\/p>\n<p style=\"text-align: center\">\u2022 Gemeinsamer Entspannungsbereich mit Liegest\u00fchlen und Zeitschriften.<\/p>\n<p style=\"text-align: center\">\u2022 Kr\u00e4uterteebereich mit Obst, Snacks, aromatisiertem Wasser und hei\u00dfen Kr\u00e4utertees.<\/p>\n<p>&nbsp;<\/p>\n<p style=\"text-align: center\"><strong><em>Der Eintritt beinhaltet<\/em><\/strong>:<\/p>\n<p style=\"text-align: center\">\u2022 2 Stunden Zutritt.<\/p>\n<p style=\"text-align: center\">\u2022 Bademantel, Handtuch und Hausschuhe.<\/p>\n<p style=\"text-align: center\">Kost\u00fcmierung obligatorisch. Reservierung erforderlich.<\/p>\n","protected":false},"excerpt":{"rendered":"<p>Entdecken Sie unser Executive SPA mit Jacuzzi, 65&#8243;-Fernseher und doppelter Entspannungsliege, die Sie exklusiv nutzen k\u00f6nnen. Dazu gibt es einen angenehmen Wellness-Snack und -Getr\u00e4nk. &nbsp; Mit dem Executive-Paket k\u00f6nnen Sie auch genie\u00dfen: \u2022 Sauna, T\u00fcrkisches Bad, Farbtherapie-Duschen, K\u00fcbeldusche und Reaktionswasserfall. \u2022 Gemeinsamer Entspannungsbereich mit Liegest\u00fchlen und Zeitschriften. \u2022 Kr\u00e4uterteebereich mit Obst, Snacks, aromatisiertem Wasser und [&hellip;]<\/p>\n","protected":false},"author":13,"featured_media":0,"parent":607,"menu_order":50,"comment_status":"closed","ping_status":"closed","template":"","meta":{"footnotes":""},"class_list":["post-617","page","type-page","status-publish","hentry"],"yoast_head":"<!-- This site is optimized with the Yoast SEO plugin v26.9 - https:\/\/yoast.com\/product\/yoast-seo-wordpress\/ -->\n<title>Private Suite mit Jacuzzi &#8226; Verso Verde Milano &#8226;<\/title>\n<meta name=\"description\" content=\"Entdecken Sie unser Executive SPA mit Jacuzzi, 65&quot;-Fernseher und doppelter Entspannungsliege, die Sie exklusiv nutzen k\u00f6nnen. Dazu gibt es einen angenehmen Wellness-Snack und -Getr\u00e4nk. &nbsp; Mit dem Executive-Paket k\u00f6nnen Sie auch genie\u00dfen: \u2022 Sauna, T\u00fcrkisches Bad, Farbtherapie-Duschen, K\u00fcbeldusche und Reaktionswasserfall. \u2022 Gemeinsamer Entspannungsbereich mit Liegest\u00fchlen und Zeitschriften. \u2022 Kr\u00e4uterteebereich mit Obst, Snacks, aromatisiertem Wasser und hei\u00dfen Kr\u00e4utertees. &nbsp; Der Eintritt beinhaltet: \u2022 2 Stunden Zutritt. \u2022 Bademantel, Handtuch und Hausschuhe. Kost\u00fcmierung obligatorisch. Reservierung erforderlich.\" \/>\n<meta name=\"robots\" content=\"index, follow, max-snippet:-1, max-image-preview:large, max-video-preview:-1\" \/>\n<link rel=\"canonical\" href=\"https:\/\/www.versoverde.it\/de\/spa-gym\/private-suite-mit-jacuzzi\/\" \/>\n<meta property=\"og:locale\" content=\"de_DE\" \/>\n<meta property=\"og:type\" content=\"article\" \/>\n<meta property=\"og:title\" content=\"Private Suite mit Jacuzzi &#8226; Verso Verde Milano &#8226;\" \/>\n<meta property=\"og:description\" content=\"Entdecken Sie unser Executive SPA mit Jacuzzi, 65&quot;-Fernseher und doppelter Entspannungsliege, die Sie exklusiv nutzen k\u00f6nnen. Dazu gibt es einen angenehmen Wellness-Snack und -Getr\u00e4nk. &nbsp; Mit dem Executive-Paket k\u00f6nnen Sie auch genie\u00dfen: \u2022 Sauna, T\u00fcrkisches Bad, Farbtherapie-Duschen, K\u00fcbeldusche und Reaktionswasserfall. \u2022 Gemeinsamer Entspannungsbereich mit Liegest\u00fchlen und Zeitschriften. \u2022 Kr\u00e4uterteebereich mit Obst, Snacks, aromatisiertem Wasser und hei\u00dfen Kr\u00e4utertees. &nbsp; Der Eintritt beinhaltet: \u2022 2 Stunden Zutritt. \u2022 Bademantel, Handtuch und Hausschuhe. Kost\u00fcmierung obligatorisch. Reservierung erforderlich.\" \/>\n<meta property=\"og:url\" content=\"https:\/\/www.versoverde.it\/de\/spa-gym\/private-suite-mit-jacuzzi\/\" \/>\n<meta property=\"og:site_name\" content=\"Verso Verde Milano\" \/>\n<meta property=\"article:modified_time\" content=\"2023-06-09T07:30:29+00:00\" \/>\n<meta name=\"twitter:card\" content=\"summary_large_image\" \/>\n<script type=\"application\/ld+json\" class=\"yoast-schema-graph\">{\"@context\":\"https:\/\/schema.org\",\"@graph\":[{\"@type\":\"WebPage\",\"@id\":\"https:\/\/www.versoverde.it\/de\/spa-gym\/private-suite-mit-jacuzzi\/\",\"url\":\"https:\/\/www.versoverde.it\/de\/spa-gym\/private-suite-mit-jacuzzi\/\",\"name\":\"Private Suite mit Jacuzzi &#8226; Verso Verde Milano &#8226;\",\"isPartOf\":{\"@id\":\"https:\/\/www.versoverde.it\/de\/#website\"},\"datePublished\":\"2022-11-28T15:13:45+00:00\",\"dateModified\":\"2023-06-09T07:30:29+00:00\",\"description\":\"Entdecken Sie unser Executive SPA mit Jacuzzi, 65\\\"-Fernseher und doppelter Entspannungsliege, die Sie exklusiv nutzen k\u00f6nnen. Dazu gibt es einen angenehmen Wellness-Snack und -Getr\u00e4nk. &nbsp; Mit dem Executive-Paket k\u00f6nnen Sie auch genie\u00dfen: \u2022 Sauna, T\u00fcrkisches Bad, Farbtherapie-Duschen, K\u00fcbeldusche und Reaktionswasserfall. \u2022 Gemeinsamer Entspannungsbereich mit Liegest\u00fchlen und Zeitschriften. \u2022 Kr\u00e4uterteebereich mit Obst, Snacks, aromatisiertem Wasser und hei\u00dfen Kr\u00e4utertees. &nbsp; Der Eintritt beinhaltet: \u2022 2 Stunden Zutritt. \u2022 Bademantel, Handtuch und Hausschuhe. Kost\u00fcmierung obligatorisch. Reservierung erforderlich.\",\"breadcrumb\":{\"@id\":\"https:\/\/www.versoverde.it\/de\/spa-gym\/private-suite-mit-jacuzzi\/#breadcrumb\"},\"inLanguage\":\"de-DE\",\"potentialAction\":[{\"@type\":\"ReadAction\",\"target\":[\"https:\/\/www.versoverde.it\/de\/spa-gym\/private-suite-mit-jacuzzi\/\"]}]},{\"@type\":\"BreadcrumbList\",\"@id\":\"https:\/\/www.versoverde.it\/de\/spa-gym\/private-suite-mit-jacuzzi\/#breadcrumb\",\"itemListElement\":[{\"@type\":\"ListItem\",\"position\":1,\"name\":\"Home\",\"item\":\"https:\/\/www.versoverde.it\/de\/\"},{\"@type\":\"ListItem\",\"position\":2,\"name\":\"SPA&amp;GYM\",\"item\":\"https:\/\/www.versoverde.it\/de\/spa-gym\/\"},{\"@type\":\"ListItem\",\"position\":3,\"name\":\"Private Suite mit Jacuzzi\"}]},{\"@type\":\"WebSite\",\"@id\":\"https:\/\/www.versoverde.it\/de\/#website\",\"url\":\"https:\/\/www.versoverde.it\/de\/\",\"name\":\"Verso Verde Milano\",\"description\":\"Ecco un altro sito ms.decms.eu\",\"potentialAction\":[{\"@type\":\"SearchAction\",\"target\":{\"@type\":\"EntryPoint\",\"urlTemplate\":\"https:\/\/www.versoverde.it\/de\/?s={search_term_string}\"},\"query-input\":{\"@type\":\"PropertyValueSpecification\",\"valueRequired\":true,\"valueName\":\"search_term_string\"}}],\"inLanguage\":\"de-DE\"}]}<\/script>\n<!-- \/ Yoast SEO plugin. -->","yoast_head_json":{"title":"Private Suite mit Jacuzzi &#8226; Verso Verde Milano &#8226;","description":"Entdecken Sie unser Executive SPA mit Jacuzzi, 65\"-Fernseher und doppelter Entspannungsliege, die Sie exklusiv nutzen k\u00f6nnen. Dazu gibt es einen angenehmen Wellness-Snack und -Getr\u00e4nk. &nbsp; Mit dem Executive-Paket k\u00f6nnen Sie auch genie\u00dfen: \u2022 Sauna, T\u00fcrkisches Bad, Farbtherapie-Duschen, K\u00fcbeldusche und Reaktionswasserfall. \u2022 Gemeinsamer Entspannungsbereich mit Liegest\u00fchlen und Zeitschriften. \u2022 Kr\u00e4uterteebereich mit Obst, Snacks, aromatisiertem Wasser und hei\u00dfen Kr\u00e4utertees. &nbsp; Der Eintritt beinhaltet: \u2022 2 Stunden Zutritt. \u2022 Bademantel, Handtuch und Hausschuhe. Kost\u00fcmierung obligatorisch. Reservierung erforderlich.","robots":{"index":"index","follow":"follow","max-snippet":"max-snippet:-1","max-image-preview":"max-image-preview:large","max-video-preview":"max-video-preview:-1"},"canonical":"https:\/\/www.versoverde.it\/de\/spa-gym\/private-suite-mit-jacuzzi\/","og_locale":"de_DE","og_type":"article","og_title":"Private Suite mit Jacuzzi &#8226; Verso Verde Milano &#8226;","og_description":"Entdecken Sie unser Executive SPA mit Jacuzzi, 65\"-Fernseher und doppelter Entspannungsliege, die Sie exklusiv nutzen k\u00f6nnen. Dazu gibt es einen angenehmen Wellness-Snack und -Getr\u00e4nk. &nbsp; Mit dem Executive-Paket k\u00f6nnen Sie auch genie\u00dfen: \u2022 Sauna, T\u00fcrkisches Bad, Farbtherapie-Duschen, K\u00fcbeldusche und Reaktionswasserfall. \u2022 Gemeinsamer Entspannungsbereich mit Liegest\u00fchlen und Zeitschriften. \u2022 Kr\u00e4uterteebereich mit Obst, Snacks, aromatisiertem Wasser und hei\u00dfen Kr\u00e4utertees. &nbsp; Der Eintritt beinhaltet: \u2022 2 Stunden Zutritt. \u2022 Bademantel, Handtuch und Hausschuhe. Kost\u00fcmierung obligatorisch. Reservierung erforderlich.","og_url":"https:\/\/www.versoverde.it\/de\/spa-gym\/private-suite-mit-jacuzzi\/","og_site_name":"Verso Verde Milano","article_modified_time":"2023-06-09T07:30:29+00:00","twitter_card":"summary_large_image","schema":{"@context":"https:\/\/schema.org","@graph":[{"@type":"WebPage","@id":"https:\/\/www.versoverde.it\/de\/spa-gym\/private-suite-mit-jacuzzi\/","url":"https:\/\/www.versoverde.it\/de\/spa-gym\/private-suite-mit-jacuzzi\/","name":"Private Suite mit Jacuzzi &#8226; Verso Verde Milano &#8226;","isPartOf":{"@id":"https:\/\/www.versoverde.it\/de\/#website"},"datePublished":"2022-11-28T15:13:45+00:00","dateModified":"2023-06-09T07:30:29+00:00","description":"Entdecken Sie unser Executive SPA mit Jacuzzi, 65\"-Fernseher und doppelter Entspannungsliege, die Sie exklusiv nutzen k\u00f6nnen. Dazu gibt es einen angenehmen Wellness-Snack und -Getr\u00e4nk. &nbsp; Mit dem Executive-Paket k\u00f6nnen Sie auch genie\u00dfen: \u2022 Sauna, T\u00fcrkisches Bad, Farbtherapie-Duschen, K\u00fcbeldusche und Reaktionswasserfall. \u2022 Gemeinsamer Entspannungsbereich mit Liegest\u00fchlen und Zeitschriften. \u2022 Kr\u00e4uterteebereich mit Obst, Snacks, aromatisiertem Wasser und hei\u00dfen Kr\u00e4utertees. &nbsp; Der Eintritt beinhaltet: \u2022 2 Stunden Zutritt. \u2022 Bademantel, Handtuch und Hausschuhe. Kost\u00fcmierung obligatorisch. Reservierung erforderlich.","breadcrumb":{"@id":"https:\/\/www.versoverde.it\/de\/spa-gym\/private-suite-mit-jacuzzi\/#breadcrumb"},"inLanguage":"de-DE","potentialAction":[{"@type":"ReadAction","target":["https:\/\/www.versoverde.it\/de\/spa-gym\/private-suite-mit-jacuzzi\/"]}]},{"@type":"BreadcrumbList","@id":"https:\/\/www.versoverde.it\/de\/spa-gym\/private-suite-mit-jacuzzi\/#breadcrumb","itemListElement":[{"@type":"ListItem","position":1,"name":"Home","item":"https:\/\/www.versoverde.it\/de\/"},{"@type":"ListItem","position":2,"name":"SPA&amp;GYM","item":"https:\/\/www.versoverde.it\/de\/spa-gym\/"},{"@type":"ListItem","position":3,"name":"Private Suite mit Jacuzzi"}]},{"@type":"WebSite","@id":"https:\/\/www.versoverde.it\/de\/#website","url":"https:\/\/www.versoverde.it\/de\/","name":"Verso Verde Milano","description":"Ecco un altro sito ms.decms.eu","potentialAction":[{"@type":"SearchAction","target":{"@type":"EntryPoint","urlTemplate":"https:\/\/www.versoverde.it\/de\/?s={search_term_string}"},"query-input":{"@type":"PropertyValueSpecification","valueRequired":true,"valueName":"search_term_string"}}],"inLanguage":"de-DE"}]}},"acf":[],"_links":{"self":[{"href":"https:\/\/www.versoverde.it\/de\/wp-json\/wp\/v2\/pages\/617","targetHints":{"allow":["GET"]}}],"collection":[{"href":"https:\/\/www.versoverde.it\/de\/wp-json\/wp\/v2\/pages"}],"about":[{"href":"https:\/\/www.versoverde.it\/de\/wp-json\/wp\/v2\/types\/page"}],"author":[{"embeddable":true,"href":"https:\/\/www.versoverde.it\/de\/wp-json\/wp\/v2\/users\/13"}],"replies":[{"embeddable":true,"href":"https:\/\/www.versoverde.it\/de\/wp-json\/wp\/v2\/comments?post=617"}],"version-history":[{"count":0,"href":"https:\/\/www.versoverde.it\/de\/wp-json\/wp\/v2\/pages\/617\/revisions"}],"up":[{"embeddable":true,"href":"https:\/\/www.versoverde.it\/de\/wp-json\/wp\/v2\/pages\/607"}],"wp:attachment":[{"href":"https:\/\/www.versoverde.it\/de\/wp-json\/wp\/v2\/media?parent=617"}],"curies":[{"name":"wp","href":"https:\/\/api.w.org\/{rel}","templated":true}]}}