{"id":624,"date":"2022-04-27T16:47:32","date_gmt":"2022-04-27T14:47:32","guid":{"rendered":"https:\/\/www.versoverde.it\/?page_id=624"},"modified":"2022-04-27T16:47:32","modified_gmt":"2022-04-27T14:47:32","slug":"fahrrad","status":"publish","type":"page","link":"https:\/\/www.versoverde.it\/de\/experiences\/fahrrad\/","title":{"rendered":"Fahrrad"},"content":{"rendered":"<p style=\"text-align: center;\">VersoVerde bietet einen eigenen Mobilit\u00e4tsservice an: Wir vermieten direkt in unserer Einrichtung wundersch\u00f6ne alte Fahrr\u00e4der, damit Sie sich in aller Ruhe fortbewegen k\u00f6nnen, wo immer Sie wollen, um den Naviglio Grande und den sch\u00f6nen Radweg Mailand-Tessin zu genie\u00dfen, der Sie ganz aus der Stadt heraus in die sch\u00f6ne Landschaft der Lombardei f\u00fchrt.<\/p>\n<p style=\"text-align: center;\">Eine entspannende und ruhige Route durch \u00fcppige Vegetation, l\u00e4ndliche Weiler und D\u00f6rfer auf dem Land.<\/p>\n<p style=\"text-align: center;\">Und am Ende der Radtour k\u00f6nnen Sie sich mit einem Entgiftungsextrakt, einem Mittagessen oder einem Aperitif im Namen des Sports und der Gesundheit regenerieren!<\/p>\n","protected":false},"excerpt":{"rendered":"<p>VersoVerde bietet einen eigenen Mobilit\u00e4tsservice an: Wir vermieten direkt in unserer Einrichtung wundersch\u00f6ne alte Fahrr\u00e4der, damit Sie sich in aller Ruhe fortbewegen k\u00f6nnen, wo immer Sie wollen, um den Naviglio Grande und den sch\u00f6nen Radweg Mailand-Tessin zu genie\u00dfen, der Sie ganz aus der Stadt heraus in die sch\u00f6ne Landschaft der Lombardei f\u00fchrt. Eine entspannende und [&hellip;]<\/p>\n","protected":false},"author":13,"featured_media":0,"parent":620,"menu_order":10,"comment_status":"closed","ping_status":"closed","template":"","meta":{"footnotes":""},"class_list":["post-624","page","type-page","status-publish","hentry"],"yoast_head":"<!-- This site is optimized with the Yoast SEO plugin v26.9 - https:\/\/yoast.com\/product\/yoast-seo-wordpress\/ -->\n<title>Fahrrad &#8226; Verso Verde Milano &#8226;<\/title>\n<meta name=\"description\" content=\"VersoVerde bietet einen eigenen Mobilit\u00e4tsservice an: Wir vermieten direkt in unserer Einrichtung wundersch\u00f6ne alte Fahrr\u00e4der, damit Sie sich in aller Ruhe fortbewegen k\u00f6nnen, wo immer Sie wollen, um den Naviglio Grande und den sch\u00f6nen Radweg Mailand-Tessin zu genie\u00dfen, der Sie ganz aus der Stadt heraus in die sch\u00f6ne Landschaft der Lombardei f\u00fchrt. Eine entspannende und ruhige Route durch \u00fcppige Vegetation, l\u00e4ndliche Weiler und D\u00f6rfer auf dem Land. Und am Ende der Radtour k\u00f6nnen Sie sich mit einem Entgiftungsextrakt, einem Mittagessen oder einem Aperitif im Namen des Sports und der Gesundheit regenerieren!.\" \/>\n<meta name=\"robots\" content=\"index, follow, max-snippet:-1, max-image-preview:large, max-video-preview:-1\" \/>\n<link rel=\"canonical\" href=\"https:\/\/www.versoverde.it\/de\/experiences\/fahrrad\/\" \/>\n<meta property=\"og:locale\" content=\"de_DE\" \/>\n<meta property=\"og:type\" content=\"article\" \/>\n<meta property=\"og:title\" content=\"Fahrrad &#8226; Verso Verde Milano &#8226;\" \/>\n<meta property=\"og:description\" content=\"VersoVerde bietet einen eigenen Mobilit\u00e4tsservice an: Wir vermieten direkt in unserer Einrichtung wundersch\u00f6ne alte Fahrr\u00e4der, damit Sie sich in aller Ruhe fortbewegen k\u00f6nnen, wo immer Sie wollen, um den Naviglio Grande und den sch\u00f6nen Radweg Mailand-Tessin zu genie\u00dfen, der Sie ganz aus der Stadt heraus in die sch\u00f6ne Landschaft der Lombardei f\u00fchrt. Eine entspannende und ruhige Route durch \u00fcppige Vegetation, l\u00e4ndliche Weiler und D\u00f6rfer auf dem Land. Und am Ende der Radtour k\u00f6nnen Sie sich mit einem Entgiftungsextrakt, einem Mittagessen oder einem Aperitif im Namen des Sports und der Gesundheit regenerieren!.\" \/>\n<meta property=\"og:url\" content=\"https:\/\/www.versoverde.it\/de\/experiences\/fahrrad\/\" \/>\n<meta property=\"og:site_name\" content=\"Verso Verde Milano\" \/>\n<meta name=\"twitter:card\" content=\"summary_large_image\" \/>\n<meta name=\"twitter:label1\" content=\"Gesch\u00e4tzte Lesezeit\" \/>\n\t<meta name=\"twitter:data1\" content=\"1 Minute\" \/>\n<script type=\"application\/ld+json\" class=\"yoast-schema-graph\">{\"@context\":\"https:\/\/schema.org\",\"@graph\":[{\"@type\":\"WebPage\",\"@id\":\"https:\/\/www.versoverde.it\/de\/experiences\/fahrrad\/\",\"url\":\"https:\/\/www.versoverde.it\/de\/experiences\/fahrrad\/\",\"name\":\"Fahrrad &#8226; Verso Verde Milano &#8226;\",\"isPartOf\":{\"@id\":\"https:\/\/www.versoverde.it\/de\/#website\"},\"datePublished\":\"2022-04-27T14:47:32+00:00\",\"description\":\"VersoVerde bietet einen eigenen Mobilit\u00e4tsservice an: Wir vermieten direkt in unserer Einrichtung wundersch\u00f6ne alte Fahrr\u00e4der, damit Sie sich in aller Ruhe fortbewegen k\u00f6nnen, wo immer Sie wollen, um den Naviglio Grande und den sch\u00f6nen Radweg Mailand-Tessin zu genie\u00dfen, der Sie ganz aus der Stadt heraus in die sch\u00f6ne Landschaft der Lombardei f\u00fchrt. Eine entspannende und ruhige Route durch \u00fcppige Vegetation, l\u00e4ndliche Weiler und D\u00f6rfer auf dem Land. Und am Ende der Radtour k\u00f6nnen Sie sich mit einem Entgiftungsextrakt, einem Mittagessen oder einem Aperitif im Namen des Sports und der Gesundheit regenerieren! .\",\"breadcrumb\":{\"@id\":\"https:\/\/www.versoverde.it\/de\/experiences\/fahrrad\/#breadcrumb\"},\"inLanguage\":\"de-DE\",\"potentialAction\":[{\"@type\":\"ReadAction\",\"target\":[\"https:\/\/www.versoverde.it\/de\/experiences\/fahrrad\/\"]}]},{\"@type\":\"BreadcrumbList\",\"@id\":\"https:\/\/www.versoverde.it\/de\/experiences\/fahrrad\/#breadcrumb\",\"itemListElement\":[{\"@type\":\"ListItem\",\"position\":1,\"name\":\"Home\",\"item\":\"https:\/\/www.versoverde.it\/de\/\"},{\"@type\":\"ListItem\",\"position\":2,\"name\":\"Experiences\",\"item\":\"https:\/\/www.versoverde.it\/de\/experiences\/\"},{\"@type\":\"ListItem\",\"position\":3,\"name\":\"Fahrrad\"}]},{\"@type\":\"WebSite\",\"@id\":\"https:\/\/www.versoverde.it\/de\/#website\",\"url\":\"https:\/\/www.versoverde.it\/de\/\",\"name\":\"Verso Verde Milano\",\"description\":\"Ecco un altro sito ms.decms.eu\",\"potentialAction\":[{\"@type\":\"SearchAction\",\"target\":{\"@type\":\"EntryPoint\",\"urlTemplate\":\"https:\/\/www.versoverde.it\/de\/?s={search_term_string}\"},\"query-input\":{\"@type\":\"PropertyValueSpecification\",\"valueRequired\":true,\"valueName\":\"search_term_string\"}}],\"inLanguage\":\"de-DE\"}]}<\/script>\n<!-- \/ Yoast SEO plugin. -->","yoast_head_json":{"title":"Fahrrad &#8226; Verso Verde Milano &#8226;","description":"VersoVerde bietet einen eigenen Mobilit\u00e4tsservice an: Wir vermieten direkt in unserer Einrichtung wundersch\u00f6ne alte Fahrr\u00e4der, damit Sie sich in aller Ruhe fortbewegen k\u00f6nnen, wo immer Sie wollen, um den Naviglio Grande und den sch\u00f6nen Radweg Mailand-Tessin zu genie\u00dfen, der Sie ganz aus der Stadt heraus in die sch\u00f6ne Landschaft der Lombardei f\u00fchrt. Eine entspannende und ruhige Route durch \u00fcppige Vegetation, l\u00e4ndliche Weiler und D\u00f6rfer auf dem Land. Und am Ende der Radtour k\u00f6nnen Sie sich mit einem Entgiftungsextrakt, einem Mittagessen oder einem Aperitif im Namen des Sports und der Gesundheit regenerieren!.","robots":{"index":"index","follow":"follow","max-snippet":"max-snippet:-1","max-image-preview":"max-image-preview:large","max-video-preview":"max-video-preview:-1"},"canonical":"https:\/\/www.versoverde.it\/de\/experiences\/fahrrad\/","og_locale":"de_DE","og_type":"article","og_title":"Fahrrad &#8226; Verso Verde Milano &#8226;","og_description":"VersoVerde bietet einen eigenen Mobilit\u00e4tsservice an: Wir vermieten direkt in unserer Einrichtung wundersch\u00f6ne alte Fahrr\u00e4der, damit Sie sich in aller Ruhe fortbewegen k\u00f6nnen, wo immer Sie wollen, um den Naviglio Grande und den sch\u00f6nen Radweg Mailand-Tessin zu genie\u00dfen, der Sie ganz aus der Stadt heraus in die sch\u00f6ne Landschaft der Lombardei f\u00fchrt. Eine entspannende und ruhige Route durch \u00fcppige Vegetation, l\u00e4ndliche Weiler und D\u00f6rfer auf dem Land. Und am Ende der Radtour k\u00f6nnen Sie sich mit einem Entgiftungsextrakt, einem Mittagessen oder einem Aperitif im Namen des Sports und der Gesundheit regenerieren!.","og_url":"https:\/\/www.versoverde.it\/de\/experiences\/fahrrad\/","og_site_name":"Verso Verde Milano","twitter_card":"summary_large_image","twitter_misc":{"Gesch\u00e4tzte Lesezeit":"1 Minute"},"schema":{"@context":"https:\/\/schema.org","@graph":[{"@type":"WebPage","@id":"https:\/\/www.versoverde.it\/de\/experiences\/fahrrad\/","url":"https:\/\/www.versoverde.it\/de\/experiences\/fahrrad\/","name":"Fahrrad &#8226; Verso Verde Milano &#8226;","isPartOf":{"@id":"https:\/\/www.versoverde.it\/de\/#website"},"datePublished":"2022-04-27T14:47:32+00:00","description":"VersoVerde bietet einen eigenen Mobilit\u00e4tsservice an: Wir vermieten direkt in unserer Einrichtung wundersch\u00f6ne alte Fahrr\u00e4der, damit Sie sich in aller Ruhe fortbewegen k\u00f6nnen, wo immer Sie wollen, um den Naviglio Grande und den sch\u00f6nen Radweg Mailand-Tessin zu genie\u00dfen, der Sie ganz aus der Stadt heraus in die sch\u00f6ne Landschaft der Lombardei f\u00fchrt. Eine entspannende und ruhige Route durch \u00fcppige Vegetation, l\u00e4ndliche Weiler und D\u00f6rfer auf dem Land. Und am Ende der Radtour k\u00f6nnen Sie sich mit einem Entgiftungsextrakt, einem Mittagessen oder einem Aperitif im Namen des Sports und der Gesundheit regenerieren! .","breadcrumb":{"@id":"https:\/\/www.versoverde.it\/de\/experiences\/fahrrad\/#breadcrumb"},"inLanguage":"de-DE","potentialAction":[{"@type":"ReadAction","target":["https:\/\/www.versoverde.it\/de\/experiences\/fahrrad\/"]}]},{"@type":"BreadcrumbList","@id":"https:\/\/www.versoverde.it\/de\/experiences\/fahrrad\/#breadcrumb","itemListElement":[{"@type":"ListItem","position":1,"name":"Home","item":"https:\/\/www.versoverde.it\/de\/"},{"@type":"ListItem","position":2,"name":"Experiences","item":"https:\/\/www.versoverde.it\/de\/experiences\/"},{"@type":"ListItem","position":3,"name":"Fahrrad"}]},{"@type":"WebSite","@id":"https:\/\/www.versoverde.it\/de\/#website","url":"https:\/\/www.versoverde.it\/de\/","name":"Verso Verde Milano","description":"Ecco un altro sito ms.decms.eu","potentialAction":[{"@type":"SearchAction","target":{"@type":"EntryPoint","urlTemplate":"https:\/\/www.versoverde.it\/de\/?s={search_term_string}"},"query-input":{"@type":"PropertyValueSpecification","valueRequired":true,"valueName":"search_term_string"}}],"inLanguage":"de-DE"}]}},"acf":[],"_links":{"self":[{"href":"https:\/\/www.versoverde.it\/de\/wp-json\/wp\/v2\/pages\/624","targetHints":{"allow":["GET"]}}],"collection":[{"href":"https:\/\/www.versoverde.it\/de\/wp-json\/wp\/v2\/pages"}],"about":[{"href":"https:\/\/www.versoverde.it\/de\/wp-json\/wp\/v2\/types\/page"}],"author":[{"embeddable":true,"href":"https:\/\/www.versoverde.it\/de\/wp-json\/wp\/v2\/users\/13"}],"replies":[{"embeddable":true,"href":"https:\/\/www.versoverde.it\/de\/wp-json\/wp\/v2\/comments?post=624"}],"version-history":[{"count":0,"href":"https:\/\/www.versoverde.it\/de\/wp-json\/wp\/v2\/pages\/624\/revisions"}],"up":[{"embeddable":true,"href":"https:\/\/www.versoverde.it\/de\/wp-json\/wp\/v2\/pages\/620"}],"wp:attachment":[{"href":"https:\/\/www.versoverde.it\/de\/wp-json\/wp\/v2\/media?parent=624"}],"curies":[{"name":"wp","href":"https:\/\/api.w.org\/{rel}","templated":true}]}}