{"id":629,"date":"2022-04-27T16:50:21","date_gmt":"2022-04-27T14:50:21","guid":{"rendered":"https:\/\/www.versoverde.it\/?page_id=629"},"modified":"2022-04-27T16:50:21","modified_gmt":"2022-04-27T14:50:21","slug":"schifffahrt-auf-dem-naviglio-grande","status":"publish","type":"page","link":"https:\/\/www.versoverde.it\/de\/experiences\/schifffahrt-auf-dem-naviglio-grande\/","title":{"rendered":"Schifffahrt auf dem Naviglio Grande"},"content":{"rendered":"<p style=\"text-align: center;\">Die Schifffahrt auf den Mail\u00e4nder Navigli ist ein unverzichtbares Erlebnis, um die Geschichte und die Geografie der Mail\u00e4nder Navigli aus einem ungew\u00f6hnlichen und originellen Blickwinkel zu entdecken und wiederzuentdecken, w\u00e4hrend man in aller Ruhe an Bord eines Bootes sitzt.<\/p>\n<p style=\"text-align: center;\">Auf Anfrage kann VersoVerde eine angenehme Tour durch die Darsena organisieren.<\/p>\n<p style=\"text-align: center;\">Entlang des Flusses k\u00f6nnen Sie auf einigen historischen Abschnitten der Navigli spazieren gehen, die einst von Lastk\u00e4hnen \u00fcberquert wurden, die die Stadt Mailand mit einer Vielzahl von Waren versorgten, darunter auch der ber\u00fchmte Candoglia-Marmor, der f\u00fcr die \u201eVeneranda Fabbrica del Duomo\u201c bestimmt war.<\/p>\n<p style=\"text-align: center;\">Nur wenige Meter von VersoVerde entfernt kann man die einzigartige Doppelkirche San Cristoforo bewundern. bestehend aus dem ersten romanischen Kern, der im 14. Jahrhundert umgestaltet wurde, und dem anschlie\u00dfenden architektonischen Eingriff, der von Gian Galeazzo Visconti anl\u00e4sslich des pl\u00f6tzlichen Endes der Pest, die die Stadt Mailand 1399 auf dramatische Weise heimgesucht hatte, gef\u00f6rdert wurde.<\/p>\n<p style=\"text-align: center;\">Ein Must ist der \u201eVicolo dei Lavandai\u201c, das ber\u00fchmteste der Mail\u00e4nder Waschh\u00e4user, das bis Ende der 1950er Jahre aktiv war. Das k\u00fcrzlich restaurierte Waschhaus erinnert an die harte Arbeit der W\u00e4scherinnen, die auf dem h\u00f6lzernen &#8222;brellin&#8220; kniend ihre W\u00e4sche an den noch in der Gasse vorhandenen steinernen Gestellen rieben.<br \/>\nOder der Palazzo Galloni, ein Geb\u00e4ude mit einer gro\u00dfen, komplexen Struktur, das im 17. Jahrhundert einer wohlhabenden b\u00fcrgerlichen Familie geh\u00f6rte. Die Fassade wird von einem niedrigen Geb\u00e4ude gepr\u00e4gt, das fr\u00fcher als Lager f\u00fcr die Schifffahrt auf dem Naviglio diente und heute das 1975 gegr\u00fcndete Centro dell&#8217;incisione beherbergt.<\/p>\n<p style=\"text-align: center;\">Und schlie\u00dflich die Darsena, die bis in die 1970er Jahre ein echter historischer Umschlagplatz f\u00fcr die Stadt Mailand war.<strong><br \/>\n<\/strong>Die Darsena wurde f\u00fcr die Expo 2015 komplett umgestaltet und zu einem der modernsten und avantgardistischsten Orte der Stadt, dem Zentrum des Nachtlebens und der Abendunterhaltung. Durch die j\u00fcngsten Arbeiten wurde die Darsena der Stadt zur\u00fcckgegeben und ein Teil des alten Wasserwegenetzes wiederhergestellt, so dass sie nun wieder das pulsierende Herz Mailands und ein Treffpunkt f\u00fcr die B\u00fcrger ist, wo man am Ende der F\u00fchrung einen Aperitif in einer der zahlreichen historischen Bars in den Navigli oder in den neuen Streetfood-Lokalen der Stadt genie\u00dfen kann.<\/p>\n<p style=\"text-align: center;\">Die gef\u00fchrte Bootstour auf den Navigli erm\u00f6glicht es Ihnen, ein besonders charakteristisches Gebiet von Mailand auf originelle, bequeme und unterhaltsame Weise zu beobachten und dabei seine Geschichte, Kuriosit\u00e4ten und Traditionen zu entdecken. Eine Reise durch die Vergangenheit, die Gegenwart und die Zukunft, um die Wandlungen von Mailand, der Stadt des Wassers, zu entdecken.<\/p>\n","protected":false},"excerpt":{"rendered":"<p>Die Schifffahrt auf den Mail\u00e4nder Navigli ist ein unverzichtbares Erlebnis, um die Geschichte und die Geografie der Mail\u00e4nder Navigli aus einem ungew\u00f6hnlichen und originellen Blickwinkel zu entdecken und wiederzuentdecken, w\u00e4hrend man in aller Ruhe an Bord eines Bootes sitzt. Auf Anfrage kann VersoVerde eine angenehme Tour durch die Darsena organisieren. Entlang des Flusses k\u00f6nnen Sie [&hellip;]<\/p>\n","protected":false},"author":13,"featured_media":0,"parent":620,"menu_order":30,"comment_status":"closed","ping_status":"closed","template":"","meta":{"footnotes":""},"class_list":["post-629","page","type-page","status-publish","hentry"],"yoast_head":"<!-- This site is optimized with the Yoast SEO plugin v26.9 - https:\/\/yoast.com\/product\/yoast-seo-wordpress\/ -->\n<title>Schifffahrt auf dem Naviglio Grande &#8226; Verso Verde Milano &#8226;<\/title>\n<meta name=\"description\" content=\"Die Schifffahrt auf den Mail\u00e4nder Navigli ist ein unverzichtbares Erlebnis, um die Geschichte und die Geografie der Mail\u00e4nder Navigli aus einem ungew\u00f6hnlichen und originellen Blickwinkel zu entdecken und wiederzuentdecken, w\u00e4hrend man in aller Ruhe an Bord eines Bootes sitzt. Auf Anfrage kann VersoVerde eine angenehme Tour durch die Darsena organisieren. Entlang des Flusses k\u00f6nnen Sie auf einigen historischen Abschnitten der Navigli spazieren gehen, die einst von Lastk\u00e4hnen \u00fcberquert wurden, die die Stadt Mailand mit einer Vielzahl von Waren versorgten, darunter auch der ber\u00fchmte Candoglia-Marmor, der f\u00fcr die \u201eVeneranda Fabbrica del Duomo\u201c bestimmt war. Nur wenige Meter von VersoVerde entfernt kann man die einzigartige Doppelkirche San Cristoforo bewundern. bestehend aus dem ersten romanischen Kern, der im 14\" \/>\n<meta name=\"robots\" content=\"index, follow, max-snippet:-1, max-image-preview:large, max-video-preview:-1\" \/>\n<link rel=\"canonical\" href=\"https:\/\/www.versoverde.it\/de\/experiences\/schifffahrt-auf-dem-naviglio-grande\/\" \/>\n<meta property=\"og:locale\" content=\"de_DE\" \/>\n<meta property=\"og:type\" content=\"article\" \/>\n<meta property=\"og:title\" content=\"Schifffahrt auf dem Naviglio Grande &#8226; Verso Verde Milano &#8226;\" \/>\n<meta property=\"og:description\" content=\"Die Schifffahrt auf den Mail\u00e4nder Navigli ist ein unverzichtbares Erlebnis, um die Geschichte und die Geografie der Mail\u00e4nder Navigli aus einem ungew\u00f6hnlichen und originellen Blickwinkel zu entdecken und wiederzuentdecken, w\u00e4hrend man in aller Ruhe an Bord eines Bootes sitzt. Auf Anfrage kann VersoVerde eine angenehme Tour durch die Darsena organisieren. Entlang des Flusses k\u00f6nnen Sie auf einigen historischen Abschnitten der Navigli spazieren gehen, die einst von Lastk\u00e4hnen \u00fcberquert wurden, die die Stadt Mailand mit einer Vielzahl von Waren versorgten, darunter auch der ber\u00fchmte Candoglia-Marmor, der f\u00fcr die \u201eVeneranda Fabbrica del Duomo\u201c bestimmt war. Nur wenige Meter von VersoVerde entfernt kann man die einzigartige Doppelkirche San Cristoforo bewundern. bestehend aus dem ersten romanischen Kern, der im 14\" \/>\n<meta property=\"og:url\" content=\"https:\/\/www.versoverde.it\/de\/experiences\/schifffahrt-auf-dem-naviglio-grande\/\" \/>\n<meta property=\"og:site_name\" content=\"Verso Verde Milano\" \/>\n<meta name=\"twitter:card\" content=\"summary_large_image\" \/>\n<meta name=\"twitter:label1\" content=\"Gesch\u00e4tzte Lesezeit\" \/>\n\t<meta name=\"twitter:data1\" content=\"2 Minuten\" \/>\n<script type=\"application\/ld+json\" class=\"yoast-schema-graph\">{\"@context\":\"https:\/\/schema.org\",\"@graph\":[{\"@type\":\"WebPage\",\"@id\":\"https:\/\/www.versoverde.it\/de\/experiences\/schifffahrt-auf-dem-naviglio-grande\/\",\"url\":\"https:\/\/www.versoverde.it\/de\/experiences\/schifffahrt-auf-dem-naviglio-grande\/\",\"name\":\"Schifffahrt auf dem Naviglio Grande &#8226; Verso Verde Milano &#8226;\",\"isPartOf\":{\"@id\":\"https:\/\/www.versoverde.it\/de\/#website\"},\"datePublished\":\"2022-04-27T14:50:21+00:00\",\"description\":\"Die Schifffahrt auf den Mail\u00e4nder Navigli ist ein unverzichtbares Erlebnis, um die Geschichte und die Geografie der Mail\u00e4nder Navigli aus einem ungew\u00f6hnlichen und originellen Blickwinkel zu entdecken und wiederzuentdecken, w\u00e4hrend man in aller Ruhe an Bord eines Bootes sitzt. Auf Anfrage kann VersoVerde eine angenehme Tour durch die Darsena organisieren. Entlang des Flusses k\u00f6nnen Sie auf einigen historischen Abschnitten der Navigli spazieren gehen, die einst von Lastk\u00e4hnen \u00fcberquert wurden, die die Stadt Mailand mit einer Vielzahl von Waren versorgten, darunter auch der ber\u00fchmte Candoglia-Marmor, der f\u00fcr die \u201eVeneranda Fabbrica del Duomo\u201c bestimmt war. Nur wenige Meter von VersoVerde entfernt kann man die einzigartige Doppelkirche San Cristoforo bewundern. bestehend aus dem ersten romanischen Kern, der im 14\",\"breadcrumb\":{\"@id\":\"https:\/\/www.versoverde.it\/de\/experiences\/schifffahrt-auf-dem-naviglio-grande\/#breadcrumb\"},\"inLanguage\":\"de-DE\",\"potentialAction\":[{\"@type\":\"ReadAction\",\"target\":[\"https:\/\/www.versoverde.it\/de\/experiences\/schifffahrt-auf-dem-naviglio-grande\/\"]}]},{\"@type\":\"BreadcrumbList\",\"@id\":\"https:\/\/www.versoverde.it\/de\/experiences\/schifffahrt-auf-dem-naviglio-grande\/#breadcrumb\",\"itemListElement\":[{\"@type\":\"ListItem\",\"position\":1,\"name\":\"Home\",\"item\":\"https:\/\/www.versoverde.it\/de\/\"},{\"@type\":\"ListItem\",\"position\":2,\"name\":\"Experiences\",\"item\":\"https:\/\/www.versoverde.it\/de\/experiences\/\"},{\"@type\":\"ListItem\",\"position\":3,\"name\":\"Schifffahrt auf dem Naviglio Grande\"}]},{\"@type\":\"WebSite\",\"@id\":\"https:\/\/www.versoverde.it\/de\/#website\",\"url\":\"https:\/\/www.versoverde.it\/de\/\",\"name\":\"Verso Verde Milano\",\"description\":\"Ecco un altro sito ms.decms.eu\",\"potentialAction\":[{\"@type\":\"SearchAction\",\"target\":{\"@type\":\"EntryPoint\",\"urlTemplate\":\"https:\/\/www.versoverde.it\/de\/?s={search_term_string}\"},\"query-input\":{\"@type\":\"PropertyValueSpecification\",\"valueRequired\":true,\"valueName\":\"search_term_string\"}}],\"inLanguage\":\"de-DE\"}]}<\/script>\n<!-- \/ Yoast SEO plugin. -->","yoast_head_json":{"title":"Schifffahrt auf dem Naviglio Grande &#8226; Verso Verde Milano &#8226;","description":"Die Schifffahrt auf den Mail\u00e4nder Navigli ist ein unverzichtbares Erlebnis, um die Geschichte und die Geografie der Mail\u00e4nder Navigli aus einem ungew\u00f6hnlichen und originellen Blickwinkel zu entdecken und wiederzuentdecken, w\u00e4hrend man in aller Ruhe an Bord eines Bootes sitzt. Auf Anfrage kann VersoVerde eine angenehme Tour durch die Darsena organisieren. Entlang des Flusses k\u00f6nnen Sie auf einigen historischen Abschnitten der Navigli spazieren gehen, die einst von Lastk\u00e4hnen \u00fcberquert wurden, die die Stadt Mailand mit einer Vielzahl von Waren versorgten, darunter auch der ber\u00fchmte Candoglia-Marmor, der f\u00fcr die \u201eVeneranda Fabbrica del Duomo\u201c bestimmt war. Nur wenige Meter von VersoVerde entfernt kann man die einzigartige Doppelkirche San Cristoforo bewundern. bestehend aus dem ersten romanischen Kern, der im 14","robots":{"index":"index","follow":"follow","max-snippet":"max-snippet:-1","max-image-preview":"max-image-preview:large","max-video-preview":"max-video-preview:-1"},"canonical":"https:\/\/www.versoverde.it\/de\/experiences\/schifffahrt-auf-dem-naviglio-grande\/","og_locale":"de_DE","og_type":"article","og_title":"Schifffahrt auf dem Naviglio Grande &#8226; Verso Verde Milano &#8226;","og_description":"Die Schifffahrt auf den Mail\u00e4nder Navigli ist ein unverzichtbares Erlebnis, um die Geschichte und die Geografie der Mail\u00e4nder Navigli aus einem ungew\u00f6hnlichen und originellen Blickwinkel zu entdecken und wiederzuentdecken, w\u00e4hrend man in aller Ruhe an Bord eines Bootes sitzt. Auf Anfrage kann VersoVerde eine angenehme Tour durch die Darsena organisieren. Entlang des Flusses k\u00f6nnen Sie auf einigen historischen Abschnitten der Navigli spazieren gehen, die einst von Lastk\u00e4hnen \u00fcberquert wurden, die die Stadt Mailand mit einer Vielzahl von Waren versorgten, darunter auch der ber\u00fchmte Candoglia-Marmor, der f\u00fcr die \u201eVeneranda Fabbrica del Duomo\u201c bestimmt war. Nur wenige Meter von VersoVerde entfernt kann man die einzigartige Doppelkirche San Cristoforo bewundern. bestehend aus dem ersten romanischen Kern, der im 14","og_url":"https:\/\/www.versoverde.it\/de\/experiences\/schifffahrt-auf-dem-naviglio-grande\/","og_site_name":"Verso Verde Milano","twitter_card":"summary_large_image","twitter_misc":{"Gesch\u00e4tzte Lesezeit":"2 Minuten"},"schema":{"@context":"https:\/\/schema.org","@graph":[{"@type":"WebPage","@id":"https:\/\/www.versoverde.it\/de\/experiences\/schifffahrt-auf-dem-naviglio-grande\/","url":"https:\/\/www.versoverde.it\/de\/experiences\/schifffahrt-auf-dem-naviglio-grande\/","name":"Schifffahrt auf dem Naviglio Grande &#8226; Verso Verde Milano &#8226;","isPartOf":{"@id":"https:\/\/www.versoverde.it\/de\/#website"},"datePublished":"2022-04-27T14:50:21+00:00","description":"Die Schifffahrt auf den Mail\u00e4nder Navigli ist ein unverzichtbares Erlebnis, um die Geschichte und die Geografie der Mail\u00e4nder Navigli aus einem ungew\u00f6hnlichen und originellen Blickwinkel zu entdecken und wiederzuentdecken, w\u00e4hrend man in aller Ruhe an Bord eines Bootes sitzt. Auf Anfrage kann VersoVerde eine angenehme Tour durch die Darsena organisieren. Entlang des Flusses k\u00f6nnen Sie auf einigen historischen Abschnitten der Navigli spazieren gehen, die einst von Lastk\u00e4hnen \u00fcberquert wurden, die die Stadt Mailand mit einer Vielzahl von Waren versorgten, darunter auch der ber\u00fchmte Candoglia-Marmor, der f\u00fcr die \u201eVeneranda Fabbrica del Duomo\u201c bestimmt war. Nur wenige Meter von VersoVerde entfernt kann man die einzigartige Doppelkirche San Cristoforo bewundern. bestehend aus dem ersten romanischen Kern, der im 14","breadcrumb":{"@id":"https:\/\/www.versoverde.it\/de\/experiences\/schifffahrt-auf-dem-naviglio-grande\/#breadcrumb"},"inLanguage":"de-DE","potentialAction":[{"@type":"ReadAction","target":["https:\/\/www.versoverde.it\/de\/experiences\/schifffahrt-auf-dem-naviglio-grande\/"]}]},{"@type":"BreadcrumbList","@id":"https:\/\/www.versoverde.it\/de\/experiences\/schifffahrt-auf-dem-naviglio-grande\/#breadcrumb","itemListElement":[{"@type":"ListItem","position":1,"name":"Home","item":"https:\/\/www.versoverde.it\/de\/"},{"@type":"ListItem","position":2,"name":"Experiences","item":"https:\/\/www.versoverde.it\/de\/experiences\/"},{"@type":"ListItem","position":3,"name":"Schifffahrt auf dem Naviglio Grande"}]},{"@type":"WebSite","@id":"https:\/\/www.versoverde.it\/de\/#website","url":"https:\/\/www.versoverde.it\/de\/","name":"Verso Verde Milano","description":"Ecco un altro sito ms.decms.eu","potentialAction":[{"@type":"SearchAction","target":{"@type":"EntryPoint","urlTemplate":"https:\/\/www.versoverde.it\/de\/?s={search_term_string}"},"query-input":{"@type":"PropertyValueSpecification","valueRequired":true,"valueName":"search_term_string"}}],"inLanguage":"de-DE"}]}},"acf":[],"_links":{"self":[{"href":"https:\/\/www.versoverde.it\/de\/wp-json\/wp\/v2\/pages\/629","targetHints":{"allow":["GET"]}}],"collection":[{"href":"https:\/\/www.versoverde.it\/de\/wp-json\/wp\/v2\/pages"}],"about":[{"href":"https:\/\/www.versoverde.it\/de\/wp-json\/wp\/v2\/types\/page"}],"author":[{"embeddable":true,"href":"https:\/\/www.versoverde.it\/de\/wp-json\/wp\/v2\/users\/13"}],"replies":[{"embeddable":true,"href":"https:\/\/www.versoverde.it\/de\/wp-json\/wp\/v2\/comments?post=629"}],"version-history":[{"count":0,"href":"https:\/\/www.versoverde.it\/de\/wp-json\/wp\/v2\/pages\/629\/revisions"}],"up":[{"embeddable":true,"href":"https:\/\/www.versoverde.it\/de\/wp-json\/wp\/v2\/pages\/620"}],"wp:attachment":[{"href":"https:\/\/www.versoverde.it\/de\/wp-json\/wp\/v2\/media?parent=629"}],"curies":[{"name":"wp","href":"https:\/\/api.w.org\/{rel}","templated":true}]}}