{"id":633,"date":"2022-04-27T17:29:47","date_gmt":"2022-04-27T15:29:47","guid":{"rendered":"https:\/\/www.versoverde.it\/?page_id=633"},"modified":"2022-12-06T15:13:49","modified_gmt":"2022-12-06T14:13:49","slug":"historische-s-bahn-nr-2","status":"publish","type":"page","link":"https:\/\/www.versoverde.it\/de\/experiences\/historische-s-bahn-nr-2\/","title":{"rendered":"Historische S-Bahn Nr. 2"},"content":{"rendered":"<p style=\"text-align: center\">Nur wenige Schritte von VersoVerde entfernt h\u00e4lt die Stra\u00dfenbahn Nr. 2, eine der historischen Stra\u00dfenbahnen Mailands, die eine einzigartige Route zwischen Kirchen und Denkm\u00e4lern zur\u00fccklegt.<\/p>\n<p style=\"text-align: center\">Die Stra\u00dfenbahnlinie 2 durchquert n\u00e4mlich ganz Mailand und erm\u00f6glicht es Ihnen, eindrucksvolle Ansichten zu sehen, wie die Kirche San Cristoforo, die sich direkt vor der n\u00e4chsten Haltestelle befindet, das Carrobbio und die ber\u00fchmten Colonne di San Lorenzo mit der Basilika, die Via Torino mit ihren Geb\u00e4uden aus dem 19. Jahrhundert, den Dom, das Teatro alla Scala, das Castello Sforzesco, den Acquario Civico, die Arena Civica Gianni Brera und den Cimitero Monumentale.<\/p>\n","protected":false},"excerpt":{"rendered":"<p>Nur wenige Schritte von VersoVerde entfernt h\u00e4lt die Stra\u00dfenbahn Nr. 2, eine der historischen Stra\u00dfenbahnen Mailands, die eine einzigartige Route zwischen Kirchen und Denkm\u00e4lern zur\u00fccklegt. Die Stra\u00dfenbahnlinie 2 durchquert n\u00e4mlich ganz Mailand und erm\u00f6glicht es Ihnen, eindrucksvolle Ansichten zu sehen, wie die Kirche San Cristoforo, die sich direkt vor der n\u00e4chsten Haltestelle befindet, das Carrobbio [&hellip;]<\/p>\n","protected":false},"author":13,"featured_media":0,"parent":620,"menu_order":50,"comment_status":"closed","ping_status":"closed","template":"","meta":{"footnotes":""},"class_list":["post-633","page","type-page","status-publish","hentry"],"yoast_head":"<!-- This site is optimized with the Yoast SEO plugin v26.9 - https:\/\/yoast.com\/product\/yoast-seo-wordpress\/ -->\n<title>Historische S-Bahn Nr. 2 &#8226; Verso Verde Milano &#8226;<\/title>\n<meta name=\"description\" content=\"Nur wenige Schritte von VersoVerde entfernt h\u00e4lt die Stra\u00dfenbahn Nr. 2, eine der historischen Stra\u00dfenbahnen Mailands, die eine einzigartige Route zwischen Kirchen und Denkm\u00e4lern zur\u00fccklegt. Die Stra\u00dfenbahnlinie 2 durchquert n\u00e4mlich ganz Mailand und erm\u00f6glicht es Ihnen, eindrucksvolle Ansichten zu sehen, wie die Kirche San Cristoforo, die sich direkt vor der n\u00e4chsten Haltestelle befindet, das Carrobbio und die ber\u00fchmten Colonne di San Lorenzo mit der Basilika, die Via Torino mit ihren Geb\u00e4uden aus dem 19\" \/>\n<meta name=\"robots\" content=\"index, follow, max-snippet:-1, max-image-preview:large, max-video-preview:-1\" \/>\n<link rel=\"canonical\" href=\"https:\/\/www.versoverde.it\/de\/experiences\/historische-s-bahn-nr-2\/\" \/>\n<meta property=\"og:locale\" content=\"de_DE\" \/>\n<meta property=\"og:type\" content=\"article\" \/>\n<meta property=\"og:title\" content=\"Historische S-Bahn Nr. 2 &#8226; Verso Verde Milano &#8226;\" \/>\n<meta property=\"og:description\" content=\"Nur wenige Schritte von VersoVerde entfernt h\u00e4lt die Stra\u00dfenbahn Nr. 2, eine der historischen Stra\u00dfenbahnen Mailands, die eine einzigartige Route zwischen Kirchen und Denkm\u00e4lern zur\u00fccklegt. Die Stra\u00dfenbahnlinie 2 durchquert n\u00e4mlich ganz Mailand und erm\u00f6glicht es Ihnen, eindrucksvolle Ansichten zu sehen, wie die Kirche San Cristoforo, die sich direkt vor der n\u00e4chsten Haltestelle befindet, das Carrobbio und die ber\u00fchmten Colonne di San Lorenzo mit der Basilika, die Via Torino mit ihren Geb\u00e4uden aus dem 19\" \/>\n<meta property=\"og:url\" content=\"https:\/\/www.versoverde.it\/de\/experiences\/historische-s-bahn-nr-2\/\" \/>\n<meta property=\"og:site_name\" content=\"Verso Verde Milano\" \/>\n<meta property=\"article:modified_time\" content=\"2022-12-06T14:13:49+00:00\" \/>\n<meta name=\"twitter:card\" content=\"summary_large_image\" \/>\n<meta name=\"twitter:label1\" content=\"Gesch\u00e4tzte Lesezeit\" \/>\n\t<meta name=\"twitter:data1\" content=\"1 Minute\" \/>\n<script type=\"application\/ld+json\" class=\"yoast-schema-graph\">{\"@context\":\"https:\/\/schema.org\",\"@graph\":[{\"@type\":\"WebPage\",\"@id\":\"https:\/\/www.versoverde.it\/de\/experiences\/historische-s-bahn-nr-2\/\",\"url\":\"https:\/\/www.versoverde.it\/de\/experiences\/historische-s-bahn-nr-2\/\",\"name\":\"Historische S-Bahn Nr. 2 &#8226; Verso Verde Milano &#8226;\",\"isPartOf\":{\"@id\":\"https:\/\/www.versoverde.it\/de\/#website\"},\"datePublished\":\"2022-04-27T15:29:47+00:00\",\"dateModified\":\"2022-12-06T14:13:49+00:00\",\"description\":\"Nur wenige Schritte von VersoVerde entfernt h\u00e4lt die Stra\u00dfenbahn Nr. 2, eine der historischen Stra\u00dfenbahnen Mailands, die eine einzigartige Route zwischen Kirchen und Denkm\u00e4lern zur\u00fccklegt. Die Stra\u00dfenbahnlinie 2 durchquert n\u00e4mlich ganz Mailand und erm\u00f6glicht es Ihnen, eindrucksvolle Ansichten zu sehen, wie die Kirche San Cristoforo, die sich direkt vor der n\u00e4chsten Haltestelle befindet, das Carrobbio und die ber\u00fchmten Colonne di San Lorenzo mit der Basilika, die Via Torino mit ihren Geb\u00e4uden aus dem 19\",\"breadcrumb\":{\"@id\":\"https:\/\/www.versoverde.it\/de\/experiences\/historische-s-bahn-nr-2\/#breadcrumb\"},\"inLanguage\":\"de-DE\",\"potentialAction\":[{\"@type\":\"ReadAction\",\"target\":[\"https:\/\/www.versoverde.it\/de\/experiences\/historische-s-bahn-nr-2\/\"]}]},{\"@type\":\"BreadcrumbList\",\"@id\":\"https:\/\/www.versoverde.it\/de\/experiences\/historische-s-bahn-nr-2\/#breadcrumb\",\"itemListElement\":[{\"@type\":\"ListItem\",\"position\":1,\"name\":\"Home\",\"item\":\"https:\/\/www.versoverde.it\/de\/\"},{\"@type\":\"ListItem\",\"position\":2,\"name\":\"Experiences\",\"item\":\"https:\/\/www.versoverde.it\/de\/experiences\/\"},{\"@type\":\"ListItem\",\"position\":3,\"name\":\"Historische S-Bahn Nr. 2\"}]},{\"@type\":\"WebSite\",\"@id\":\"https:\/\/www.versoverde.it\/de\/#website\",\"url\":\"https:\/\/www.versoverde.it\/de\/\",\"name\":\"Verso Verde Milano\",\"description\":\"Ecco un altro sito ms.decms.eu\",\"potentialAction\":[{\"@type\":\"SearchAction\",\"target\":{\"@type\":\"EntryPoint\",\"urlTemplate\":\"https:\/\/www.versoverde.it\/de\/?s={search_term_string}\"},\"query-input\":{\"@type\":\"PropertyValueSpecification\",\"valueRequired\":true,\"valueName\":\"search_term_string\"}}],\"inLanguage\":\"de-DE\"}]}<\/script>\n<!-- \/ Yoast SEO plugin. -->","yoast_head_json":{"title":"Historische S-Bahn Nr. 2 &#8226; Verso Verde Milano &#8226;","description":"Nur wenige Schritte von VersoVerde entfernt h\u00e4lt die Stra\u00dfenbahn Nr. 2, eine der historischen Stra\u00dfenbahnen Mailands, die eine einzigartige Route zwischen Kirchen und Denkm\u00e4lern zur\u00fccklegt. Die Stra\u00dfenbahnlinie 2 durchquert n\u00e4mlich ganz Mailand und erm\u00f6glicht es Ihnen, eindrucksvolle Ansichten zu sehen, wie die Kirche San Cristoforo, die sich direkt vor der n\u00e4chsten Haltestelle befindet, das Carrobbio und die ber\u00fchmten Colonne di San Lorenzo mit der Basilika, die Via Torino mit ihren Geb\u00e4uden aus dem 19","robots":{"index":"index","follow":"follow","max-snippet":"max-snippet:-1","max-image-preview":"max-image-preview:large","max-video-preview":"max-video-preview:-1"},"canonical":"https:\/\/www.versoverde.it\/de\/experiences\/historische-s-bahn-nr-2\/","og_locale":"de_DE","og_type":"article","og_title":"Historische S-Bahn Nr. 2 &#8226; Verso Verde Milano &#8226;","og_description":"Nur wenige Schritte von VersoVerde entfernt h\u00e4lt die Stra\u00dfenbahn Nr. 2, eine der historischen Stra\u00dfenbahnen Mailands, die eine einzigartige Route zwischen Kirchen und Denkm\u00e4lern zur\u00fccklegt. Die Stra\u00dfenbahnlinie 2 durchquert n\u00e4mlich ganz Mailand und erm\u00f6glicht es Ihnen, eindrucksvolle Ansichten zu sehen, wie die Kirche San Cristoforo, die sich direkt vor der n\u00e4chsten Haltestelle befindet, das Carrobbio und die ber\u00fchmten Colonne di San Lorenzo mit der Basilika, die Via Torino mit ihren Geb\u00e4uden aus dem 19","og_url":"https:\/\/www.versoverde.it\/de\/experiences\/historische-s-bahn-nr-2\/","og_site_name":"Verso Verde Milano","article_modified_time":"2022-12-06T14:13:49+00:00","twitter_card":"summary_large_image","twitter_misc":{"Gesch\u00e4tzte Lesezeit":"1 Minute"},"schema":{"@context":"https:\/\/schema.org","@graph":[{"@type":"WebPage","@id":"https:\/\/www.versoverde.it\/de\/experiences\/historische-s-bahn-nr-2\/","url":"https:\/\/www.versoverde.it\/de\/experiences\/historische-s-bahn-nr-2\/","name":"Historische S-Bahn Nr. 2 &#8226; Verso Verde Milano &#8226;","isPartOf":{"@id":"https:\/\/www.versoverde.it\/de\/#website"},"datePublished":"2022-04-27T15:29:47+00:00","dateModified":"2022-12-06T14:13:49+00:00","description":"Nur wenige Schritte von VersoVerde entfernt h\u00e4lt die Stra\u00dfenbahn Nr. 2, eine der historischen Stra\u00dfenbahnen Mailands, die eine einzigartige Route zwischen Kirchen und Denkm\u00e4lern zur\u00fccklegt. Die Stra\u00dfenbahnlinie 2 durchquert n\u00e4mlich ganz Mailand und erm\u00f6glicht es Ihnen, eindrucksvolle Ansichten zu sehen, wie die Kirche San Cristoforo, die sich direkt vor der n\u00e4chsten Haltestelle befindet, das Carrobbio und die ber\u00fchmten Colonne di San Lorenzo mit der Basilika, die Via Torino mit ihren Geb\u00e4uden aus dem 19","breadcrumb":{"@id":"https:\/\/www.versoverde.it\/de\/experiences\/historische-s-bahn-nr-2\/#breadcrumb"},"inLanguage":"de-DE","potentialAction":[{"@type":"ReadAction","target":["https:\/\/www.versoverde.it\/de\/experiences\/historische-s-bahn-nr-2\/"]}]},{"@type":"BreadcrumbList","@id":"https:\/\/www.versoverde.it\/de\/experiences\/historische-s-bahn-nr-2\/#breadcrumb","itemListElement":[{"@type":"ListItem","position":1,"name":"Home","item":"https:\/\/www.versoverde.it\/de\/"},{"@type":"ListItem","position":2,"name":"Experiences","item":"https:\/\/www.versoverde.it\/de\/experiences\/"},{"@type":"ListItem","position":3,"name":"Historische S-Bahn Nr. 2"}]},{"@type":"WebSite","@id":"https:\/\/www.versoverde.it\/de\/#website","url":"https:\/\/www.versoverde.it\/de\/","name":"Verso Verde Milano","description":"Ecco un altro sito ms.decms.eu","potentialAction":[{"@type":"SearchAction","target":{"@type":"EntryPoint","urlTemplate":"https:\/\/www.versoverde.it\/de\/?s={search_term_string}"},"query-input":{"@type":"PropertyValueSpecification","valueRequired":true,"valueName":"search_term_string"}}],"inLanguage":"de-DE"}]}},"acf":[],"_links":{"self":[{"href":"https:\/\/www.versoverde.it\/de\/wp-json\/wp\/v2\/pages\/633","targetHints":{"allow":["GET"]}}],"collection":[{"href":"https:\/\/www.versoverde.it\/de\/wp-json\/wp\/v2\/pages"}],"about":[{"href":"https:\/\/www.versoverde.it\/de\/wp-json\/wp\/v2\/types\/page"}],"author":[{"embeddable":true,"href":"https:\/\/www.versoverde.it\/de\/wp-json\/wp\/v2\/users\/13"}],"replies":[{"embeddable":true,"href":"https:\/\/www.versoverde.it\/de\/wp-json\/wp\/v2\/comments?post=633"}],"version-history":[{"count":0,"href":"https:\/\/www.versoverde.it\/de\/wp-json\/wp\/v2\/pages\/633\/revisions"}],"up":[{"embeddable":true,"href":"https:\/\/www.versoverde.it\/de\/wp-json\/wp\/v2\/pages\/620"}],"wp:attachment":[{"href":"https:\/\/www.versoverde.it\/de\/wp-json\/wp\/v2\/media?parent=633"}],"curies":[{"name":"wp","href":"https:\/\/api.w.org\/{rel}","templated":true}]}}