{"id":643,"date":"2022-04-27T17:33:23","date_gmt":"2022-04-27T15:33:23","guid":{"rendered":"https:\/\/www.versoverde.it\/?page_id=643"},"modified":"2022-04-27T17:33:23","modified_gmt":"2022-04-27T15:33:23","slug":"corporate-events","status":"publish","type":"page","link":"https:\/\/www.versoverde.it\/de\/events\/corporate-events\/","title":{"rendered":"Corporate Events"},"content":{"rendered":"<p style=\"text-align: center;\">F\u00fcr Ihre Firmen Events, Press day oder Meetings.<\/p>\n<p style=\"text-align: center;\">In unseren R\u00e4umen k\u00f6nnen Sie verschiedene Business-Services, gr\u00fcne Besprechungsbereiche, Smart Monitors, Personalisierung, Backdrop, Roll-ups und vieles mehr in Anspruch nehmen.<\/p>\n<p style=\"text-align: center;\">Unser Restaurant bietet einen Coffee Break Service mit Kaffee, frischen Extrakten und hausgemachten Kuchen sowie Gesch\u00e4ftsessen mit leichten und schmackhaften Gerichten an, die Sie durch einen anstrengenden Nachmittag mit Meetings bringen.<\/p>\n<p style=\"text-align: center;\">Es ist auch m\u00f6glich, unsere Wohnungen f\u00fcr private Treffen und Kleingruppenkurse zu mieten. Bei VersoVerde finden Sie schnelle und stabile Verbindungen und modernsten Monitors.<\/p>\n","protected":false},"excerpt":{"rendered":"<p>F\u00fcr Ihre Firmen Events, Press day oder Meetings. In unseren R\u00e4umen k\u00f6nnen Sie verschiedene Business-Services, gr\u00fcne Besprechungsbereiche, Smart Monitors, Personalisierung, Backdrop, Roll-ups und vieles mehr in Anspruch nehmen. Unser Restaurant bietet einen Coffee Break Service mit Kaffee, frischen Extrakten und hausgemachten Kuchen sowie Gesch\u00e4ftsessen mit leichten und schmackhaften Gerichten an, die Sie durch einen anstrengenden [&hellip;]<\/p>\n","protected":false},"author":13,"featured_media":0,"parent":637,"menu_order":20,"comment_status":"closed","ping_status":"closed","template":"","meta":{"footnotes":""},"class_list":["post-643","page","type-page","status-publish","hentry"],"yoast_head":"<!-- This site is optimized with the Yoast SEO plugin v26.9 - https:\/\/yoast.com\/product\/yoast-seo-wordpress\/ -->\n<title>Corporate Events &#8226; Verso Verde Milano &#8226;<\/title>\n<meta name=\"description\" content=\"F\u00fcr Ihre Firmen Events, Press day oder Meetings. In unseren R\u00e4umen k\u00f6nnen Sie verschiedene Business-Services, gr\u00fcne Besprechungsbereiche, Smart Monitors, Personalisierung, Backdrop, Roll-ups und vieles mehr in Anspruch nehmen. Unser Restaurant bietet einen Coffee Break Service mit Kaffee, frischen Extrakten und hausgemachten Kuchen sowie Gesch\u00e4ftsessen mit leichten und schmackhaften Gerichten an, die Sie durch einen anstrengenden Nachmittag mit Meetings bringen. Es ist auch m\u00f6glich, unsere Wohnungen f\u00fcr private Treffen und Kleingruppenkurse zu mieten. Bei VersoVerde finden Sie schnelle und stabile Verbindungen und modernsten Monitors.\" \/>\n<meta name=\"robots\" content=\"index, follow, max-snippet:-1, max-image-preview:large, max-video-preview:-1\" \/>\n<link rel=\"canonical\" href=\"https:\/\/www.versoverde.it\/de\/events\/corporate-events\/\" \/>\n<meta property=\"og:locale\" content=\"de_DE\" \/>\n<meta property=\"og:type\" content=\"article\" \/>\n<meta property=\"og:title\" content=\"Corporate Events &#8226; Verso Verde Milano &#8226;\" \/>\n<meta property=\"og:description\" content=\"F\u00fcr Ihre Firmen Events, Press day oder Meetings. In unseren R\u00e4umen k\u00f6nnen Sie verschiedene Business-Services, gr\u00fcne Besprechungsbereiche, Smart Monitors, Personalisierung, Backdrop, Roll-ups und vieles mehr in Anspruch nehmen. Unser Restaurant bietet einen Coffee Break Service mit Kaffee, frischen Extrakten und hausgemachten Kuchen sowie Gesch\u00e4ftsessen mit leichten und schmackhaften Gerichten an, die Sie durch einen anstrengenden Nachmittag mit Meetings bringen. Es ist auch m\u00f6glich, unsere Wohnungen f\u00fcr private Treffen und Kleingruppenkurse zu mieten. Bei VersoVerde finden Sie schnelle und stabile Verbindungen und modernsten Monitors.\" \/>\n<meta property=\"og:url\" content=\"https:\/\/www.versoverde.it\/de\/events\/corporate-events\/\" \/>\n<meta property=\"og:site_name\" content=\"Verso Verde Milano\" \/>\n<meta name=\"twitter:card\" content=\"summary_large_image\" \/>\n<script type=\"application\/ld+json\" class=\"yoast-schema-graph\">{\"@context\":\"https:\/\/schema.org\",\"@graph\":[{\"@type\":\"WebPage\",\"@id\":\"https:\/\/www.versoverde.it\/de\/events\/corporate-events\/\",\"url\":\"https:\/\/www.versoverde.it\/de\/events\/corporate-events\/\",\"name\":\"Corporate Events &#8226; Verso Verde Milano &#8226;\",\"isPartOf\":{\"@id\":\"https:\/\/www.versoverde.it\/de\/#website\"},\"datePublished\":\"2022-04-27T15:33:23+00:00\",\"description\":\"F\u00fcr Ihre Firmen Events, Press day oder Meetings. In unseren R\u00e4umen k\u00f6nnen Sie verschiedene Business-Services, gr\u00fcne Besprechungsbereiche, Smart Monitors, Personalisierung, Backdrop, Roll-ups und vieles mehr in Anspruch nehmen. Unser Restaurant bietet einen Coffee Break Service mit Kaffee, frischen Extrakten und hausgemachten Kuchen sowie Gesch\u00e4ftsessen mit leichten und schmackhaften Gerichten an, die Sie durch einen anstrengenden Nachmittag mit Meetings bringen. Es ist auch m\u00f6glich, unsere Wohnungen f\u00fcr private Treffen und Kleingruppenkurse zu mieten. Bei VersoVerde finden Sie schnelle und stabile Verbindungen und modernsten Monitors.\",\"breadcrumb\":{\"@id\":\"https:\/\/www.versoverde.it\/de\/events\/corporate-events\/#breadcrumb\"},\"inLanguage\":\"de-DE\",\"potentialAction\":[{\"@type\":\"ReadAction\",\"target\":[\"https:\/\/www.versoverde.it\/de\/events\/corporate-events\/\"]}]},{\"@type\":\"BreadcrumbList\",\"@id\":\"https:\/\/www.versoverde.it\/de\/events\/corporate-events\/#breadcrumb\",\"itemListElement\":[{\"@type\":\"ListItem\",\"position\":1,\"name\":\"Home\",\"item\":\"https:\/\/www.versoverde.it\/de\/\"},{\"@type\":\"ListItem\",\"position\":2,\"name\":\"Events\",\"item\":\"https:\/\/www.versoverde.it\/de\/events\/\"},{\"@type\":\"ListItem\",\"position\":3,\"name\":\"Corporate Events\"}]},{\"@type\":\"WebSite\",\"@id\":\"https:\/\/www.versoverde.it\/de\/#website\",\"url\":\"https:\/\/www.versoverde.it\/de\/\",\"name\":\"Verso Verde Milano\",\"description\":\"Ecco un altro sito ms.decms.eu\",\"potentialAction\":[{\"@type\":\"SearchAction\",\"target\":{\"@type\":\"EntryPoint\",\"urlTemplate\":\"https:\/\/www.versoverde.it\/de\/?s={search_term_string}\"},\"query-input\":{\"@type\":\"PropertyValueSpecification\",\"valueRequired\":true,\"valueName\":\"search_term_string\"}}],\"inLanguage\":\"de-DE\"}]}<\/script>\n<!-- \/ Yoast SEO plugin. -->","yoast_head_json":{"title":"Corporate Events &#8226; Verso Verde Milano &#8226;","description":"F\u00fcr Ihre Firmen Events, Press day oder Meetings. In unseren R\u00e4umen k\u00f6nnen Sie verschiedene Business-Services, gr\u00fcne Besprechungsbereiche, Smart Monitors, Personalisierung, Backdrop, Roll-ups und vieles mehr in Anspruch nehmen. Unser Restaurant bietet einen Coffee Break Service mit Kaffee, frischen Extrakten und hausgemachten Kuchen sowie Gesch\u00e4ftsessen mit leichten und schmackhaften Gerichten an, die Sie durch einen anstrengenden Nachmittag mit Meetings bringen. Es ist auch m\u00f6glich, unsere Wohnungen f\u00fcr private Treffen und Kleingruppenkurse zu mieten. Bei VersoVerde finden Sie schnelle und stabile Verbindungen und modernsten Monitors.","robots":{"index":"index","follow":"follow","max-snippet":"max-snippet:-1","max-image-preview":"max-image-preview:large","max-video-preview":"max-video-preview:-1"},"canonical":"https:\/\/www.versoverde.it\/de\/events\/corporate-events\/","og_locale":"de_DE","og_type":"article","og_title":"Corporate Events &#8226; Verso Verde Milano &#8226;","og_description":"F\u00fcr Ihre Firmen Events, Press day oder Meetings. In unseren R\u00e4umen k\u00f6nnen Sie verschiedene Business-Services, gr\u00fcne Besprechungsbereiche, Smart Monitors, Personalisierung, Backdrop, Roll-ups und vieles mehr in Anspruch nehmen. Unser Restaurant bietet einen Coffee Break Service mit Kaffee, frischen Extrakten und hausgemachten Kuchen sowie Gesch\u00e4ftsessen mit leichten und schmackhaften Gerichten an, die Sie durch einen anstrengenden Nachmittag mit Meetings bringen. Es ist auch m\u00f6glich, unsere Wohnungen f\u00fcr private Treffen und Kleingruppenkurse zu mieten. Bei VersoVerde finden Sie schnelle und stabile Verbindungen und modernsten Monitors.","og_url":"https:\/\/www.versoverde.it\/de\/events\/corporate-events\/","og_site_name":"Verso Verde Milano","twitter_card":"summary_large_image","schema":{"@context":"https:\/\/schema.org","@graph":[{"@type":"WebPage","@id":"https:\/\/www.versoverde.it\/de\/events\/corporate-events\/","url":"https:\/\/www.versoverde.it\/de\/events\/corporate-events\/","name":"Corporate Events &#8226; Verso Verde Milano &#8226;","isPartOf":{"@id":"https:\/\/www.versoverde.it\/de\/#website"},"datePublished":"2022-04-27T15:33:23+00:00","description":"F\u00fcr Ihre Firmen Events, Press day oder Meetings. In unseren R\u00e4umen k\u00f6nnen Sie verschiedene Business-Services, gr\u00fcne Besprechungsbereiche, Smart Monitors, Personalisierung, Backdrop, Roll-ups und vieles mehr in Anspruch nehmen. Unser Restaurant bietet einen Coffee Break Service mit Kaffee, frischen Extrakten und hausgemachten Kuchen sowie Gesch\u00e4ftsessen mit leichten und schmackhaften Gerichten an, die Sie durch einen anstrengenden Nachmittag mit Meetings bringen. Es ist auch m\u00f6glich, unsere Wohnungen f\u00fcr private Treffen und Kleingruppenkurse zu mieten. Bei VersoVerde finden Sie schnelle und stabile Verbindungen und modernsten Monitors.","breadcrumb":{"@id":"https:\/\/www.versoverde.it\/de\/events\/corporate-events\/#breadcrumb"},"inLanguage":"de-DE","potentialAction":[{"@type":"ReadAction","target":["https:\/\/www.versoverde.it\/de\/events\/corporate-events\/"]}]},{"@type":"BreadcrumbList","@id":"https:\/\/www.versoverde.it\/de\/events\/corporate-events\/#breadcrumb","itemListElement":[{"@type":"ListItem","position":1,"name":"Home","item":"https:\/\/www.versoverde.it\/de\/"},{"@type":"ListItem","position":2,"name":"Events","item":"https:\/\/www.versoverde.it\/de\/events\/"},{"@type":"ListItem","position":3,"name":"Corporate Events"}]},{"@type":"WebSite","@id":"https:\/\/www.versoverde.it\/de\/#website","url":"https:\/\/www.versoverde.it\/de\/","name":"Verso Verde Milano","description":"Ecco un altro sito ms.decms.eu","potentialAction":[{"@type":"SearchAction","target":{"@type":"EntryPoint","urlTemplate":"https:\/\/www.versoverde.it\/de\/?s={search_term_string}"},"query-input":{"@type":"PropertyValueSpecification","valueRequired":true,"valueName":"search_term_string"}}],"inLanguage":"de-DE"}]}},"acf":[],"_links":{"self":[{"href":"https:\/\/www.versoverde.it\/de\/wp-json\/wp\/v2\/pages\/643","targetHints":{"allow":["GET"]}}],"collection":[{"href":"https:\/\/www.versoverde.it\/de\/wp-json\/wp\/v2\/pages"}],"about":[{"href":"https:\/\/www.versoverde.it\/de\/wp-json\/wp\/v2\/types\/page"}],"author":[{"embeddable":true,"href":"https:\/\/www.versoverde.it\/de\/wp-json\/wp\/v2\/users\/13"}],"replies":[{"embeddable":true,"href":"https:\/\/www.versoverde.it\/de\/wp-json\/wp\/v2\/comments?post=643"}],"version-history":[{"count":0,"href":"https:\/\/www.versoverde.it\/de\/wp-json\/wp\/v2\/pages\/643\/revisions"}],"up":[{"embeddable":true,"href":"https:\/\/www.versoverde.it\/de\/wp-json\/wp\/v2\/pages\/637"}],"wp:attachment":[{"href":"https:\/\/www.versoverde.it\/de\/wp-json\/wp\/v2\/media?parent=643"}],"curies":[{"name":"wp","href":"https:\/\/api.w.org\/{rel}","templated":true}]}}