{"id":645,"date":"2022-04-27T17:34:29","date_gmt":"2022-04-27T15:34:29","guid":{"rendered":"https:\/\/www.versoverde.it\/?page_id=645"},"modified":"2022-04-27T17:34:29","modified_gmt":"2022-04-27T15:34:29","slug":"wedding-venue","status":"publish","type":"page","link":"https:\/\/www.versoverde.it\/de\/events\/wedding-venue\/","title":{"rendered":"Wedding Venue"},"content":{"rendered":"<p style=\"text-align: center;\">Nur wenige Schritte von der San Cristoforo Kirche entfernt, ist VersoVerde der ideale Ort f\u00fcr einen intimen Toast im Gr\u00fcnen.<\/p>\n<p style=\"text-align: center;\">Exklusive R\u00e4ume wie der \u00fcberdachte Innenhof, die Terrassen oder der Wintergarten.<\/p>\n<p style=\"text-align: center;\">Ma\u00dfgeschneiderte Men\u00fcs bei KMitalia, mediterrane, vegetarische und vegane K\u00fcche.<\/p>\n<p style=\"text-align: center;\">M\u00f6glichkeit der Anreise mit dem Motorboot, Zimmer und Wohnungen f\u00fcr Jungverm\u00e4hlte und G\u00e4ste verf\u00fcgbar.<\/p>\n<p style=\"text-align: center;\">VersoVerde ist der komplette Vorschlag, um Ihren besonderen Tag wirklich einzigartig zu machen.<\/p>\n","protected":false},"excerpt":{"rendered":"<p>Nur wenige Schritte von der San Cristoforo Kirche entfernt, ist VersoVerde der ideale Ort f\u00fcr einen intimen Toast im Gr\u00fcnen. Exklusive R\u00e4ume wie der \u00fcberdachte Innenhof, die Terrassen oder der Wintergarten. Ma\u00dfgeschneiderte Men\u00fcs bei KMitalia, mediterrane, vegetarische und vegane K\u00fcche. M\u00f6glichkeit der Anreise mit dem Motorboot, Zimmer und Wohnungen f\u00fcr Jungverm\u00e4hlte und G\u00e4ste verf\u00fcgbar. VersoVerde [&hellip;]<\/p>\n","protected":false},"author":13,"featured_media":0,"parent":637,"menu_order":30,"comment_status":"closed","ping_status":"closed","template":"","meta":{"footnotes":""},"class_list":["post-645","page","type-page","status-publish","hentry"],"yoast_head":"<!-- This site is optimized with the Yoast SEO plugin v26.9 - https:\/\/yoast.com\/product\/yoast-seo-wordpress\/ -->\n<title>Wedding Venue &#8226; Verso Verde Milano &#8226;<\/title>\n<meta name=\"description\" content=\"Nur wenige Schritte von der San Cristoforo Kirche entfernt, ist VersoVerde der ideale Ort f\u00fcr einen intimen Toast im Gr\u00fcnen. Exklusive R\u00e4ume wie der \u00fcberdachte Innenhof, die Terrassen oder der Wintergarten. Ma\u00dfgeschneiderte Men\u00fcs bei KMitalia, mediterrane, vegetarische und vegane K\u00fcche. M\u00f6glichkeit der Anreise mit dem Motorboot, Zimmer und Wohnungen f\u00fcr Jungverm\u00e4hlte und G\u00e4ste verf\u00fcgbar. VersoVerde ist der komplette Vorschlag, um Ihren besonderen Tag wirklich einzigartig zu machen..\" \/>\n<meta name=\"robots\" content=\"index, follow, max-snippet:-1, max-image-preview:large, max-video-preview:-1\" \/>\n<link rel=\"canonical\" href=\"https:\/\/www.versoverde.it\/de\/events\/wedding-venue\/\" \/>\n<meta property=\"og:locale\" content=\"de_DE\" \/>\n<meta property=\"og:type\" content=\"article\" \/>\n<meta property=\"og:title\" content=\"Wedding Venue &#8226; Verso Verde Milano &#8226;\" \/>\n<meta property=\"og:description\" content=\"Nur wenige Schritte von der San Cristoforo Kirche entfernt, ist VersoVerde der ideale Ort f\u00fcr einen intimen Toast im Gr\u00fcnen. Exklusive R\u00e4ume wie der \u00fcberdachte Innenhof, die Terrassen oder der Wintergarten. Ma\u00dfgeschneiderte Men\u00fcs bei KMitalia, mediterrane, vegetarische und vegane K\u00fcche. M\u00f6glichkeit der Anreise mit dem Motorboot, Zimmer und Wohnungen f\u00fcr Jungverm\u00e4hlte und G\u00e4ste verf\u00fcgbar. VersoVerde ist der komplette Vorschlag, um Ihren besonderen Tag wirklich einzigartig zu machen..\" \/>\n<meta property=\"og:url\" content=\"https:\/\/www.versoverde.it\/de\/events\/wedding-venue\/\" \/>\n<meta property=\"og:site_name\" content=\"Verso Verde Milano\" \/>\n<meta name=\"twitter:card\" content=\"summary_large_image\" \/>\n<script type=\"application\/ld+json\" class=\"yoast-schema-graph\">{\"@context\":\"https:\/\/schema.org\",\"@graph\":[{\"@type\":\"WebPage\",\"@id\":\"https:\/\/www.versoverde.it\/de\/events\/wedding-venue\/\",\"url\":\"https:\/\/www.versoverde.it\/de\/events\/wedding-venue\/\",\"name\":\"Wedding Venue &#8226; Verso Verde Milano &#8226;\",\"isPartOf\":{\"@id\":\"https:\/\/www.versoverde.it\/de\/#website\"},\"datePublished\":\"2022-04-27T15:34:29+00:00\",\"description\":\"Nur wenige Schritte von der San Cristoforo Kirche entfernt, ist VersoVerde der ideale Ort f\u00fcr einen intimen Toast im Gr\u00fcnen. Exklusive R\u00e4ume wie der \u00fcberdachte Innenhof, die Terrassen oder der Wintergarten. Ma\u00dfgeschneiderte Men\u00fcs bei KMitalia, mediterrane, vegetarische und vegane K\u00fcche. M\u00f6glichkeit der Anreise mit dem Motorboot, Zimmer und Wohnungen f\u00fcr Jungverm\u00e4hlte und G\u00e4ste verf\u00fcgbar. VersoVerde ist der komplette Vorschlag, um Ihren besonderen Tag wirklich einzigartig zu machen. .\",\"breadcrumb\":{\"@id\":\"https:\/\/www.versoverde.it\/de\/events\/wedding-venue\/#breadcrumb\"},\"inLanguage\":\"de-DE\",\"potentialAction\":[{\"@type\":\"ReadAction\",\"target\":[\"https:\/\/www.versoverde.it\/de\/events\/wedding-venue\/\"]}]},{\"@type\":\"BreadcrumbList\",\"@id\":\"https:\/\/www.versoverde.it\/de\/events\/wedding-venue\/#breadcrumb\",\"itemListElement\":[{\"@type\":\"ListItem\",\"position\":1,\"name\":\"Home\",\"item\":\"https:\/\/www.versoverde.it\/de\/\"},{\"@type\":\"ListItem\",\"position\":2,\"name\":\"Events\",\"item\":\"https:\/\/www.versoverde.it\/de\/events\/\"},{\"@type\":\"ListItem\",\"position\":3,\"name\":\"Wedding Venue\"}]},{\"@type\":\"WebSite\",\"@id\":\"https:\/\/www.versoverde.it\/de\/#website\",\"url\":\"https:\/\/www.versoverde.it\/de\/\",\"name\":\"Verso Verde Milano\",\"description\":\"Ecco un altro sito ms.decms.eu\",\"potentialAction\":[{\"@type\":\"SearchAction\",\"target\":{\"@type\":\"EntryPoint\",\"urlTemplate\":\"https:\/\/www.versoverde.it\/de\/?s={search_term_string}\"},\"query-input\":{\"@type\":\"PropertyValueSpecification\",\"valueRequired\":true,\"valueName\":\"search_term_string\"}}],\"inLanguage\":\"de-DE\"}]}<\/script>\n<!-- \/ Yoast SEO plugin. -->","yoast_head_json":{"title":"Wedding Venue &#8226; Verso Verde Milano &#8226;","description":"Nur wenige Schritte von der San Cristoforo Kirche entfernt, ist VersoVerde der ideale Ort f\u00fcr einen intimen Toast im Gr\u00fcnen. Exklusive R\u00e4ume wie der \u00fcberdachte Innenhof, die Terrassen oder der Wintergarten. Ma\u00dfgeschneiderte Men\u00fcs bei KMitalia, mediterrane, vegetarische und vegane K\u00fcche. M\u00f6glichkeit der Anreise mit dem Motorboot, Zimmer und Wohnungen f\u00fcr Jungverm\u00e4hlte und G\u00e4ste verf\u00fcgbar. VersoVerde ist der komplette Vorschlag, um Ihren besonderen Tag wirklich einzigartig zu machen..","robots":{"index":"index","follow":"follow","max-snippet":"max-snippet:-1","max-image-preview":"max-image-preview:large","max-video-preview":"max-video-preview:-1"},"canonical":"https:\/\/www.versoverde.it\/de\/events\/wedding-venue\/","og_locale":"de_DE","og_type":"article","og_title":"Wedding Venue &#8226; Verso Verde Milano &#8226;","og_description":"Nur wenige Schritte von der San Cristoforo Kirche entfernt, ist VersoVerde der ideale Ort f\u00fcr einen intimen Toast im Gr\u00fcnen. Exklusive R\u00e4ume wie der \u00fcberdachte Innenhof, die Terrassen oder der Wintergarten. Ma\u00dfgeschneiderte Men\u00fcs bei KMitalia, mediterrane, vegetarische und vegane K\u00fcche. M\u00f6glichkeit der Anreise mit dem Motorboot, Zimmer und Wohnungen f\u00fcr Jungverm\u00e4hlte und G\u00e4ste verf\u00fcgbar. VersoVerde ist der komplette Vorschlag, um Ihren besonderen Tag wirklich einzigartig zu machen..","og_url":"https:\/\/www.versoverde.it\/de\/events\/wedding-venue\/","og_site_name":"Verso Verde Milano","twitter_card":"summary_large_image","schema":{"@context":"https:\/\/schema.org","@graph":[{"@type":"WebPage","@id":"https:\/\/www.versoverde.it\/de\/events\/wedding-venue\/","url":"https:\/\/www.versoverde.it\/de\/events\/wedding-venue\/","name":"Wedding Venue &#8226; Verso Verde Milano &#8226;","isPartOf":{"@id":"https:\/\/www.versoverde.it\/de\/#website"},"datePublished":"2022-04-27T15:34:29+00:00","description":"Nur wenige Schritte von der San Cristoforo Kirche entfernt, ist VersoVerde der ideale Ort f\u00fcr einen intimen Toast im Gr\u00fcnen. Exklusive R\u00e4ume wie der \u00fcberdachte Innenhof, die Terrassen oder der Wintergarten. Ma\u00dfgeschneiderte Men\u00fcs bei KMitalia, mediterrane, vegetarische und vegane K\u00fcche. M\u00f6glichkeit der Anreise mit dem Motorboot, Zimmer und Wohnungen f\u00fcr Jungverm\u00e4hlte und G\u00e4ste verf\u00fcgbar. VersoVerde ist der komplette Vorschlag, um Ihren besonderen Tag wirklich einzigartig zu machen. .","breadcrumb":{"@id":"https:\/\/www.versoverde.it\/de\/events\/wedding-venue\/#breadcrumb"},"inLanguage":"de-DE","potentialAction":[{"@type":"ReadAction","target":["https:\/\/www.versoverde.it\/de\/events\/wedding-venue\/"]}]},{"@type":"BreadcrumbList","@id":"https:\/\/www.versoverde.it\/de\/events\/wedding-venue\/#breadcrumb","itemListElement":[{"@type":"ListItem","position":1,"name":"Home","item":"https:\/\/www.versoverde.it\/de\/"},{"@type":"ListItem","position":2,"name":"Events","item":"https:\/\/www.versoverde.it\/de\/events\/"},{"@type":"ListItem","position":3,"name":"Wedding Venue"}]},{"@type":"WebSite","@id":"https:\/\/www.versoverde.it\/de\/#website","url":"https:\/\/www.versoverde.it\/de\/","name":"Verso Verde Milano","description":"Ecco un altro sito ms.decms.eu","potentialAction":[{"@type":"SearchAction","target":{"@type":"EntryPoint","urlTemplate":"https:\/\/www.versoverde.it\/de\/?s={search_term_string}"},"query-input":{"@type":"PropertyValueSpecification","valueRequired":true,"valueName":"search_term_string"}}],"inLanguage":"de-DE"}]}},"acf":[],"_links":{"self":[{"href":"https:\/\/www.versoverde.it\/de\/wp-json\/wp\/v2\/pages\/645","targetHints":{"allow":["GET"]}}],"collection":[{"href":"https:\/\/www.versoverde.it\/de\/wp-json\/wp\/v2\/pages"}],"about":[{"href":"https:\/\/www.versoverde.it\/de\/wp-json\/wp\/v2\/types\/page"}],"author":[{"embeddable":true,"href":"https:\/\/www.versoverde.it\/de\/wp-json\/wp\/v2\/users\/13"}],"replies":[{"embeddable":true,"href":"https:\/\/www.versoverde.it\/de\/wp-json\/wp\/v2\/comments?post=645"}],"version-history":[{"count":0,"href":"https:\/\/www.versoverde.it\/de\/wp-json\/wp\/v2\/pages\/645\/revisions"}],"up":[{"embeddable":true,"href":"https:\/\/www.versoverde.it\/de\/wp-json\/wp\/v2\/pages\/637"}],"wp:attachment":[{"href":"https:\/\/www.versoverde.it\/de\/wp-json\/wp\/v2\/media?parent=645"}],"curies":[{"name":"wp","href":"https:\/\/api.w.org\/{rel}","templated":true}]}}