{"id":661,"date":"2022-04-27T17:38:47","date_gmt":"2022-04-27T15:38:47","guid":{"rendered":"https:\/\/www.versoverde.it\/?page_id=661"},"modified":"2025-03-11T10:07:25","modified_gmt":"2025-03-11T09:07:25","slug":"u-bahn","status":"publish","type":"page","link":"https:\/\/www.versoverde.it\/de\/wie-sie-uns-erreichen\/u-bahn\/","title":{"rendered":"U-Bahn"},"content":{"rendered":"<p style=\"text-align: center\">Die n\u00e4chstgelegene Haltestelle zu VersoVerde ist Porta Genova FS.<\/p>\n<p style=\"text-align: center\">Steigen Sie an einer beliebigen U-Bahn-Haltestelle in die U-Bahn M2 Gr\u00fcn um und fahren Sie in Richtung Porta Genova.<\/p>\n<p style=\"text-align: center\">Steigen Sie an der Porta Genova FS aus.<\/p>\n<p style=\"text-align: center\">Vor dem Bahnhof Porta Genova nehmen Sie die Stra\u00dfenbahn Nr. 2 in Richtung Piazzale Negrelli und an der Haltestelle Via Lodovico il Moro nach der Via Pestalozzi aussteigen.<\/p>\n<p style=\"text-align: center\">\u00dcberqueren Sie die San Cristoforo-Br\u00fccke und gehen Sie 3 Minuten zu Fu\u00df nach links.<\/p>\n<p style=\"text-align: center\">Es ist auch m\u00f6glich, VersoVerde mit der neuen blauen U-Bahn M4 zu erreichen,<\/p>\n<p style=\"text-align: center\">die das Hotel mit dem Flughafen Linate verbindet.<\/p>\n<p style=\"text-align: center\">Die n\u00e4chstgelegene Haltestelle ist Tolstoj.<\/p>\n<p style=\"text-align: center\">\n","protected":false},"excerpt":{"rendered":"<p>Die n\u00e4chstgelegene Haltestelle zu VersoVerde ist Porta Genova FS. Steigen Sie an einer beliebigen U-Bahn-Haltestelle in die U-Bahn M2 Gr\u00fcn um und fahren Sie in Richtung Porta Genova. Steigen Sie an der Porta Genova FS aus. Vor dem Bahnhof Porta Genova nehmen Sie die Stra\u00dfenbahn Nr. 2 in Richtung Piazzale Negrelli und an der Haltestelle [&hellip;]<\/p>\n","protected":false},"author":13,"featured_media":0,"parent":653,"menu_order":30,"comment_status":"closed","ping_status":"closed","template":"","meta":{"footnotes":""},"class_list":["post-661","page","type-page","status-publish","hentry"],"yoast_head":"<!-- This site is optimized with the Yoast SEO plugin v26.9 - https:\/\/yoast.com\/product\/yoast-seo-wordpress\/ -->\n<title>U-Bahn &#8226; Verso Verde Milano &#8226;<\/title>\n<meta name=\"description\" content=\"Die n\u00e4chstgelegene Haltestelle zu VersoVerde ist Porta Genova FS. Steigen Sie an einer beliebigen U-Bahn-Haltestelle in die U-Bahn M2 Gr\u00fcn um und fahren Sie in Richtung Porta Genova. Steigen Sie an der Porta Genova FS aus. Vor dem Bahnhof Porta Genova nehmen Sie die Stra\u00dfenbahn Nr. 2 in Richtung Piazzale Negrelli und an der Haltestelle Via Lodovico il Moro nach der Via Pestalozzi aussteigen. \u00dcberqueren Sie die San Cristoforo-Br\u00fccke und gehen Sie 3 Minuten zu Fu\u00df nach links. Es ist auch m\u00f6glich, VersoVerde mit der neuen blauen U-Bahn M4 zu erreichen, die das Hotel mit dem Flughafen Linate verbindet. Die n\u00e4chstgelegene Haltestelle ist Tolstoj.\" \/>\n<meta name=\"robots\" content=\"index, follow, max-snippet:-1, max-image-preview:large, max-video-preview:-1\" \/>\n<link rel=\"canonical\" href=\"https:\/\/www.versoverde.it\/de\/wie-sie-uns-erreichen\/u-bahn\/\" \/>\n<meta property=\"og:locale\" content=\"de_DE\" \/>\n<meta property=\"og:type\" content=\"article\" \/>\n<meta property=\"og:title\" content=\"U-Bahn &#8226; Verso Verde Milano &#8226;\" \/>\n<meta property=\"og:description\" content=\"Die n\u00e4chstgelegene Haltestelle zu VersoVerde ist Porta Genova FS. Steigen Sie an einer beliebigen U-Bahn-Haltestelle in die U-Bahn M2 Gr\u00fcn um und fahren Sie in Richtung Porta Genova. Steigen Sie an der Porta Genova FS aus. Vor dem Bahnhof Porta Genova nehmen Sie die Stra\u00dfenbahn Nr. 2 in Richtung Piazzale Negrelli und an der Haltestelle Via Lodovico il Moro nach der Via Pestalozzi aussteigen. \u00dcberqueren Sie die San Cristoforo-Br\u00fccke und gehen Sie 3 Minuten zu Fu\u00df nach links. Es ist auch m\u00f6glich, VersoVerde mit der neuen blauen U-Bahn M4 zu erreichen, die das Hotel mit dem Flughafen Linate verbindet. Die n\u00e4chstgelegene Haltestelle ist Tolstoj.\" \/>\n<meta property=\"og:url\" content=\"https:\/\/www.versoverde.it\/de\/wie-sie-uns-erreichen\/u-bahn\/\" \/>\n<meta property=\"og:site_name\" content=\"Verso Verde Milano\" \/>\n<meta property=\"article:modified_time\" content=\"2025-03-11T09:07:25+00:00\" \/>\n<meta name=\"twitter:card\" content=\"summary_large_image\" \/>\n<meta name=\"twitter:label1\" content=\"Gesch\u00e4tzte Lesezeit\" \/>\n\t<meta name=\"twitter:data1\" content=\"1 Minute\" \/>\n<script type=\"application\/ld+json\" class=\"yoast-schema-graph\">{\"@context\":\"https:\/\/schema.org\",\"@graph\":[{\"@type\":\"WebPage\",\"@id\":\"https:\/\/www.versoverde.it\/de\/wie-sie-uns-erreichen\/u-bahn\/\",\"url\":\"https:\/\/www.versoverde.it\/de\/wie-sie-uns-erreichen\/u-bahn\/\",\"name\":\"U-Bahn &#8226; Verso Verde Milano &#8226;\",\"isPartOf\":{\"@id\":\"https:\/\/www.versoverde.it\/de\/#website\"},\"datePublished\":\"2022-04-27T15:38:47+00:00\",\"dateModified\":\"2025-03-11T09:07:25+00:00\",\"description\":\"Die n\u00e4chstgelegene Haltestelle zu VersoVerde ist Porta Genova FS. Steigen Sie an einer beliebigen U-Bahn-Haltestelle in die U-Bahn M2 Gr\u00fcn um und fahren Sie in Richtung Porta Genova. Steigen Sie an der Porta Genova FS aus. Vor dem Bahnhof Porta Genova nehmen Sie die Stra\u00dfenbahn Nr. 2 in Richtung Piazzale Negrelli und an der Haltestelle Via Lodovico il Moro nach der Via Pestalozzi aussteigen. \u00dcberqueren Sie die San Cristoforo-Br\u00fccke und gehen Sie 3 Minuten zu Fu\u00df nach links. Es ist auch m\u00f6glich, VersoVerde mit der neuen blauen U-Bahn M4 zu erreichen, die das Hotel mit dem Flughafen Linate verbindet. Die n\u00e4chstgelegene Haltestelle ist Tolstoj.\",\"breadcrumb\":{\"@id\":\"https:\/\/www.versoverde.it\/de\/wie-sie-uns-erreichen\/u-bahn\/#breadcrumb\"},\"inLanguage\":\"de-DE\",\"potentialAction\":[{\"@type\":\"ReadAction\",\"target\":[\"https:\/\/www.versoverde.it\/de\/wie-sie-uns-erreichen\/u-bahn\/\"]}]},{\"@type\":\"BreadcrumbList\",\"@id\":\"https:\/\/www.versoverde.it\/de\/wie-sie-uns-erreichen\/u-bahn\/#breadcrumb\",\"itemListElement\":[{\"@type\":\"ListItem\",\"position\":1,\"name\":\"Home\",\"item\":\"https:\/\/www.versoverde.it\/de\/\"},{\"@type\":\"ListItem\",\"position\":2,\"name\":\"Wie Sie uns erreichen\",\"item\":\"https:\/\/www.versoverde.it\/de\/wie-sie-uns-erreichen\/\"},{\"@type\":\"ListItem\",\"position\":3,\"name\":\"U-Bahn\"}]},{\"@type\":\"WebSite\",\"@id\":\"https:\/\/www.versoverde.it\/de\/#website\",\"url\":\"https:\/\/www.versoverde.it\/de\/\",\"name\":\"Verso Verde Milano\",\"description\":\"Ecco un altro sito ms.decms.eu\",\"potentialAction\":[{\"@type\":\"SearchAction\",\"target\":{\"@type\":\"EntryPoint\",\"urlTemplate\":\"https:\/\/www.versoverde.it\/de\/?s={search_term_string}\"},\"query-input\":{\"@type\":\"PropertyValueSpecification\",\"valueRequired\":true,\"valueName\":\"search_term_string\"}}],\"inLanguage\":\"de-DE\"}]}<\/script>\n<!-- \/ Yoast SEO plugin. -->","yoast_head_json":{"title":"U-Bahn &#8226; Verso Verde Milano &#8226;","description":"Die n\u00e4chstgelegene Haltestelle zu VersoVerde ist Porta Genova FS. Steigen Sie an einer beliebigen U-Bahn-Haltestelle in die U-Bahn M2 Gr\u00fcn um und fahren Sie in Richtung Porta Genova. Steigen Sie an der Porta Genova FS aus. Vor dem Bahnhof Porta Genova nehmen Sie die Stra\u00dfenbahn Nr. 2 in Richtung Piazzale Negrelli und an der Haltestelle Via Lodovico il Moro nach der Via Pestalozzi aussteigen. \u00dcberqueren Sie die San Cristoforo-Br\u00fccke und gehen Sie 3 Minuten zu Fu\u00df nach links. Es ist auch m\u00f6glich, VersoVerde mit der neuen blauen U-Bahn M4 zu erreichen, die das Hotel mit dem Flughafen Linate verbindet. Die n\u00e4chstgelegene Haltestelle ist Tolstoj.","robots":{"index":"index","follow":"follow","max-snippet":"max-snippet:-1","max-image-preview":"max-image-preview:large","max-video-preview":"max-video-preview:-1"},"canonical":"https:\/\/www.versoverde.it\/de\/wie-sie-uns-erreichen\/u-bahn\/","og_locale":"de_DE","og_type":"article","og_title":"U-Bahn &#8226; Verso Verde Milano &#8226;","og_description":"Die n\u00e4chstgelegene Haltestelle zu VersoVerde ist Porta Genova FS. Steigen Sie an einer beliebigen U-Bahn-Haltestelle in die U-Bahn M2 Gr\u00fcn um und fahren Sie in Richtung Porta Genova. Steigen Sie an der Porta Genova FS aus. Vor dem Bahnhof Porta Genova nehmen Sie die Stra\u00dfenbahn Nr. 2 in Richtung Piazzale Negrelli und an der Haltestelle Via Lodovico il Moro nach der Via Pestalozzi aussteigen. \u00dcberqueren Sie die San Cristoforo-Br\u00fccke und gehen Sie 3 Minuten zu Fu\u00df nach links. Es ist auch m\u00f6glich, VersoVerde mit der neuen blauen U-Bahn M4 zu erreichen, die das Hotel mit dem Flughafen Linate verbindet. Die n\u00e4chstgelegene Haltestelle ist Tolstoj.","og_url":"https:\/\/www.versoverde.it\/de\/wie-sie-uns-erreichen\/u-bahn\/","og_site_name":"Verso Verde Milano","article_modified_time":"2025-03-11T09:07:25+00:00","twitter_card":"summary_large_image","twitter_misc":{"Gesch\u00e4tzte Lesezeit":"1 Minute"},"schema":{"@context":"https:\/\/schema.org","@graph":[{"@type":"WebPage","@id":"https:\/\/www.versoverde.it\/de\/wie-sie-uns-erreichen\/u-bahn\/","url":"https:\/\/www.versoverde.it\/de\/wie-sie-uns-erreichen\/u-bahn\/","name":"U-Bahn &#8226; Verso Verde Milano &#8226;","isPartOf":{"@id":"https:\/\/www.versoverde.it\/de\/#website"},"datePublished":"2022-04-27T15:38:47+00:00","dateModified":"2025-03-11T09:07:25+00:00","description":"Die n\u00e4chstgelegene Haltestelle zu VersoVerde ist Porta Genova FS. Steigen Sie an einer beliebigen U-Bahn-Haltestelle in die U-Bahn M2 Gr\u00fcn um und fahren Sie in Richtung Porta Genova. Steigen Sie an der Porta Genova FS aus. Vor dem Bahnhof Porta Genova nehmen Sie die Stra\u00dfenbahn Nr. 2 in Richtung Piazzale Negrelli und an der Haltestelle Via Lodovico il Moro nach der Via Pestalozzi aussteigen. \u00dcberqueren Sie die San Cristoforo-Br\u00fccke und gehen Sie 3 Minuten zu Fu\u00df nach links. Es ist auch m\u00f6glich, VersoVerde mit der neuen blauen U-Bahn M4 zu erreichen, die das Hotel mit dem Flughafen Linate verbindet. Die n\u00e4chstgelegene Haltestelle ist Tolstoj.","breadcrumb":{"@id":"https:\/\/www.versoverde.it\/de\/wie-sie-uns-erreichen\/u-bahn\/#breadcrumb"},"inLanguage":"de-DE","potentialAction":[{"@type":"ReadAction","target":["https:\/\/www.versoverde.it\/de\/wie-sie-uns-erreichen\/u-bahn\/"]}]},{"@type":"BreadcrumbList","@id":"https:\/\/www.versoverde.it\/de\/wie-sie-uns-erreichen\/u-bahn\/#breadcrumb","itemListElement":[{"@type":"ListItem","position":1,"name":"Home","item":"https:\/\/www.versoverde.it\/de\/"},{"@type":"ListItem","position":2,"name":"Wie Sie uns erreichen","item":"https:\/\/www.versoverde.it\/de\/wie-sie-uns-erreichen\/"},{"@type":"ListItem","position":3,"name":"U-Bahn"}]},{"@type":"WebSite","@id":"https:\/\/www.versoverde.it\/de\/#website","url":"https:\/\/www.versoverde.it\/de\/","name":"Verso Verde Milano","description":"Ecco un altro sito ms.decms.eu","potentialAction":[{"@type":"SearchAction","target":{"@type":"EntryPoint","urlTemplate":"https:\/\/www.versoverde.it\/de\/?s={search_term_string}"},"query-input":{"@type":"PropertyValueSpecification","valueRequired":true,"valueName":"search_term_string"}}],"inLanguage":"de-DE"}]}},"acf":[],"_links":{"self":[{"href":"https:\/\/www.versoverde.it\/de\/wp-json\/wp\/v2\/pages\/661","targetHints":{"allow":["GET"]}}],"collection":[{"href":"https:\/\/www.versoverde.it\/de\/wp-json\/wp\/v2\/pages"}],"about":[{"href":"https:\/\/www.versoverde.it\/de\/wp-json\/wp\/v2\/types\/page"}],"author":[{"embeddable":true,"href":"https:\/\/www.versoverde.it\/de\/wp-json\/wp\/v2\/users\/13"}],"replies":[{"embeddable":true,"href":"https:\/\/www.versoverde.it\/de\/wp-json\/wp\/v2\/comments?post=661"}],"version-history":[{"count":0,"href":"https:\/\/www.versoverde.it\/de\/wp-json\/wp\/v2\/pages\/661\/revisions"}],"up":[{"embeddable":true,"href":"https:\/\/www.versoverde.it\/de\/wp-json\/wp\/v2\/pages\/653"}],"wp:attachment":[{"href":"https:\/\/www.versoverde.it\/de\/wp-json\/wp\/v2\/media?parent=661"}],"curies":[{"name":"wp","href":"https:\/\/api.w.org\/{rel}","templated":true}]}}