{"id":676,"date":"2022-04-27T17:49:24","date_gmt":"2022-04-27T15:49:24","guid":{"rendered":"https:\/\/www.versoverde.it\/?page_id=676"},"modified":"2022-04-27T17:49:24","modified_gmt":"2022-04-27T15:49:24","slug":"cookie-richtlinie","status":"publish","type":"page","link":"https:\/\/www.versoverde.it\/de\/cookie-richtlinie\/","title":{"rendered":"Cookie-Richtlinie"},"content":{"rendered":"<p><strong>INFORMATIVA ESTESA SUI <em>COOKIES<\/em><\/strong><\/p>\n<p>Il Titolare del trattamento ai sensi degli art. 4, paragrafo 1, n. 7) e art. 24 del GDPR, vale a dire colui che determina le finalit\u00e0 e i mezzi del trattamento, \u00e8 <strong>Linea Colombo S.r.l.<\/strong> (di seguito la Societ\u00e0) (C.F.\u2013 P.IVA: 03326320961), con sede legale in Casatenovo (LC), 23880, via C. De Brambilla n. 27 e sede operativa Milano (MI), 20144, Alzaia Naviglio Grande n. 150.<\/p>\n<p>Ai sensi dell\u2019articolo 13 del Regolamento UE 2016\/679 (GDPR), <strong>Linea Colombo S.r.l.<\/strong> (di seguito il Titolare del trattamento), fornisce le seguenti informazioni relative ai <em>cookies<\/em> installati sul dominio <strong>www.versoverde.it\/com<\/strong> (di seguito Sito) ovvero da altri domini accessibili tramite il Sito.<\/p>\n<p><strong>Cosa sono i <em>cookies<\/em>?<\/strong><\/p>\n<p>I <em>cookies<\/em> sono stringhe di testo create da un server e memorizzate sull\u2019hard disk del computer o su qualsiasi dispositivo utilizzato dall\u2019Utente per accedere ad Internet (smartphone, tablet), per poi essere ritrasmessi ai successivi accessi ad Internet dell\u2019Utente stesso.<\/p>\n<p>I <em>cookies<\/em> permettono di raccogliere informazioni sulla navigazione effettuata dall\u2019Utente sul Sito web.<\/p>\n<p>I <em>cookies<\/em> possono essere memorizzati in modo permanente sul computer dell\u2019Utente ed avere una durata variabile (c.d. <em>cookies<\/em> persistenti), ma possono anche svanire con la chiusura del <em>browser<\/em> o avere una durata limitata (c.d. <em>cookies<\/em> di sessione).<br \/>\nI <em>cookies<\/em> possono essere istallati dal Sito che si sta visitando (c.d. <em>cookies<\/em> di prima parte) o possono essere istallati da altri siti web (c.d. <em>cookies<\/em> di terze parti) e sono usati per eseguire autenticazioni informatiche, monitoraggio di sessioni e memorizzazione di informazioni riguardanti le attivit\u00e0 degli utenti che accedono ad un sito.<br \/>\nI <em>cookies<\/em> si suddividono secondo le finalit\u00e0 di utilizzo in:<\/p>\n<p>&nbsp;<\/p>\n<ul>\n<li><strong><em>Cookies<\/em><\/strong><strong> di navigazione<\/strong> <strong>e funzionalit\u00e0:<\/strong> utilizzati rispettivamente per finalit\u00e0 di autenticazione e di miglioramento dell\u2019esperienza Utente (es. memorizzazione delle preferenze di lingua);<\/li>\n<li><strong><em>Cookies<\/em><\/strong><strong> analitici<\/strong>: utilizzati dal gestore del Sito per raccogliere informazioni sugli utenti che visitano il Sito stesso (es. pagine visitate, tempo di permanenza, numero dei visitatori);<\/li>\n<li><strong><em>Cookies<\/em><\/strong><strong> di profilazione<\/strong>: utilizzati con finalit\u00e0 pubblicitarie per l\u2019invio di messaggi in linea con le preferenze degli utenti raccolte durante la navigazione in rete;<\/li>\n<li><strong><em>Cookies<\/em><\/strong><strong> sociali<\/strong>: utilizzati per consentire l\u2019interazione con i <em>social network<\/em> (Facebook, Twitter\u2026) e per condividere i contenuti del Sito attraverso i <em>social network<\/em>.<\/li>\n<\/ul>\n<p>&nbsp;<\/p>\n<p>In base alla normativa vigente in Italia non \u00e8 richiesta una esplicita accettazione dei <em>cookies<\/em> da parte dell&#8217;Utente se questi sono identificati come tecnici, cio\u00e8 finalizzati esclusivamente alla trasmissione di una comunicazione su una rete di comunicazione elettronica.<\/p>\n<p>Le<em> Linee Guida Cookie e altri strumenti di tracciamento<\/em>, emesse in data 10 giugno 2021 dal Garante per la protezione dei dati personali individuano due macrocategorie di <em>cookie<\/em>s:<\/p>\n<p>&#8211; i <em>cookies<\/em> tecnici, utilizzati solo al fine di \u2018<em>effettuare la trasmissione di una comunicazione su una rete di comunicazione elettronica, o nella misura strettamente necessaria al fornitore di un servizio della societ\u00e0 dell\u2019informazione esplicitamente richiesto dal contraente o dall\u2019utente a erogare tale servizio<\/em>\u2019 (cfr. art. 122, Comma 1; D.Lgs. n. 196\/2003);<\/p>\n<p>&#8211; i <em>cookies<\/em> di profilazione, utilizzati per ricondurre a soggetti determinati, identificati o identificabili, specifiche azioni o schemi comportamentali ricorrenti nell\u2019uso delle funzionalit\u00e0 offerte (<em>pattern<\/em>) al fine del raggruppamento dei diversi profili all\u2019interno di <em>cluster<\/em> omogenei di diversa ampiezza, in modo che sia possibile al titolare, tra l\u2019altro, anche modulare la fornitura del servizio in modo sempre pi\u00f9 personalizzato al di l\u00e0 di quanto strettamente necessario all\u2019erogazione del servizio, nonch\u00e9 inviare messaggi pubblicitari mirati, cio\u00e8 in linea con le preferenze manifestate dall\u2019utente nell\u2019ambito della navigazione della rete.<\/p>\n<p><strong>\u00a0<\/strong><\/p>\n<ol>\n<li><strong> <em>Cookies<\/em> utilizzati da Linea Colombo S.r.l.<\/strong><\/li>\n<\/ol>\n<p>&nbsp;<\/p>\n<p><strong><em>Cookies<\/em><\/strong><strong> di navigazione e di funzionalit\u00e0<\/strong><\/p>\n<p>Il Titolare del trattamento utilizza sul Sito <em>cookies<\/em> di navigazione e funzionalit\u00e0 per consentire all\u2019Utente una sicura ed efficiente navigazione e fruizione del Sito nonch\u00e9 al fine di migliorare il servizio reso dal Sito stesso.<\/p>\n<p>&nbsp;<\/p>\n<ol start=\"2\">\n<li><strong> Gestione delle preferenze sui <em>cookies<\/em><\/strong><\/li>\n<\/ol>\n<p>Al momento dell&#8217;accesso a qualunque pagina del Sito, \u00e8 presente un banner che contiene un\u2019informativa breve e dei \u201cbottoni attivi\u201d per consentire all\u2019utente di scegliere le impostazioni che preferisce, con riferimento alle finalit\u00e0 di utilizzo dei <em>cookies<\/em> sia ai <em>partners<\/em> del Titolare del trattamento. Il consenso all\u2019uso dei cookies viene registrato con un cookie tecnico. L\u2019utente potr\u00e0 sempre modificare le proprie scelte accedendo al seguente link<\/p>\n<div id=\"macaron_inline_cookie_box\"><\/div>\n<p><strong>\u00a0<\/strong><\/p>\n<ol start=\"3\">\n<li><strong> <em>Cookies<\/em> di navigazione e di funzionalit\u00e0<\/strong><\/li>\n<\/ol>\n<p>Questi <em>cookies<\/em> sono strettamente necessari per il funzionamento del Sito e possono essere disabilitati soltanto opponendosi alla registrazione degli stessi.<\/p>\n<p>Di seguito le modalit\u00e0 di disabilitazione dei cookies offerte dai principali <em>browser<\/em>:<\/p>\n<ul>\n<li><a href=\"https:\/\/support.microsoft.com\/en-us\/kb\/196955\/it\">Internet Explorer<\/a><\/li>\n<li><a href=\"https:\/\/support.google.com\/chrome\/answer\/95647?hl=it\">Chrome<\/a><\/li>\n<li><a href=\"https:\/\/support.mozilla.org\/it\/kb\/Attivare%20e%20disattivare%20i%20cookie\">Firefox<\/a><\/li>\n<li><a href=\"https:\/\/support.apple.com\/kb\/PH17191?locale=it_ITv\">Safari<\/a><\/li>\n<li><a href=\"http:\/\/help.opera.com\/Windows\/10.00\/it\/cookies.html\">Opera<\/a><\/li>\n<\/ul>\n<p>Tuttavia, dopo questa operazione, il Sito potrebbe risultare non consultabile o alcuni servizi o determinate funzioni potrebbero risultare non disponibili o non funzionare correttamente.<\/p>\n<p>&nbsp;<\/p>\n<ol start=\"4\">\n<li><strong> <em>Cookies<\/em> sociali e di profilazione<\/strong><\/li>\n<\/ol>\n<p>&nbsp;<\/p>\n<p>Come previsto dalla normativa italiana in materia di protezione dei dati personali, in caso di utilizzo di <em>cookies<\/em> sociali e di profilazione \u00e8 richiesto un preventivo consenso dell\u2019Utente. Al momento dell&#8217;accesso a qualunque pagina del Sito, pertanto, \u00e8 presente un banner che contiene un\u2019informativa breve che informa l\u2019Utente sulle modalit\u00e0 di accettazione dei <em>cookies<\/em>. Per l\u2019inibizione dei <em>cookies<\/em> sociali e di profilazione l\u2019Utente pu\u00f2 avvalersi delle sopra riportate modalit\u00e0 di disabilitazione fornite dal proprio <em>browser<\/em> oppure negare esplicitamente il consenso al loro utilizzo cliccando sulla relativa opzione e confermando la preferenza.<\/p>\n<p>&nbsp;<\/p>\n<ol start=\"5\">\n<li><strong> Comunicazione e diffusione dei dati<\/strong><\/li>\n<\/ol>\n<p>I Suoi dati personali non sono oggetto di diffusione n\u00e9 di cessione.<\/p>\n<p>La comunicazione a terzi, diversi dal Titolare e dai Responsabili del trattamento \u2013 interni o esterni alla Societ\u00e0 \u2013 individuati e nominati ai sensi degli artt. 24 e 28 GDPR, \u00e8 prevista ove necessaria.<\/p>\n<p>In ogni caso il trattamento da parte di terzi soggetti avverr\u00e0 nel rispetto dei principi di correttezza, proporzionalit\u00e0 e necessariet\u00e0, nonch\u00e9 nel rispetto delle vigenti disposizioni di legge.<\/p>\n<p>&nbsp;<\/p>\n<p>I dati raccolti utilizzando i <em>cookies<\/em> potranno essere trattati da dipendenti e collaboratori del Titolare del trattamento, in qualit\u00e0 di autorizzati e responsabili del trattamento.<br \/>\nTali dati potranno essere inoltre trattati da societ\u00e0 di fiducia del Titolare del trattamento che svolgono per suo conto compiti di natura tecnica ed organizzativa. Queste societ\u00e0 sono dirette collaboratrici del Titolare del trattamento e svolgono la funzione di Responsabile del trattamento.<\/p>\n<p><sub>\u00a0<\/sub><\/p>\n<p>In particolare, nell\u2019ambito del trattamento dei dati effettuato tramite il Sito, \u00e8 stata nominata Responsabile esterno del trattamento D-EDGE Italia SRL con sede in Via Don Federico Tosatto 6, Mestre (Ve), che si occupa del servizio di \u00a0gestione e manutenzione del Sito.<\/p>\n<p>I dati raccolti utilizzando i <em>cookies<\/em> non saranno diffusi.<\/p>\n<ol start=\"6\">\n<li><strong> I diritti<\/strong><\/li>\n<\/ol>\n<p>Si comunica che, ai sensi dell\u2019art. 13, paragrafo 2, lett. b) GDPR, in relazione al trattamento dei dati personali in oggetto, al fine di garantire un trattamento corretto e trasparente, possono essere esercitati i seguenti diritti:<\/p>\n<p>6.1. <u>Diritto di informazione ed accesso<\/u> (ex art. 15 GDPR): al fine di ottenere dal Titolare del trattamento informazioni sull\u2019esistenza o meno di trattamenti di dati che La riguardano nonch\u00e9 l\u2019accesso ai Suoi dati personali e ad informazioni sulle finalit\u00e0 del trattamento, sui destinatari o sulle categorie di destinatari a cui i dati vengono trasmessi.<\/p>\n<p>6.2. <u>Diritto alla rettifica<\/u> (ex art. 16 GDPR), <u>alla cancellazione<\/u> (ex art. 17 GDPR) e <u>alla limitazione<\/u> (ex art. 18 GDPR): al fine di chiedere al Titolare del trattamento la rettifica e la cancellazione dei Suoi dati personali e la limitazione del trattamento.<\/p>\n<p>6.3. <u>Diritto alla portabilit\u00e0<\/u> (ex art. 20 GDPR): al fine di ricevere in formato strutturato, di uso comune e leggibile da dispositivo automatico i dati personali che La riguardano forniti al Titolare del trattamento e ha il diritto di trasmettere tali dati ad altro titolare, purch\u00e9 tale operazione sia fattibile a livello tecnico.<\/p>\n<p>6.4. <u>Diritto di opposizione<\/u> (ex art. 21 GDPR): ai fine di opporsi al trattamento dei suoi dati.<\/p>\n<p>Per l\u2019esercizio dei diritti di cui al menzionato art. 13, par. 2, lett. b) ed e) GDPR, pu\u00f2 scrivere a \u00a0<strong>Linea Colombo S.r.l.<\/strong> (di seguito la Societ\u00e0) (C.F.\u2013 P.IVA: 03326320961), con sede legale in Casatenovo (LC), 23880, via C. De Brambilla n. 27 e sede operativa Milano (MI), 20144, Alzaia Naviglio Grande n. 150 &#8211; ovvero al seguente indirizzo di posta elettronica: <a href=\"mailto:info@versoverde.it\">info@versoverde.it<\/a> oppure contattare la Societ\u00e0 al seguente numero di telefono 02. 36638980<\/p>\n<p><strong>\u00a0<\/strong><\/p>\n<ol start=\"7\">\n<li><strong> Diritto di reclamo o di ricorso<\/strong><\/li>\n<\/ol>\n<p>Ai sensi dell\u2019art. 13, par. 2, lett. d) GDPR e dell\u2019art. 140 bis D.Lgs. n. 196\/2003, come modificato dal D.Lgs. n. 101\/2018, si rappresenta, inoltre, che qualora si ritenga che il trattamento dei dati violi il Regolamento europeo o il Codice in materia di protezione dei dati personali, pu\u00f2 essere proposto reclamo al Garante privacy, ex art. 77 GDPR o, in alternativa, ricorso all\u2019Autorit\u00e0 giudiziaria.<\/p>\n<p>&nbsp;<\/p>\n<ol start=\"8\">\n<li><strong> Revoca del consenso<\/strong><\/li>\n<\/ol>\n<p>Il consenso \u00e8 revocabile in qualsiasi momento e senza indicazione dei motivi, utilizzando il seguente link http:\/\/versoverde.it\/privacy-policy\/<\/p>\n<p>La revoca del consenso non pregiudica la liceit\u00e0 del trattamento basato sullo stesso prima della revoca.<\/p>\n<p>&nbsp;<\/p>\n","protected":false},"excerpt":{"rendered":"<p>INFORMATIVA ESTESA SUI COOKIES Il Titolare del trattamento ai sensi degli art. 4, paragrafo 1, n. 7) e art. 24 del GDPR, vale a dire colui che determina le finalit\u00e0 e i mezzi del trattamento, \u00e8 Linea Colombo S.r.l. (di seguito la Societ\u00e0) (C.F.\u2013 P.IVA: 03326320961), con sede legale in Casatenovo (LC), 23880, via C. [&hellip;]<\/p>\n","protected":false},"author":13,"featured_media":0,"parent":0,"menu_order":150,"comment_status":"closed","ping_status":"closed","template":"","meta":{"footnotes":""},"class_list":["post-676","page","type-page","status-publish","hentry"],"yoast_head":"<!-- This site is optimized with the Yoast SEO plugin v26.9 - https:\/\/yoast.com\/product\/yoast-seo-wordpress\/ -->\n<title>Cookie-Richtlinie &#8226; Verso Verde Milano &#8226;<\/title>\n<meta name=\"description\" content=\"INFORMATIVA ESTESA SUI COOKIES  Il Titolare del trattamento ai sensi degli art. 4, paragrafo 1, n\" \/>\n<meta name=\"robots\" content=\"index, follow, max-snippet:-1, max-image-preview:large, max-video-preview:-1\" \/>\n<link rel=\"canonical\" href=\"https:\/\/www.versoverde.it\/de\/cookie-richtlinie\/\" \/>\n<meta property=\"og:locale\" content=\"de_DE\" \/>\n<meta property=\"og:type\" content=\"article\" \/>\n<meta property=\"og:title\" content=\"Cookie-Richtlinie &#8226; Verso Verde Milano &#8226;\" \/>\n<meta property=\"og:description\" content=\"INFORMATIVA ESTESA SUI COOKIES  Il Titolare del trattamento ai sensi degli art. 4, paragrafo 1, n\" \/>\n<meta property=\"og:url\" content=\"https:\/\/www.versoverde.it\/de\/cookie-richtlinie\/\" \/>\n<meta property=\"og:site_name\" content=\"Verso Verde Milano\" \/>\n<meta name=\"twitter:card\" content=\"summary_large_image\" \/>\n<meta name=\"twitter:label1\" content=\"Gesch\u00e4tzte Lesezeit\" \/>\n\t<meta name=\"twitter:data1\" content=\"7 Minuten\" \/>\n<script type=\"application\/ld+json\" class=\"yoast-schema-graph\">{\"@context\":\"https:\/\/schema.org\",\"@graph\":[{\"@type\":\"WebPage\",\"@id\":\"https:\/\/www.versoverde.it\/de\/cookie-richtlinie\/\",\"url\":\"https:\/\/www.versoverde.it\/de\/cookie-richtlinie\/\",\"name\":\"Cookie-Richtlinie &#8226; Verso Verde Milano &#8226;\",\"isPartOf\":{\"@id\":\"https:\/\/www.versoverde.it\/de\/#website\"},\"datePublished\":\"2022-04-27T15:49:24+00:00\",\"description\":\"INFORMATIVA ESTESA SUI COOKIES Il Titolare del trattamento ai sensi degli art. 4, paragrafo 1, n\",\"breadcrumb\":{\"@id\":\"https:\/\/www.versoverde.it\/de\/cookie-richtlinie\/#breadcrumb\"},\"inLanguage\":\"de-DE\",\"potentialAction\":[{\"@type\":\"ReadAction\",\"target\":[\"https:\/\/www.versoverde.it\/de\/cookie-richtlinie\/\"]}]},{\"@type\":\"BreadcrumbList\",\"@id\":\"https:\/\/www.versoverde.it\/de\/cookie-richtlinie\/#breadcrumb\",\"itemListElement\":[{\"@type\":\"ListItem\",\"position\":1,\"name\":\"Home\",\"item\":\"https:\/\/www.versoverde.it\/de\/\"},{\"@type\":\"ListItem\",\"position\":2,\"name\":\"Cookie-Richtlinie\"}]},{\"@type\":\"WebSite\",\"@id\":\"https:\/\/www.versoverde.it\/de\/#website\",\"url\":\"https:\/\/www.versoverde.it\/de\/\",\"name\":\"Verso Verde Milano\",\"description\":\"Ecco un altro sito ms.decms.eu\",\"potentialAction\":[{\"@type\":\"SearchAction\",\"target\":{\"@type\":\"EntryPoint\",\"urlTemplate\":\"https:\/\/www.versoverde.it\/de\/?s={search_term_string}\"},\"query-input\":{\"@type\":\"PropertyValueSpecification\",\"valueRequired\":true,\"valueName\":\"search_term_string\"}}],\"inLanguage\":\"de-DE\"}]}<\/script>\n<!-- \/ Yoast SEO plugin. -->","yoast_head_json":{"title":"Cookie-Richtlinie &#8226; Verso Verde Milano &#8226;","description":"INFORMATIVA ESTESA SUI COOKIES  Il Titolare del trattamento ai sensi degli art. 4, paragrafo 1, n","robots":{"index":"index","follow":"follow","max-snippet":"max-snippet:-1","max-image-preview":"max-image-preview:large","max-video-preview":"max-video-preview:-1"},"canonical":"https:\/\/www.versoverde.it\/de\/cookie-richtlinie\/","og_locale":"de_DE","og_type":"article","og_title":"Cookie-Richtlinie &#8226; Verso Verde Milano &#8226;","og_description":"INFORMATIVA ESTESA SUI COOKIES  Il Titolare del trattamento ai sensi degli art. 4, paragrafo 1, n","og_url":"https:\/\/www.versoverde.it\/de\/cookie-richtlinie\/","og_site_name":"Verso Verde Milano","twitter_card":"summary_large_image","twitter_misc":{"Gesch\u00e4tzte Lesezeit":"7 Minuten"},"schema":{"@context":"https:\/\/schema.org","@graph":[{"@type":"WebPage","@id":"https:\/\/www.versoverde.it\/de\/cookie-richtlinie\/","url":"https:\/\/www.versoverde.it\/de\/cookie-richtlinie\/","name":"Cookie-Richtlinie &#8226; Verso Verde Milano &#8226;","isPartOf":{"@id":"https:\/\/www.versoverde.it\/de\/#website"},"datePublished":"2022-04-27T15:49:24+00:00","description":"INFORMATIVA ESTESA SUI COOKIES Il Titolare del trattamento ai sensi degli art. 4, paragrafo 1, n","breadcrumb":{"@id":"https:\/\/www.versoverde.it\/de\/cookie-richtlinie\/#breadcrumb"},"inLanguage":"de-DE","potentialAction":[{"@type":"ReadAction","target":["https:\/\/www.versoverde.it\/de\/cookie-richtlinie\/"]}]},{"@type":"BreadcrumbList","@id":"https:\/\/www.versoverde.it\/de\/cookie-richtlinie\/#breadcrumb","itemListElement":[{"@type":"ListItem","position":1,"name":"Home","item":"https:\/\/www.versoverde.it\/de\/"},{"@type":"ListItem","position":2,"name":"Cookie-Richtlinie"}]},{"@type":"WebSite","@id":"https:\/\/www.versoverde.it\/de\/#website","url":"https:\/\/www.versoverde.it\/de\/","name":"Verso Verde Milano","description":"Ecco un altro sito ms.decms.eu","potentialAction":[{"@type":"SearchAction","target":{"@type":"EntryPoint","urlTemplate":"https:\/\/www.versoverde.it\/de\/?s={search_term_string}"},"query-input":{"@type":"PropertyValueSpecification","valueRequired":true,"valueName":"search_term_string"}}],"inLanguage":"de-DE"}]}},"acf":[],"_links":{"self":[{"href":"https:\/\/www.versoverde.it\/de\/wp-json\/wp\/v2\/pages\/676","targetHints":{"allow":["GET"]}}],"collection":[{"href":"https:\/\/www.versoverde.it\/de\/wp-json\/wp\/v2\/pages"}],"about":[{"href":"https:\/\/www.versoverde.it\/de\/wp-json\/wp\/v2\/types\/page"}],"author":[{"embeddable":true,"href":"https:\/\/www.versoverde.it\/de\/wp-json\/wp\/v2\/users\/13"}],"replies":[{"embeddable":true,"href":"https:\/\/www.versoverde.it\/de\/wp-json\/wp\/v2\/comments?post=676"}],"version-history":[{"count":0,"href":"https:\/\/www.versoverde.it\/de\/wp-json\/wp\/v2\/pages\/676\/revisions"}],"wp:attachment":[{"href":"https:\/\/www.versoverde.it\/de\/wp-json\/wp\/v2\/media?parent=676"}],"curies":[{"name":"wp","href":"https:\/\/api.w.org\/{rel}","templated":true}]}}