{"id":745,"date":"2022-05-16T11:46:29","date_gmt":"2022-05-16T09:46:29","guid":{"rendered":"https:\/\/www.versoverde.it\/?page_id=745"},"modified":"2022-05-16T11:46:42","modified_gmt":"2022-05-16T09:46:42","slug":"tram-n-2","status":"publish","type":"page","link":"https:\/\/www.versoverde.it\/de\/wie-sie-uns-erreichen\/tram-n-2\/","title":{"rendered":"Tram n. 2"},"content":{"rendered":"<p style=\"text-align: center;\">Die Stra\u00dfenbahn Nr. 2 ist der bequemste und spektakul\u00e4rste Weg, um VersoVerde zu erreichen und die eindrucksvolle Aussicht auf einen einzigartigen Weg zwischen Kirchen und Denkm\u00e4lern zu genie\u00dfen.<\/p>\n<p style=\"text-align: center;\">Die n\u00e4chste Haltestelle ist Via Pestalozzi, entdecken Sie die gesamte Route oben.<\/p>\n","protected":false},"excerpt":{"rendered":"<p>Die Stra\u00dfenbahn Nr. 2 ist der bequemste und spektakul\u00e4rste Weg, um VersoVerde zu erreichen und die eindrucksvolle Aussicht auf einen einzigartigen Weg zwischen Kirchen und Denkm\u00e4lern zu genie\u00dfen. Die n\u00e4chste Haltestelle ist Via Pestalozzi, entdecken Sie die gesamte Route oben.<\/p>\n","protected":false},"author":13,"featured_media":0,"parent":653,"menu_order":10,"comment_status":"closed","ping_status":"closed","template":"","meta":{"footnotes":""},"class_list":["post-745","page","type-page","status-publish","hentry"],"yoast_head":"<!-- This site is optimized with the Yoast SEO plugin v26.9 - https:\/\/yoast.com\/product\/yoast-seo-wordpress\/ -->\n<title>Tram n. 2 &#8226; Verso Verde Milano &#8226;<\/title>\n<meta name=\"description\" content=\"Die Stra\u00dfenbahn Nr. 2 ist der bequemste und spektakul\u00e4rste Weg, um VersoVerde zu erreichen und die eindrucksvolle Aussicht auf einen einzigartigen Weg zwischen Kirchen und Denkm\u00e4lern zu genie\u00dfen. Die n\u00e4chste Haltestelle ist Via Pestalozzi, entdecken Sie die gesamte Route oben.\" \/>\n<meta name=\"robots\" content=\"index, follow, max-snippet:-1, max-image-preview:large, max-video-preview:-1\" \/>\n<link rel=\"canonical\" href=\"https:\/\/www.versoverde.it\/de\/wie-sie-uns-erreichen\/tram-n-2\/\" \/>\n<meta property=\"og:locale\" content=\"de_DE\" \/>\n<meta property=\"og:type\" content=\"article\" \/>\n<meta property=\"og:title\" content=\"Tram n. 2 &#8226; Verso Verde Milano &#8226;\" \/>\n<meta property=\"og:description\" content=\"Die Stra\u00dfenbahn Nr. 2 ist der bequemste und spektakul\u00e4rste Weg, um VersoVerde zu erreichen und die eindrucksvolle Aussicht auf einen einzigartigen Weg zwischen Kirchen und Denkm\u00e4lern zu genie\u00dfen. Die n\u00e4chste Haltestelle ist Via Pestalozzi, entdecken Sie die gesamte Route oben.\" \/>\n<meta property=\"og:url\" content=\"https:\/\/www.versoverde.it\/de\/wie-sie-uns-erreichen\/tram-n-2\/\" \/>\n<meta property=\"og:site_name\" content=\"Verso Verde Milano\" \/>\n<meta property=\"article:modified_time\" content=\"2022-05-16T09:46:42+00:00\" \/>\n<meta name=\"twitter:card\" content=\"summary_large_image\" \/>\n<script type=\"application\/ld+json\" class=\"yoast-schema-graph\">{\"@context\":\"https:\/\/schema.org\",\"@graph\":[{\"@type\":\"WebPage\",\"@id\":\"https:\/\/www.versoverde.it\/de\/wie-sie-uns-erreichen\/tram-n-2\/\",\"url\":\"https:\/\/www.versoverde.it\/de\/wie-sie-uns-erreichen\/tram-n-2\/\",\"name\":\"Tram n. 2 &#8226; Verso Verde Milano &#8226;\",\"isPartOf\":{\"@id\":\"https:\/\/www.versoverde.it\/de\/#website\"},\"datePublished\":\"2022-05-16T09:46:29+00:00\",\"dateModified\":\"2022-05-16T09:46:42+00:00\",\"description\":\"Die Stra\u00dfenbahn Nr. 2 ist der bequemste und spektakul\u00e4rste Weg, um VersoVerde zu erreichen und die eindrucksvolle Aussicht auf einen einzigartigen Weg zwischen Kirchen und Denkm\u00e4lern zu genie\u00dfen. Die n\u00e4chste Haltestelle ist Via Pestalozzi, entdecken Sie die gesamte Route oben.\",\"breadcrumb\":{\"@id\":\"https:\/\/www.versoverde.it\/de\/wie-sie-uns-erreichen\/tram-n-2\/#breadcrumb\"},\"inLanguage\":\"de-DE\",\"potentialAction\":[{\"@type\":\"ReadAction\",\"target\":[\"https:\/\/www.versoverde.it\/de\/wie-sie-uns-erreichen\/tram-n-2\/\"]}]},{\"@type\":\"BreadcrumbList\",\"@id\":\"https:\/\/www.versoverde.it\/de\/wie-sie-uns-erreichen\/tram-n-2\/#breadcrumb\",\"itemListElement\":[{\"@type\":\"ListItem\",\"position\":1,\"name\":\"Home\",\"item\":\"https:\/\/www.versoverde.it\/de\/\"},{\"@type\":\"ListItem\",\"position\":2,\"name\":\"Wie Sie uns erreichen\",\"item\":\"https:\/\/www.versoverde.it\/de\/wie-sie-uns-erreichen\/\"},{\"@type\":\"ListItem\",\"position\":3,\"name\":\"Tram n. 2\"}]},{\"@type\":\"WebSite\",\"@id\":\"https:\/\/www.versoverde.it\/de\/#website\",\"url\":\"https:\/\/www.versoverde.it\/de\/\",\"name\":\"Verso Verde Milano\",\"description\":\"Ecco un altro sito ms.decms.eu\",\"potentialAction\":[{\"@type\":\"SearchAction\",\"target\":{\"@type\":\"EntryPoint\",\"urlTemplate\":\"https:\/\/www.versoverde.it\/de\/?s={search_term_string}\"},\"query-input\":{\"@type\":\"PropertyValueSpecification\",\"valueRequired\":true,\"valueName\":\"search_term_string\"}}],\"inLanguage\":\"de-DE\"}]}<\/script>\n<!-- \/ Yoast SEO plugin. -->","yoast_head_json":{"title":"Tram n. 2 &#8226; Verso Verde Milano &#8226;","description":"Die Stra\u00dfenbahn Nr. 2 ist der bequemste und spektakul\u00e4rste Weg, um VersoVerde zu erreichen und die eindrucksvolle Aussicht auf einen einzigartigen Weg zwischen Kirchen und Denkm\u00e4lern zu genie\u00dfen. Die n\u00e4chste Haltestelle ist Via Pestalozzi, entdecken Sie die gesamte Route oben.","robots":{"index":"index","follow":"follow","max-snippet":"max-snippet:-1","max-image-preview":"max-image-preview:large","max-video-preview":"max-video-preview:-1"},"canonical":"https:\/\/www.versoverde.it\/de\/wie-sie-uns-erreichen\/tram-n-2\/","og_locale":"de_DE","og_type":"article","og_title":"Tram n. 2 &#8226; Verso Verde Milano &#8226;","og_description":"Die Stra\u00dfenbahn Nr. 2 ist der bequemste und spektakul\u00e4rste Weg, um VersoVerde zu erreichen und die eindrucksvolle Aussicht auf einen einzigartigen Weg zwischen Kirchen und Denkm\u00e4lern zu genie\u00dfen. Die n\u00e4chste Haltestelle ist Via Pestalozzi, entdecken Sie die gesamte Route oben.","og_url":"https:\/\/www.versoverde.it\/de\/wie-sie-uns-erreichen\/tram-n-2\/","og_site_name":"Verso Verde Milano","article_modified_time":"2022-05-16T09:46:42+00:00","twitter_card":"summary_large_image","schema":{"@context":"https:\/\/schema.org","@graph":[{"@type":"WebPage","@id":"https:\/\/www.versoverde.it\/de\/wie-sie-uns-erreichen\/tram-n-2\/","url":"https:\/\/www.versoverde.it\/de\/wie-sie-uns-erreichen\/tram-n-2\/","name":"Tram n. 2 &#8226; Verso Verde Milano &#8226;","isPartOf":{"@id":"https:\/\/www.versoverde.it\/de\/#website"},"datePublished":"2022-05-16T09:46:29+00:00","dateModified":"2022-05-16T09:46:42+00:00","description":"Die Stra\u00dfenbahn Nr. 2 ist der bequemste und spektakul\u00e4rste Weg, um VersoVerde zu erreichen und die eindrucksvolle Aussicht auf einen einzigartigen Weg zwischen Kirchen und Denkm\u00e4lern zu genie\u00dfen. Die n\u00e4chste Haltestelle ist Via Pestalozzi, entdecken Sie die gesamte Route oben.","breadcrumb":{"@id":"https:\/\/www.versoverde.it\/de\/wie-sie-uns-erreichen\/tram-n-2\/#breadcrumb"},"inLanguage":"de-DE","potentialAction":[{"@type":"ReadAction","target":["https:\/\/www.versoverde.it\/de\/wie-sie-uns-erreichen\/tram-n-2\/"]}]},{"@type":"BreadcrumbList","@id":"https:\/\/www.versoverde.it\/de\/wie-sie-uns-erreichen\/tram-n-2\/#breadcrumb","itemListElement":[{"@type":"ListItem","position":1,"name":"Home","item":"https:\/\/www.versoverde.it\/de\/"},{"@type":"ListItem","position":2,"name":"Wie Sie uns erreichen","item":"https:\/\/www.versoverde.it\/de\/wie-sie-uns-erreichen\/"},{"@type":"ListItem","position":3,"name":"Tram n. 2"}]},{"@type":"WebSite","@id":"https:\/\/www.versoverde.it\/de\/#website","url":"https:\/\/www.versoverde.it\/de\/","name":"Verso Verde Milano","description":"Ecco un altro sito ms.decms.eu","potentialAction":[{"@type":"SearchAction","target":{"@type":"EntryPoint","urlTemplate":"https:\/\/www.versoverde.it\/de\/?s={search_term_string}"},"query-input":{"@type":"PropertyValueSpecification","valueRequired":true,"valueName":"search_term_string"}}],"inLanguage":"de-DE"}]}},"acf":[],"_links":{"self":[{"href":"https:\/\/www.versoverde.it\/de\/wp-json\/wp\/v2\/pages\/745","targetHints":{"allow":["GET"]}}],"collection":[{"href":"https:\/\/www.versoverde.it\/de\/wp-json\/wp\/v2\/pages"}],"about":[{"href":"https:\/\/www.versoverde.it\/de\/wp-json\/wp\/v2\/types\/page"}],"author":[{"embeddable":true,"href":"https:\/\/www.versoverde.it\/de\/wp-json\/wp\/v2\/users\/13"}],"replies":[{"embeddable":true,"href":"https:\/\/www.versoverde.it\/de\/wp-json\/wp\/v2\/comments?post=745"}],"version-history":[{"count":0,"href":"https:\/\/www.versoverde.it\/de\/wp-json\/wp\/v2\/pages\/745\/revisions"}],"up":[{"embeddable":true,"href":"https:\/\/www.versoverde.it\/de\/wp-json\/wp\/v2\/pages\/653"}],"wp:attachment":[{"href":"https:\/\/www.versoverde.it\/de\/wp-json\/wp\/v2\/media?parent=745"}],"curies":[{"name":"wp","href":"https:\/\/api.w.org\/{rel}","templated":true}]}}