{"id":1040,"date":"2022-12-06T11:35:03","date_gmt":"2022-12-06T10:35:03","guid":{"rendered":"https:\/\/www.versoverde.it\/?page_id=1040"},"modified":"2023-01-18T09:36:22","modified_gmt":"2023-01-18T08:36:22","slug":"structure","status":"publish","type":"page","link":"https:\/\/www.versoverde.it\/fr\/hotel\/structure\/","title":{"rendered":"Structure"},"content":{"rendered":"<div style=\"text-align: center\">L&rsquo;h\u00f4tel VersoVerde est le nouveau projet de r\u00e9g\u00e9n\u00e9ration urbaine de Milan.<\/div>\n<div style=\"text-align: center\"><\/div>\n<div style=\"text-align: center\">Une intervention qui repr\u00e9sente un changement dans la mani\u00e8re de penser et de concevoir les b\u00e2timents durables.<\/div>\n<div style=\"text-align: center\"><\/div>\n<div style=\"text-align: center\">Un ancien b\u00e2timent d\u00e9saffect\u00e9 a \u00e9t\u00e9 transform\u00e9 en un nouveau concept d&rsquo;hospitalit\u00e9, de modernit\u00e9, de durabilit\u00e9 et de design.<\/div>\n<div style=\"text-align: center\"><\/div>\n<div style=\"text-align: center\">Nous avons d\u00e9lib\u00e9r\u00e9ment d\u00e9cid\u00e9 de conserver la figure \u00e0 double vo\u00fbte typique des entrep\u00f4ts industriels, afin de maintenir le lien historique avec la zone, tout en donnant une nouvelle vie et une nouvelle lumi\u00e8re aux volumes int\u00e9rieurs et ext\u00e9rieurs.<\/div>\n<div style=\"text-align: center\"><\/div>\n<div style=\"text-align: center\">Ce qui \u00e9tait autrefois un b\u00e2timent sombre voit aujourd&rsquo;hui des espaces lumineux et a\u00e9r\u00e9s, gr\u00e2ce \u00e0 une d\u00e9coupe tout le long du b\u00e2timent qui permet \u00e0 la v\u00e9g\u00e9tation dense de prendre vie et d&rsquo;\u00e9merger du volume lui-m\u00eame.<\/div>\n<div style=\"text-align: center\"><\/div>\n<div style=\"text-align: center\">En entrant dans le b\u00e2timent, on d\u00e9couvre les diff\u00e9rentes pi\u00e8ces, les petites cours int\u00e9rieures et les grandes fen\u00eatres modernes qui contrastent avec l&rsquo;aspect antique du Naviglio.<\/div>\n<div style=\"text-align: center\"><\/div>\n<div style=\"text-align: center\">Un nouvel habitat \u00e0 exp\u00e9rimenter et \u00e0 d\u00e9couvrir !<\/div>\n","protected":false},"excerpt":{"rendered":"<p>L&rsquo;h\u00f4tel VersoVerde est le nouveau projet de r\u00e9g\u00e9n\u00e9ration urbaine de Milan. Une intervention qui repr\u00e9sente un changement dans la mani\u00e8re de penser et de concevoir les b\u00e2timents durables. Un ancien b\u00e2timent d\u00e9saffect\u00e9 a \u00e9t\u00e9 transform\u00e9 en un nouveau concept d&rsquo;hospitalit\u00e9, de modernit\u00e9, de durabilit\u00e9 et de design. Nous avons d\u00e9lib\u00e9r\u00e9ment d\u00e9cid\u00e9 de conserver la figure [&hellip;]<\/p>\n","protected":false},"author":409,"featured_media":0,"parent":555,"menu_order":10,"comment_status":"closed","ping_status":"closed","template":"","meta":{"footnotes":""},"class_list":["post-1040","page","type-page","status-publish","hentry"],"yoast_head":"<!-- This site is optimized with the Yoast SEO plugin v26.9 - https:\/\/yoast.com\/product\/yoast-seo-wordpress\/ -->\n<title>Structure &#8226; Verso Verde Milano &#8226;<\/title>\n<meta name=\"description\" content=\"L&#039;h\u00f4tel VersoVerde est le nouveau projet de r\u00e9g\u00e9n\u00e9ration urbaine de Milan.  Une intervention qui repr\u00e9sente un changement dans la mani\u00e8re de penser et de concevoir les b\u00e2timents durables.  Un ancien b\u00e2timent d\u00e9saffect\u00e9 a \u00e9t\u00e9 transform\u00e9 en un nouveau concept d&#039;hospitalit\u00e9, de modernit\u00e9, de durabilit\u00e9 et de design.  Nous avons d\u00e9lib\u00e9r\u00e9ment d\u00e9cid\u00e9 de conserver la figure \u00e0 double vo\u00fbte typique des entrep\u00f4ts industriels, afin de maintenir le lien historique avec la zone, tout en donnant une nouvelle vie et une nouvelle lumi\u00e8re aux volumes int\u00e9rieurs et ext\u00e9rieurs.  Ce qui \u00e9tait autrefois un b\u00e2timent sombre voit aujourd&#039;hui des espaces lumineux et a\u00e9r\u00e9s, gr\u00e2ce \u00e0 une d\u00e9coupe tout le long du b\u00e2timent qui permet \u00e0 la v\u00e9g\u00e9tation dense de prendre vie et d&#039;\u00e9merger du volume lui-m\u00eame.  En entrant dans le b\u00e2timent, on d\u00e9couvre les diff\u00e9rentes pi\u00e8ces, les petites cours int\u00e9rieures et les grandes fen\u00eatres modernes qui contrastent avec l&#039;aspect antique du Naviglio.  Un nouvel habitat \u00e0 exp\u00e9rimenter et \u00e0 d\u00e9couvrir !.\" \/>\n<meta name=\"robots\" content=\"index, follow, max-snippet:-1, max-image-preview:large, max-video-preview:-1\" \/>\n<link rel=\"canonical\" href=\"https:\/\/www.versoverde.it\/fr\/hotel\/structure\/\" \/>\n<meta property=\"og:locale\" content=\"fr_FR\" \/>\n<meta property=\"og:type\" content=\"article\" \/>\n<meta property=\"og:title\" content=\"Structure &#8226; Verso Verde Milano &#8226;\" \/>\n<meta property=\"og:description\" content=\"L&#039;h\u00f4tel VersoVerde est le nouveau projet de r\u00e9g\u00e9n\u00e9ration urbaine de Milan.  Une intervention qui repr\u00e9sente un changement dans la mani\u00e8re de penser et de concevoir les b\u00e2timents durables.  Un ancien b\u00e2timent d\u00e9saffect\u00e9 a \u00e9t\u00e9 transform\u00e9 en un nouveau concept d&#039;hospitalit\u00e9, de modernit\u00e9, de durabilit\u00e9 et de design.  Nous avons d\u00e9lib\u00e9r\u00e9ment d\u00e9cid\u00e9 de conserver la figure \u00e0 double vo\u00fbte typique des entrep\u00f4ts industriels, afin de maintenir le lien historique avec la zone, tout en donnant une nouvelle vie et une nouvelle lumi\u00e8re aux volumes int\u00e9rieurs et ext\u00e9rieurs.  Ce qui \u00e9tait autrefois un b\u00e2timent sombre voit aujourd&#039;hui des espaces lumineux et a\u00e9r\u00e9s, gr\u00e2ce \u00e0 une d\u00e9coupe tout le long du b\u00e2timent qui permet \u00e0 la v\u00e9g\u00e9tation dense de prendre vie et d&#039;\u00e9merger du volume lui-m\u00eame.  En entrant dans le b\u00e2timent, on d\u00e9couvre les diff\u00e9rentes pi\u00e8ces, les petites cours int\u00e9rieures et les grandes fen\u00eatres modernes qui contrastent avec l&#039;aspect antique du Naviglio.  Un nouvel habitat \u00e0 exp\u00e9rimenter et \u00e0 d\u00e9couvrir !.\" \/>\n<meta property=\"og:url\" content=\"https:\/\/www.versoverde.it\/fr\/hotel\/structure\/\" \/>\n<meta property=\"og:site_name\" content=\"Verso Verde Milano\" \/>\n<meta property=\"article:modified_time\" content=\"2023-01-18T08:36:22+00:00\" \/>\n<meta name=\"twitter:card\" content=\"summary_large_image\" \/>\n<meta name=\"twitter:label1\" content=\"Dur\u00e9e de lecture estim\u00e9e\" \/>\n\t<meta name=\"twitter:data1\" content=\"1 minute\" \/>\n<script type=\"application\/ld+json\" class=\"yoast-schema-graph\">{\"@context\":\"https:\/\/schema.org\",\"@graph\":[{\"@type\":\"WebPage\",\"@id\":\"https:\/\/www.versoverde.it\/fr\/hotel\/structure\/\",\"url\":\"https:\/\/www.versoverde.it\/fr\/hotel\/structure\/\",\"name\":\"Structure &#8226; Verso Verde Milano &#8226;\",\"isPartOf\":{\"@id\":\"https:\/\/www.versoverde.it\/fr\/#website\"},\"datePublished\":\"2022-12-06T10:35:03+00:00\",\"dateModified\":\"2023-01-18T08:36:22+00:00\",\"description\":\"L'h\u00f4tel VersoVerde est le nouveau projet de r\u00e9g\u00e9n\u00e9ration urbaine de Milan. Une intervention qui repr\u00e9sente un changement dans la mani\u00e8re de penser et de concevoir les b\u00e2timents durables. Un ancien b\u00e2timent d\u00e9saffect\u00e9 a \u00e9t\u00e9 transform\u00e9 en un nouveau concept d'hospitalit\u00e9, de modernit\u00e9, de durabilit\u00e9 et de design. Nous avons d\u00e9lib\u00e9r\u00e9ment d\u00e9cid\u00e9 de conserver la figure \u00e0 double vo\u00fbte typique des entrep\u00f4ts industriels, afin de maintenir le lien historique avec la zone, tout en donnant une nouvelle vie et une nouvelle lumi\u00e8re aux volumes int\u00e9rieurs et ext\u00e9rieurs. Ce qui \u00e9tait autrefois un b\u00e2timent sombre voit aujourd'hui des espaces lumineux et a\u00e9r\u00e9s, gr\u00e2ce \u00e0 une d\u00e9coupe tout le long du b\u00e2timent qui permet \u00e0 la v\u00e9g\u00e9tation dense de prendre vie et d'\u00e9merger du volume lui-m\u00eame. En entrant dans le b\u00e2timent, on d\u00e9couvre les diff\u00e9rentes pi\u00e8ces, les petites cours int\u00e9rieures et les grandes fen\u00eatres modernes qui contrastent avec l'aspect antique du Naviglio. Un nouvel habitat \u00e0 exp\u00e9rimenter et \u00e0 d\u00e9couvrir ! .\",\"breadcrumb\":{\"@id\":\"https:\/\/www.versoverde.it\/fr\/hotel\/structure\/#breadcrumb\"},\"inLanguage\":\"fr-FR\",\"potentialAction\":[{\"@type\":\"ReadAction\",\"target\":[\"https:\/\/www.versoverde.it\/fr\/hotel\/structure\/\"]}]},{\"@type\":\"BreadcrumbList\",\"@id\":\"https:\/\/www.versoverde.it\/fr\/hotel\/structure\/#breadcrumb\",\"itemListElement\":[{\"@type\":\"ListItem\",\"position\":1,\"name\":\"Home\",\"item\":\"https:\/\/www.versoverde.it\/fr\/\"},{\"@type\":\"ListItem\",\"position\":2,\"name\":\"H\u00f4tel\",\"item\":\"https:\/\/www.versoverde.it\/fr\/hotel\/\"},{\"@type\":\"ListItem\",\"position\":3,\"name\":\"Structure\"}]},{\"@type\":\"WebSite\",\"@id\":\"https:\/\/www.versoverde.it\/fr\/#website\",\"url\":\"https:\/\/www.versoverde.it\/fr\/\",\"name\":\"Verso Verde Milano\",\"description\":\"Ecco un altro sito ms.decms.eu\",\"potentialAction\":[{\"@type\":\"SearchAction\",\"target\":{\"@type\":\"EntryPoint\",\"urlTemplate\":\"https:\/\/www.versoverde.it\/fr\/?s={search_term_string}\"},\"query-input\":{\"@type\":\"PropertyValueSpecification\",\"valueRequired\":true,\"valueName\":\"search_term_string\"}}],\"inLanguage\":\"fr-FR\"}]}<\/script>\n<!-- \/ Yoast SEO plugin. -->","yoast_head_json":{"title":"Structure &#8226; Verso Verde Milano &#8226;","description":"L'h\u00f4tel VersoVerde est le nouveau projet de r\u00e9g\u00e9n\u00e9ration urbaine de Milan.  Une intervention qui repr\u00e9sente un changement dans la mani\u00e8re de penser et de concevoir les b\u00e2timents durables.  Un ancien b\u00e2timent d\u00e9saffect\u00e9 a \u00e9t\u00e9 transform\u00e9 en un nouveau concept d'hospitalit\u00e9, de modernit\u00e9, de durabilit\u00e9 et de design.  Nous avons d\u00e9lib\u00e9r\u00e9ment d\u00e9cid\u00e9 de conserver la figure \u00e0 double vo\u00fbte typique des entrep\u00f4ts industriels, afin de maintenir le lien historique avec la zone, tout en donnant une nouvelle vie et une nouvelle lumi\u00e8re aux volumes int\u00e9rieurs et ext\u00e9rieurs.  Ce qui \u00e9tait autrefois un b\u00e2timent sombre voit aujourd'hui des espaces lumineux et a\u00e9r\u00e9s, gr\u00e2ce \u00e0 une d\u00e9coupe tout le long du b\u00e2timent qui permet \u00e0 la v\u00e9g\u00e9tation dense de prendre vie et d'\u00e9merger du volume lui-m\u00eame.  En entrant dans le b\u00e2timent, on d\u00e9couvre les diff\u00e9rentes pi\u00e8ces, les petites cours int\u00e9rieures et les grandes fen\u00eatres modernes qui contrastent avec l'aspect antique du Naviglio.  Un nouvel habitat \u00e0 exp\u00e9rimenter et \u00e0 d\u00e9couvrir !.","robots":{"index":"index","follow":"follow","max-snippet":"max-snippet:-1","max-image-preview":"max-image-preview:large","max-video-preview":"max-video-preview:-1"},"canonical":"https:\/\/www.versoverde.it\/fr\/hotel\/structure\/","og_locale":"fr_FR","og_type":"article","og_title":"Structure &#8226; Verso Verde Milano &#8226;","og_description":"L'h\u00f4tel VersoVerde est le nouveau projet de r\u00e9g\u00e9n\u00e9ration urbaine de Milan.  Une intervention qui repr\u00e9sente un changement dans la mani\u00e8re de penser et de concevoir les b\u00e2timents durables.  Un ancien b\u00e2timent d\u00e9saffect\u00e9 a \u00e9t\u00e9 transform\u00e9 en un nouveau concept d'hospitalit\u00e9, de modernit\u00e9, de durabilit\u00e9 et de design.  Nous avons d\u00e9lib\u00e9r\u00e9ment d\u00e9cid\u00e9 de conserver la figure \u00e0 double vo\u00fbte typique des entrep\u00f4ts industriels, afin de maintenir le lien historique avec la zone, tout en donnant une nouvelle vie et une nouvelle lumi\u00e8re aux volumes int\u00e9rieurs et ext\u00e9rieurs.  Ce qui \u00e9tait autrefois un b\u00e2timent sombre voit aujourd'hui des espaces lumineux et a\u00e9r\u00e9s, gr\u00e2ce \u00e0 une d\u00e9coupe tout le long du b\u00e2timent qui permet \u00e0 la v\u00e9g\u00e9tation dense de prendre vie et d'\u00e9merger du volume lui-m\u00eame.  En entrant dans le b\u00e2timent, on d\u00e9couvre les diff\u00e9rentes pi\u00e8ces, les petites cours int\u00e9rieures et les grandes fen\u00eatres modernes qui contrastent avec l'aspect antique du Naviglio.  Un nouvel habitat \u00e0 exp\u00e9rimenter et \u00e0 d\u00e9couvrir !.","og_url":"https:\/\/www.versoverde.it\/fr\/hotel\/structure\/","og_site_name":"Verso Verde Milano","article_modified_time":"2023-01-18T08:36:22+00:00","twitter_card":"summary_large_image","twitter_misc":{"Dur\u00e9e de lecture estim\u00e9e":"1 minute"},"schema":{"@context":"https:\/\/schema.org","@graph":[{"@type":"WebPage","@id":"https:\/\/www.versoverde.it\/fr\/hotel\/structure\/","url":"https:\/\/www.versoverde.it\/fr\/hotel\/structure\/","name":"Structure &#8226; Verso Verde Milano &#8226;","isPartOf":{"@id":"https:\/\/www.versoverde.it\/fr\/#website"},"datePublished":"2022-12-06T10:35:03+00:00","dateModified":"2023-01-18T08:36:22+00:00","description":"L'h\u00f4tel VersoVerde est le nouveau projet de r\u00e9g\u00e9n\u00e9ration urbaine de Milan. Une intervention qui repr\u00e9sente un changement dans la mani\u00e8re de penser et de concevoir les b\u00e2timents durables. Un ancien b\u00e2timent d\u00e9saffect\u00e9 a \u00e9t\u00e9 transform\u00e9 en un nouveau concept d'hospitalit\u00e9, de modernit\u00e9, de durabilit\u00e9 et de design. Nous avons d\u00e9lib\u00e9r\u00e9ment d\u00e9cid\u00e9 de conserver la figure \u00e0 double vo\u00fbte typique des entrep\u00f4ts industriels, afin de maintenir le lien historique avec la zone, tout en donnant une nouvelle vie et une nouvelle lumi\u00e8re aux volumes int\u00e9rieurs et ext\u00e9rieurs. Ce qui \u00e9tait autrefois un b\u00e2timent sombre voit aujourd'hui des espaces lumineux et a\u00e9r\u00e9s, gr\u00e2ce \u00e0 une d\u00e9coupe tout le long du b\u00e2timent qui permet \u00e0 la v\u00e9g\u00e9tation dense de prendre vie et d'\u00e9merger du volume lui-m\u00eame. En entrant dans le b\u00e2timent, on d\u00e9couvre les diff\u00e9rentes pi\u00e8ces, les petites cours int\u00e9rieures et les grandes fen\u00eatres modernes qui contrastent avec l'aspect antique du Naviglio. Un nouvel habitat \u00e0 exp\u00e9rimenter et \u00e0 d\u00e9couvrir ! .","breadcrumb":{"@id":"https:\/\/www.versoverde.it\/fr\/hotel\/structure\/#breadcrumb"},"inLanguage":"fr-FR","potentialAction":[{"@type":"ReadAction","target":["https:\/\/www.versoverde.it\/fr\/hotel\/structure\/"]}]},{"@type":"BreadcrumbList","@id":"https:\/\/www.versoverde.it\/fr\/hotel\/structure\/#breadcrumb","itemListElement":[{"@type":"ListItem","position":1,"name":"Home","item":"https:\/\/www.versoverde.it\/fr\/"},{"@type":"ListItem","position":2,"name":"H\u00f4tel","item":"https:\/\/www.versoverde.it\/fr\/hotel\/"},{"@type":"ListItem","position":3,"name":"Structure"}]},{"@type":"WebSite","@id":"https:\/\/www.versoverde.it\/fr\/#website","url":"https:\/\/www.versoverde.it\/fr\/","name":"Verso Verde Milano","description":"Ecco un altro sito ms.decms.eu","potentialAction":[{"@type":"SearchAction","target":{"@type":"EntryPoint","urlTemplate":"https:\/\/www.versoverde.it\/fr\/?s={search_term_string}"},"query-input":{"@type":"PropertyValueSpecification","valueRequired":true,"valueName":"search_term_string"}}],"inLanguage":"fr-FR"}]}},"acf":[],"_links":{"self":[{"href":"https:\/\/www.versoverde.it\/fr\/wp-json\/wp\/v2\/pages\/1040","targetHints":{"allow":["GET"]}}],"collection":[{"href":"https:\/\/www.versoverde.it\/fr\/wp-json\/wp\/v2\/pages"}],"about":[{"href":"https:\/\/www.versoverde.it\/fr\/wp-json\/wp\/v2\/types\/page"}],"author":[{"embeddable":true,"href":"https:\/\/www.versoverde.it\/fr\/wp-json\/wp\/v2\/users\/409"}],"replies":[{"embeddable":true,"href":"https:\/\/www.versoverde.it\/fr\/wp-json\/wp\/v2\/comments?post=1040"}],"version-history":[{"count":0,"href":"https:\/\/www.versoverde.it\/fr\/wp-json\/wp\/v2\/pages\/1040\/revisions"}],"up":[{"embeddable":true,"href":"https:\/\/www.versoverde.it\/fr\/wp-json\/wp\/v2\/pages\/555"}],"wp:attachment":[{"href":"https:\/\/www.versoverde.it\/fr\/wp-json\/wp\/v2\/media?parent=1040"}],"curies":[{"name":"wp","href":"https:\/\/api.w.org\/{rel}","templated":true}]}}