{"id":1049,"date":"2022-12-06T14:00:02","date_gmt":"2022-12-06T13:00:02","guid":{"rendered":"https:\/\/www.versoverde.it\/?page_id=1049"},"modified":"2026-03-12T09:43:18","modified_gmt":"2026-03-12T08:43:18","slug":"chambre-double-classique","status":"publish","type":"page","link":"https:\/\/www.versoverde.it\/fr\/pieces\/hotel\/chambre-double-classique\/","title":{"rendered":"Chambre double classique"},"content":{"rendered":"<p style=\"text-align: center\">Chambre double accessible,<\/p>\n<p style=\"text-align: center\">lit king size (180 cm) avec surmatelas et deux oreillers.<\/p>\n<p style=\"text-align: center\">Possibilit\u00e9 de lits simples.<\/p>\n<p style=\"text-align: center\">Smart TV \u00e9quip\u00e9e du syst\u00e8me Chromecast, qui permet de projeter sur le t\u00e9l\u00e9viseur<\/p>\n<p style=\"text-align: center\">les contenus disponibles en streaming sur Internet.<\/p>\n<p style=\"text-align: center\">Coin bureau, minibar, coffre-fort, t\u00e9l\u00e9phone.<\/p>\n<p style=\"text-align: center\">Salle de bain accessible avec lavabo surbaiss\u00e9, douche avec barres d&rsquo;appui , s\u00e8che-cheveux, serviettes<\/p>\n<p style=\"text-align: center\">et produits de toilette (cette salle de bain ne dispose pas de bidet)<\/p>\n<p style=\"text-align: center\">Grande baie vitr\u00e9e avec vue sur le patio des Boules.<\/p>\n<p style=\"text-align: center\">\n","protected":false},"excerpt":{"rendered":"<p>Chambre double accessible, lit king size (180 cm) avec surmatelas et deux oreillers. Possibilit\u00e9 de lits simples. Smart TV \u00e9quip\u00e9e du syst\u00e8me Chromecast, qui permet de projeter sur le t\u00e9l\u00e9viseur les contenus disponibles en streaming sur Internet. Coin bureau, minibar, coffre-fort, t\u00e9l\u00e9phone. Salle de bain accessible avec lavabo surbaiss\u00e9, douche avec barres d&rsquo;appui , s\u00e8che-cheveux, [&hellip;]<\/p>\n","protected":false},"author":409,"featured_media":0,"parent":572,"menu_order":25,"comment_status":"closed","ping_status":"closed","template":"template-single-room.php","meta":{"footnotes":""},"class_list":["post-1049","page","type-page","status-publish","hentry"],"yoast_head":"<!-- This site is optimized with the Yoast SEO plugin v26.9 - https:\/\/yoast.com\/product\/yoast-seo-wordpress\/ -->\n<title>Chambre double classique &#8226; Verso Verde Milano &#8226;<\/title>\n<meta name=\"description\" content=\"Chambre double accessible, lit king size (180 cm) avec surmatelas et deux oreillers. Possibilit\u00e9 de lits simples. Smart TV \u00e9quip\u00e9e du syst\u00e8me Chromecast, qui permet de projeter sur le t\u00e9l\u00e9viseur les contenus disponibles en streaming sur Internet. Coin bureau, minibar, coffre-fort, t\u00e9l\u00e9phone. Salle de bain accessible avec lavabo surbaiss\u00e9, douche avec barres d&#039;appui , s\u00e8che-cheveux, serviettes et produits de toilette (cette salle de bain ne dispose pas de bidet) Grande baie vitr\u00e9e avec vue sur le patio des Boules. .\" \/>\n<meta name=\"robots\" content=\"index, follow, max-snippet:-1, max-image-preview:large, max-video-preview:-1\" \/>\n<link rel=\"canonical\" href=\"https:\/\/www.versoverde.it\/fr\/pieces\/hotel\/chambre-double-classique\/\" \/>\n<meta property=\"og:locale\" content=\"fr_FR\" \/>\n<meta property=\"og:type\" content=\"article\" \/>\n<meta property=\"og:title\" content=\"Chambre double classique &#8226; Verso Verde Milano &#8226;\" \/>\n<meta property=\"og:description\" content=\"Chambre double accessible, lit king size (180 cm) avec surmatelas et deux oreillers. Possibilit\u00e9 de lits simples. Smart TV \u00e9quip\u00e9e du syst\u00e8me Chromecast, qui permet de projeter sur le t\u00e9l\u00e9viseur les contenus disponibles en streaming sur Internet. Coin bureau, minibar, coffre-fort, t\u00e9l\u00e9phone. Salle de bain accessible avec lavabo surbaiss\u00e9, douche avec barres d&#039;appui , s\u00e8che-cheveux, serviettes et produits de toilette (cette salle de bain ne dispose pas de bidet) Grande baie vitr\u00e9e avec vue sur le patio des Boules. .\" \/>\n<meta property=\"og:url\" content=\"https:\/\/www.versoverde.it\/fr\/pieces\/hotel\/chambre-double-classique\/\" \/>\n<meta property=\"og:site_name\" content=\"Verso Verde Milano\" \/>\n<meta property=\"article:modified_time\" content=\"2026-03-12T08:43:18+00:00\" \/>\n<meta name=\"twitter:card\" content=\"summary_large_image\" \/>\n<script type=\"application\/ld+json\" class=\"yoast-schema-graph\">{\"@context\":\"https:\/\/schema.org\",\"@graph\":[{\"@type\":\"WebPage\",\"@id\":\"https:\/\/www.versoverde.it\/fr\/pieces\/hotel\/chambre-double-classique\/\",\"url\":\"https:\/\/www.versoverde.it\/fr\/pieces\/hotel\/chambre-double-classique\/\",\"name\":\"Chambre double classique &#8226; Verso Verde Milano &#8226;\",\"isPartOf\":{\"@id\":\"https:\/\/www.versoverde.it\/fr\/#website\"},\"datePublished\":\"2022-12-06T13:00:02+00:00\",\"dateModified\":\"2026-03-12T08:43:18+00:00\",\"description\":\"Chambre double accessible, lit king size (180 cm) avec surmatelas et deux oreillers. Possibilit\u00e9 de lits simples. Smart TV \u00e9quip\u00e9e du syst\u00e8me Chromecast, qui permet de projeter sur le t\u00e9l\u00e9viseur les contenus disponibles en streaming sur Internet. Coin bureau, minibar, coffre-fort, t\u00e9l\u00e9phone. Salle de bain accessible avec lavabo surbaiss\u00e9, douche avec barres d'appui , s\u00e8che-cheveux, serviettes et produits de toilette (cette salle de bain ne dispose pas de bidet) Grande baie vitr\u00e9e avec vue sur le patio des Boules. .\",\"breadcrumb\":{\"@id\":\"https:\/\/www.versoverde.it\/fr\/pieces\/hotel\/chambre-double-classique\/#breadcrumb\"},\"inLanguage\":\"fr-FR\",\"potentialAction\":[{\"@type\":\"ReadAction\",\"target\":[\"https:\/\/www.versoverde.it\/fr\/pieces\/hotel\/chambre-double-classique\/\"]}]},{\"@type\":\"BreadcrumbList\",\"@id\":\"https:\/\/www.versoverde.it\/fr\/pieces\/hotel\/chambre-double-classique\/#breadcrumb\",\"itemListElement\":[{\"@type\":\"ListItem\",\"position\":1,\"name\":\"Home\",\"item\":\"https:\/\/www.versoverde.it\/fr\/\"},{\"@type\":\"ListItem\",\"position\":2,\"name\":\"Pi\u00e8ces\",\"item\":\"https:\/\/www.versoverde.it\/fr\/pieces\/\"},{\"@type\":\"ListItem\",\"position\":3,\"name\":\"H\u00f4tel\",\"item\":\"https:\/\/www.versoverde.it\/fr\/pieces\/hotel\/\"},{\"@type\":\"ListItem\",\"position\":4,\"name\":\"Chambre double classique\"}]},{\"@type\":\"WebSite\",\"@id\":\"https:\/\/www.versoverde.it\/fr\/#website\",\"url\":\"https:\/\/www.versoverde.it\/fr\/\",\"name\":\"Verso Verde Milano\",\"description\":\"Ecco un altro sito ms.decms.eu\",\"potentialAction\":[{\"@type\":\"SearchAction\",\"target\":{\"@type\":\"EntryPoint\",\"urlTemplate\":\"https:\/\/www.versoverde.it\/fr\/?s={search_term_string}\"},\"query-input\":{\"@type\":\"PropertyValueSpecification\",\"valueRequired\":true,\"valueName\":\"search_term_string\"}}],\"inLanguage\":\"fr-FR\"}]}<\/script>\n<!-- \/ Yoast SEO plugin. -->","yoast_head_json":{"title":"Chambre double classique &#8226; Verso Verde Milano &#8226;","description":"Chambre double accessible, lit king size (180 cm) avec surmatelas et deux oreillers. Possibilit\u00e9 de lits simples. Smart TV \u00e9quip\u00e9e du syst\u00e8me Chromecast, qui permet de projeter sur le t\u00e9l\u00e9viseur les contenus disponibles en streaming sur Internet. Coin bureau, minibar, coffre-fort, t\u00e9l\u00e9phone. Salle de bain accessible avec lavabo surbaiss\u00e9, douche avec barres d'appui , s\u00e8che-cheveux, serviettes et produits de toilette (cette salle de bain ne dispose pas de bidet) Grande baie vitr\u00e9e avec vue sur le patio des Boules. .","robots":{"index":"index","follow":"follow","max-snippet":"max-snippet:-1","max-image-preview":"max-image-preview:large","max-video-preview":"max-video-preview:-1"},"canonical":"https:\/\/www.versoverde.it\/fr\/pieces\/hotel\/chambre-double-classique\/","og_locale":"fr_FR","og_type":"article","og_title":"Chambre double classique &#8226; Verso Verde Milano &#8226;","og_description":"Chambre double accessible, lit king size (180 cm) avec surmatelas et deux oreillers. Possibilit\u00e9 de lits simples. Smart TV \u00e9quip\u00e9e du syst\u00e8me Chromecast, qui permet de projeter sur le t\u00e9l\u00e9viseur les contenus disponibles en streaming sur Internet. Coin bureau, minibar, coffre-fort, t\u00e9l\u00e9phone. Salle de bain accessible avec lavabo surbaiss\u00e9, douche avec barres d'appui , s\u00e8che-cheveux, serviettes et produits de toilette (cette salle de bain ne dispose pas de bidet) Grande baie vitr\u00e9e avec vue sur le patio des Boules. .","og_url":"https:\/\/www.versoverde.it\/fr\/pieces\/hotel\/chambre-double-classique\/","og_site_name":"Verso Verde Milano","article_modified_time":"2026-03-12T08:43:18+00:00","twitter_card":"summary_large_image","schema":{"@context":"https:\/\/schema.org","@graph":[{"@type":"WebPage","@id":"https:\/\/www.versoverde.it\/fr\/pieces\/hotel\/chambre-double-classique\/","url":"https:\/\/www.versoverde.it\/fr\/pieces\/hotel\/chambre-double-classique\/","name":"Chambre double classique &#8226; Verso Verde Milano &#8226;","isPartOf":{"@id":"https:\/\/www.versoverde.it\/fr\/#website"},"datePublished":"2022-12-06T13:00:02+00:00","dateModified":"2026-03-12T08:43:18+00:00","description":"Chambre double accessible, lit king size (180 cm) avec surmatelas et deux oreillers. Possibilit\u00e9 de lits simples. Smart TV \u00e9quip\u00e9e du syst\u00e8me Chromecast, qui permet de projeter sur le t\u00e9l\u00e9viseur les contenus disponibles en streaming sur Internet. Coin bureau, minibar, coffre-fort, t\u00e9l\u00e9phone. Salle de bain accessible avec lavabo surbaiss\u00e9, douche avec barres d'appui , s\u00e8che-cheveux, serviettes et produits de toilette (cette salle de bain ne dispose pas de bidet) Grande baie vitr\u00e9e avec vue sur le patio des Boules. .","breadcrumb":{"@id":"https:\/\/www.versoverde.it\/fr\/pieces\/hotel\/chambre-double-classique\/#breadcrumb"},"inLanguage":"fr-FR","potentialAction":[{"@type":"ReadAction","target":["https:\/\/www.versoverde.it\/fr\/pieces\/hotel\/chambre-double-classique\/"]}]},{"@type":"BreadcrumbList","@id":"https:\/\/www.versoverde.it\/fr\/pieces\/hotel\/chambre-double-classique\/#breadcrumb","itemListElement":[{"@type":"ListItem","position":1,"name":"Home","item":"https:\/\/www.versoverde.it\/fr\/"},{"@type":"ListItem","position":2,"name":"Pi\u00e8ces","item":"https:\/\/www.versoverde.it\/fr\/pieces\/"},{"@type":"ListItem","position":3,"name":"H\u00f4tel","item":"https:\/\/www.versoverde.it\/fr\/pieces\/hotel\/"},{"@type":"ListItem","position":4,"name":"Chambre double classique"}]},{"@type":"WebSite","@id":"https:\/\/www.versoverde.it\/fr\/#website","url":"https:\/\/www.versoverde.it\/fr\/","name":"Verso Verde Milano","description":"Ecco un altro sito ms.decms.eu","potentialAction":[{"@type":"SearchAction","target":{"@type":"EntryPoint","urlTemplate":"https:\/\/www.versoverde.it\/fr\/?s={search_term_string}"},"query-input":{"@type":"PropertyValueSpecification","valueRequired":true,"valueName":"search_term_string"}}],"inLanguage":"fr-FR"}]}},"acf":[],"_links":{"self":[{"href":"https:\/\/www.versoverde.it\/fr\/wp-json\/wp\/v2\/pages\/1049","targetHints":{"allow":["GET"]}}],"collection":[{"href":"https:\/\/www.versoverde.it\/fr\/wp-json\/wp\/v2\/pages"}],"about":[{"href":"https:\/\/www.versoverde.it\/fr\/wp-json\/wp\/v2\/types\/page"}],"author":[{"embeddable":true,"href":"https:\/\/www.versoverde.it\/fr\/wp-json\/wp\/v2\/users\/409"}],"replies":[{"embeddable":true,"href":"https:\/\/www.versoverde.it\/fr\/wp-json\/wp\/v2\/comments?post=1049"}],"version-history":[{"count":0,"href":"https:\/\/www.versoverde.it\/fr\/wp-json\/wp\/v2\/pages\/1049\/revisions"}],"up":[{"embeddable":true,"href":"https:\/\/www.versoverde.it\/fr\/wp-json\/wp\/v2\/pages\/572"}],"wp:attachment":[{"href":"https:\/\/www.versoverde.it\/fr\/wp-json\/wp\/v2\/media?parent=1049"}],"curies":[{"name":"wp","href":"https:\/\/api.w.org\/{rel}","templated":true}]}}