{"id":1172,"date":"2025-03-10T09:32:21","date_gmt":"2025-03-10T08:32:21","guid":{"rendered":"https:\/\/www.versoverde.it\/?page_id=1172"},"modified":"2025-03-20T15:15:01","modified_gmt":"2025-03-20T14:15:01","slug":"1172-2","status":"publish","type":"page","link":"https:\/\/www.versoverde.it\/fr\/spa-gym\/1172-2\/","title":{"rendered":"Terrasse ensoleill\u00e9e avec jacuzzi"},"content":{"rendered":"<p style=\"text-align: center\"><em>Nouveau !<\/em><\/p>\n<p style=\"text-align: center\">D\u00e9couvrez le plaisir de regarder le ciel m\u00eame en hiver,<\/p>\n<p style=\"text-align: center\">en vous plongeant dans l&rsquo;eau chaude<\/p>\n<p style=\"text-align: center\">de notre nouveau jacuzzi<\/p>\n<p style=\"text-align: center\">avec 69 jets d&rsquo;hydromassage et cascades.<\/p>\n<p style=\"text-align: center\">Pour un vrai moment de bien-\u00eatre.<\/p>\n<p style=\"text-align: center\">La terrasse est \u00e9quip\u00e9e de chaises longues et de parasols<\/p>\n","protected":false},"excerpt":{"rendered":"<p>Nouveau ! D\u00e9couvrez le plaisir de regarder le ciel m\u00eame en hiver, en vous plongeant dans l&rsquo;eau chaude de notre nouveau jacuzzi avec 69 jets d&rsquo;hydromassage et cascades. Pour un vrai moment de bien-\u00eatre. La terrasse est \u00e9quip\u00e9e de chaises longues et de parasols<\/p>\n","protected":false},"author":409,"featured_media":0,"parent":606,"menu_order":70,"comment_status":"closed","ping_status":"closed","template":"","meta":{"footnotes":""},"class_list":["post-1172","page","type-page","status-publish","hentry"],"yoast_head":"<!-- This site is optimized with the Yoast SEO plugin v26.9 - https:\/\/yoast.com\/product\/yoast-seo-wordpress\/ -->\n<title>Terrasse ensoleill\u00e9e avec jacuzzi &#8226; Verso Verde Milano &#8226;<\/title>\n<meta name=\"description\" content=\"Nouveau ! D\u00e9couvrez le plaisir de regarder le ciel m\u00eame en hiver, en vous plongeant dans l&#039;eau chaude de notre nouveau jacuzzi avec 69 jets d&#039;hydromassage et cascades. Pour un vrai moment de bien-\u00eatre. La terrasse est \u00e9quip\u00e9e de chaises longues et de parasols.\" \/>\n<meta name=\"robots\" content=\"index, follow, max-snippet:-1, max-image-preview:large, max-video-preview:-1\" \/>\n<link rel=\"canonical\" href=\"https:\/\/www.versoverde.it\/fr\/spa-gym\/1172-2\/\" \/>\n<meta property=\"og:locale\" content=\"fr_FR\" \/>\n<meta property=\"og:type\" content=\"article\" \/>\n<meta property=\"og:title\" content=\"Terrasse ensoleill\u00e9e avec jacuzzi &#8226; Verso Verde Milano &#8226;\" \/>\n<meta property=\"og:description\" content=\"Nouveau ! D\u00e9couvrez le plaisir de regarder le ciel m\u00eame en hiver, en vous plongeant dans l&#039;eau chaude de notre nouveau jacuzzi avec 69 jets d&#039;hydromassage et cascades. Pour un vrai moment de bien-\u00eatre. La terrasse est \u00e9quip\u00e9e de chaises longues et de parasols.\" \/>\n<meta property=\"og:url\" content=\"https:\/\/www.versoverde.it\/fr\/spa-gym\/1172-2\/\" \/>\n<meta property=\"og:site_name\" content=\"Verso Verde Milano\" \/>\n<meta property=\"article:modified_time\" content=\"2025-03-20T14:15:01+00:00\" \/>\n<meta name=\"twitter:card\" content=\"summary_large_image\" \/>\n<script type=\"application\/ld+json\" class=\"yoast-schema-graph\">{\"@context\":\"https:\/\/schema.org\",\"@graph\":[{\"@type\":\"WebPage\",\"@id\":\"https:\/\/www.versoverde.it\/fr\/spa-gym\/1172-2\/\",\"url\":\"https:\/\/www.versoverde.it\/fr\/spa-gym\/1172-2\/\",\"name\":\"Terrasse ensoleill\u00e9e avec jacuzzi &#8226; Verso Verde Milano &#8226;\",\"isPartOf\":{\"@id\":\"https:\/\/www.versoverde.it\/fr\/#website\"},\"datePublished\":\"2025-03-10T08:32:21+00:00\",\"dateModified\":\"2025-03-20T14:15:01+00:00\",\"description\":\"Nouveau ! D\u00e9couvrez le plaisir de regarder le ciel m\u00eame en hiver, en vous plongeant dans l'eau chaude de notre nouveau jacuzzi avec 69 jets d'hydromassage et cascades. Pour un vrai moment de bien-\u00eatre. La terrasse est \u00e9quip\u00e9e de chaises longues et de parasols .\",\"breadcrumb\":{\"@id\":\"https:\/\/www.versoverde.it\/fr\/spa-gym\/1172-2\/#breadcrumb\"},\"inLanguage\":\"fr-FR\",\"potentialAction\":[{\"@type\":\"ReadAction\",\"target\":[\"https:\/\/www.versoverde.it\/fr\/spa-gym\/1172-2\/\"]}]},{\"@type\":\"BreadcrumbList\",\"@id\":\"https:\/\/www.versoverde.it\/fr\/spa-gym\/1172-2\/#breadcrumb\",\"itemListElement\":[{\"@type\":\"ListItem\",\"position\":1,\"name\":\"Home\",\"item\":\"https:\/\/www.versoverde.it\/fr\/\"},{\"@type\":\"ListItem\",\"position\":2,\"name\":\"SPA&amp;GYM\",\"item\":\"https:\/\/www.versoverde.it\/fr\/spa-gym\/\"},{\"@type\":\"ListItem\",\"position\":3,\"name\":\"Terrasse ensoleill\u00e9e avec jacuzzi\"}]},{\"@type\":\"WebSite\",\"@id\":\"https:\/\/www.versoverde.it\/fr\/#website\",\"url\":\"https:\/\/www.versoverde.it\/fr\/\",\"name\":\"Verso Verde Milano\",\"description\":\"Ecco un altro sito ms.decms.eu\",\"potentialAction\":[{\"@type\":\"SearchAction\",\"target\":{\"@type\":\"EntryPoint\",\"urlTemplate\":\"https:\/\/www.versoverde.it\/fr\/?s={search_term_string}\"},\"query-input\":{\"@type\":\"PropertyValueSpecification\",\"valueRequired\":true,\"valueName\":\"search_term_string\"}}],\"inLanguage\":\"fr-FR\"}]}<\/script>\n<!-- \/ Yoast SEO plugin. -->","yoast_head_json":{"title":"Terrasse ensoleill\u00e9e avec jacuzzi &#8226; Verso Verde Milano &#8226;","description":"Nouveau ! D\u00e9couvrez le plaisir de regarder le ciel m\u00eame en hiver, en vous plongeant dans l'eau chaude de notre nouveau jacuzzi avec 69 jets d'hydromassage et cascades. Pour un vrai moment de bien-\u00eatre. La terrasse est \u00e9quip\u00e9e de chaises longues et de parasols.","robots":{"index":"index","follow":"follow","max-snippet":"max-snippet:-1","max-image-preview":"max-image-preview:large","max-video-preview":"max-video-preview:-1"},"canonical":"https:\/\/www.versoverde.it\/fr\/spa-gym\/1172-2\/","og_locale":"fr_FR","og_type":"article","og_title":"Terrasse ensoleill\u00e9e avec jacuzzi &#8226; Verso Verde Milano &#8226;","og_description":"Nouveau ! D\u00e9couvrez le plaisir de regarder le ciel m\u00eame en hiver, en vous plongeant dans l'eau chaude de notre nouveau jacuzzi avec 69 jets d'hydromassage et cascades. Pour un vrai moment de bien-\u00eatre. La terrasse est \u00e9quip\u00e9e de chaises longues et de parasols.","og_url":"https:\/\/www.versoverde.it\/fr\/spa-gym\/1172-2\/","og_site_name":"Verso Verde Milano","article_modified_time":"2025-03-20T14:15:01+00:00","twitter_card":"summary_large_image","schema":{"@context":"https:\/\/schema.org","@graph":[{"@type":"WebPage","@id":"https:\/\/www.versoverde.it\/fr\/spa-gym\/1172-2\/","url":"https:\/\/www.versoverde.it\/fr\/spa-gym\/1172-2\/","name":"Terrasse ensoleill\u00e9e avec jacuzzi &#8226; Verso Verde Milano &#8226;","isPartOf":{"@id":"https:\/\/www.versoverde.it\/fr\/#website"},"datePublished":"2025-03-10T08:32:21+00:00","dateModified":"2025-03-20T14:15:01+00:00","description":"Nouveau ! D\u00e9couvrez le plaisir de regarder le ciel m\u00eame en hiver, en vous plongeant dans l'eau chaude de notre nouveau jacuzzi avec 69 jets d'hydromassage et cascades. Pour un vrai moment de bien-\u00eatre. La terrasse est \u00e9quip\u00e9e de chaises longues et de parasols .","breadcrumb":{"@id":"https:\/\/www.versoverde.it\/fr\/spa-gym\/1172-2\/#breadcrumb"},"inLanguage":"fr-FR","potentialAction":[{"@type":"ReadAction","target":["https:\/\/www.versoverde.it\/fr\/spa-gym\/1172-2\/"]}]},{"@type":"BreadcrumbList","@id":"https:\/\/www.versoverde.it\/fr\/spa-gym\/1172-2\/#breadcrumb","itemListElement":[{"@type":"ListItem","position":1,"name":"Home","item":"https:\/\/www.versoverde.it\/fr\/"},{"@type":"ListItem","position":2,"name":"SPA&amp;GYM","item":"https:\/\/www.versoverde.it\/fr\/spa-gym\/"},{"@type":"ListItem","position":3,"name":"Terrasse ensoleill\u00e9e avec jacuzzi"}]},{"@type":"WebSite","@id":"https:\/\/www.versoverde.it\/fr\/#website","url":"https:\/\/www.versoverde.it\/fr\/","name":"Verso Verde Milano","description":"Ecco un altro sito ms.decms.eu","potentialAction":[{"@type":"SearchAction","target":{"@type":"EntryPoint","urlTemplate":"https:\/\/www.versoverde.it\/fr\/?s={search_term_string}"},"query-input":{"@type":"PropertyValueSpecification","valueRequired":true,"valueName":"search_term_string"}}],"inLanguage":"fr-FR"}]}},"acf":[],"_links":{"self":[{"href":"https:\/\/www.versoverde.it\/fr\/wp-json\/wp\/v2\/pages\/1172","targetHints":{"allow":["GET"]}}],"collection":[{"href":"https:\/\/www.versoverde.it\/fr\/wp-json\/wp\/v2\/pages"}],"about":[{"href":"https:\/\/www.versoverde.it\/fr\/wp-json\/wp\/v2\/types\/page"}],"author":[{"embeddable":true,"href":"https:\/\/www.versoverde.it\/fr\/wp-json\/wp\/v2\/users\/409"}],"replies":[{"embeddable":true,"href":"https:\/\/www.versoverde.it\/fr\/wp-json\/wp\/v2\/comments?post=1172"}],"version-history":[{"count":0,"href":"https:\/\/www.versoverde.it\/fr\/wp-json\/wp\/v2\/pages\/1172\/revisions"}],"up":[{"embeddable":true,"href":"https:\/\/www.versoverde.it\/fr\/wp-json\/wp\/v2\/pages\/606"}],"wp:attachment":[{"href":"https:\/\/www.versoverde.it\/fr\/wp-json\/wp\/v2\/media?parent=1172"}],"curies":[{"name":"wp","href":"https:\/\/api.w.org\/{rel}","templated":true}]}}