{"id":1195,"date":"2025-04-11T15:40:19","date_gmt":"2025-04-11T13:40:19","guid":{"rendered":"https:\/\/www.versoverde.it\/?page_id=1195"},"modified":"2025-04-11T15:40:19","modified_gmt":"2025-04-11T13:40:19","slug":"hippodromes","status":"publish","type":"page","link":"https:\/\/www.versoverde.it\/fr\/comment-nous-joindre\/hippodromes\/","title":{"rendered":"Hippodromes"},"content":{"rendered":"<p style=\"text-align: center\">Les hippodromes Snai La Maura et San Siro accueillent d&rsquo;importants festivals de musique estivaux tels que l&rsquo;IDAYS,<\/p>\n<p style=\"text-align: center\">ainsi que le site de c\u00e9l\u00e8bres courses de chevaux.<\/p>\n<p style=\"text-align: center\">Ils sont facilement accessibles depuis l&rsquo;h\u00f4tel en prenant le bus 90<\/p>\n<p style=\"text-align: center\">(monter \u00e0 Ponte delle milizie, descendre \u00e0 LottoM1).<\/p>\n<p style=\"text-align: center\">Prendre ensuite le bus 78<\/p>\n<p style=\"text-align: center\">de Piazzale Lotto\/Via Domede et descendre \u00e0 Via Ippodromo\/ Via Patroclo.<\/p>\n<p style=\"text-align: center\">V\u00e9rifiez la rue et la couleur de l&rsquo;entr\u00e9e sur le ticket.<\/p>\n<p style=\"text-align: center\">\n","protected":false},"excerpt":{"rendered":"<p>Les hippodromes Snai La Maura et San Siro accueillent d&rsquo;importants festivals de musique estivaux tels que l&rsquo;IDAYS, ainsi que le site de c\u00e9l\u00e8bres courses de chevaux. Ils sont facilement accessibles depuis l&rsquo;h\u00f4tel en prenant le bus 90 (monter \u00e0 Ponte delle milizie, descendre \u00e0 LottoM1). Prendre ensuite le bus 78 de Piazzale Lotto\/Via Domede et [&hellip;]<\/p>\n","protected":false},"author":409,"featured_media":0,"parent":652,"menu_order":80,"comment_status":"closed","ping_status":"closed","template":"","meta":{"footnotes":""},"class_list":["post-1195","page","type-page","status-publish","hentry"],"yoast_head":"<!-- This site is optimized with the Yoast SEO plugin v26.9 - https:\/\/yoast.com\/product\/yoast-seo-wordpress\/ -->\n<title>Hippodromes &#8226; Verso Verde Milano &#8226;<\/title>\n<meta name=\"description\" content=\"Les hippodromes Snai La Maura et San Siro accueillent d&#039;importants festivals de musique estivaux tels que l&#039;IDAYS, ainsi que le site de c\u00e9l\u00e8bres courses de chevaux. Ils sont facilement accessibles depuis l&#039;h\u00f4tel en prenant le bus 90 (monter \u00e0 Ponte delle milizie, descendre \u00e0 LottoM1). Prendre ensuite le bus 78 de Piazzale Lotto\/Via Domede et descendre \u00e0 Via Ippodromo\/ Via Patroclo. V\u00e9rifiez la rue et la couleur de l&#039;entr\u00e9e sur le ticket. .\" \/>\n<meta name=\"robots\" content=\"index, follow, max-snippet:-1, max-image-preview:large, max-video-preview:-1\" \/>\n<link rel=\"canonical\" href=\"https:\/\/www.versoverde.it\/fr\/comment-nous-joindre\/hippodromes\/\" \/>\n<meta property=\"og:locale\" content=\"fr_FR\" \/>\n<meta property=\"og:type\" content=\"article\" \/>\n<meta property=\"og:title\" content=\"Hippodromes &#8226; Verso Verde Milano &#8226;\" \/>\n<meta property=\"og:description\" content=\"Les hippodromes Snai La Maura et San Siro accueillent d&#039;importants festivals de musique estivaux tels que l&#039;IDAYS, ainsi que le site de c\u00e9l\u00e8bres courses de chevaux. Ils sont facilement accessibles depuis l&#039;h\u00f4tel en prenant le bus 90 (monter \u00e0 Ponte delle milizie, descendre \u00e0 LottoM1). Prendre ensuite le bus 78 de Piazzale Lotto\/Via Domede et descendre \u00e0 Via Ippodromo\/ Via Patroclo. V\u00e9rifiez la rue et la couleur de l&#039;entr\u00e9e sur le ticket. .\" \/>\n<meta property=\"og:url\" content=\"https:\/\/www.versoverde.it\/fr\/comment-nous-joindre\/hippodromes\/\" \/>\n<meta property=\"og:site_name\" content=\"Verso Verde Milano\" \/>\n<meta name=\"twitter:card\" content=\"summary_large_image\" \/>\n<script type=\"application\/ld+json\" class=\"yoast-schema-graph\">{\"@context\":\"https:\/\/schema.org\",\"@graph\":[{\"@type\":\"WebPage\",\"@id\":\"https:\/\/www.versoverde.it\/fr\/comment-nous-joindre\/hippodromes\/\",\"url\":\"https:\/\/www.versoverde.it\/fr\/comment-nous-joindre\/hippodromes\/\",\"name\":\"Hippodromes &#8226; Verso Verde Milano &#8226;\",\"isPartOf\":{\"@id\":\"https:\/\/www.versoverde.it\/fr\/#website\"},\"datePublished\":\"2025-04-11T13:40:19+00:00\",\"description\":\"Les hippodromes Snai La Maura et San Siro accueillent d'importants festivals de musique estivaux tels que l'IDAYS, ainsi que le site de c\u00e9l\u00e8bres courses de chevaux. Ils sont facilement accessibles depuis l'h\u00f4tel en prenant le bus 90 (monter \u00e0 Ponte delle milizie, descendre \u00e0 LottoM1). Prendre ensuite le bus 78 de Piazzale Lotto\/Via Domede et descendre \u00e0 Via Ippodromo\/ Via Patroclo. V\u00e9rifiez la rue et la couleur de l'entr\u00e9e sur le ticket. .\",\"breadcrumb\":{\"@id\":\"https:\/\/www.versoverde.it\/fr\/comment-nous-joindre\/hippodromes\/#breadcrumb\"},\"inLanguage\":\"fr-FR\",\"potentialAction\":[{\"@type\":\"ReadAction\",\"target\":[\"https:\/\/www.versoverde.it\/fr\/comment-nous-joindre\/hippodromes\/\"]}]},{\"@type\":\"BreadcrumbList\",\"@id\":\"https:\/\/www.versoverde.it\/fr\/comment-nous-joindre\/hippodromes\/#breadcrumb\",\"itemListElement\":[{\"@type\":\"ListItem\",\"position\":1,\"name\":\"Home\",\"item\":\"https:\/\/www.versoverde.it\/fr\/\"},{\"@type\":\"ListItem\",\"position\":2,\"name\":\"Comment nous joindre\",\"item\":\"https:\/\/www.versoverde.it\/fr\/comment-nous-joindre\/\"},{\"@type\":\"ListItem\",\"position\":3,\"name\":\"Hippodromes\"}]},{\"@type\":\"WebSite\",\"@id\":\"https:\/\/www.versoverde.it\/fr\/#website\",\"url\":\"https:\/\/www.versoverde.it\/fr\/\",\"name\":\"Verso Verde Milano\",\"description\":\"Ecco un altro sito ms.decms.eu\",\"potentialAction\":[{\"@type\":\"SearchAction\",\"target\":{\"@type\":\"EntryPoint\",\"urlTemplate\":\"https:\/\/www.versoverde.it\/fr\/?s={search_term_string}\"},\"query-input\":{\"@type\":\"PropertyValueSpecification\",\"valueRequired\":true,\"valueName\":\"search_term_string\"}}],\"inLanguage\":\"fr-FR\"}]}<\/script>\n<!-- \/ Yoast SEO plugin. -->","yoast_head_json":{"title":"Hippodromes &#8226; Verso Verde Milano &#8226;","description":"Les hippodromes Snai La Maura et San Siro accueillent d'importants festivals de musique estivaux tels que l'IDAYS, ainsi que le site de c\u00e9l\u00e8bres courses de chevaux. Ils sont facilement accessibles depuis l'h\u00f4tel en prenant le bus 90 (monter \u00e0 Ponte delle milizie, descendre \u00e0 LottoM1). Prendre ensuite le bus 78 de Piazzale Lotto\/Via Domede et descendre \u00e0 Via Ippodromo\/ Via Patroclo. V\u00e9rifiez la rue et la couleur de l'entr\u00e9e sur le ticket. .","robots":{"index":"index","follow":"follow","max-snippet":"max-snippet:-1","max-image-preview":"max-image-preview:large","max-video-preview":"max-video-preview:-1"},"canonical":"https:\/\/www.versoverde.it\/fr\/comment-nous-joindre\/hippodromes\/","og_locale":"fr_FR","og_type":"article","og_title":"Hippodromes &#8226; Verso Verde Milano &#8226;","og_description":"Les hippodromes Snai La Maura et San Siro accueillent d'importants festivals de musique estivaux tels que l'IDAYS, ainsi que le site de c\u00e9l\u00e8bres courses de chevaux. Ils sont facilement accessibles depuis l'h\u00f4tel en prenant le bus 90 (monter \u00e0 Ponte delle milizie, descendre \u00e0 LottoM1). Prendre ensuite le bus 78 de Piazzale Lotto\/Via Domede et descendre \u00e0 Via Ippodromo\/ Via Patroclo. V\u00e9rifiez la rue et la couleur de l'entr\u00e9e sur le ticket. .","og_url":"https:\/\/www.versoverde.it\/fr\/comment-nous-joindre\/hippodromes\/","og_site_name":"Verso Verde Milano","twitter_card":"summary_large_image","schema":{"@context":"https:\/\/schema.org","@graph":[{"@type":"WebPage","@id":"https:\/\/www.versoverde.it\/fr\/comment-nous-joindre\/hippodromes\/","url":"https:\/\/www.versoverde.it\/fr\/comment-nous-joindre\/hippodromes\/","name":"Hippodromes &#8226; Verso Verde Milano &#8226;","isPartOf":{"@id":"https:\/\/www.versoverde.it\/fr\/#website"},"datePublished":"2025-04-11T13:40:19+00:00","description":"Les hippodromes Snai La Maura et San Siro accueillent d'importants festivals de musique estivaux tels que l'IDAYS, ainsi que le site de c\u00e9l\u00e8bres courses de chevaux. Ils sont facilement accessibles depuis l'h\u00f4tel en prenant le bus 90 (monter \u00e0 Ponte delle milizie, descendre \u00e0 LottoM1). Prendre ensuite le bus 78 de Piazzale Lotto\/Via Domede et descendre \u00e0 Via Ippodromo\/ Via Patroclo. V\u00e9rifiez la rue et la couleur de l'entr\u00e9e sur le ticket. .","breadcrumb":{"@id":"https:\/\/www.versoverde.it\/fr\/comment-nous-joindre\/hippodromes\/#breadcrumb"},"inLanguage":"fr-FR","potentialAction":[{"@type":"ReadAction","target":["https:\/\/www.versoverde.it\/fr\/comment-nous-joindre\/hippodromes\/"]}]},{"@type":"BreadcrumbList","@id":"https:\/\/www.versoverde.it\/fr\/comment-nous-joindre\/hippodromes\/#breadcrumb","itemListElement":[{"@type":"ListItem","position":1,"name":"Home","item":"https:\/\/www.versoverde.it\/fr\/"},{"@type":"ListItem","position":2,"name":"Comment nous joindre","item":"https:\/\/www.versoverde.it\/fr\/comment-nous-joindre\/"},{"@type":"ListItem","position":3,"name":"Hippodromes"}]},{"@type":"WebSite","@id":"https:\/\/www.versoverde.it\/fr\/#website","url":"https:\/\/www.versoverde.it\/fr\/","name":"Verso Verde Milano","description":"Ecco un altro sito ms.decms.eu","potentialAction":[{"@type":"SearchAction","target":{"@type":"EntryPoint","urlTemplate":"https:\/\/www.versoverde.it\/fr\/?s={search_term_string}"},"query-input":{"@type":"PropertyValueSpecification","valueRequired":true,"valueName":"search_term_string"}}],"inLanguage":"fr-FR"}]}},"acf":[],"_links":{"self":[{"href":"https:\/\/www.versoverde.it\/fr\/wp-json\/wp\/v2\/pages\/1195","targetHints":{"allow":["GET"]}}],"collection":[{"href":"https:\/\/www.versoverde.it\/fr\/wp-json\/wp\/v2\/pages"}],"about":[{"href":"https:\/\/www.versoverde.it\/fr\/wp-json\/wp\/v2\/types\/page"}],"author":[{"embeddable":true,"href":"https:\/\/www.versoverde.it\/fr\/wp-json\/wp\/v2\/users\/409"}],"replies":[{"embeddable":true,"href":"https:\/\/www.versoverde.it\/fr\/wp-json\/wp\/v2\/comments?post=1195"}],"version-history":[{"count":0,"href":"https:\/\/www.versoverde.it\/fr\/wp-json\/wp\/v2\/pages\/1195\/revisions"}],"up":[{"embeddable":true,"href":"https:\/\/www.versoverde.it\/fr\/wp-json\/wp\/v2\/pages\/652"}],"wp:attachment":[{"href":"https:\/\/www.versoverde.it\/fr\/wp-json\/wp\/v2\/media?parent=1195"}],"curies":[{"name":"wp","href":"https:\/\/api.w.org\/{rel}","templated":true}]}}