{"id":1197,"date":"2025-04-11T15:47:25","date_gmt":"2025-04-11T13:47:25","guid":{"rendered":"https:\/\/www.versoverde.it\/?page_id=1197"},"modified":"2025-04-11T15:47:25","modified_gmt":"2025-04-11T13:47:25","slug":"universites","status":"publish","type":"page","link":"https:\/\/www.versoverde.it\/fr\/comment-nous-joindre\/universites\/","title":{"rendered":"Universit\u00e9s"},"content":{"rendered":"<p style=\"text-align: center\">L&rsquo;h\u00f4tel VersoVerde se trouve \u00e0 proximit\u00e9 des c\u00e9l\u00e8bres universit\u00e9s IULM et Bocconi.<\/p>\n<p style=\"text-align: center\">Pour rejoindre l&rsquo;universit\u00e9 IULM, vous devez prendre le bus 324 \u00e0 partir de Ludovico il Moro 25 et descendre \u00e0 Romolo FS.<\/p>\n<p style=\"text-align: center\">le bus 324 de Ludovico il Moro 25 et descendre \u00e0 Romolo FS.<\/p>\n<p style=\"text-align: center\">Pour rejoindre l&rsquo;universit\u00e9 Bocconi, il faut prendre<\/p>\n<p style=\"text-align: center\">le tram 2 de Ludovico il Moro 25 jusqu&rsquo;\u00e0 Porta Genova et ensuite le tram 9, arr\u00eat Bocconi.<\/p>\n","protected":false},"excerpt":{"rendered":"<p>L&rsquo;h\u00f4tel VersoVerde se trouve \u00e0 proximit\u00e9 des c\u00e9l\u00e8bres universit\u00e9s IULM et Bocconi. Pour rejoindre l&rsquo;universit\u00e9 IULM, vous devez prendre le bus 324 \u00e0 partir de Ludovico il Moro 25 et descendre \u00e0 Romolo FS. le bus 324 de Ludovico il Moro 25 et descendre \u00e0 Romolo FS. Pour rejoindre l&rsquo;universit\u00e9 Bocconi, il faut prendre le [&hellip;]<\/p>\n","protected":false},"author":409,"featured_media":0,"parent":652,"menu_order":90,"comment_status":"closed","ping_status":"closed","template":"","meta":{"footnotes":""},"class_list":["post-1197","page","type-page","status-publish","hentry"],"yoast_head":"<!-- This site is optimized with the Yoast SEO plugin v26.9 - https:\/\/yoast.com\/product\/yoast-seo-wordpress\/ -->\n<title>Universit\u00e9s &#8226; Verso Verde Milano &#8226;<\/title>\n<meta name=\"description\" content=\"L&#039;h\u00f4tel VersoVerde se trouve \u00e0 proximit\u00e9 des c\u00e9l\u00e8bres universit\u00e9s IULM et Bocconi. Pour rejoindre l&#039;universit\u00e9 IULM, vous devez prendre le bus 324 \u00e0 partir de Ludovico il Moro 25 et descendre \u00e0 Romolo FS. le bus 324 de Ludovico il Moro 25 et descendre \u00e0 Romolo FS. Pour rejoindre l&#039;universit\u00e9 Bocconi, il faut prendre le tram 2 de Ludovico il Moro 25 jusqu&#039;\u00e0 Porta Genova et ensuite le tram 9, arr\u00eat Bocconi..\" \/>\n<meta name=\"robots\" content=\"index, follow, max-snippet:-1, max-image-preview:large, max-video-preview:-1\" \/>\n<link rel=\"canonical\" href=\"https:\/\/www.versoverde.it\/fr\/comment-nous-joindre\/universites\/\" \/>\n<meta property=\"og:locale\" content=\"fr_FR\" \/>\n<meta property=\"og:type\" content=\"article\" \/>\n<meta property=\"og:title\" content=\"Universit\u00e9s &#8226; Verso Verde Milano &#8226;\" \/>\n<meta property=\"og:description\" content=\"L&#039;h\u00f4tel VersoVerde se trouve \u00e0 proximit\u00e9 des c\u00e9l\u00e8bres universit\u00e9s IULM et Bocconi. Pour rejoindre l&#039;universit\u00e9 IULM, vous devez prendre le bus 324 \u00e0 partir de Ludovico il Moro 25 et descendre \u00e0 Romolo FS. le bus 324 de Ludovico il Moro 25 et descendre \u00e0 Romolo FS. Pour rejoindre l&#039;universit\u00e9 Bocconi, il faut prendre le tram 2 de Ludovico il Moro 25 jusqu&#039;\u00e0 Porta Genova et ensuite le tram 9, arr\u00eat Bocconi..\" \/>\n<meta property=\"og:url\" content=\"https:\/\/www.versoverde.it\/fr\/comment-nous-joindre\/universites\/\" \/>\n<meta property=\"og:site_name\" content=\"Verso Verde Milano\" \/>\n<meta name=\"twitter:card\" content=\"summary_large_image\" \/>\n<script type=\"application\/ld+json\" class=\"yoast-schema-graph\">{\"@context\":\"https:\/\/schema.org\",\"@graph\":[{\"@type\":\"WebPage\",\"@id\":\"https:\/\/www.versoverde.it\/fr\/comment-nous-joindre\/universites\/\",\"url\":\"https:\/\/www.versoverde.it\/fr\/comment-nous-joindre\/universites\/\",\"name\":\"Universit\u00e9s &#8226; Verso Verde Milano &#8226;\",\"isPartOf\":{\"@id\":\"https:\/\/www.versoverde.it\/fr\/#website\"},\"datePublished\":\"2025-04-11T13:47:25+00:00\",\"description\":\"L'h\u00f4tel VersoVerde se trouve \u00e0 proximit\u00e9 des c\u00e9l\u00e8bres universit\u00e9s IULM et Bocconi. Pour rejoindre l'universit\u00e9 IULM, vous devez prendre le bus 324 \u00e0 partir de Ludovico il Moro 25 et descendre \u00e0 Romolo FS. le bus 324 de Ludovico il Moro 25 et descendre \u00e0 Romolo FS. Pour rejoindre l'universit\u00e9 Bocconi, il faut prendre le tram 2 de Ludovico il Moro 25 jusqu'\u00e0 Porta Genova et ensuite le tram 9, arr\u00eat Bocconi. .\",\"breadcrumb\":{\"@id\":\"https:\/\/www.versoverde.it\/fr\/comment-nous-joindre\/universites\/#breadcrumb\"},\"inLanguage\":\"fr-FR\",\"potentialAction\":[{\"@type\":\"ReadAction\",\"target\":[\"https:\/\/www.versoverde.it\/fr\/comment-nous-joindre\/universites\/\"]}]},{\"@type\":\"BreadcrumbList\",\"@id\":\"https:\/\/www.versoverde.it\/fr\/comment-nous-joindre\/universites\/#breadcrumb\",\"itemListElement\":[{\"@type\":\"ListItem\",\"position\":1,\"name\":\"Home\",\"item\":\"https:\/\/www.versoverde.it\/fr\/\"},{\"@type\":\"ListItem\",\"position\":2,\"name\":\"Comment nous joindre\",\"item\":\"https:\/\/www.versoverde.it\/fr\/comment-nous-joindre\/\"},{\"@type\":\"ListItem\",\"position\":3,\"name\":\"Universit\u00e9s\"}]},{\"@type\":\"WebSite\",\"@id\":\"https:\/\/www.versoverde.it\/fr\/#website\",\"url\":\"https:\/\/www.versoverde.it\/fr\/\",\"name\":\"Verso Verde Milano\",\"description\":\"Ecco un altro sito ms.decms.eu\",\"potentialAction\":[{\"@type\":\"SearchAction\",\"target\":{\"@type\":\"EntryPoint\",\"urlTemplate\":\"https:\/\/www.versoverde.it\/fr\/?s={search_term_string}\"},\"query-input\":{\"@type\":\"PropertyValueSpecification\",\"valueRequired\":true,\"valueName\":\"search_term_string\"}}],\"inLanguage\":\"fr-FR\"}]}<\/script>\n<!-- \/ Yoast SEO plugin. -->","yoast_head_json":{"title":"Universit\u00e9s &#8226; Verso Verde Milano &#8226;","description":"L'h\u00f4tel VersoVerde se trouve \u00e0 proximit\u00e9 des c\u00e9l\u00e8bres universit\u00e9s IULM et Bocconi. Pour rejoindre l'universit\u00e9 IULM, vous devez prendre le bus 324 \u00e0 partir de Ludovico il Moro 25 et descendre \u00e0 Romolo FS. le bus 324 de Ludovico il Moro 25 et descendre \u00e0 Romolo FS. Pour rejoindre l'universit\u00e9 Bocconi, il faut prendre le tram 2 de Ludovico il Moro 25 jusqu'\u00e0 Porta Genova et ensuite le tram 9, arr\u00eat Bocconi..","robots":{"index":"index","follow":"follow","max-snippet":"max-snippet:-1","max-image-preview":"max-image-preview:large","max-video-preview":"max-video-preview:-1"},"canonical":"https:\/\/www.versoverde.it\/fr\/comment-nous-joindre\/universites\/","og_locale":"fr_FR","og_type":"article","og_title":"Universit\u00e9s &#8226; Verso Verde Milano &#8226;","og_description":"L'h\u00f4tel VersoVerde se trouve \u00e0 proximit\u00e9 des c\u00e9l\u00e8bres universit\u00e9s IULM et Bocconi. Pour rejoindre l'universit\u00e9 IULM, vous devez prendre le bus 324 \u00e0 partir de Ludovico il Moro 25 et descendre \u00e0 Romolo FS. le bus 324 de Ludovico il Moro 25 et descendre \u00e0 Romolo FS. Pour rejoindre l'universit\u00e9 Bocconi, il faut prendre le tram 2 de Ludovico il Moro 25 jusqu'\u00e0 Porta Genova et ensuite le tram 9, arr\u00eat Bocconi..","og_url":"https:\/\/www.versoverde.it\/fr\/comment-nous-joindre\/universites\/","og_site_name":"Verso Verde Milano","twitter_card":"summary_large_image","schema":{"@context":"https:\/\/schema.org","@graph":[{"@type":"WebPage","@id":"https:\/\/www.versoverde.it\/fr\/comment-nous-joindre\/universites\/","url":"https:\/\/www.versoverde.it\/fr\/comment-nous-joindre\/universites\/","name":"Universit\u00e9s &#8226; Verso Verde Milano &#8226;","isPartOf":{"@id":"https:\/\/www.versoverde.it\/fr\/#website"},"datePublished":"2025-04-11T13:47:25+00:00","description":"L'h\u00f4tel VersoVerde se trouve \u00e0 proximit\u00e9 des c\u00e9l\u00e8bres universit\u00e9s IULM et Bocconi. Pour rejoindre l'universit\u00e9 IULM, vous devez prendre le bus 324 \u00e0 partir de Ludovico il Moro 25 et descendre \u00e0 Romolo FS. le bus 324 de Ludovico il Moro 25 et descendre \u00e0 Romolo FS. Pour rejoindre l'universit\u00e9 Bocconi, il faut prendre le tram 2 de Ludovico il Moro 25 jusqu'\u00e0 Porta Genova et ensuite le tram 9, arr\u00eat Bocconi. .","breadcrumb":{"@id":"https:\/\/www.versoverde.it\/fr\/comment-nous-joindre\/universites\/#breadcrumb"},"inLanguage":"fr-FR","potentialAction":[{"@type":"ReadAction","target":["https:\/\/www.versoverde.it\/fr\/comment-nous-joindre\/universites\/"]}]},{"@type":"BreadcrumbList","@id":"https:\/\/www.versoverde.it\/fr\/comment-nous-joindre\/universites\/#breadcrumb","itemListElement":[{"@type":"ListItem","position":1,"name":"Home","item":"https:\/\/www.versoverde.it\/fr\/"},{"@type":"ListItem","position":2,"name":"Comment nous joindre","item":"https:\/\/www.versoverde.it\/fr\/comment-nous-joindre\/"},{"@type":"ListItem","position":3,"name":"Universit\u00e9s"}]},{"@type":"WebSite","@id":"https:\/\/www.versoverde.it\/fr\/#website","url":"https:\/\/www.versoverde.it\/fr\/","name":"Verso Verde Milano","description":"Ecco un altro sito ms.decms.eu","potentialAction":[{"@type":"SearchAction","target":{"@type":"EntryPoint","urlTemplate":"https:\/\/www.versoverde.it\/fr\/?s={search_term_string}"},"query-input":{"@type":"PropertyValueSpecification","valueRequired":true,"valueName":"search_term_string"}}],"inLanguage":"fr-FR"}]}},"acf":[],"_links":{"self":[{"href":"https:\/\/www.versoverde.it\/fr\/wp-json\/wp\/v2\/pages\/1197","targetHints":{"allow":["GET"]}}],"collection":[{"href":"https:\/\/www.versoverde.it\/fr\/wp-json\/wp\/v2\/pages"}],"about":[{"href":"https:\/\/www.versoverde.it\/fr\/wp-json\/wp\/v2\/types\/page"}],"author":[{"embeddable":true,"href":"https:\/\/www.versoverde.it\/fr\/wp-json\/wp\/v2\/users\/409"}],"replies":[{"embeddable":true,"href":"https:\/\/www.versoverde.it\/fr\/wp-json\/wp\/v2\/comments?post=1197"}],"version-history":[{"count":0,"href":"https:\/\/www.versoverde.it\/fr\/wp-json\/wp\/v2\/pages\/1197\/revisions"}],"up":[{"embeddable":true,"href":"https:\/\/www.versoverde.it\/fr\/wp-json\/wp\/v2\/pages\/652"}],"wp:attachment":[{"href":"https:\/\/www.versoverde.it\/fr\/wp-json\/wp\/v2\/media?parent=1197"}],"curies":[{"name":"wp","href":"https:\/\/api.w.org\/{rel}","templated":true}]}}