{"id":1205,"date":"2025-06-09T09:24:56","date_gmt":"2025-06-09T07:24:56","guid":{"rendered":"https:\/\/www.versoverde.it\/?page_id=1205"},"modified":"2025-06-09T09:24:56","modified_gmt":"2025-06-09T07:24:56","slug":"stade-giuseppe-meazza","status":"publish","type":"page","link":"https:\/\/www.versoverde.it\/fr\/comment-nous-joindre\/stade-giuseppe-meazza\/","title":{"rendered":"Stade Giuseppe Meazza"},"content":{"rendered":"<p style=\"text-align: center\">Le stade Giuseppe Meazza, \u00e9galement connu sous le nom de stade San Siro,<\/p>\n<p style=\"text-align: center\">est l&rsquo;un des symboles de Milan et accueille des \u00e9v\u00e9nements sportifs et musicaux.<\/p>\n<p style=\"text-align: center\">Le stade est facilement accessible depuis l&rsquo;h\u00f4tel :<\/p>\n<p style=\"text-align: center\">prenez le bus 90<\/p>\n<p style=\"text-align: center\">(montez \u00e0 Ponte delle milizie, descendez \u00e0 piazzale Brescia)<\/p>\n<p style=\"text-align: center\">puis prenez le tram 16 jusqu&rsquo;au stade.<\/p>\n","protected":false},"excerpt":{"rendered":"<p>Le stade Giuseppe Meazza, \u00e9galement connu sous le nom de stade San Siro, est l&rsquo;un des symboles de Milan et accueille des \u00e9v\u00e9nements sportifs et musicaux. Le stade est facilement accessible depuis l&rsquo;h\u00f4tel : prenez le bus 90 (montez \u00e0 Ponte delle milizie, descendez \u00e0 piazzale Brescia) puis prenez le tram 16 jusqu&rsquo;au stade.<\/p>\n","protected":false},"author":409,"featured_media":0,"parent":652,"menu_order":70,"comment_status":"closed","ping_status":"closed","template":"","meta":{"footnotes":""},"class_list":["post-1205","page","type-page","status-publish","hentry"],"yoast_head":"<!-- This site is optimized with the Yoast SEO plugin v26.9 - https:\/\/yoast.com\/product\/yoast-seo-wordpress\/ -->\n<title>Stade Giuseppe Meazza &#8226; Verso Verde Milano &#8226;<\/title>\n<meta name=\"description\" content=\"Le stade Giuseppe Meazza, \u00e9galement connu sous le nom de stade San Siro, est l&#039;un des symboles de Milan et accueille des \u00e9v\u00e9nements sportifs et musicaux. Le stade est facilement accessible depuis l&#039;h\u00f4tel : prenez le bus 90 (montez \u00e0 Ponte delle milizie, descendez \u00e0 piazzale Brescia) puis prenez le tram 16 jusqu&#039;au stade..\" \/>\n<meta name=\"robots\" content=\"index, follow, max-snippet:-1, max-image-preview:large, max-video-preview:-1\" \/>\n<link rel=\"canonical\" href=\"https:\/\/www.versoverde.it\/fr\/comment-nous-joindre\/stade-giuseppe-meazza\/\" \/>\n<meta property=\"og:locale\" content=\"fr_FR\" \/>\n<meta property=\"og:type\" content=\"article\" \/>\n<meta property=\"og:title\" content=\"Stade Giuseppe Meazza &#8226; Verso Verde Milano &#8226;\" \/>\n<meta property=\"og:description\" content=\"Le stade Giuseppe Meazza, \u00e9galement connu sous le nom de stade San Siro, est l&#039;un des symboles de Milan et accueille des \u00e9v\u00e9nements sportifs et musicaux. Le stade est facilement accessible depuis l&#039;h\u00f4tel : prenez le bus 90 (montez \u00e0 Ponte delle milizie, descendez \u00e0 piazzale Brescia) puis prenez le tram 16 jusqu&#039;au stade..\" \/>\n<meta property=\"og:url\" content=\"https:\/\/www.versoverde.it\/fr\/comment-nous-joindre\/stade-giuseppe-meazza\/\" \/>\n<meta property=\"og:site_name\" content=\"Verso Verde Milano\" \/>\n<meta name=\"twitter:card\" content=\"summary_large_image\" \/>\n<script type=\"application\/ld+json\" class=\"yoast-schema-graph\">{\"@context\":\"https:\/\/schema.org\",\"@graph\":[{\"@type\":\"WebPage\",\"@id\":\"https:\/\/www.versoverde.it\/fr\/comment-nous-joindre\/stade-giuseppe-meazza\/\",\"url\":\"https:\/\/www.versoverde.it\/fr\/comment-nous-joindre\/stade-giuseppe-meazza\/\",\"name\":\"Stade Giuseppe Meazza &#8226; Verso Verde Milano &#8226;\",\"isPartOf\":{\"@id\":\"https:\/\/www.versoverde.it\/fr\/#website\"},\"datePublished\":\"2025-06-09T07:24:56+00:00\",\"description\":\"Le stade Giuseppe Meazza, \u00e9galement connu sous le nom de stade San Siro, est l'un des symboles de Milan et accueille des \u00e9v\u00e9nements sportifs et musicaux. Le stade est facilement accessible depuis l'h\u00f4tel : prenez le bus 90 (montez \u00e0 Ponte delle milizie, descendez \u00e0 piazzale Brescia) puis prenez le tram 16 jusqu'au stade. .\",\"breadcrumb\":{\"@id\":\"https:\/\/www.versoverde.it\/fr\/comment-nous-joindre\/stade-giuseppe-meazza\/#breadcrumb\"},\"inLanguage\":\"fr-FR\",\"potentialAction\":[{\"@type\":\"ReadAction\",\"target\":[\"https:\/\/www.versoverde.it\/fr\/comment-nous-joindre\/stade-giuseppe-meazza\/\"]}]},{\"@type\":\"BreadcrumbList\",\"@id\":\"https:\/\/www.versoverde.it\/fr\/comment-nous-joindre\/stade-giuseppe-meazza\/#breadcrumb\",\"itemListElement\":[{\"@type\":\"ListItem\",\"position\":1,\"name\":\"Home\",\"item\":\"https:\/\/www.versoverde.it\/fr\/\"},{\"@type\":\"ListItem\",\"position\":2,\"name\":\"Comment nous joindre\",\"item\":\"https:\/\/www.versoverde.it\/fr\/comment-nous-joindre\/\"},{\"@type\":\"ListItem\",\"position\":3,\"name\":\"Stade Giuseppe Meazza\"}]},{\"@type\":\"WebSite\",\"@id\":\"https:\/\/www.versoverde.it\/fr\/#website\",\"url\":\"https:\/\/www.versoverde.it\/fr\/\",\"name\":\"Verso Verde Milano\",\"description\":\"Ecco un altro sito ms.decms.eu\",\"potentialAction\":[{\"@type\":\"SearchAction\",\"target\":{\"@type\":\"EntryPoint\",\"urlTemplate\":\"https:\/\/www.versoverde.it\/fr\/?s={search_term_string}\"},\"query-input\":{\"@type\":\"PropertyValueSpecification\",\"valueRequired\":true,\"valueName\":\"search_term_string\"}}],\"inLanguage\":\"fr-FR\"}]}<\/script>\n<!-- \/ Yoast SEO plugin. -->","yoast_head_json":{"title":"Stade Giuseppe Meazza &#8226; Verso Verde Milano &#8226;","description":"Le stade Giuseppe Meazza, \u00e9galement connu sous le nom de stade San Siro, est l'un des symboles de Milan et accueille des \u00e9v\u00e9nements sportifs et musicaux. Le stade est facilement accessible depuis l'h\u00f4tel : prenez le bus 90 (montez \u00e0 Ponte delle milizie, descendez \u00e0 piazzale Brescia) puis prenez le tram 16 jusqu'au stade..","robots":{"index":"index","follow":"follow","max-snippet":"max-snippet:-1","max-image-preview":"max-image-preview:large","max-video-preview":"max-video-preview:-1"},"canonical":"https:\/\/www.versoverde.it\/fr\/comment-nous-joindre\/stade-giuseppe-meazza\/","og_locale":"fr_FR","og_type":"article","og_title":"Stade Giuseppe Meazza &#8226; Verso Verde Milano &#8226;","og_description":"Le stade Giuseppe Meazza, \u00e9galement connu sous le nom de stade San Siro, est l'un des symboles de Milan et accueille des \u00e9v\u00e9nements sportifs et musicaux. Le stade est facilement accessible depuis l'h\u00f4tel : prenez le bus 90 (montez \u00e0 Ponte delle milizie, descendez \u00e0 piazzale Brescia) puis prenez le tram 16 jusqu'au stade..","og_url":"https:\/\/www.versoverde.it\/fr\/comment-nous-joindre\/stade-giuseppe-meazza\/","og_site_name":"Verso Verde Milano","twitter_card":"summary_large_image","schema":{"@context":"https:\/\/schema.org","@graph":[{"@type":"WebPage","@id":"https:\/\/www.versoverde.it\/fr\/comment-nous-joindre\/stade-giuseppe-meazza\/","url":"https:\/\/www.versoverde.it\/fr\/comment-nous-joindre\/stade-giuseppe-meazza\/","name":"Stade Giuseppe Meazza &#8226; Verso Verde Milano &#8226;","isPartOf":{"@id":"https:\/\/www.versoverde.it\/fr\/#website"},"datePublished":"2025-06-09T07:24:56+00:00","description":"Le stade Giuseppe Meazza, \u00e9galement connu sous le nom de stade San Siro, est l'un des symboles de Milan et accueille des \u00e9v\u00e9nements sportifs et musicaux. Le stade est facilement accessible depuis l'h\u00f4tel : prenez le bus 90 (montez \u00e0 Ponte delle milizie, descendez \u00e0 piazzale Brescia) puis prenez le tram 16 jusqu'au stade. .","breadcrumb":{"@id":"https:\/\/www.versoverde.it\/fr\/comment-nous-joindre\/stade-giuseppe-meazza\/#breadcrumb"},"inLanguage":"fr-FR","potentialAction":[{"@type":"ReadAction","target":["https:\/\/www.versoverde.it\/fr\/comment-nous-joindre\/stade-giuseppe-meazza\/"]}]},{"@type":"BreadcrumbList","@id":"https:\/\/www.versoverde.it\/fr\/comment-nous-joindre\/stade-giuseppe-meazza\/#breadcrumb","itemListElement":[{"@type":"ListItem","position":1,"name":"Home","item":"https:\/\/www.versoverde.it\/fr\/"},{"@type":"ListItem","position":2,"name":"Comment nous joindre","item":"https:\/\/www.versoverde.it\/fr\/comment-nous-joindre\/"},{"@type":"ListItem","position":3,"name":"Stade Giuseppe Meazza"}]},{"@type":"WebSite","@id":"https:\/\/www.versoverde.it\/fr\/#website","url":"https:\/\/www.versoverde.it\/fr\/","name":"Verso Verde Milano","description":"Ecco un altro sito ms.decms.eu","potentialAction":[{"@type":"SearchAction","target":{"@type":"EntryPoint","urlTemplate":"https:\/\/www.versoverde.it\/fr\/?s={search_term_string}"},"query-input":{"@type":"PropertyValueSpecification","valueRequired":true,"valueName":"search_term_string"}}],"inLanguage":"fr-FR"}]}},"acf":[],"_links":{"self":[{"href":"https:\/\/www.versoverde.it\/fr\/wp-json\/wp\/v2\/pages\/1205","targetHints":{"allow":["GET"]}}],"collection":[{"href":"https:\/\/www.versoverde.it\/fr\/wp-json\/wp\/v2\/pages"}],"about":[{"href":"https:\/\/www.versoverde.it\/fr\/wp-json\/wp\/v2\/types\/page"}],"author":[{"embeddable":true,"href":"https:\/\/www.versoverde.it\/fr\/wp-json\/wp\/v2\/users\/409"}],"replies":[{"embeddable":true,"href":"https:\/\/www.versoverde.it\/fr\/wp-json\/wp\/v2\/comments?post=1205"}],"version-history":[{"count":0,"href":"https:\/\/www.versoverde.it\/fr\/wp-json\/wp\/v2\/pages\/1205\/revisions"}],"up":[{"embeddable":true,"href":"https:\/\/www.versoverde.it\/fr\/wp-json\/wp\/v2\/pages\/652"}],"wp:attachment":[{"href":"https:\/\/www.versoverde.it\/fr\/wp-json\/wp\/v2\/media?parent=1205"}],"curies":[{"name":"wp","href":"https:\/\/api.w.org\/{rel}","templated":true}]}}