{"id":1209,"date":"2025-06-09T09:31:56","date_gmt":"2025-06-09T07:31:56","guid":{"rendered":"https:\/\/www.versoverde.it\/?page_id=1209"},"modified":"2025-06-09T09:35:04","modified_gmt":"2025-06-09T07:35:04","slug":"triennale-milano","status":"publish","type":"page","link":"https:\/\/www.versoverde.it\/fr\/comment-nous-joindre\/triennale-milano\/","title":{"rendered":"Triennale Milano"},"content":{"rendered":"<p style=\"text-align: center\">Depuis 1923, la Triennale Milano est l&rsquo;institution italienne d\u00e9di\u00e9e<\/p>\n<p style=\"text-align: center\">au design, \u00e0 l&rsquo;architecture, aux arts visuels et aux arts du spectacle.<\/p>\n<p style=\"text-align: center\">Pour vous y rendre, prenez le tram n\u00b0 2 depuis Ludovico il Moro 25 \u00e0 Porta Genova.<\/p>\n<p style=\"text-align: center\">Prenez ensuite le m\u00e9tro vert M2 jusqu&rsquo;\u00e0 Cadorna.<\/p>\n<p style=\"text-align: center\">La Triennale se trouve \u00e0 10 minutes \u00e0 pied.<\/p>\n","protected":false},"excerpt":{"rendered":"<p>Depuis 1923, la Triennale Milano est l&rsquo;institution italienne d\u00e9di\u00e9e au design, \u00e0 l&rsquo;architecture, aux arts visuels et aux arts du spectacle. Pour vous y rendre, prenez le tram n\u00b0 2 depuis Ludovico il Moro 25 \u00e0 Porta Genova. Prenez ensuite le m\u00e9tro vert M2 jusqu&rsquo;\u00e0 Cadorna. La Triennale se trouve \u00e0 10 minutes \u00e0 pied.<\/p>\n","protected":false},"author":409,"featured_media":0,"parent":652,"menu_order":100,"comment_status":"closed","ping_status":"closed","template":"","meta":{"footnotes":""},"class_list":["post-1209","page","type-page","status-publish","hentry"],"yoast_head":"<!-- This site is optimized with the Yoast SEO plugin v26.9 - https:\/\/yoast.com\/product\/yoast-seo-wordpress\/ -->\n<title>Triennale Milano &#8226; Verso Verde Milano &#8226;<\/title>\n<meta name=\"description\" content=\"Depuis 1923, la Triennale Milano est l&#039;institution italienne d\u00e9di\u00e9e au design, \u00e0 l&#039;architecture, aux arts visuels et aux arts du spectacle. Pour vous y rendre, prenez le tram n\u00b0 2 depuis Ludovico il Moro 25 \u00e0 Porta Genova. Prenez ensuite le m\u00e9tro vert M2 jusqu&#039;\u00e0 Cadorna. La Triennale se trouve \u00e0 10 minutes \u00e0 pied..\" \/>\n<meta name=\"robots\" content=\"index, follow, max-snippet:-1, max-image-preview:large, max-video-preview:-1\" \/>\n<link rel=\"canonical\" href=\"https:\/\/www.versoverde.it\/fr\/comment-nous-joindre\/triennale-milano\/\" \/>\n<meta property=\"og:locale\" content=\"fr_FR\" \/>\n<meta property=\"og:type\" content=\"article\" \/>\n<meta property=\"og:title\" content=\"Triennale Milano &#8226; Verso Verde Milano &#8226;\" \/>\n<meta property=\"og:description\" content=\"Depuis 1923, la Triennale Milano est l&#039;institution italienne d\u00e9di\u00e9e au design, \u00e0 l&#039;architecture, aux arts visuels et aux arts du spectacle. Pour vous y rendre, prenez le tram n\u00b0 2 depuis Ludovico il Moro 25 \u00e0 Porta Genova. Prenez ensuite le m\u00e9tro vert M2 jusqu&#039;\u00e0 Cadorna. La Triennale se trouve \u00e0 10 minutes \u00e0 pied..\" \/>\n<meta property=\"og:url\" content=\"https:\/\/www.versoverde.it\/fr\/comment-nous-joindre\/triennale-milano\/\" \/>\n<meta property=\"og:site_name\" content=\"Verso Verde Milano\" \/>\n<meta property=\"article:modified_time\" content=\"2025-06-09T07:35:04+00:00\" \/>\n<meta name=\"twitter:card\" content=\"summary_large_image\" \/>\n<script type=\"application\/ld+json\" class=\"yoast-schema-graph\">{\"@context\":\"https:\/\/schema.org\",\"@graph\":[{\"@type\":\"WebPage\",\"@id\":\"https:\/\/www.versoverde.it\/fr\/comment-nous-joindre\/triennale-milano\/\",\"url\":\"https:\/\/www.versoverde.it\/fr\/comment-nous-joindre\/triennale-milano\/\",\"name\":\"Triennale Milano &#8226; Verso Verde Milano &#8226;\",\"isPartOf\":{\"@id\":\"https:\/\/www.versoverde.it\/fr\/#website\"},\"datePublished\":\"2025-06-09T07:31:56+00:00\",\"dateModified\":\"2025-06-09T07:35:04+00:00\",\"description\":\"Depuis 1923, la Triennale Milano est l'institution italienne d\u00e9di\u00e9e au design, \u00e0 l'architecture, aux arts visuels et aux arts du spectacle. Pour vous y rendre, prenez le tram n\u00b0 2 depuis Ludovico il Moro 25 \u00e0 Porta Genova. Prenez ensuite le m\u00e9tro vert M2 jusqu'\u00e0 Cadorna. La Triennale se trouve \u00e0 10 minutes \u00e0 pied. .\",\"breadcrumb\":{\"@id\":\"https:\/\/www.versoverde.it\/fr\/comment-nous-joindre\/triennale-milano\/#breadcrumb\"},\"inLanguage\":\"fr-FR\",\"potentialAction\":[{\"@type\":\"ReadAction\",\"target\":[\"https:\/\/www.versoverde.it\/fr\/comment-nous-joindre\/triennale-milano\/\"]}]},{\"@type\":\"BreadcrumbList\",\"@id\":\"https:\/\/www.versoverde.it\/fr\/comment-nous-joindre\/triennale-milano\/#breadcrumb\",\"itemListElement\":[{\"@type\":\"ListItem\",\"position\":1,\"name\":\"Home\",\"item\":\"https:\/\/www.versoverde.it\/fr\/\"},{\"@type\":\"ListItem\",\"position\":2,\"name\":\"Comment nous joindre\",\"item\":\"https:\/\/www.versoverde.it\/fr\/comment-nous-joindre\/\"},{\"@type\":\"ListItem\",\"position\":3,\"name\":\"Triennale Milano\"}]},{\"@type\":\"WebSite\",\"@id\":\"https:\/\/www.versoverde.it\/fr\/#website\",\"url\":\"https:\/\/www.versoverde.it\/fr\/\",\"name\":\"Verso Verde Milano\",\"description\":\"Ecco un altro sito ms.decms.eu\",\"potentialAction\":[{\"@type\":\"SearchAction\",\"target\":{\"@type\":\"EntryPoint\",\"urlTemplate\":\"https:\/\/www.versoverde.it\/fr\/?s={search_term_string}\"},\"query-input\":{\"@type\":\"PropertyValueSpecification\",\"valueRequired\":true,\"valueName\":\"search_term_string\"}}],\"inLanguage\":\"fr-FR\"}]}<\/script>\n<!-- \/ Yoast SEO plugin. -->","yoast_head_json":{"title":"Triennale Milano &#8226; Verso Verde Milano &#8226;","description":"Depuis 1923, la Triennale Milano est l'institution italienne d\u00e9di\u00e9e au design, \u00e0 l'architecture, aux arts visuels et aux arts du spectacle. Pour vous y rendre, prenez le tram n\u00b0 2 depuis Ludovico il Moro 25 \u00e0 Porta Genova. Prenez ensuite le m\u00e9tro vert M2 jusqu'\u00e0 Cadorna. La Triennale se trouve \u00e0 10 minutes \u00e0 pied..","robots":{"index":"index","follow":"follow","max-snippet":"max-snippet:-1","max-image-preview":"max-image-preview:large","max-video-preview":"max-video-preview:-1"},"canonical":"https:\/\/www.versoverde.it\/fr\/comment-nous-joindre\/triennale-milano\/","og_locale":"fr_FR","og_type":"article","og_title":"Triennale Milano &#8226; Verso Verde Milano &#8226;","og_description":"Depuis 1923, la Triennale Milano est l'institution italienne d\u00e9di\u00e9e au design, \u00e0 l'architecture, aux arts visuels et aux arts du spectacle. Pour vous y rendre, prenez le tram n\u00b0 2 depuis Ludovico il Moro 25 \u00e0 Porta Genova. Prenez ensuite le m\u00e9tro vert M2 jusqu'\u00e0 Cadorna. La Triennale se trouve \u00e0 10 minutes \u00e0 pied..","og_url":"https:\/\/www.versoverde.it\/fr\/comment-nous-joindre\/triennale-milano\/","og_site_name":"Verso Verde Milano","article_modified_time":"2025-06-09T07:35:04+00:00","twitter_card":"summary_large_image","schema":{"@context":"https:\/\/schema.org","@graph":[{"@type":"WebPage","@id":"https:\/\/www.versoverde.it\/fr\/comment-nous-joindre\/triennale-milano\/","url":"https:\/\/www.versoverde.it\/fr\/comment-nous-joindre\/triennale-milano\/","name":"Triennale Milano &#8226; Verso Verde Milano &#8226;","isPartOf":{"@id":"https:\/\/www.versoverde.it\/fr\/#website"},"datePublished":"2025-06-09T07:31:56+00:00","dateModified":"2025-06-09T07:35:04+00:00","description":"Depuis 1923, la Triennale Milano est l'institution italienne d\u00e9di\u00e9e au design, \u00e0 l'architecture, aux arts visuels et aux arts du spectacle. Pour vous y rendre, prenez le tram n\u00b0 2 depuis Ludovico il Moro 25 \u00e0 Porta Genova. Prenez ensuite le m\u00e9tro vert M2 jusqu'\u00e0 Cadorna. La Triennale se trouve \u00e0 10 minutes \u00e0 pied. .","breadcrumb":{"@id":"https:\/\/www.versoverde.it\/fr\/comment-nous-joindre\/triennale-milano\/#breadcrumb"},"inLanguage":"fr-FR","potentialAction":[{"@type":"ReadAction","target":["https:\/\/www.versoverde.it\/fr\/comment-nous-joindre\/triennale-milano\/"]}]},{"@type":"BreadcrumbList","@id":"https:\/\/www.versoverde.it\/fr\/comment-nous-joindre\/triennale-milano\/#breadcrumb","itemListElement":[{"@type":"ListItem","position":1,"name":"Home","item":"https:\/\/www.versoverde.it\/fr\/"},{"@type":"ListItem","position":2,"name":"Comment nous joindre","item":"https:\/\/www.versoverde.it\/fr\/comment-nous-joindre\/"},{"@type":"ListItem","position":3,"name":"Triennale Milano"}]},{"@type":"WebSite","@id":"https:\/\/www.versoverde.it\/fr\/#website","url":"https:\/\/www.versoverde.it\/fr\/","name":"Verso Verde Milano","description":"Ecco un altro sito ms.decms.eu","potentialAction":[{"@type":"SearchAction","target":{"@type":"EntryPoint","urlTemplate":"https:\/\/www.versoverde.it\/fr\/?s={search_term_string}"},"query-input":{"@type":"PropertyValueSpecification","valueRequired":true,"valueName":"search_term_string"}}],"inLanguage":"fr-FR"}]}},"acf":[],"_links":{"self":[{"href":"https:\/\/www.versoverde.it\/fr\/wp-json\/wp\/v2\/pages\/1209","targetHints":{"allow":["GET"]}}],"collection":[{"href":"https:\/\/www.versoverde.it\/fr\/wp-json\/wp\/v2\/pages"}],"about":[{"href":"https:\/\/www.versoverde.it\/fr\/wp-json\/wp\/v2\/types\/page"}],"author":[{"embeddable":true,"href":"https:\/\/www.versoverde.it\/fr\/wp-json\/wp\/v2\/users\/409"}],"replies":[{"embeddable":true,"href":"https:\/\/www.versoverde.it\/fr\/wp-json\/wp\/v2\/comments?post=1209"}],"version-history":[{"count":0,"href":"https:\/\/www.versoverde.it\/fr\/wp-json\/wp\/v2\/pages\/1209\/revisions"}],"up":[{"embeddable":true,"href":"https:\/\/www.versoverde.it\/fr\/wp-json\/wp\/v2\/pages\/652"}],"wp:attachment":[{"href":"https:\/\/www.versoverde.it\/fr\/wp-json\/wp\/v2\/media?parent=1209"}],"curies":[{"name":"wp","href":"https:\/\/api.w.org\/{rel}","templated":true}]}}