{"id":552,"date":"2022-04-27T12:30:19","date_gmt":"2022-04-27T10:30:19","guid":{"rendered":"https:\/\/www.versoverde.it\/?page_id=552"},"modified":"2025-04-22T12:27:12","modified_gmt":"2025-04-22T10:27:12","slug":"versoverde","status":"publish","type":"page","link":"https:\/\/www.versoverde.it\/fr\/","title":{"rendered":"Hotel &amp; Spa"},"content":{"rendered":"<p style=\"text-align: center\"><strong>Votre oasis de paix \u00e0 Milan.<\/strong><\/p>\n<p style=\"text-align: center\">Un nouveau concept d&rsquo;hospitalit\u00e9 verte pour votre s\u00e9jour \u00e0 Milan.<\/p>\n<p style=\"text-align: center\">D\u00e9tendez-vous au milieu de la v\u00e9g\u00e9tation odorante qui entoure l&rsquo;h\u00f4tel,<br \/>\nPrenez place dans notre patio de bouleaux et observez l&rsquo;endroit o\u00f9 les plantes touchent le ciel.<\/p>\n<p style=\"text-align: center\">Accordez-vous un moment de bien-\u00eatre dans notre spa, faites de l&rsquo;exercice dans notre salle de sport et explorez le Naviglio Grande sur nos bicyclettes.<\/p>\n<p style=\"text-align: center\">Et \u00e0 la fin de la journ\u00e9e, vous pourrez vous d\u00e9tendre dans notre jacuzzi sur la terrasse.<\/p>\n<p style=\"text-align: center\">Vivez une exp\u00e9rience extraordinaire dans le cadre merveilleux des Navigli de Milan.<\/p>\n","protected":false},"excerpt":{"rendered":"<p>Votre oasis de paix \u00e0 Milan. Un nouveau concept d&rsquo;hospitalit\u00e9 verte pour votre s\u00e9jour \u00e0 Milan. D\u00e9tendez-vous au milieu de la v\u00e9g\u00e9tation odorante qui entoure l&rsquo;h\u00f4tel, Prenez place dans notre patio de bouleaux et observez l&rsquo;endroit o\u00f9 les plantes touchent le ciel. Accordez-vous un moment de bien-\u00eatre dans notre spa, faites de l&rsquo;exercice dans notre [&hellip;]<\/p>\n","protected":false},"author":13,"featured_media":0,"parent":0,"menu_order":10,"comment_status":"closed","ping_status":"closed","template":"","meta":{"footnotes":""},"class_list":["post-552","page","type-page","status-publish","hentry"],"yoast_head":"<!-- This site is optimized with the Yoast SEO plugin v26.9 - https:\/\/yoast.com\/product\/yoast-seo-wordpress\/ -->\n<title>Hotel &amp; Spa &#8226; Verso Verde Milano &#8226;<\/title>\n<meta name=\"description\" content=\"Votre oasis de paix \u00e0 Milan. Un nouveau concept d&#039;hospitalit\u00e9 verte pour votre s\u00e9jour \u00e0 Milan. D\u00e9tendez-vous au milieu de la v\u00e9g\u00e9tation odorante qui entoure l&#039;h\u00f4tel, Prenez place dans notre patio de bouleaux et observez l&#039;endroit o\u00f9 les plantes touchent le ciel. Accordez-vous un moment de bien-\u00eatre dans notre spa, faites de l&#039;exercice dans notre salle de sport et explorez le Naviglio Grande sur nos bicyclettes. Et \u00e0 la fin de la journ\u00e9e, vous pourrez vous d\u00e9tendre dans notre jacuzzi sur la terrasse. Vivez une exp\u00e9rience extraordinaire dans le cadre merveilleux des Navigli de Milan..\" \/>\n<meta name=\"robots\" content=\"index, follow, max-snippet:-1, max-image-preview:large, max-video-preview:-1\" \/>\n<link rel=\"canonical\" href=\"https:\/\/www.versoverde.it\/fr\/\" \/>\n<meta property=\"og:locale\" content=\"fr_FR\" \/>\n<meta property=\"og:type\" content=\"article\" \/>\n<meta property=\"og:title\" content=\"Hotel &amp; Spa &#8226; Verso Verde Milano &#8226;\" \/>\n<meta property=\"og:description\" content=\"Votre oasis de paix \u00e0 Milan. Un nouveau concept d&#039;hospitalit\u00e9 verte pour votre s\u00e9jour \u00e0 Milan. D\u00e9tendez-vous au milieu de la v\u00e9g\u00e9tation odorante qui entoure l&#039;h\u00f4tel, Prenez place dans notre patio de bouleaux et observez l&#039;endroit o\u00f9 les plantes touchent le ciel. Accordez-vous un moment de bien-\u00eatre dans notre spa, faites de l&#039;exercice dans notre salle de sport et explorez le Naviglio Grande sur nos bicyclettes. Et \u00e0 la fin de la journ\u00e9e, vous pourrez vous d\u00e9tendre dans notre jacuzzi sur la terrasse. Vivez une exp\u00e9rience extraordinaire dans le cadre merveilleux des Navigli de Milan..\" \/>\n<meta property=\"og:url\" content=\"https:\/\/www.versoverde.it\/fr\/\" \/>\n<meta property=\"og:site_name\" content=\"Verso Verde Milano\" \/>\n<meta property=\"article:modified_time\" content=\"2025-04-22T10:27:12+00:00\" \/>\n<meta name=\"twitter:card\" content=\"summary_large_image\" \/>\n<meta name=\"twitter:label1\" content=\"Dur\u00e9e de lecture estim\u00e9e\" \/>\n\t<meta name=\"twitter:data1\" content=\"1 minute\" \/>\n<script type=\"application\/ld+json\" class=\"yoast-schema-graph\">{\"@context\":\"https:\/\/schema.org\",\"@graph\":[{\"@type\":\"WebPage\",\"@id\":\"https:\/\/www.versoverde.it\/fr\/\",\"url\":\"https:\/\/www.versoverde.it\/fr\/\",\"name\":\"Hotel &amp; Spa &#8226; Verso Verde Milano &#8226;\",\"isPartOf\":{\"@id\":\"https:\/\/www.versoverde.it\/fr\/#website\"},\"datePublished\":\"2022-04-27T10:30:19+00:00\",\"dateModified\":\"2025-04-22T10:27:12+00:00\",\"description\":\"Votre oasis de paix \u00e0 Milan. Un nouveau concept d'hospitalit\u00e9 verte pour votre s\u00e9jour \u00e0 Milan. D\u00e9tendez-vous au milieu de la v\u00e9g\u00e9tation odorante qui entoure l'h\u00f4tel, Prenez place dans notre patio de bouleaux et observez l'endroit o\u00f9 les plantes touchent le ciel. Accordez-vous un moment de bien-\u00eatre dans notre spa, faites de l'exercice dans notre salle de sport et explorez le Naviglio Grande sur nos bicyclettes. Et \u00e0 la fin de la journ\u00e9e, vous pourrez vous d\u00e9tendre dans notre jacuzzi sur la terrasse. Vivez une exp\u00e9rience extraordinaire dans le cadre merveilleux des Navigli de Milan. .\",\"breadcrumb\":{\"@id\":\"https:\/\/www.versoverde.it\/fr\/#breadcrumb\"},\"inLanguage\":\"fr-FR\",\"potentialAction\":[{\"@type\":\"ReadAction\",\"target\":[\"https:\/\/www.versoverde.it\/fr\/\"]}]},{\"@type\":\"BreadcrumbList\",\"@id\":\"https:\/\/www.versoverde.it\/fr\/#breadcrumb\",\"itemListElement\":[{\"@type\":\"ListItem\",\"position\":1,\"name\":\"Home\",\"item\":\"https:\/\/www.versoverde.it\/fr\/\"},{\"@type\":\"ListItem\",\"position\":2,\"name\":\"Hotel &amp; Spa\"}]},{\"@type\":\"WebSite\",\"@id\":\"https:\/\/www.versoverde.it\/fr\/#website\",\"url\":\"https:\/\/www.versoverde.it\/fr\/\",\"name\":\"Verso Verde Milano\",\"description\":\"Ecco un altro sito ms.decms.eu\",\"potentialAction\":[{\"@type\":\"SearchAction\",\"target\":{\"@type\":\"EntryPoint\",\"urlTemplate\":\"https:\/\/www.versoverde.it\/fr\/?s={search_term_string}\"},\"query-input\":{\"@type\":\"PropertyValueSpecification\",\"valueRequired\":true,\"valueName\":\"search_term_string\"}}],\"inLanguage\":\"fr-FR\"}]}<\/script>\n<!-- \/ Yoast SEO plugin. -->","yoast_head_json":{"title":"Hotel &amp; Spa &#8226; Verso Verde Milano &#8226;","description":"Votre oasis de paix \u00e0 Milan. Un nouveau concept d'hospitalit\u00e9 verte pour votre s\u00e9jour \u00e0 Milan. D\u00e9tendez-vous au milieu de la v\u00e9g\u00e9tation odorante qui entoure l'h\u00f4tel, Prenez place dans notre patio de bouleaux et observez l'endroit o\u00f9 les plantes touchent le ciel. Accordez-vous un moment de bien-\u00eatre dans notre spa, faites de l'exercice dans notre salle de sport et explorez le Naviglio Grande sur nos bicyclettes. Et \u00e0 la fin de la journ\u00e9e, vous pourrez vous d\u00e9tendre dans notre jacuzzi sur la terrasse. Vivez une exp\u00e9rience extraordinaire dans le cadre merveilleux des Navigli de Milan..","robots":{"index":"index","follow":"follow","max-snippet":"max-snippet:-1","max-image-preview":"max-image-preview:large","max-video-preview":"max-video-preview:-1"},"canonical":"https:\/\/www.versoverde.it\/fr\/","og_locale":"fr_FR","og_type":"article","og_title":"Hotel &amp; Spa &#8226; Verso Verde Milano &#8226;","og_description":"Votre oasis de paix \u00e0 Milan. Un nouveau concept d'hospitalit\u00e9 verte pour votre s\u00e9jour \u00e0 Milan. D\u00e9tendez-vous au milieu de la v\u00e9g\u00e9tation odorante qui entoure l'h\u00f4tel, Prenez place dans notre patio de bouleaux et observez l'endroit o\u00f9 les plantes touchent le ciel. Accordez-vous un moment de bien-\u00eatre dans notre spa, faites de l'exercice dans notre salle de sport et explorez le Naviglio Grande sur nos bicyclettes. Et \u00e0 la fin de la journ\u00e9e, vous pourrez vous d\u00e9tendre dans notre jacuzzi sur la terrasse. Vivez une exp\u00e9rience extraordinaire dans le cadre merveilleux des Navigli de Milan..","og_url":"https:\/\/www.versoverde.it\/fr\/","og_site_name":"Verso Verde Milano","article_modified_time":"2025-04-22T10:27:12+00:00","twitter_card":"summary_large_image","twitter_misc":{"Dur\u00e9e de lecture estim\u00e9e":"1 minute"},"schema":{"@context":"https:\/\/schema.org","@graph":[{"@type":"WebPage","@id":"https:\/\/www.versoverde.it\/fr\/","url":"https:\/\/www.versoverde.it\/fr\/","name":"Hotel &amp; Spa &#8226; Verso Verde Milano &#8226;","isPartOf":{"@id":"https:\/\/www.versoverde.it\/fr\/#website"},"datePublished":"2022-04-27T10:30:19+00:00","dateModified":"2025-04-22T10:27:12+00:00","description":"Votre oasis de paix \u00e0 Milan. Un nouveau concept d'hospitalit\u00e9 verte pour votre s\u00e9jour \u00e0 Milan. D\u00e9tendez-vous au milieu de la v\u00e9g\u00e9tation odorante qui entoure l'h\u00f4tel, Prenez place dans notre patio de bouleaux et observez l'endroit o\u00f9 les plantes touchent le ciel. Accordez-vous un moment de bien-\u00eatre dans notre spa, faites de l'exercice dans notre salle de sport et explorez le Naviglio Grande sur nos bicyclettes. Et \u00e0 la fin de la journ\u00e9e, vous pourrez vous d\u00e9tendre dans notre jacuzzi sur la terrasse. Vivez une exp\u00e9rience extraordinaire dans le cadre merveilleux des Navigli de Milan. .","breadcrumb":{"@id":"https:\/\/www.versoverde.it\/fr\/#breadcrumb"},"inLanguage":"fr-FR","potentialAction":[{"@type":"ReadAction","target":["https:\/\/www.versoverde.it\/fr\/"]}]},{"@type":"BreadcrumbList","@id":"https:\/\/www.versoverde.it\/fr\/#breadcrumb","itemListElement":[{"@type":"ListItem","position":1,"name":"Home","item":"https:\/\/www.versoverde.it\/fr\/"},{"@type":"ListItem","position":2,"name":"Hotel &amp; Spa"}]},{"@type":"WebSite","@id":"https:\/\/www.versoverde.it\/fr\/#website","url":"https:\/\/www.versoverde.it\/fr\/","name":"Verso Verde Milano","description":"Ecco un altro sito ms.decms.eu","potentialAction":[{"@type":"SearchAction","target":{"@type":"EntryPoint","urlTemplate":"https:\/\/www.versoverde.it\/fr\/?s={search_term_string}"},"query-input":{"@type":"PropertyValueSpecification","valueRequired":true,"valueName":"search_term_string"}}],"inLanguage":"fr-FR"}]}},"acf":[],"_links":{"self":[{"href":"https:\/\/www.versoverde.it\/fr\/wp-json\/wp\/v2\/pages\/552","targetHints":{"allow":["GET"]}}],"collection":[{"href":"https:\/\/www.versoverde.it\/fr\/wp-json\/wp\/v2\/pages"}],"about":[{"href":"https:\/\/www.versoverde.it\/fr\/wp-json\/wp\/v2\/types\/page"}],"author":[{"embeddable":true,"href":"https:\/\/www.versoverde.it\/fr\/wp-json\/wp\/v2\/users\/13"}],"replies":[{"embeddable":true,"href":"https:\/\/www.versoverde.it\/fr\/wp-json\/wp\/v2\/comments?post=552"}],"version-history":[{"count":0,"href":"https:\/\/www.versoverde.it\/fr\/wp-json\/wp\/v2\/pages\/552\/revisions"}],"wp:attachment":[{"href":"https:\/\/www.versoverde.it\/fr\/wp-json\/wp\/v2\/media?parent=552"}],"curies":[{"name":"wp","href":"https:\/\/api.w.org\/{rel}","templated":true}]}}