{"id":555,"date":"2022-04-27T12:50:06","date_gmt":"2022-04-27T10:50:06","guid":{"rendered":"https:\/\/www.versoverde.it\/?page_id=555"},"modified":"2022-12-06T11:50:27","modified_gmt":"2022-12-06T10:50:27","slug":"hotel","status":"publish","type":"page","link":"https:\/\/www.versoverde.it\/fr\/hotel\/","title":{"rendered":"H\u00f4tel"},"content":{"rendered":"<p style=\"text-align: center\">VersoVerde est une petite oasis cach\u00e9e au c\u0153ur de Milan, o\u00f9 vous vous sentirez chez vous loin de chez vous.<\/p>\n<p style=\"text-align: center\">Un espace fluide o\u00f9 la nature embrasse les b\u00e2timents anciens et modernes.<\/p>\n<p style=\"text-align: center\">Une structure urbaine bigarr\u00e9e riche en suggestions, souvenirs, mati\u00e8res, couleurs, senteurs.<\/p>\n<p style=\"text-align: center\">Un espace industriel historique, enti\u00e8rement revisit\u00e9 selon les principes de la bio-architecture, c\u00f4toie l&rsquo;ancienne Cascina San Cristoforo, qui s&rsquo;\u00e9l\u00e8ve le long du Naviglio Grande \u00e0 Milan.<\/p>\n<p style=\"text-align: center\">Vous trouverez dans les deux lieux une atmosph\u00e8re relaxante, chaleureuse et naturelle, donn\u00e9e par les mat\u00e9riaux utilis\u00e9s tels que le bois, le fer et la verdure grimpante parfum\u00e9e.<\/p>\n<p style=\"text-align: center\">Technologie de pointe, connexion fibre 2,5 Gbps, domotique int\u00e9gr\u00e9e, insonorisation, self check in.<\/p>\n<p style=\"text-align: center\">Toute la technologie au service de vos besoins, pour vous laisser libre de profiter au maximum de votre temps.<\/p>\n<p style=\"text-align: center\"><strong><em>Choisissez l&rsquo;ambiance qui vous ressemble le plus.<\/em><\/strong><\/p>\n","protected":false},"excerpt":{"rendered":"<p>VersoVerde est une petite oasis cach\u00e9e au c\u0153ur de Milan, o\u00f9 vous vous sentirez chez vous loin de chez vous. Un espace fluide o\u00f9 la nature embrasse les b\u00e2timents anciens et modernes. Une structure urbaine bigarr\u00e9e riche en suggestions, souvenirs, mati\u00e8res, couleurs, senteurs. Un espace industriel historique, enti\u00e8rement revisit\u00e9 selon les principes de la bio-architecture, [&hellip;]<\/p>\n","protected":false},"author":13,"featured_media":0,"parent":0,"menu_order":20,"comment_status":"closed","ping_status":"closed","template":"","meta":{"footnotes":""},"class_list":["post-555","page","type-page","status-publish","hentry"],"yoast_head":"<!-- This site is optimized with the Yoast SEO plugin v26.9 - https:\/\/yoast.com\/product\/yoast-seo-wordpress\/ -->\n<title>H\u00f4tel &#8226; Verso Verde Milano &#8226;<\/title>\n<meta name=\"description\" content=\"VersoVerde est une petite oasis cach\u00e9e au c\u0153ur de Milan, o\u00f9 vous vous sentirez chez vous loin de chez vous. Un espace fluide o\u00f9 la nature embrasse les b\u00e2timents anciens et modernes. Une structure urbaine bigarr\u00e9e riche en suggestions, souvenirs, mati\u00e8res, couleurs, senteurs. Un espace industriel historique, enti\u00e8rement revisit\u00e9 selon les principes de la bio-architecture, c\u00f4toie l&#039;ancienne Cascina San Cristoforo, qui s&#039;\u00e9l\u00e8ve le long du Naviglio Grande \u00e0 Milan. Vous trouverez dans les deux lieux une atmosph\u00e8re relaxante, chaleureuse et naturelle, donn\u00e9e par les mat\u00e9riaux utilis\u00e9s tels que le bois, le fer et la verdure grimpante parfum\u00e9e. Technologie de pointe, connexion fibre 2,5 Gbps, domotique int\u00e9gr\u00e9e, insonorisation, self check in. Toute la technologie au service de vos besoins, pour vous laisser libre de profiter au maximum de votre temps. Choisissez l&#039;ambiance qui vous ressemble le plus..\" \/>\n<meta name=\"robots\" content=\"index, follow, max-snippet:-1, max-image-preview:large, max-video-preview:-1\" \/>\n<link rel=\"canonical\" href=\"https:\/\/www.versoverde.it\/fr\/hotel\/\" \/>\n<meta property=\"og:locale\" content=\"fr_FR\" \/>\n<meta property=\"og:type\" content=\"article\" \/>\n<meta property=\"og:title\" content=\"H\u00f4tel &#8226; Verso Verde Milano &#8226;\" \/>\n<meta property=\"og:description\" content=\"VersoVerde est une petite oasis cach\u00e9e au c\u0153ur de Milan, o\u00f9 vous vous sentirez chez vous loin de chez vous. Un espace fluide o\u00f9 la nature embrasse les b\u00e2timents anciens et modernes. Une structure urbaine bigarr\u00e9e riche en suggestions, souvenirs, mati\u00e8res, couleurs, senteurs. Un espace industriel historique, enti\u00e8rement revisit\u00e9 selon les principes de la bio-architecture, c\u00f4toie l&#039;ancienne Cascina San Cristoforo, qui s&#039;\u00e9l\u00e8ve le long du Naviglio Grande \u00e0 Milan. Vous trouverez dans les deux lieux une atmosph\u00e8re relaxante, chaleureuse et naturelle, donn\u00e9e par les mat\u00e9riaux utilis\u00e9s tels que le bois, le fer et la verdure grimpante parfum\u00e9e. Technologie de pointe, connexion fibre 2,5 Gbps, domotique int\u00e9gr\u00e9e, insonorisation, self check in. Toute la technologie au service de vos besoins, pour vous laisser libre de profiter au maximum de votre temps. Choisissez l&#039;ambiance qui vous ressemble le plus..\" \/>\n<meta property=\"og:url\" content=\"https:\/\/www.versoverde.it\/fr\/hotel\/\" \/>\n<meta property=\"og:site_name\" content=\"Verso Verde Milano\" \/>\n<meta property=\"article:modified_time\" content=\"2022-12-06T10:50:27+00:00\" \/>\n<meta name=\"twitter:card\" content=\"summary_large_image\" \/>\n<meta name=\"twitter:label1\" content=\"Dur\u00e9e de lecture estim\u00e9e\" \/>\n\t<meta name=\"twitter:data1\" content=\"1 minute\" \/>\n<script type=\"application\/ld+json\" class=\"yoast-schema-graph\">{\"@context\":\"https:\/\/schema.org\",\"@graph\":[{\"@type\":\"WebPage\",\"@id\":\"https:\/\/www.versoverde.it\/fr\/hotel\/\",\"url\":\"https:\/\/www.versoverde.it\/fr\/hotel\/\",\"name\":\"H\u00f4tel &#8226; Verso Verde Milano &#8226;\",\"isPartOf\":{\"@id\":\"https:\/\/www.versoverde.it\/fr\/#website\"},\"datePublished\":\"2022-04-27T10:50:06+00:00\",\"dateModified\":\"2022-12-06T10:50:27+00:00\",\"description\":\"VersoVerde est une petite oasis cach\u00e9e au c\u0153ur de Milan, o\u00f9 vous vous sentirez chez vous loin de chez vous. Un espace fluide o\u00f9 la nature embrasse les b\u00e2timents anciens et modernes. Une structure urbaine bigarr\u00e9e riche en suggestions, souvenirs, mati\u00e8res, couleurs, senteurs. Un espace industriel historique, enti\u00e8rement revisit\u00e9 selon les principes de la bio-architecture, c\u00f4toie l'ancienne Cascina San Cristoforo, qui s'\u00e9l\u00e8ve le long du Naviglio Grande \u00e0 Milan. Vous trouverez dans les deux lieux une atmosph\u00e8re relaxante, chaleureuse et naturelle, donn\u00e9e par les mat\u00e9riaux utilis\u00e9s tels que le bois, le fer et la verdure grimpante parfum\u00e9e. Technologie de pointe, connexion fibre 2,5 Gbps, domotique int\u00e9gr\u00e9e, insonorisation, self check in. Toute la technologie au service de vos besoins, pour vous laisser libre de profiter au maximum de votre temps. Choisissez l'ambiance qui vous ressemble le plus. .\",\"breadcrumb\":{\"@id\":\"https:\/\/www.versoverde.it\/fr\/hotel\/#breadcrumb\"},\"inLanguage\":\"fr-FR\",\"potentialAction\":[{\"@type\":\"ReadAction\",\"target\":[\"https:\/\/www.versoverde.it\/fr\/hotel\/\"]}]},{\"@type\":\"BreadcrumbList\",\"@id\":\"https:\/\/www.versoverde.it\/fr\/hotel\/#breadcrumb\",\"itemListElement\":[{\"@type\":\"ListItem\",\"position\":1,\"name\":\"Home\",\"item\":\"https:\/\/www.versoverde.it\/fr\/\"},{\"@type\":\"ListItem\",\"position\":2,\"name\":\"H\u00f4tel\"}]},{\"@type\":\"WebSite\",\"@id\":\"https:\/\/www.versoverde.it\/fr\/#website\",\"url\":\"https:\/\/www.versoverde.it\/fr\/\",\"name\":\"Verso Verde Milano\",\"description\":\"Ecco un altro sito ms.decms.eu\",\"potentialAction\":[{\"@type\":\"SearchAction\",\"target\":{\"@type\":\"EntryPoint\",\"urlTemplate\":\"https:\/\/www.versoverde.it\/fr\/?s={search_term_string}\"},\"query-input\":{\"@type\":\"PropertyValueSpecification\",\"valueRequired\":true,\"valueName\":\"search_term_string\"}}],\"inLanguage\":\"fr-FR\"}]}<\/script>\n<!-- \/ Yoast SEO plugin. -->","yoast_head_json":{"title":"H\u00f4tel &#8226; Verso Verde Milano &#8226;","description":"VersoVerde est une petite oasis cach\u00e9e au c\u0153ur de Milan, o\u00f9 vous vous sentirez chez vous loin de chez vous. Un espace fluide o\u00f9 la nature embrasse les b\u00e2timents anciens et modernes. Une structure urbaine bigarr\u00e9e riche en suggestions, souvenirs, mati\u00e8res, couleurs, senteurs. Un espace industriel historique, enti\u00e8rement revisit\u00e9 selon les principes de la bio-architecture, c\u00f4toie l'ancienne Cascina San Cristoforo, qui s'\u00e9l\u00e8ve le long du Naviglio Grande \u00e0 Milan. Vous trouverez dans les deux lieux une atmosph\u00e8re relaxante, chaleureuse et naturelle, donn\u00e9e par les mat\u00e9riaux utilis\u00e9s tels que le bois, le fer et la verdure grimpante parfum\u00e9e. Technologie de pointe, connexion fibre 2,5 Gbps, domotique int\u00e9gr\u00e9e, insonorisation, self check in. Toute la technologie au service de vos besoins, pour vous laisser libre de profiter au maximum de votre temps. Choisissez l'ambiance qui vous ressemble le plus..","robots":{"index":"index","follow":"follow","max-snippet":"max-snippet:-1","max-image-preview":"max-image-preview:large","max-video-preview":"max-video-preview:-1"},"canonical":"https:\/\/www.versoverde.it\/fr\/hotel\/","og_locale":"fr_FR","og_type":"article","og_title":"H\u00f4tel &#8226; Verso Verde Milano &#8226;","og_description":"VersoVerde est une petite oasis cach\u00e9e au c\u0153ur de Milan, o\u00f9 vous vous sentirez chez vous loin de chez vous. Un espace fluide o\u00f9 la nature embrasse les b\u00e2timents anciens et modernes. Une structure urbaine bigarr\u00e9e riche en suggestions, souvenirs, mati\u00e8res, couleurs, senteurs. Un espace industriel historique, enti\u00e8rement revisit\u00e9 selon les principes de la bio-architecture, c\u00f4toie l'ancienne Cascina San Cristoforo, qui s'\u00e9l\u00e8ve le long du Naviglio Grande \u00e0 Milan. Vous trouverez dans les deux lieux une atmosph\u00e8re relaxante, chaleureuse et naturelle, donn\u00e9e par les mat\u00e9riaux utilis\u00e9s tels que le bois, le fer et la verdure grimpante parfum\u00e9e. Technologie de pointe, connexion fibre 2,5 Gbps, domotique int\u00e9gr\u00e9e, insonorisation, self check in. Toute la technologie au service de vos besoins, pour vous laisser libre de profiter au maximum de votre temps. Choisissez l'ambiance qui vous ressemble le plus..","og_url":"https:\/\/www.versoverde.it\/fr\/hotel\/","og_site_name":"Verso Verde Milano","article_modified_time":"2022-12-06T10:50:27+00:00","twitter_card":"summary_large_image","twitter_misc":{"Dur\u00e9e de lecture estim\u00e9e":"1 minute"},"schema":{"@context":"https:\/\/schema.org","@graph":[{"@type":"WebPage","@id":"https:\/\/www.versoverde.it\/fr\/hotel\/","url":"https:\/\/www.versoverde.it\/fr\/hotel\/","name":"H\u00f4tel &#8226; Verso Verde Milano &#8226;","isPartOf":{"@id":"https:\/\/www.versoverde.it\/fr\/#website"},"datePublished":"2022-04-27T10:50:06+00:00","dateModified":"2022-12-06T10:50:27+00:00","description":"VersoVerde est une petite oasis cach\u00e9e au c\u0153ur de Milan, o\u00f9 vous vous sentirez chez vous loin de chez vous. Un espace fluide o\u00f9 la nature embrasse les b\u00e2timents anciens et modernes. Une structure urbaine bigarr\u00e9e riche en suggestions, souvenirs, mati\u00e8res, couleurs, senteurs. Un espace industriel historique, enti\u00e8rement revisit\u00e9 selon les principes de la bio-architecture, c\u00f4toie l'ancienne Cascina San Cristoforo, qui s'\u00e9l\u00e8ve le long du Naviglio Grande \u00e0 Milan. Vous trouverez dans les deux lieux une atmosph\u00e8re relaxante, chaleureuse et naturelle, donn\u00e9e par les mat\u00e9riaux utilis\u00e9s tels que le bois, le fer et la verdure grimpante parfum\u00e9e. Technologie de pointe, connexion fibre 2,5 Gbps, domotique int\u00e9gr\u00e9e, insonorisation, self check in. Toute la technologie au service de vos besoins, pour vous laisser libre de profiter au maximum de votre temps. Choisissez l'ambiance qui vous ressemble le plus. .","breadcrumb":{"@id":"https:\/\/www.versoverde.it\/fr\/hotel\/#breadcrumb"},"inLanguage":"fr-FR","potentialAction":[{"@type":"ReadAction","target":["https:\/\/www.versoverde.it\/fr\/hotel\/"]}]},{"@type":"BreadcrumbList","@id":"https:\/\/www.versoverde.it\/fr\/hotel\/#breadcrumb","itemListElement":[{"@type":"ListItem","position":1,"name":"Home","item":"https:\/\/www.versoverde.it\/fr\/"},{"@type":"ListItem","position":2,"name":"H\u00f4tel"}]},{"@type":"WebSite","@id":"https:\/\/www.versoverde.it\/fr\/#website","url":"https:\/\/www.versoverde.it\/fr\/","name":"Verso Verde Milano","description":"Ecco un altro sito ms.decms.eu","potentialAction":[{"@type":"SearchAction","target":{"@type":"EntryPoint","urlTemplate":"https:\/\/www.versoverde.it\/fr\/?s={search_term_string}"},"query-input":{"@type":"PropertyValueSpecification","valueRequired":true,"valueName":"search_term_string"}}],"inLanguage":"fr-FR"}]}},"acf":[],"_links":{"self":[{"href":"https:\/\/www.versoverde.it\/fr\/wp-json\/wp\/v2\/pages\/555","targetHints":{"allow":["GET"]}}],"collection":[{"href":"https:\/\/www.versoverde.it\/fr\/wp-json\/wp\/v2\/pages"}],"about":[{"href":"https:\/\/www.versoverde.it\/fr\/wp-json\/wp\/v2\/types\/page"}],"author":[{"embeddable":true,"href":"https:\/\/www.versoverde.it\/fr\/wp-json\/wp\/v2\/users\/13"}],"replies":[{"embeddable":true,"href":"https:\/\/www.versoverde.it\/fr\/wp-json\/wp\/v2\/comments?post=555"}],"version-history":[{"count":0,"href":"https:\/\/www.versoverde.it\/fr\/wp-json\/wp\/v2\/pages\/555\/revisions"}],"wp:attachment":[{"href":"https:\/\/www.versoverde.it\/fr\/wp-json\/wp\/v2\/media?parent=555"}],"curies":[{"name":"wp","href":"https:\/\/api.w.org\/{rel}","templated":true}]}}