{"id":557,"date":"2022-04-27T15:02:17","date_gmt":"2022-04-27T13:02:17","guid":{"rendered":"https:\/\/www.versoverde.it\/?page_id=557"},"modified":"2022-12-06T11:36:04","modified_gmt":"2022-12-06T10:36:04","slug":"durabilite","status":"publish","type":"page","link":"https:\/\/www.versoverde.it\/fr\/hotel\/durabilite\/","title":{"rendered":"Durabilit\u00e9"},"content":{"rendered":"<p style=\"text-align: center\">Entre l&rsquo;eau qui coule lentement du Naviglio et le vert des essences qui entourent le b\u00e2timent, VersoVerde tend non seulement \u00e0 \u00eatre \u00e9nerg\u00e9tiquement autonome, mais \u00e9tant un b\u00e2timent r\u00e9g\u00e9n\u00e9rateur, il contribue \u00e0 l&rsquo;am\u00e9lioration de l&rsquo;environnement et \u00e0 l&rsquo;augmentation de la biodiversit\u00e9.<\/p>\n<p style=\"text-align: center\">Panneaux photovolta\u00efques pour la production d&rsquo;\u00e9lectricit\u00e9, r\u00e9cup\u00e9ration et stockage des eaux de pluie pour l&rsquo;irrigation de la verdure, contr\u00f4le du rayonnement solaire, balcons en surplomb pour se prot\u00e9ger du rayonnement solaire direct, exploitation de la ventilation naturelle soir-nuit pour le refroidissement des espaces communs, int\u00e9rieur \u00e0 haut rendement climatisation, vert vertical pour amortir la production de chaleur induite et intervenir sur la r\u00e9duction de CO2.<\/p>\n<p style=\"text-align: center\"><strong>Rendons Milan plus verte !<\/strong><\/p>\n","protected":false},"excerpt":{"rendered":"<p>Entre l&rsquo;eau qui coule lentement du Naviglio et le vert des essences qui entourent le b\u00e2timent, VersoVerde tend non seulement \u00e0 \u00eatre \u00e9nerg\u00e9tiquement autonome, mais \u00e9tant un b\u00e2timent r\u00e9g\u00e9n\u00e9rateur, il contribue \u00e0 l&rsquo;am\u00e9lioration de l&rsquo;environnement et \u00e0 l&rsquo;augmentation de la biodiversit\u00e9. Panneaux photovolta\u00efques pour la production d&rsquo;\u00e9lectricit\u00e9, r\u00e9cup\u00e9ration et stockage des eaux de pluie pour [&hellip;]<\/p>\n","protected":false},"author":13,"featured_media":0,"parent":555,"menu_order":30,"comment_status":"closed","ping_status":"closed","template":"","meta":{"footnotes":""},"class_list":["post-557","page","type-page","status-publish","hentry"],"yoast_head":"<!-- This site is optimized with the Yoast SEO plugin v26.9 - https:\/\/yoast.com\/product\/yoast-seo-wordpress\/ -->\n<title>Durabilit\u00e9 &#8226; Verso Verde Milano &#8226;<\/title>\n<meta name=\"description\" content=\"Entre l&#039;eau qui coule lentement du Naviglio et le vert des essences qui entourent le b\u00e2timent, VersoVerde tend non seulement \u00e0 \u00eatre \u00e9nerg\u00e9tiquement autonome, mais \u00e9tant un b\u00e2timent r\u00e9g\u00e9n\u00e9rateur, il contribue \u00e0 l&#039;am\u00e9lioration de l&#039;environnement et \u00e0 l&#039;augmentation de la biodiversit\u00e9. Panneaux photovolta\u00efques pour la production d&#039;\u00e9lectricit\u00e9, r\u00e9cup\u00e9ration et stockage des eaux de pluie pour l&#039;irrigation de la verdure, contr\u00f4le du rayonnement solaire, balcons en surplomb pour se prot\u00e9ger du rayonnement solaire direct, exploitation de la ventilation naturelle soir-nuit pour le refroidissement des espaces communs, int\u00e9rieur \u00e0 haut rendement climatisation, vert vertical pour amortir la production de chaleur induite et intervenir sur la r\u00e9duction de CO2. Rendons Milan plus verte !.\" \/>\n<meta name=\"robots\" content=\"index, follow, max-snippet:-1, max-image-preview:large, max-video-preview:-1\" \/>\n<link rel=\"canonical\" href=\"https:\/\/www.versoverde.it\/fr\/hotel\/durabilite\/\" \/>\n<meta property=\"og:locale\" content=\"fr_FR\" \/>\n<meta property=\"og:type\" content=\"article\" \/>\n<meta property=\"og:title\" content=\"Durabilit\u00e9 &#8226; Verso Verde Milano &#8226;\" \/>\n<meta property=\"og:description\" content=\"Entre l&#039;eau qui coule lentement du Naviglio et le vert des essences qui entourent le b\u00e2timent, VersoVerde tend non seulement \u00e0 \u00eatre \u00e9nerg\u00e9tiquement autonome, mais \u00e9tant un b\u00e2timent r\u00e9g\u00e9n\u00e9rateur, il contribue \u00e0 l&#039;am\u00e9lioration de l&#039;environnement et \u00e0 l&#039;augmentation de la biodiversit\u00e9. Panneaux photovolta\u00efques pour la production d&#039;\u00e9lectricit\u00e9, r\u00e9cup\u00e9ration et stockage des eaux de pluie pour l&#039;irrigation de la verdure, contr\u00f4le du rayonnement solaire, balcons en surplomb pour se prot\u00e9ger du rayonnement solaire direct, exploitation de la ventilation naturelle soir-nuit pour le refroidissement des espaces communs, int\u00e9rieur \u00e0 haut rendement climatisation, vert vertical pour amortir la production de chaleur induite et intervenir sur la r\u00e9duction de CO2. Rendons Milan plus verte !.\" \/>\n<meta property=\"og:url\" content=\"https:\/\/www.versoverde.it\/fr\/hotel\/durabilite\/\" \/>\n<meta property=\"og:site_name\" content=\"Verso Verde Milano\" \/>\n<meta property=\"article:modified_time\" content=\"2022-12-06T10:36:04+00:00\" \/>\n<meta name=\"twitter:card\" content=\"summary_large_image\" \/>\n<meta name=\"twitter:label1\" content=\"Dur\u00e9e de lecture estim\u00e9e\" \/>\n\t<meta name=\"twitter:data1\" content=\"1 minute\" \/>\n<script type=\"application\/ld+json\" class=\"yoast-schema-graph\">{\"@context\":\"https:\/\/schema.org\",\"@graph\":[{\"@type\":\"WebPage\",\"@id\":\"https:\/\/www.versoverde.it\/fr\/hotel\/durabilite\/\",\"url\":\"https:\/\/www.versoverde.it\/fr\/hotel\/durabilite\/\",\"name\":\"Durabilit\u00e9 &#8226; Verso Verde Milano &#8226;\",\"isPartOf\":{\"@id\":\"https:\/\/www.versoverde.it\/fr\/#website\"},\"datePublished\":\"2022-04-27T13:02:17+00:00\",\"dateModified\":\"2022-12-06T10:36:04+00:00\",\"description\":\"Entre l'eau qui coule lentement du Naviglio et le vert des essences qui entourent le b\u00e2timent, VersoVerde tend non seulement \u00e0 \u00eatre \u00e9nerg\u00e9tiquement autonome, mais \u00e9tant un b\u00e2timent r\u00e9g\u00e9n\u00e9rateur, il contribue \u00e0 l'am\u00e9lioration de l'environnement et \u00e0 l'augmentation de la biodiversit\u00e9. Panneaux photovolta\u00efques pour la production d'\u00e9lectricit\u00e9, r\u00e9cup\u00e9ration et stockage des eaux de pluie pour l'irrigation de la verdure, contr\u00f4le du rayonnement solaire, balcons en surplomb pour se prot\u00e9ger du rayonnement solaire direct, exploitation de la ventilation naturelle soir-nuit pour le refroidissement des espaces communs, int\u00e9rieur \u00e0 haut rendement climatisation, vert vertical pour amortir la production de chaleur induite et intervenir sur la r\u00e9duction de CO2. Rendons Milan plus verte ! .\",\"breadcrumb\":{\"@id\":\"https:\/\/www.versoverde.it\/fr\/hotel\/durabilite\/#breadcrumb\"},\"inLanguage\":\"fr-FR\",\"potentialAction\":[{\"@type\":\"ReadAction\",\"target\":[\"https:\/\/www.versoverde.it\/fr\/hotel\/durabilite\/\"]}]},{\"@type\":\"BreadcrumbList\",\"@id\":\"https:\/\/www.versoverde.it\/fr\/hotel\/durabilite\/#breadcrumb\",\"itemListElement\":[{\"@type\":\"ListItem\",\"position\":1,\"name\":\"Home\",\"item\":\"https:\/\/www.versoverde.it\/fr\/\"},{\"@type\":\"ListItem\",\"position\":2,\"name\":\"H\u00f4tel\",\"item\":\"https:\/\/www.versoverde.it\/fr\/hotel\/\"},{\"@type\":\"ListItem\",\"position\":3,\"name\":\"Durabilit\u00e9\"}]},{\"@type\":\"WebSite\",\"@id\":\"https:\/\/www.versoverde.it\/fr\/#website\",\"url\":\"https:\/\/www.versoverde.it\/fr\/\",\"name\":\"Verso Verde Milano\",\"description\":\"Ecco un altro sito ms.decms.eu\",\"potentialAction\":[{\"@type\":\"SearchAction\",\"target\":{\"@type\":\"EntryPoint\",\"urlTemplate\":\"https:\/\/www.versoverde.it\/fr\/?s={search_term_string}\"},\"query-input\":{\"@type\":\"PropertyValueSpecification\",\"valueRequired\":true,\"valueName\":\"search_term_string\"}}],\"inLanguage\":\"fr-FR\"}]}<\/script>\n<!-- \/ Yoast SEO plugin. -->","yoast_head_json":{"title":"Durabilit\u00e9 &#8226; Verso Verde Milano &#8226;","description":"Entre l'eau qui coule lentement du Naviglio et le vert des essences qui entourent le b\u00e2timent, VersoVerde tend non seulement \u00e0 \u00eatre \u00e9nerg\u00e9tiquement autonome, mais \u00e9tant un b\u00e2timent r\u00e9g\u00e9n\u00e9rateur, il contribue \u00e0 l'am\u00e9lioration de l'environnement et \u00e0 l'augmentation de la biodiversit\u00e9. Panneaux photovolta\u00efques pour la production d'\u00e9lectricit\u00e9, r\u00e9cup\u00e9ration et stockage des eaux de pluie pour l'irrigation de la verdure, contr\u00f4le du rayonnement solaire, balcons en surplomb pour se prot\u00e9ger du rayonnement solaire direct, exploitation de la ventilation naturelle soir-nuit pour le refroidissement des espaces communs, int\u00e9rieur \u00e0 haut rendement climatisation, vert vertical pour amortir la production de chaleur induite et intervenir sur la r\u00e9duction de CO2. Rendons Milan plus verte !.","robots":{"index":"index","follow":"follow","max-snippet":"max-snippet:-1","max-image-preview":"max-image-preview:large","max-video-preview":"max-video-preview:-1"},"canonical":"https:\/\/www.versoverde.it\/fr\/hotel\/durabilite\/","og_locale":"fr_FR","og_type":"article","og_title":"Durabilit\u00e9 &#8226; Verso Verde Milano &#8226;","og_description":"Entre l'eau qui coule lentement du Naviglio et le vert des essences qui entourent le b\u00e2timent, VersoVerde tend non seulement \u00e0 \u00eatre \u00e9nerg\u00e9tiquement autonome, mais \u00e9tant un b\u00e2timent r\u00e9g\u00e9n\u00e9rateur, il contribue \u00e0 l'am\u00e9lioration de l'environnement et \u00e0 l'augmentation de la biodiversit\u00e9. Panneaux photovolta\u00efques pour la production d'\u00e9lectricit\u00e9, r\u00e9cup\u00e9ration et stockage des eaux de pluie pour l'irrigation de la verdure, contr\u00f4le du rayonnement solaire, balcons en surplomb pour se prot\u00e9ger du rayonnement solaire direct, exploitation de la ventilation naturelle soir-nuit pour le refroidissement des espaces communs, int\u00e9rieur \u00e0 haut rendement climatisation, vert vertical pour amortir la production de chaleur induite et intervenir sur la r\u00e9duction de CO2. Rendons Milan plus verte !.","og_url":"https:\/\/www.versoverde.it\/fr\/hotel\/durabilite\/","og_site_name":"Verso Verde Milano","article_modified_time":"2022-12-06T10:36:04+00:00","twitter_card":"summary_large_image","twitter_misc":{"Dur\u00e9e de lecture estim\u00e9e":"1 minute"},"schema":{"@context":"https:\/\/schema.org","@graph":[{"@type":"WebPage","@id":"https:\/\/www.versoverde.it\/fr\/hotel\/durabilite\/","url":"https:\/\/www.versoverde.it\/fr\/hotel\/durabilite\/","name":"Durabilit\u00e9 &#8226; Verso Verde Milano &#8226;","isPartOf":{"@id":"https:\/\/www.versoverde.it\/fr\/#website"},"datePublished":"2022-04-27T13:02:17+00:00","dateModified":"2022-12-06T10:36:04+00:00","description":"Entre l'eau qui coule lentement du Naviglio et le vert des essences qui entourent le b\u00e2timent, VersoVerde tend non seulement \u00e0 \u00eatre \u00e9nerg\u00e9tiquement autonome, mais \u00e9tant un b\u00e2timent r\u00e9g\u00e9n\u00e9rateur, il contribue \u00e0 l'am\u00e9lioration de l'environnement et \u00e0 l'augmentation de la biodiversit\u00e9. Panneaux photovolta\u00efques pour la production d'\u00e9lectricit\u00e9, r\u00e9cup\u00e9ration et stockage des eaux de pluie pour l'irrigation de la verdure, contr\u00f4le du rayonnement solaire, balcons en surplomb pour se prot\u00e9ger du rayonnement solaire direct, exploitation de la ventilation naturelle soir-nuit pour le refroidissement des espaces communs, int\u00e9rieur \u00e0 haut rendement climatisation, vert vertical pour amortir la production de chaleur induite et intervenir sur la r\u00e9duction de CO2. Rendons Milan plus verte ! .","breadcrumb":{"@id":"https:\/\/www.versoverde.it\/fr\/hotel\/durabilite\/#breadcrumb"},"inLanguage":"fr-FR","potentialAction":[{"@type":"ReadAction","target":["https:\/\/www.versoverde.it\/fr\/hotel\/durabilite\/"]}]},{"@type":"BreadcrumbList","@id":"https:\/\/www.versoverde.it\/fr\/hotel\/durabilite\/#breadcrumb","itemListElement":[{"@type":"ListItem","position":1,"name":"Home","item":"https:\/\/www.versoverde.it\/fr\/"},{"@type":"ListItem","position":2,"name":"H\u00f4tel","item":"https:\/\/www.versoverde.it\/fr\/hotel\/"},{"@type":"ListItem","position":3,"name":"Durabilit\u00e9"}]},{"@type":"WebSite","@id":"https:\/\/www.versoverde.it\/fr\/#website","url":"https:\/\/www.versoverde.it\/fr\/","name":"Verso Verde Milano","description":"Ecco un altro sito ms.decms.eu","potentialAction":[{"@type":"SearchAction","target":{"@type":"EntryPoint","urlTemplate":"https:\/\/www.versoverde.it\/fr\/?s={search_term_string}"},"query-input":{"@type":"PropertyValueSpecification","valueRequired":true,"valueName":"search_term_string"}}],"inLanguage":"fr-FR"}]}},"acf":[],"_links":{"self":[{"href":"https:\/\/www.versoverde.it\/fr\/wp-json\/wp\/v2\/pages\/557","targetHints":{"allow":["GET"]}}],"collection":[{"href":"https:\/\/www.versoverde.it\/fr\/wp-json\/wp\/v2\/pages"}],"about":[{"href":"https:\/\/www.versoverde.it\/fr\/wp-json\/wp\/v2\/types\/page"}],"author":[{"embeddable":true,"href":"https:\/\/www.versoverde.it\/fr\/wp-json\/wp\/v2\/users\/13"}],"replies":[{"embeddable":true,"href":"https:\/\/www.versoverde.it\/fr\/wp-json\/wp\/v2\/comments?post=557"}],"version-history":[{"count":0,"href":"https:\/\/www.versoverde.it\/fr\/wp-json\/wp\/v2\/pages\/557\/revisions"}],"up":[{"embeddable":true,"href":"https:\/\/www.versoverde.it\/fr\/wp-json\/wp\/v2\/pages\/555"}],"wp:attachment":[{"href":"https:\/\/www.versoverde.it\/fr\/wp-json\/wp\/v2\/media?parent=557"}],"curies":[{"name":"wp","href":"https:\/\/api.w.org\/{rel}","templated":true}]}}