{"id":559,"date":"2022-04-27T15:03:45","date_gmt":"2022-04-27T13:03:45","guid":{"rendered":"https:\/\/www.versoverde.it\/?page_id=559"},"modified":"2022-12-06T15:16:55","modified_gmt":"2022-12-06T14:16:55","slug":"localisation","status":"publish","type":"page","link":"https:\/\/www.versoverde.it\/fr\/hotel\/localisation\/","title":{"rendered":"Localisation"},"content":{"rendered":"<p style=\"text-align: center\">VersoVerde est n\u00e9 dans une zone du Naviglio Grande o\u00f9 la ville de Milan rencontre la campagne.<\/p>\n<p style=\"text-align: center\">Le quartier de San Cristoforo, outre sa renomm\u00e9e pour l&rsquo;\u00e9glise du m\u00eame nom et l&rsquo;ancienne usine Richard Ginori, qui abrite aujourd&rsquo;hui d&rsquo;importantes entreprises internationales, est un lieu de d\u00e9tente et surtout de sport : navigation, cyclisme, jogging et marche.<\/p>\n<p style=\"text-align: center\">Un lieu de s\u00e9jour id\u00e9al, une jonction agile pour rejoindre tous les quartiers de la ville, que ce soit pour le travail ou le tourisme.<\/p>\n<p style=\"text-align: center\">Nous sommes \u00e0 quelques pas de la Darsena, o\u00f9 la rue s&rsquo;anime et devient le centre de divertissement de la ville.<\/p>\n<p style=\"text-align: center\">La r\u00e9gion offre \u00e9galement plusieurs lieux d&rsquo;int\u00e9r\u00eat, comme la via Savona et la via Tortona, plus connue pour le Fuorisalone pendant la semaine du design de Milan.<\/p>\n<p style=\"text-align: center\">Le quartier de la via Tortona abrite \u00e9galement le MUDEC, le mus\u00e9e des cultures de Milan, qui se consacre \u00e0 la promotion et \u00e0 la recherche interdisciplinaire sur les cultures du monde.<\/p>\n<p style=\"text-align: center\">VersoVerde est \u00e9galement situ\u00e9 dans une zone tr\u00e8s pratique et bien desservie pour rejoindre le campus universitaire de l&rsquo;IULM et de nombreuses autres universit\u00e9s milanaises renomm\u00e9es.<\/p>\n","protected":false},"excerpt":{"rendered":"<p>VersoVerde est n\u00e9 dans une zone du Naviglio Grande o\u00f9 la ville de Milan rencontre la campagne. Le quartier de San Cristoforo, outre sa renomm\u00e9e pour l&rsquo;\u00e9glise du m\u00eame nom et l&rsquo;ancienne usine Richard Ginori, qui abrite aujourd&rsquo;hui d&rsquo;importantes entreprises internationales, est un lieu de d\u00e9tente et surtout de sport : navigation, cyclisme, jogging et [&hellip;]<\/p>\n","protected":false},"author":13,"featured_media":0,"parent":555,"menu_order":40,"comment_status":"closed","ping_status":"closed","template":"","meta":{"footnotes":""},"class_list":["post-559","page","type-page","status-publish","hentry"],"yoast_head":"<!-- This site is optimized with the Yoast SEO plugin v26.9 - https:\/\/yoast.com\/product\/yoast-seo-wordpress\/ -->\n<title>Localisation &#8226; Verso Verde Milano &#8226;<\/title>\n<meta name=\"description\" content=\"VersoVerde est n\u00e9 dans une zone du Naviglio Grande o\u00f9 la ville de Milan rencontre la campagne. Le quartier de San Cristoforo, outre sa renomm\u00e9e pour l&#039;\u00e9glise du m\u00eame nom et l&#039;ancienne usine Richard Ginori, qui abrite aujourd&#039;hui d&#039;importantes entreprises internationales, est un lieu de d\u00e9tente et surtout de sport : navigation, cyclisme, jogging et marche. Un lieu de s\u00e9jour id\u00e9al, une jonction agile pour rejoindre tous les quartiers de la ville, que ce soit pour le travail ou le tourisme. Nous sommes \u00e0 quelques pas de la Darsena, o\u00f9 la rue s&#039;anime et devient le centre de divertissement de la ville. La r\u00e9gion offre \u00e9galement plusieurs lieux d&#039;int\u00e9r\u00eat, comme la via Savona et la via Tortona, plus connue pour le Fuorisalone pendant la semaine du design de Milan. Le quartier de la via Tortona abrite \u00e9galement le MUDEC, le mus\u00e9e des cultures de Milan, qui se consacre \u00e0 la promotion et \u00e0 la recherche interdisciplinaire sur les cultures du monde. VersoVerde est \u00e9galement situ\u00e9 dans une zone tr\u00e8s pratique et bien desservie pour rejoindre le campus universitaire de l&#039;IULM et de nombreuses autres universit\u00e9s milanaises renomm\u00e9es..\" \/>\n<meta name=\"robots\" content=\"index, follow, max-snippet:-1, max-image-preview:large, max-video-preview:-1\" \/>\n<link rel=\"canonical\" href=\"https:\/\/www.versoverde.it\/fr\/hotel\/localisation\/\" \/>\n<meta property=\"og:locale\" content=\"fr_FR\" \/>\n<meta property=\"og:type\" content=\"article\" \/>\n<meta property=\"og:title\" content=\"Localisation &#8226; Verso Verde Milano &#8226;\" \/>\n<meta property=\"og:description\" content=\"VersoVerde est n\u00e9 dans une zone du Naviglio Grande o\u00f9 la ville de Milan rencontre la campagne. Le quartier de San Cristoforo, outre sa renomm\u00e9e pour l&#039;\u00e9glise du m\u00eame nom et l&#039;ancienne usine Richard Ginori, qui abrite aujourd&#039;hui d&#039;importantes entreprises internationales, est un lieu de d\u00e9tente et surtout de sport : navigation, cyclisme, jogging et marche. Un lieu de s\u00e9jour id\u00e9al, une jonction agile pour rejoindre tous les quartiers de la ville, que ce soit pour le travail ou le tourisme. Nous sommes \u00e0 quelques pas de la Darsena, o\u00f9 la rue s&#039;anime et devient le centre de divertissement de la ville. La r\u00e9gion offre \u00e9galement plusieurs lieux d&#039;int\u00e9r\u00eat, comme la via Savona et la via Tortona, plus connue pour le Fuorisalone pendant la semaine du design de Milan. Le quartier de la via Tortona abrite \u00e9galement le MUDEC, le mus\u00e9e des cultures de Milan, qui se consacre \u00e0 la promotion et \u00e0 la recherche interdisciplinaire sur les cultures du monde. VersoVerde est \u00e9galement situ\u00e9 dans une zone tr\u00e8s pratique et bien desservie pour rejoindre le campus universitaire de l&#039;IULM et de nombreuses autres universit\u00e9s milanaises renomm\u00e9es..\" \/>\n<meta property=\"og:url\" content=\"https:\/\/www.versoverde.it\/fr\/hotel\/localisation\/\" \/>\n<meta property=\"og:site_name\" content=\"Verso Verde Milano\" \/>\n<meta property=\"article:modified_time\" content=\"2022-12-06T14:16:55+00:00\" \/>\n<meta name=\"twitter:card\" content=\"summary_large_image\" \/>\n<meta name=\"twitter:label1\" content=\"Dur\u00e9e de lecture estim\u00e9e\" \/>\n\t<meta name=\"twitter:data1\" content=\"1 minute\" \/>\n<script type=\"application\/ld+json\" class=\"yoast-schema-graph\">{\"@context\":\"https:\/\/schema.org\",\"@graph\":[{\"@type\":\"WebPage\",\"@id\":\"https:\/\/www.versoverde.it\/fr\/hotel\/localisation\/\",\"url\":\"https:\/\/www.versoverde.it\/fr\/hotel\/localisation\/\",\"name\":\"Localisation &#8226; Verso Verde Milano &#8226;\",\"isPartOf\":{\"@id\":\"https:\/\/www.versoverde.it\/fr\/#website\"},\"datePublished\":\"2022-04-27T13:03:45+00:00\",\"dateModified\":\"2022-12-06T14:16:55+00:00\",\"description\":\"VersoVerde est n\u00e9 dans une zone du Naviglio Grande o\u00f9 la ville de Milan rencontre la campagne. Le quartier de San Cristoforo, outre sa renomm\u00e9e pour l'\u00e9glise du m\u00eame nom et l'ancienne usine Richard Ginori, qui abrite aujourd'hui d'importantes entreprises internationales, est un lieu de d\u00e9tente et surtout de sport : navigation, cyclisme, jogging et marche. Un lieu de s\u00e9jour id\u00e9al, une jonction agile pour rejoindre tous les quartiers de la ville, que ce soit pour le travail ou le tourisme. Nous sommes \u00e0 quelques pas de la Darsena, o\u00f9 la rue s'anime et devient le centre de divertissement de la ville. La r\u00e9gion offre \u00e9galement plusieurs lieux d'int\u00e9r\u00eat, comme la via Savona et la via Tortona, plus connue pour le Fuorisalone pendant la semaine du design de Milan. Le quartier de la via Tortona abrite \u00e9galement le MUDEC, le mus\u00e9e des cultures de Milan, qui se consacre \u00e0 la promotion et \u00e0 la recherche interdisciplinaire sur les cultures du monde. VersoVerde est \u00e9galement situ\u00e9 dans une zone tr\u00e8s pratique et bien desservie pour rejoindre le campus universitaire de l'IULM et de nombreuses autres universit\u00e9s milanaises renomm\u00e9es. .\",\"breadcrumb\":{\"@id\":\"https:\/\/www.versoverde.it\/fr\/hotel\/localisation\/#breadcrumb\"},\"inLanguage\":\"fr-FR\",\"potentialAction\":[{\"@type\":\"ReadAction\",\"target\":[\"https:\/\/www.versoverde.it\/fr\/hotel\/localisation\/\"]}]},{\"@type\":\"BreadcrumbList\",\"@id\":\"https:\/\/www.versoverde.it\/fr\/hotel\/localisation\/#breadcrumb\",\"itemListElement\":[{\"@type\":\"ListItem\",\"position\":1,\"name\":\"Home\",\"item\":\"https:\/\/www.versoverde.it\/fr\/\"},{\"@type\":\"ListItem\",\"position\":2,\"name\":\"H\u00f4tel\",\"item\":\"https:\/\/www.versoverde.it\/fr\/hotel\/\"},{\"@type\":\"ListItem\",\"position\":3,\"name\":\"Localisation\"}]},{\"@type\":\"WebSite\",\"@id\":\"https:\/\/www.versoverde.it\/fr\/#website\",\"url\":\"https:\/\/www.versoverde.it\/fr\/\",\"name\":\"Verso Verde Milano\",\"description\":\"Ecco un altro sito ms.decms.eu\",\"potentialAction\":[{\"@type\":\"SearchAction\",\"target\":{\"@type\":\"EntryPoint\",\"urlTemplate\":\"https:\/\/www.versoverde.it\/fr\/?s={search_term_string}\"},\"query-input\":{\"@type\":\"PropertyValueSpecification\",\"valueRequired\":true,\"valueName\":\"search_term_string\"}}],\"inLanguage\":\"fr-FR\"}]}<\/script>\n<!-- \/ Yoast SEO plugin. -->","yoast_head_json":{"title":"Localisation &#8226; Verso Verde Milano &#8226;","description":"VersoVerde est n\u00e9 dans une zone du Naviglio Grande o\u00f9 la ville de Milan rencontre la campagne. Le quartier de San Cristoforo, outre sa renomm\u00e9e pour l'\u00e9glise du m\u00eame nom et l'ancienne usine Richard Ginori, qui abrite aujourd'hui d'importantes entreprises internationales, est un lieu de d\u00e9tente et surtout de sport : navigation, cyclisme, jogging et marche. Un lieu de s\u00e9jour id\u00e9al, une jonction agile pour rejoindre tous les quartiers de la ville, que ce soit pour le travail ou le tourisme. Nous sommes \u00e0 quelques pas de la Darsena, o\u00f9 la rue s'anime et devient le centre de divertissement de la ville. La r\u00e9gion offre \u00e9galement plusieurs lieux d'int\u00e9r\u00eat, comme la via Savona et la via Tortona, plus connue pour le Fuorisalone pendant la semaine du design de Milan. Le quartier de la via Tortona abrite \u00e9galement le MUDEC, le mus\u00e9e des cultures de Milan, qui se consacre \u00e0 la promotion et \u00e0 la recherche interdisciplinaire sur les cultures du monde. VersoVerde est \u00e9galement situ\u00e9 dans une zone tr\u00e8s pratique et bien desservie pour rejoindre le campus universitaire de l'IULM et de nombreuses autres universit\u00e9s milanaises renomm\u00e9es..","robots":{"index":"index","follow":"follow","max-snippet":"max-snippet:-1","max-image-preview":"max-image-preview:large","max-video-preview":"max-video-preview:-1"},"canonical":"https:\/\/www.versoverde.it\/fr\/hotel\/localisation\/","og_locale":"fr_FR","og_type":"article","og_title":"Localisation &#8226; Verso Verde Milano &#8226;","og_description":"VersoVerde est n\u00e9 dans une zone du Naviglio Grande o\u00f9 la ville de Milan rencontre la campagne. Le quartier de San Cristoforo, outre sa renomm\u00e9e pour l'\u00e9glise du m\u00eame nom et l'ancienne usine Richard Ginori, qui abrite aujourd'hui d'importantes entreprises internationales, est un lieu de d\u00e9tente et surtout de sport : navigation, cyclisme, jogging et marche. Un lieu de s\u00e9jour id\u00e9al, une jonction agile pour rejoindre tous les quartiers de la ville, que ce soit pour le travail ou le tourisme. Nous sommes \u00e0 quelques pas de la Darsena, o\u00f9 la rue s'anime et devient le centre de divertissement de la ville. La r\u00e9gion offre \u00e9galement plusieurs lieux d'int\u00e9r\u00eat, comme la via Savona et la via Tortona, plus connue pour le Fuorisalone pendant la semaine du design de Milan. Le quartier de la via Tortona abrite \u00e9galement le MUDEC, le mus\u00e9e des cultures de Milan, qui se consacre \u00e0 la promotion et \u00e0 la recherche interdisciplinaire sur les cultures du monde. VersoVerde est \u00e9galement situ\u00e9 dans une zone tr\u00e8s pratique et bien desservie pour rejoindre le campus universitaire de l'IULM et de nombreuses autres universit\u00e9s milanaises renomm\u00e9es..","og_url":"https:\/\/www.versoverde.it\/fr\/hotel\/localisation\/","og_site_name":"Verso Verde Milano","article_modified_time":"2022-12-06T14:16:55+00:00","twitter_card":"summary_large_image","twitter_misc":{"Dur\u00e9e de lecture estim\u00e9e":"1 minute"},"schema":{"@context":"https:\/\/schema.org","@graph":[{"@type":"WebPage","@id":"https:\/\/www.versoverde.it\/fr\/hotel\/localisation\/","url":"https:\/\/www.versoverde.it\/fr\/hotel\/localisation\/","name":"Localisation &#8226; Verso Verde Milano &#8226;","isPartOf":{"@id":"https:\/\/www.versoverde.it\/fr\/#website"},"datePublished":"2022-04-27T13:03:45+00:00","dateModified":"2022-12-06T14:16:55+00:00","description":"VersoVerde est n\u00e9 dans une zone du Naviglio Grande o\u00f9 la ville de Milan rencontre la campagne. Le quartier de San Cristoforo, outre sa renomm\u00e9e pour l'\u00e9glise du m\u00eame nom et l'ancienne usine Richard Ginori, qui abrite aujourd'hui d'importantes entreprises internationales, est un lieu de d\u00e9tente et surtout de sport : navigation, cyclisme, jogging et marche. Un lieu de s\u00e9jour id\u00e9al, une jonction agile pour rejoindre tous les quartiers de la ville, que ce soit pour le travail ou le tourisme. Nous sommes \u00e0 quelques pas de la Darsena, o\u00f9 la rue s'anime et devient le centre de divertissement de la ville. La r\u00e9gion offre \u00e9galement plusieurs lieux d'int\u00e9r\u00eat, comme la via Savona et la via Tortona, plus connue pour le Fuorisalone pendant la semaine du design de Milan. Le quartier de la via Tortona abrite \u00e9galement le MUDEC, le mus\u00e9e des cultures de Milan, qui se consacre \u00e0 la promotion et \u00e0 la recherche interdisciplinaire sur les cultures du monde. VersoVerde est \u00e9galement situ\u00e9 dans une zone tr\u00e8s pratique et bien desservie pour rejoindre le campus universitaire de l'IULM et de nombreuses autres universit\u00e9s milanaises renomm\u00e9es. .","breadcrumb":{"@id":"https:\/\/www.versoverde.it\/fr\/hotel\/localisation\/#breadcrumb"},"inLanguage":"fr-FR","potentialAction":[{"@type":"ReadAction","target":["https:\/\/www.versoverde.it\/fr\/hotel\/localisation\/"]}]},{"@type":"BreadcrumbList","@id":"https:\/\/www.versoverde.it\/fr\/hotel\/localisation\/#breadcrumb","itemListElement":[{"@type":"ListItem","position":1,"name":"Home","item":"https:\/\/www.versoverde.it\/fr\/"},{"@type":"ListItem","position":2,"name":"H\u00f4tel","item":"https:\/\/www.versoverde.it\/fr\/hotel\/"},{"@type":"ListItem","position":3,"name":"Localisation"}]},{"@type":"WebSite","@id":"https:\/\/www.versoverde.it\/fr\/#website","url":"https:\/\/www.versoverde.it\/fr\/","name":"Verso Verde Milano","description":"Ecco un altro sito ms.decms.eu","potentialAction":[{"@type":"SearchAction","target":{"@type":"EntryPoint","urlTemplate":"https:\/\/www.versoverde.it\/fr\/?s={search_term_string}"},"query-input":{"@type":"PropertyValueSpecification","valueRequired":true,"valueName":"search_term_string"}}],"inLanguage":"fr-FR"}]}},"acf":[],"_links":{"self":[{"href":"https:\/\/www.versoverde.it\/fr\/wp-json\/wp\/v2\/pages\/559","targetHints":{"allow":["GET"]}}],"collection":[{"href":"https:\/\/www.versoverde.it\/fr\/wp-json\/wp\/v2\/pages"}],"about":[{"href":"https:\/\/www.versoverde.it\/fr\/wp-json\/wp\/v2\/types\/page"}],"author":[{"embeddable":true,"href":"https:\/\/www.versoverde.it\/fr\/wp-json\/wp\/v2\/users\/13"}],"replies":[{"embeddable":true,"href":"https:\/\/www.versoverde.it\/fr\/wp-json\/wp\/v2\/comments?post=559"}],"version-history":[{"count":0,"href":"https:\/\/www.versoverde.it\/fr\/wp-json\/wp\/v2\/pages\/559\/revisions"}],"up":[{"embeddable":true,"href":"https:\/\/www.versoverde.it\/fr\/wp-json\/wp\/v2\/pages\/555"}],"wp:attachment":[{"href":"https:\/\/www.versoverde.it\/fr\/wp-json\/wp\/v2\/media?parent=559"}],"curies":[{"name":"wp","href":"https:\/\/api.w.org\/{rel}","templated":true}]}}