{"id":562,"date":"2022-04-27T15:05:20","date_gmt":"2022-04-27T13:05:20","guid":{"rendered":"https:\/\/www.versoverde.it\/?page_id=562"},"modified":"2022-12-06T15:18:33","modified_gmt":"2022-12-06T14:18:33","slug":"services","status":"publish","type":"page","link":"https:\/\/www.versoverde.it\/fr\/hotel\/services\/","title":{"rendered":"Services"},"content":{"rendered":"<p style=\"text-align: center\">VersoVerde propose un service de blanchisserie en libre-service : vous pouvez \u00eatre ind\u00e9pendant sans avoir \u00e0 quitter l&rsquo;h\u00f4tel.<br \/>\nLe service de blanchisserie classique des h\u00f4tels sera toujours disponible.<\/p>\n<p style=\"text-align: center\">VersoVerde dispose d&rsquo;un parking priv\u00e9 payant pratique dans l&rsquo;h\u00f4tel. R\u00e9servez-le en m\u00eame temps que votre chambre pour vous assurer que votre voiture est \u00e0 proximit\u00e9.<\/p>\n<p style=\"text-align: center\">VersoVerde offre \u00e9galement un service de mobilit\u00e9 verte : gr\u00e2ce \u00e0 nos v\u00e9los de style vintage, vous pouvez vous d\u00e9placer o\u00f9 vous voulez, pour profiter du Naviglio Grande et de la belle piste cyclable Milan-Ticino, qui vous emm\u00e8ne hors de la ville dans la belle campagne lombarde \u00e0 travers une v\u00e9g\u00e9tation luxuriante et des villages ruraux.<\/p>\n","protected":false},"excerpt":{"rendered":"<p>VersoVerde propose un service de blanchisserie en libre-service : vous pouvez \u00eatre ind\u00e9pendant sans avoir \u00e0 quitter l&rsquo;h\u00f4tel. Le service de blanchisserie classique des h\u00f4tels sera toujours disponible. VersoVerde dispose d&rsquo;un parking priv\u00e9 payant pratique dans l&rsquo;h\u00f4tel. R\u00e9servez-le en m\u00eame temps que votre chambre pour vous assurer que votre voiture est \u00e0 proximit\u00e9. VersoVerde offre [&hellip;]<\/p>\n","protected":false},"author":13,"featured_media":0,"parent":555,"menu_order":50,"comment_status":"closed","ping_status":"closed","template":"","meta":{"footnotes":""},"class_list":["post-562","page","type-page","status-publish","hentry"],"yoast_head":"<!-- This site is optimized with the Yoast SEO plugin v26.9 - https:\/\/yoast.com\/product\/yoast-seo-wordpress\/ -->\n<title>Services &#8226; Verso Verde Milano &#8226;<\/title>\n<meta name=\"description\" content=\"VersoVerde propose un service de blanchisserie en libre-service : vous pouvez \u00eatre ind\u00e9pendant sans avoir \u00e0 quitter l&#039;h\u00f4tel. Le service de blanchisserie classique des h\u00f4tels sera toujours disponible. VersoVerde dispose d&#039;un parking priv\u00e9 payant pratique dans l&#039;h\u00f4tel. R\u00e9servez-le en m\u00eame temps que votre chambre pour vous assurer que votre voiture est \u00e0 proximit\u00e9. VersoVerde offre \u00e9galement un service de mobilit\u00e9 verte : gr\u00e2ce \u00e0 nos v\u00e9los de style vintage, vous pouvez vous d\u00e9placer o\u00f9 vous voulez, pour profiter du Naviglio Grande et de la belle piste cyclable Milan-Ticino, qui vous emm\u00e8ne hors de la ville dans la belle campagne lombarde \u00e0 travers une v\u00e9g\u00e9tation luxuriante et des villages ruraux.\" \/>\n<meta name=\"robots\" content=\"index, follow, max-snippet:-1, max-image-preview:large, max-video-preview:-1\" \/>\n<link rel=\"canonical\" href=\"https:\/\/www.versoverde.it\/fr\/hotel\/services\/\" \/>\n<meta property=\"og:locale\" content=\"fr_FR\" \/>\n<meta property=\"og:type\" content=\"article\" \/>\n<meta property=\"og:title\" content=\"Services &#8226; Verso Verde Milano &#8226;\" \/>\n<meta property=\"og:description\" content=\"VersoVerde propose un service de blanchisserie en libre-service : vous pouvez \u00eatre ind\u00e9pendant sans avoir \u00e0 quitter l&#039;h\u00f4tel. Le service de blanchisserie classique des h\u00f4tels sera toujours disponible. VersoVerde dispose d&#039;un parking priv\u00e9 payant pratique dans l&#039;h\u00f4tel. R\u00e9servez-le en m\u00eame temps que votre chambre pour vous assurer que votre voiture est \u00e0 proximit\u00e9. VersoVerde offre \u00e9galement un service de mobilit\u00e9 verte : gr\u00e2ce \u00e0 nos v\u00e9los de style vintage, vous pouvez vous d\u00e9placer o\u00f9 vous voulez, pour profiter du Naviglio Grande et de la belle piste cyclable Milan-Ticino, qui vous emm\u00e8ne hors de la ville dans la belle campagne lombarde \u00e0 travers une v\u00e9g\u00e9tation luxuriante et des villages ruraux.\" \/>\n<meta property=\"og:url\" content=\"https:\/\/www.versoverde.it\/fr\/hotel\/services\/\" \/>\n<meta property=\"og:site_name\" content=\"Verso Verde Milano\" \/>\n<meta property=\"article:modified_time\" content=\"2022-12-06T14:18:33+00:00\" \/>\n<meta name=\"twitter:card\" content=\"summary_large_image\" \/>\n<meta name=\"twitter:label1\" content=\"Dur\u00e9e de lecture estim\u00e9e\" \/>\n\t<meta name=\"twitter:data1\" content=\"1 minute\" \/>\n<script type=\"application\/ld+json\" class=\"yoast-schema-graph\">{\"@context\":\"https:\/\/schema.org\",\"@graph\":[{\"@type\":\"WebPage\",\"@id\":\"https:\/\/www.versoverde.it\/fr\/hotel\/services\/\",\"url\":\"https:\/\/www.versoverde.it\/fr\/hotel\/services\/\",\"name\":\"Services &#8226; Verso Verde Milano &#8226;\",\"isPartOf\":{\"@id\":\"https:\/\/www.versoverde.it\/fr\/#website\"},\"datePublished\":\"2022-04-27T13:05:20+00:00\",\"dateModified\":\"2022-12-06T14:18:33+00:00\",\"description\":\"VersoVerde propose un service de blanchisserie en libre-service : vous pouvez \u00eatre ind\u00e9pendant sans avoir \u00e0 quitter l'h\u00f4tel. Le service de blanchisserie classique des h\u00f4tels sera toujours disponible. VersoVerde dispose d'un parking priv\u00e9 payant pratique dans l'h\u00f4tel. R\u00e9servez-le en m\u00eame temps que votre chambre pour vous assurer que votre voiture est \u00e0 proximit\u00e9. VersoVerde offre \u00e9galement un service de mobilit\u00e9 verte : gr\u00e2ce \u00e0 nos v\u00e9los de style vintage, vous pouvez vous d\u00e9placer o\u00f9 vous voulez, pour profiter du Naviglio Grande et de la belle piste cyclable Milan-Ticino, qui vous emm\u00e8ne hors de la ville dans la belle campagne lombarde \u00e0 travers une v\u00e9g\u00e9tation luxuriante et des villages ruraux.\",\"breadcrumb\":{\"@id\":\"https:\/\/www.versoverde.it\/fr\/hotel\/services\/#breadcrumb\"},\"inLanguage\":\"fr-FR\",\"potentialAction\":[{\"@type\":\"ReadAction\",\"target\":[\"https:\/\/www.versoverde.it\/fr\/hotel\/services\/\"]}]},{\"@type\":\"BreadcrumbList\",\"@id\":\"https:\/\/www.versoverde.it\/fr\/hotel\/services\/#breadcrumb\",\"itemListElement\":[{\"@type\":\"ListItem\",\"position\":1,\"name\":\"Home\",\"item\":\"https:\/\/www.versoverde.it\/fr\/\"},{\"@type\":\"ListItem\",\"position\":2,\"name\":\"H\u00f4tel\",\"item\":\"https:\/\/www.versoverde.it\/fr\/hotel\/\"},{\"@type\":\"ListItem\",\"position\":3,\"name\":\"Services\"}]},{\"@type\":\"WebSite\",\"@id\":\"https:\/\/www.versoverde.it\/fr\/#website\",\"url\":\"https:\/\/www.versoverde.it\/fr\/\",\"name\":\"Verso Verde Milano\",\"description\":\"Ecco un altro sito ms.decms.eu\",\"potentialAction\":[{\"@type\":\"SearchAction\",\"target\":{\"@type\":\"EntryPoint\",\"urlTemplate\":\"https:\/\/www.versoverde.it\/fr\/?s={search_term_string}\"},\"query-input\":{\"@type\":\"PropertyValueSpecification\",\"valueRequired\":true,\"valueName\":\"search_term_string\"}}],\"inLanguage\":\"fr-FR\"}]}<\/script>\n<!-- \/ Yoast SEO plugin. -->","yoast_head_json":{"title":"Services &#8226; Verso Verde Milano &#8226;","description":"VersoVerde propose un service de blanchisserie en libre-service : vous pouvez \u00eatre ind\u00e9pendant sans avoir \u00e0 quitter l'h\u00f4tel. Le service de blanchisserie classique des h\u00f4tels sera toujours disponible. VersoVerde dispose d'un parking priv\u00e9 payant pratique dans l'h\u00f4tel. R\u00e9servez-le en m\u00eame temps que votre chambre pour vous assurer que votre voiture est \u00e0 proximit\u00e9. VersoVerde offre \u00e9galement un service de mobilit\u00e9 verte : gr\u00e2ce \u00e0 nos v\u00e9los de style vintage, vous pouvez vous d\u00e9placer o\u00f9 vous voulez, pour profiter du Naviglio Grande et de la belle piste cyclable Milan-Ticino, qui vous emm\u00e8ne hors de la ville dans la belle campagne lombarde \u00e0 travers une v\u00e9g\u00e9tation luxuriante et des villages ruraux.","robots":{"index":"index","follow":"follow","max-snippet":"max-snippet:-1","max-image-preview":"max-image-preview:large","max-video-preview":"max-video-preview:-1"},"canonical":"https:\/\/www.versoverde.it\/fr\/hotel\/services\/","og_locale":"fr_FR","og_type":"article","og_title":"Services &#8226; Verso Verde Milano &#8226;","og_description":"VersoVerde propose un service de blanchisserie en libre-service : vous pouvez \u00eatre ind\u00e9pendant sans avoir \u00e0 quitter l'h\u00f4tel. Le service de blanchisserie classique des h\u00f4tels sera toujours disponible. VersoVerde dispose d'un parking priv\u00e9 payant pratique dans l'h\u00f4tel. R\u00e9servez-le en m\u00eame temps que votre chambre pour vous assurer que votre voiture est \u00e0 proximit\u00e9. VersoVerde offre \u00e9galement un service de mobilit\u00e9 verte : gr\u00e2ce \u00e0 nos v\u00e9los de style vintage, vous pouvez vous d\u00e9placer o\u00f9 vous voulez, pour profiter du Naviglio Grande et de la belle piste cyclable Milan-Ticino, qui vous emm\u00e8ne hors de la ville dans la belle campagne lombarde \u00e0 travers une v\u00e9g\u00e9tation luxuriante et des villages ruraux.","og_url":"https:\/\/www.versoverde.it\/fr\/hotel\/services\/","og_site_name":"Verso Verde Milano","article_modified_time":"2022-12-06T14:18:33+00:00","twitter_card":"summary_large_image","twitter_misc":{"Dur\u00e9e de lecture estim\u00e9e":"1 minute"},"schema":{"@context":"https:\/\/schema.org","@graph":[{"@type":"WebPage","@id":"https:\/\/www.versoverde.it\/fr\/hotel\/services\/","url":"https:\/\/www.versoverde.it\/fr\/hotel\/services\/","name":"Services &#8226; Verso Verde Milano &#8226;","isPartOf":{"@id":"https:\/\/www.versoverde.it\/fr\/#website"},"datePublished":"2022-04-27T13:05:20+00:00","dateModified":"2022-12-06T14:18:33+00:00","description":"VersoVerde propose un service de blanchisserie en libre-service : vous pouvez \u00eatre ind\u00e9pendant sans avoir \u00e0 quitter l'h\u00f4tel. Le service de blanchisserie classique des h\u00f4tels sera toujours disponible. VersoVerde dispose d'un parking priv\u00e9 payant pratique dans l'h\u00f4tel. R\u00e9servez-le en m\u00eame temps que votre chambre pour vous assurer que votre voiture est \u00e0 proximit\u00e9. VersoVerde offre \u00e9galement un service de mobilit\u00e9 verte : gr\u00e2ce \u00e0 nos v\u00e9los de style vintage, vous pouvez vous d\u00e9placer o\u00f9 vous voulez, pour profiter du Naviglio Grande et de la belle piste cyclable Milan-Ticino, qui vous emm\u00e8ne hors de la ville dans la belle campagne lombarde \u00e0 travers une v\u00e9g\u00e9tation luxuriante et des villages ruraux.","breadcrumb":{"@id":"https:\/\/www.versoverde.it\/fr\/hotel\/services\/#breadcrumb"},"inLanguage":"fr-FR","potentialAction":[{"@type":"ReadAction","target":["https:\/\/www.versoverde.it\/fr\/hotel\/services\/"]}]},{"@type":"BreadcrumbList","@id":"https:\/\/www.versoverde.it\/fr\/hotel\/services\/#breadcrumb","itemListElement":[{"@type":"ListItem","position":1,"name":"Home","item":"https:\/\/www.versoverde.it\/fr\/"},{"@type":"ListItem","position":2,"name":"H\u00f4tel","item":"https:\/\/www.versoverde.it\/fr\/hotel\/"},{"@type":"ListItem","position":3,"name":"Services"}]},{"@type":"WebSite","@id":"https:\/\/www.versoverde.it\/fr\/#website","url":"https:\/\/www.versoverde.it\/fr\/","name":"Verso Verde Milano","description":"Ecco un altro sito ms.decms.eu","potentialAction":[{"@type":"SearchAction","target":{"@type":"EntryPoint","urlTemplate":"https:\/\/www.versoverde.it\/fr\/?s={search_term_string}"},"query-input":{"@type":"PropertyValueSpecification","valueRequired":true,"valueName":"search_term_string"}}],"inLanguage":"fr-FR"}]}},"acf":[],"_links":{"self":[{"href":"https:\/\/www.versoverde.it\/fr\/wp-json\/wp\/v2\/pages\/562","targetHints":{"allow":["GET"]}}],"collection":[{"href":"https:\/\/www.versoverde.it\/fr\/wp-json\/wp\/v2\/pages"}],"about":[{"href":"https:\/\/www.versoverde.it\/fr\/wp-json\/wp\/v2\/types\/page"}],"author":[{"embeddable":true,"href":"https:\/\/www.versoverde.it\/fr\/wp-json\/wp\/v2\/users\/13"}],"replies":[{"embeddable":true,"href":"https:\/\/www.versoverde.it\/fr\/wp-json\/wp\/v2\/comments?post=562"}],"version-history":[{"count":0,"href":"https:\/\/www.versoverde.it\/fr\/wp-json\/wp\/v2\/pages\/562\/revisions"}],"up":[{"embeddable":true,"href":"https:\/\/www.versoverde.it\/fr\/wp-json\/wp\/v2\/pages\/555"}],"wp:attachment":[{"href":"https:\/\/www.versoverde.it\/fr\/wp-json\/wp\/v2\/media?parent=562"}],"curies":[{"name":"wp","href":"https:\/\/api.w.org\/{rel}","templated":true}]}}