{"id":564,"date":"2022-04-27T15:07:48","date_gmt":"2022-04-27T13:07:48","guid":{"rendered":"https:\/\/www.versoverde.it\/?page_id=564"},"modified":"2022-12-06T15:33:00","modified_gmt":"2022-12-06T14:33:00","slug":"nous-prenons-soin-de-vous","status":"publish","type":"page","link":"https:\/\/www.versoverde.it\/fr\/hotel\/nous-prenons-soin-de-vous\/","title":{"rendered":"Nous prenons soin de vous"},"content":{"rendered":"<p>Pour assurer votre tranquillit\u00e9 d&rsquo;esprit, nous avons adopt\u00e9 un protocole d&rsquo;hygi\u00e8ne et de s\u00e9curit\u00e9 qui pr\u00e9voit, entre autres, que:<\/p>\n<ul>\n<li>Ventilation des pi\u00e8ces<\/li>\n<li>Nettoyage des surfaces<\/li>\n<li>Assainissement complet<\/li>\n<li>Espacement social<\/li>\n<li>Utilisation de masques conform\u00e9ment \u00e0 la r\u00e9glementation<\/li>\n<\/ul>\n","protected":false},"excerpt":{"rendered":"<p>Pour assurer votre tranquillit\u00e9 d&rsquo;esprit, nous avons adopt\u00e9 un protocole d&rsquo;hygi\u00e8ne et de s\u00e9curit\u00e9 qui pr\u00e9voit, entre autres, que: Ventilation des pi\u00e8ces Nettoyage des surfaces Assainissement complet Espacement social Utilisation de masques conform\u00e9ment \u00e0 la r\u00e9glementation<\/p>\n","protected":false},"author":13,"featured_media":0,"parent":555,"menu_order":60,"comment_status":"closed","ping_status":"closed","template":"","meta":{"footnotes":""},"class_list":["post-564","page","type-page","status-publish","hentry"],"yoast_head":"<!-- This site is optimized with the Yoast SEO plugin v26.9 - https:\/\/yoast.com\/product\/yoast-seo-wordpress\/ -->\n<title>Nous prenons soin de vous &#8226; Verso Verde Milano &#8226;<\/title>\n<meta name=\"description\" content=\"Pour assurer votre tranquillit\u00e9 d&#039;esprit, nous avons adopt\u00e9 un protocole d&#039;hygi\u00e8ne et de s\u00e9curit\u00e9 qui pr\u00e9voit, entre autres, que:   Ventilation des pi\u00e8ces  Nettoyage des surfaces  Assainissement complet  Espacement social  Utilisation de masques conform\u00e9ment \u00e0 la r\u00e9glementation .\" \/>\n<meta name=\"robots\" content=\"index, follow, max-snippet:-1, max-image-preview:large, max-video-preview:-1\" \/>\n<link rel=\"canonical\" href=\"https:\/\/www.versoverde.it\/fr\/hotel\/nous-prenons-soin-de-vous\/\" \/>\n<meta property=\"og:locale\" content=\"fr_FR\" \/>\n<meta property=\"og:type\" content=\"article\" \/>\n<meta property=\"og:title\" content=\"Nous prenons soin de vous &#8226; Verso Verde Milano &#8226;\" \/>\n<meta property=\"og:description\" content=\"Pour assurer votre tranquillit\u00e9 d&#039;esprit, nous avons adopt\u00e9 un protocole d&#039;hygi\u00e8ne et de s\u00e9curit\u00e9 qui pr\u00e9voit, entre autres, que:   Ventilation des pi\u00e8ces  Nettoyage des surfaces  Assainissement complet  Espacement social  Utilisation de masques conform\u00e9ment \u00e0 la r\u00e9glementation .\" \/>\n<meta property=\"og:url\" content=\"https:\/\/www.versoverde.it\/fr\/hotel\/nous-prenons-soin-de-vous\/\" \/>\n<meta property=\"og:site_name\" content=\"Verso Verde Milano\" \/>\n<meta property=\"article:modified_time\" content=\"2022-12-06T14:33:00+00:00\" \/>\n<meta name=\"twitter:card\" content=\"summary_large_image\" \/>\n<script type=\"application\/ld+json\" class=\"yoast-schema-graph\">{\"@context\":\"https:\/\/schema.org\",\"@graph\":[{\"@type\":\"WebPage\",\"@id\":\"https:\/\/www.versoverde.it\/fr\/hotel\/nous-prenons-soin-de-vous\/\",\"url\":\"https:\/\/www.versoverde.it\/fr\/hotel\/nous-prenons-soin-de-vous\/\",\"name\":\"Nous prenons soin de vous &#8226; Verso Verde Milano &#8226;\",\"isPartOf\":{\"@id\":\"https:\/\/www.versoverde.it\/fr\/#website\"},\"datePublished\":\"2022-04-27T13:07:48+00:00\",\"dateModified\":\"2022-12-06T14:33:00+00:00\",\"description\":\"Pour assurer votre tranquillit\u00e9 d'esprit, nous avons adopt\u00e9 un protocole d'hygi\u00e8ne et de s\u00e9curit\u00e9 qui pr\u00e9voit, entre autres, que: \u2022 Ventilation des pi\u00e8ces \u2022 Nettoyage des surfaces \u2022 Assainissement complet \u2022 Espacement social \u2022 Utilisation de masques conform\u00e9ment \u00e0 la r\u00e9glementation .\",\"breadcrumb\":{\"@id\":\"https:\/\/www.versoverde.it\/fr\/hotel\/nous-prenons-soin-de-vous\/#breadcrumb\"},\"inLanguage\":\"fr-FR\",\"potentialAction\":[{\"@type\":\"ReadAction\",\"target\":[\"https:\/\/www.versoverde.it\/fr\/hotel\/nous-prenons-soin-de-vous\/\"]}]},{\"@type\":\"BreadcrumbList\",\"@id\":\"https:\/\/www.versoverde.it\/fr\/hotel\/nous-prenons-soin-de-vous\/#breadcrumb\",\"itemListElement\":[{\"@type\":\"ListItem\",\"position\":1,\"name\":\"Home\",\"item\":\"https:\/\/www.versoverde.it\/fr\/\"},{\"@type\":\"ListItem\",\"position\":2,\"name\":\"H\u00f4tel\",\"item\":\"https:\/\/www.versoverde.it\/fr\/hotel\/\"},{\"@type\":\"ListItem\",\"position\":3,\"name\":\"Nous prenons soin de vous\"}]},{\"@type\":\"WebSite\",\"@id\":\"https:\/\/www.versoverde.it\/fr\/#website\",\"url\":\"https:\/\/www.versoverde.it\/fr\/\",\"name\":\"Verso Verde Milano\",\"description\":\"Ecco un altro sito ms.decms.eu\",\"potentialAction\":[{\"@type\":\"SearchAction\",\"target\":{\"@type\":\"EntryPoint\",\"urlTemplate\":\"https:\/\/www.versoverde.it\/fr\/?s={search_term_string}\"},\"query-input\":{\"@type\":\"PropertyValueSpecification\",\"valueRequired\":true,\"valueName\":\"search_term_string\"}}],\"inLanguage\":\"fr-FR\"}]}<\/script>\n<!-- \/ Yoast SEO plugin. -->","yoast_head_json":{"title":"Nous prenons soin de vous &#8226; Verso Verde Milano &#8226;","description":"Pour assurer votre tranquillit\u00e9 d'esprit, nous avons adopt\u00e9 un protocole d'hygi\u00e8ne et de s\u00e9curit\u00e9 qui pr\u00e9voit, entre autres, que:   Ventilation des pi\u00e8ces  Nettoyage des surfaces  Assainissement complet  Espacement social  Utilisation de masques conform\u00e9ment \u00e0 la r\u00e9glementation .","robots":{"index":"index","follow":"follow","max-snippet":"max-snippet:-1","max-image-preview":"max-image-preview:large","max-video-preview":"max-video-preview:-1"},"canonical":"https:\/\/www.versoverde.it\/fr\/hotel\/nous-prenons-soin-de-vous\/","og_locale":"fr_FR","og_type":"article","og_title":"Nous prenons soin de vous &#8226; Verso Verde Milano &#8226;","og_description":"Pour assurer votre tranquillit\u00e9 d'esprit, nous avons adopt\u00e9 un protocole d'hygi\u00e8ne et de s\u00e9curit\u00e9 qui pr\u00e9voit, entre autres, que:   Ventilation des pi\u00e8ces  Nettoyage des surfaces  Assainissement complet  Espacement social  Utilisation de masques conform\u00e9ment \u00e0 la r\u00e9glementation .","og_url":"https:\/\/www.versoverde.it\/fr\/hotel\/nous-prenons-soin-de-vous\/","og_site_name":"Verso Verde Milano","article_modified_time":"2022-12-06T14:33:00+00:00","twitter_card":"summary_large_image","schema":{"@context":"https:\/\/schema.org","@graph":[{"@type":"WebPage","@id":"https:\/\/www.versoverde.it\/fr\/hotel\/nous-prenons-soin-de-vous\/","url":"https:\/\/www.versoverde.it\/fr\/hotel\/nous-prenons-soin-de-vous\/","name":"Nous prenons soin de vous &#8226; Verso Verde Milano &#8226;","isPartOf":{"@id":"https:\/\/www.versoverde.it\/fr\/#website"},"datePublished":"2022-04-27T13:07:48+00:00","dateModified":"2022-12-06T14:33:00+00:00","description":"Pour assurer votre tranquillit\u00e9 d'esprit, nous avons adopt\u00e9 un protocole d'hygi\u00e8ne et de s\u00e9curit\u00e9 qui pr\u00e9voit, entre autres, que: \u2022 Ventilation des pi\u00e8ces \u2022 Nettoyage des surfaces \u2022 Assainissement complet \u2022 Espacement social \u2022 Utilisation de masques conform\u00e9ment \u00e0 la r\u00e9glementation .","breadcrumb":{"@id":"https:\/\/www.versoverde.it\/fr\/hotel\/nous-prenons-soin-de-vous\/#breadcrumb"},"inLanguage":"fr-FR","potentialAction":[{"@type":"ReadAction","target":["https:\/\/www.versoverde.it\/fr\/hotel\/nous-prenons-soin-de-vous\/"]}]},{"@type":"BreadcrumbList","@id":"https:\/\/www.versoverde.it\/fr\/hotel\/nous-prenons-soin-de-vous\/#breadcrumb","itemListElement":[{"@type":"ListItem","position":1,"name":"Home","item":"https:\/\/www.versoverde.it\/fr\/"},{"@type":"ListItem","position":2,"name":"H\u00f4tel","item":"https:\/\/www.versoverde.it\/fr\/hotel\/"},{"@type":"ListItem","position":3,"name":"Nous prenons soin de vous"}]},{"@type":"WebSite","@id":"https:\/\/www.versoverde.it\/fr\/#website","url":"https:\/\/www.versoverde.it\/fr\/","name":"Verso Verde Milano","description":"Ecco un altro sito ms.decms.eu","potentialAction":[{"@type":"SearchAction","target":{"@type":"EntryPoint","urlTemplate":"https:\/\/www.versoverde.it\/fr\/?s={search_term_string}"},"query-input":{"@type":"PropertyValueSpecification","valueRequired":true,"valueName":"search_term_string"}}],"inLanguage":"fr-FR"}]}},"acf":[],"_links":{"self":[{"href":"https:\/\/www.versoverde.it\/fr\/wp-json\/wp\/v2\/pages\/564","targetHints":{"allow":["GET"]}}],"collection":[{"href":"https:\/\/www.versoverde.it\/fr\/wp-json\/wp\/v2\/pages"}],"about":[{"href":"https:\/\/www.versoverde.it\/fr\/wp-json\/wp\/v2\/types\/page"}],"author":[{"embeddable":true,"href":"https:\/\/www.versoverde.it\/fr\/wp-json\/wp\/v2\/users\/13"}],"replies":[{"embeddable":true,"href":"https:\/\/www.versoverde.it\/fr\/wp-json\/wp\/v2\/comments?post=564"}],"version-history":[{"count":0,"href":"https:\/\/www.versoverde.it\/fr\/wp-json\/wp\/v2\/pages\/564\/revisions"}],"up":[{"embeddable":true,"href":"https:\/\/www.versoverde.it\/fr\/wp-json\/wp\/v2\/pages\/555"}],"wp:attachment":[{"href":"https:\/\/www.versoverde.it\/fr\/wp-json\/wp\/v2\/media?parent=564"}],"curies":[{"name":"wp","href":"https:\/\/api.w.org\/{rel}","templated":true}]}}