{"id":567,"date":"2022-04-27T15:21:05","date_gmt":"2022-04-27T13:21:05","guid":{"rendered":"https:\/\/www.versoverde.it\/?page_id=567"},"modified":"2022-12-06T11:35:48","modified_gmt":"2022-12-06T10:35:48","slug":"pieces","status":"publish","type":"page","link":"https:\/\/www.versoverde.it\/fr\/pieces\/","title":{"rendered":"Pi\u00e8ces"},"content":{"rendered":"<p style=\"text-align: center\">De VersoVerde, vous pouvez choisir de s\u00e9journer dans une ancienne usine enti\u00e8rement r\u00e9nov\u00e9e, caract\u00e9ris\u00e9e par une nature perturbatrice, un magnifique jardin d&rsquo;hiver o\u00f9 les arbres touchent \u00e0 nouveau le ciel, de grandes fen\u00eatres, des mat\u00e9riaux innovants et raffin\u00e9s ou dans l&rsquo;ancienne ferme de San Cristoforo qui s&rsquo;\u00e9l\u00e8ve dans devant le Naviglio Grande et incarne toute l&rsquo;histoire du vieux Milan.<\/p>\n","protected":false},"excerpt":{"rendered":"<p>De VersoVerde, vous pouvez choisir de s\u00e9journer dans une ancienne usine enti\u00e8rement r\u00e9nov\u00e9e, caract\u00e9ris\u00e9e par une nature perturbatrice, un magnifique jardin d&rsquo;hiver o\u00f9 les arbres touchent \u00e0 nouveau le ciel, de grandes fen\u00eatres, des mat\u00e9riaux innovants et raffin\u00e9s ou dans l&rsquo;ancienne ferme de San Cristoforo qui s&rsquo;\u00e9l\u00e8ve dans devant le Naviglio Grande et incarne toute [&hellip;]<\/p>\n","protected":false},"author":13,"featured_media":0,"parent":0,"menu_order":30,"comment_status":"closed","ping_status":"closed","template":"","meta":{"footnotes":""},"class_list":["post-567","page","type-page","status-publish","hentry"],"yoast_head":"<!-- This site is optimized with the Yoast SEO plugin v26.9 - https:\/\/yoast.com\/product\/yoast-seo-wordpress\/ -->\n<title>Pi\u00e8ces &#8226; Verso Verde Milano &#8226;<\/title>\n<meta name=\"description\" content=\"De VersoVerde, vous pouvez choisir de s\u00e9journer dans une ancienne usine enti\u00e8rement r\u00e9nov\u00e9e, caract\u00e9ris\u00e9e par une nature perturbatrice, un magnifique jardin d&#039;hiver o\u00f9 les arbres touchent \u00e0 nouveau le ciel, de grandes fen\u00eatres, des mat\u00e9riaux innovants et raffin\u00e9s ou dans l&#039;ancienne ferme de San Cristoforo qui s&#039;\u00e9l\u00e8ve dans devant le Naviglio Grande et incarne toute l&#039;histoire du vieux Milan..\" \/>\n<meta name=\"robots\" content=\"index, follow, max-snippet:-1, max-image-preview:large, max-video-preview:-1\" \/>\n<link rel=\"canonical\" href=\"https:\/\/www.versoverde.it\/fr\/pieces\/\" \/>\n<meta property=\"og:locale\" content=\"fr_FR\" \/>\n<meta property=\"og:type\" content=\"article\" \/>\n<meta property=\"og:title\" content=\"Pi\u00e8ces &#8226; Verso Verde Milano &#8226;\" \/>\n<meta property=\"og:description\" content=\"De VersoVerde, vous pouvez choisir de s\u00e9journer dans une ancienne usine enti\u00e8rement r\u00e9nov\u00e9e, caract\u00e9ris\u00e9e par une nature perturbatrice, un magnifique jardin d&#039;hiver o\u00f9 les arbres touchent \u00e0 nouveau le ciel, de grandes fen\u00eatres, des mat\u00e9riaux innovants et raffin\u00e9s ou dans l&#039;ancienne ferme de San Cristoforo qui s&#039;\u00e9l\u00e8ve dans devant le Naviglio Grande et incarne toute l&#039;histoire du vieux Milan..\" \/>\n<meta property=\"og:url\" content=\"https:\/\/www.versoverde.it\/fr\/pieces\/\" \/>\n<meta property=\"og:site_name\" content=\"Verso Verde Milano\" \/>\n<meta property=\"article:modified_time\" content=\"2022-12-06T10:35:48+00:00\" \/>\n<meta name=\"twitter:card\" content=\"summary_large_image\" \/>\n<script type=\"application\/ld+json\" class=\"yoast-schema-graph\">{\"@context\":\"https:\/\/schema.org\",\"@graph\":[{\"@type\":\"WebPage\",\"@id\":\"https:\/\/www.versoverde.it\/fr\/pieces\/\",\"url\":\"https:\/\/www.versoverde.it\/fr\/pieces\/\",\"name\":\"Pi\u00e8ces &#8226; Verso Verde Milano &#8226;\",\"isPartOf\":{\"@id\":\"https:\/\/www.versoverde.it\/fr\/#website\"},\"datePublished\":\"2022-04-27T13:21:05+00:00\",\"dateModified\":\"2022-12-06T10:35:48+00:00\",\"description\":\"De VersoVerde, vous pouvez choisir de s\u00e9journer dans une ancienne usine enti\u00e8rement r\u00e9nov\u00e9e, caract\u00e9ris\u00e9e par une nature perturbatrice, un magnifique jardin d'hiver o\u00f9 les arbres touchent \u00e0 nouveau le ciel, de grandes fen\u00eatres, des mat\u00e9riaux innovants et raffin\u00e9s ou dans l'ancienne ferme de San Cristoforo qui s'\u00e9l\u00e8ve dans devant le Naviglio Grande et incarne toute l'histoire du vieux Milan. .\",\"breadcrumb\":{\"@id\":\"https:\/\/www.versoverde.it\/fr\/pieces\/#breadcrumb\"},\"inLanguage\":\"fr-FR\",\"potentialAction\":[{\"@type\":\"ReadAction\",\"target\":[\"https:\/\/www.versoverde.it\/fr\/pieces\/\"]}]},{\"@type\":\"BreadcrumbList\",\"@id\":\"https:\/\/www.versoverde.it\/fr\/pieces\/#breadcrumb\",\"itemListElement\":[{\"@type\":\"ListItem\",\"position\":1,\"name\":\"Home\",\"item\":\"https:\/\/www.versoverde.it\/fr\/\"},{\"@type\":\"ListItem\",\"position\":2,\"name\":\"Pi\u00e8ces\"}]},{\"@type\":\"WebSite\",\"@id\":\"https:\/\/www.versoverde.it\/fr\/#website\",\"url\":\"https:\/\/www.versoverde.it\/fr\/\",\"name\":\"Verso Verde Milano\",\"description\":\"Ecco un altro sito ms.decms.eu\",\"potentialAction\":[{\"@type\":\"SearchAction\",\"target\":{\"@type\":\"EntryPoint\",\"urlTemplate\":\"https:\/\/www.versoverde.it\/fr\/?s={search_term_string}\"},\"query-input\":{\"@type\":\"PropertyValueSpecification\",\"valueRequired\":true,\"valueName\":\"search_term_string\"}}],\"inLanguage\":\"fr-FR\"}]}<\/script>\n<!-- \/ Yoast SEO plugin. -->","yoast_head_json":{"title":"Pi\u00e8ces &#8226; Verso Verde Milano &#8226;","description":"De VersoVerde, vous pouvez choisir de s\u00e9journer dans une ancienne usine enti\u00e8rement r\u00e9nov\u00e9e, caract\u00e9ris\u00e9e par une nature perturbatrice, un magnifique jardin d'hiver o\u00f9 les arbres touchent \u00e0 nouveau le ciel, de grandes fen\u00eatres, des mat\u00e9riaux innovants et raffin\u00e9s ou dans l'ancienne ferme de San Cristoforo qui s'\u00e9l\u00e8ve dans devant le Naviglio Grande et incarne toute l'histoire du vieux Milan..","robots":{"index":"index","follow":"follow","max-snippet":"max-snippet:-1","max-image-preview":"max-image-preview:large","max-video-preview":"max-video-preview:-1"},"canonical":"https:\/\/www.versoverde.it\/fr\/pieces\/","og_locale":"fr_FR","og_type":"article","og_title":"Pi\u00e8ces &#8226; Verso Verde Milano &#8226;","og_description":"De VersoVerde, vous pouvez choisir de s\u00e9journer dans une ancienne usine enti\u00e8rement r\u00e9nov\u00e9e, caract\u00e9ris\u00e9e par une nature perturbatrice, un magnifique jardin d'hiver o\u00f9 les arbres touchent \u00e0 nouveau le ciel, de grandes fen\u00eatres, des mat\u00e9riaux innovants et raffin\u00e9s ou dans l'ancienne ferme de San Cristoforo qui s'\u00e9l\u00e8ve dans devant le Naviglio Grande et incarne toute l'histoire du vieux Milan..","og_url":"https:\/\/www.versoverde.it\/fr\/pieces\/","og_site_name":"Verso Verde Milano","article_modified_time":"2022-12-06T10:35:48+00:00","twitter_card":"summary_large_image","schema":{"@context":"https:\/\/schema.org","@graph":[{"@type":"WebPage","@id":"https:\/\/www.versoverde.it\/fr\/pieces\/","url":"https:\/\/www.versoverde.it\/fr\/pieces\/","name":"Pi\u00e8ces &#8226; Verso Verde Milano &#8226;","isPartOf":{"@id":"https:\/\/www.versoverde.it\/fr\/#website"},"datePublished":"2022-04-27T13:21:05+00:00","dateModified":"2022-12-06T10:35:48+00:00","description":"De VersoVerde, vous pouvez choisir de s\u00e9journer dans une ancienne usine enti\u00e8rement r\u00e9nov\u00e9e, caract\u00e9ris\u00e9e par une nature perturbatrice, un magnifique jardin d'hiver o\u00f9 les arbres touchent \u00e0 nouveau le ciel, de grandes fen\u00eatres, des mat\u00e9riaux innovants et raffin\u00e9s ou dans l'ancienne ferme de San Cristoforo qui s'\u00e9l\u00e8ve dans devant le Naviglio Grande et incarne toute l'histoire du vieux Milan. .","breadcrumb":{"@id":"https:\/\/www.versoverde.it\/fr\/pieces\/#breadcrumb"},"inLanguage":"fr-FR","potentialAction":[{"@type":"ReadAction","target":["https:\/\/www.versoverde.it\/fr\/pieces\/"]}]},{"@type":"BreadcrumbList","@id":"https:\/\/www.versoverde.it\/fr\/pieces\/#breadcrumb","itemListElement":[{"@type":"ListItem","position":1,"name":"Home","item":"https:\/\/www.versoverde.it\/fr\/"},{"@type":"ListItem","position":2,"name":"Pi\u00e8ces"}]},{"@type":"WebSite","@id":"https:\/\/www.versoverde.it\/fr\/#website","url":"https:\/\/www.versoverde.it\/fr\/","name":"Verso Verde Milano","description":"Ecco un altro sito ms.decms.eu","potentialAction":[{"@type":"SearchAction","target":{"@type":"EntryPoint","urlTemplate":"https:\/\/www.versoverde.it\/fr\/?s={search_term_string}"},"query-input":{"@type":"PropertyValueSpecification","valueRequired":true,"valueName":"search_term_string"}}],"inLanguage":"fr-FR"}]}},"acf":[],"_links":{"self":[{"href":"https:\/\/www.versoverde.it\/fr\/wp-json\/wp\/v2\/pages\/567","targetHints":{"allow":["GET"]}}],"collection":[{"href":"https:\/\/www.versoverde.it\/fr\/wp-json\/wp\/v2\/pages"}],"about":[{"href":"https:\/\/www.versoverde.it\/fr\/wp-json\/wp\/v2\/types\/page"}],"author":[{"embeddable":true,"href":"https:\/\/www.versoverde.it\/fr\/wp-json\/wp\/v2\/users\/13"}],"replies":[{"embeddable":true,"href":"https:\/\/www.versoverde.it\/fr\/wp-json\/wp\/v2\/comments?post=567"}],"version-history":[{"count":0,"href":"https:\/\/www.versoverde.it\/fr\/wp-json\/wp\/v2\/pages\/567\/revisions"}],"wp:attachment":[{"href":"https:\/\/www.versoverde.it\/fr\/wp-json\/wp\/v2\/media?parent=567"}],"curies":[{"name":"wp","href":"https:\/\/api.w.org\/{rel}","templated":true}]}}