{"id":578,"date":"2022-04-27T16:04:54","date_gmt":"2022-04-27T14:04:54","guid":{"rendered":"https:\/\/www.versoverde.it\/?page_id=578"},"modified":"2023-01-23T14:58:45","modified_gmt":"2023-01-23T13:58:45","slug":"chambres-simples-2","status":"publish","type":"page","link":"https:\/\/www.versoverde.it\/fr\/pieces\/hotel\/chambres-simples-2\/","title":{"rendered":"Chambres simples"},"content":{"rendered":"<p style=\"text-align: center\">La solution id\u00e9ale pour les courts s\u00e9jours.<\/p>\n<p style=\"text-align: center\">Lit Queen size confortable (140 cm) avec sur-matelas et oreillers doubles.<\/p>\n<p style=\"text-align: center\">\u00a0Smart TV \u00e9quip\u00e9e du syst\u00e8me Chromecast, qui vous permet de projeter sur votre TV<br \/>\nle contenu en streaming disponible sur Internet.<\/p>\n<p style=\"text-align: center\">Coin bureau, minibar, coffre-fort, t\u00e9l\u00e9phone.<\/p>\n<p style=\"text-align: center\">Salle de bains priv\u00e9e (toujours bien \u00e9clair\u00e9e gr\u00e2ce \u00e0 la paroi en verre cannel\u00e9 raffin\u00e9 qui la s\u00e9pare du reste de la chambre) avec douche, s\u00e8che-cheveux, serviettes et articles de toilette.<\/p>\n<p style=\"text-align: center\">Grande fen\u00eatre donnant sur le patio de Betulle.<\/p>\n","protected":false},"excerpt":{"rendered":"<p>La solution id\u00e9ale pour les courts s\u00e9jours. Lit Queen size confortable (140 cm) avec sur-matelas et oreillers doubles. \u00a0Smart TV \u00e9quip\u00e9e du syst\u00e8me Chromecast, qui vous permet de projeter sur votre TV le contenu en streaming disponible sur Internet. Coin bureau, minibar, coffre-fort, t\u00e9l\u00e9phone. Salle de bains priv\u00e9e (toujours bien \u00e9clair\u00e9e gr\u00e2ce \u00e0 la paroi [&hellip;]<\/p>\n","protected":false},"author":13,"featured_media":0,"parent":572,"menu_order":20,"comment_status":"closed","ping_status":"closed","template":"template-single-room.php","meta":{"footnotes":""},"class_list":["post-578","page","type-page","status-publish","hentry"],"yoast_head":"<!-- This site is optimized with the Yoast SEO plugin v26.9 - https:\/\/yoast.com\/product\/yoast-seo-wordpress\/ -->\n<title>Chambres simples &#8226; Verso Verde Milano &#8226;<\/title>\n<meta name=\"description\" content=\"La solution id\u00e9ale pour les courts s\u00e9jours. Lit Queen size confortable (140 cm) avec sur-matelas et oreillers doubles. \u00a0Smart TV \u00e9quip\u00e9e du syst\u00e8me Chromecast, qui vous permet de projeter sur votre TV le contenu en streaming disponible sur Internet. Coin bureau, minibar, coffre-fort, t\u00e9l\u00e9phone. Salle de bains priv\u00e9e (toujours bien \u00e9clair\u00e9e gr\u00e2ce \u00e0 la paroi en verre cannel\u00e9 raffin\u00e9 qui la s\u00e9pare du reste de la chambre) avec douche, s\u00e8che-cheveux, serviettes et articles de toilette. Grande fen\u00eatre donnant sur le patio de Betulle..\" \/>\n<meta name=\"robots\" content=\"index, follow, max-snippet:-1, max-image-preview:large, max-video-preview:-1\" \/>\n<link rel=\"canonical\" href=\"https:\/\/www.versoverde.it\/fr\/pieces\/hotel\/chambres-simples-2\/\" \/>\n<meta property=\"og:locale\" content=\"fr_FR\" \/>\n<meta property=\"og:type\" content=\"article\" \/>\n<meta property=\"og:title\" content=\"Chambres simples &#8226; Verso Verde Milano &#8226;\" \/>\n<meta property=\"og:description\" content=\"La solution id\u00e9ale pour les courts s\u00e9jours. Lit Queen size confortable (140 cm) avec sur-matelas et oreillers doubles. \u00a0Smart TV \u00e9quip\u00e9e du syst\u00e8me Chromecast, qui vous permet de projeter sur votre TV le contenu en streaming disponible sur Internet. Coin bureau, minibar, coffre-fort, t\u00e9l\u00e9phone. Salle de bains priv\u00e9e (toujours bien \u00e9clair\u00e9e gr\u00e2ce \u00e0 la paroi en verre cannel\u00e9 raffin\u00e9 qui la s\u00e9pare du reste de la chambre) avec douche, s\u00e8che-cheveux, serviettes et articles de toilette. Grande fen\u00eatre donnant sur le patio de Betulle..\" \/>\n<meta property=\"og:url\" content=\"https:\/\/www.versoverde.it\/fr\/pieces\/hotel\/chambres-simples-2\/\" \/>\n<meta property=\"og:site_name\" content=\"Verso Verde Milano\" \/>\n<meta property=\"article:modified_time\" content=\"2023-01-23T13:58:45+00:00\" \/>\n<meta name=\"twitter:card\" content=\"summary_large_image\" \/>\n<script type=\"application\/ld+json\" class=\"yoast-schema-graph\">{\"@context\":\"https:\/\/schema.org\",\"@graph\":[{\"@type\":\"WebPage\",\"@id\":\"https:\/\/www.versoverde.it\/fr\/pieces\/hotel\/chambres-simples-2\/\",\"url\":\"https:\/\/www.versoverde.it\/fr\/pieces\/hotel\/chambres-simples-2\/\",\"name\":\"Chambres simples &#8226; Verso Verde Milano &#8226;\",\"isPartOf\":{\"@id\":\"https:\/\/www.versoverde.it\/fr\/#website\"},\"datePublished\":\"2022-04-27T14:04:54+00:00\",\"dateModified\":\"2023-01-23T13:58:45+00:00\",\"description\":\"La solution id\u00e9ale pour les courts s\u00e9jours. Lit Queen size confortable (140 cm) avec sur-matelas et oreillers doubles. \u00a0Smart TV \u00e9quip\u00e9e du syst\u00e8me Chromecast, qui vous permet de projeter sur votre TV le contenu en streaming disponible sur Internet. Coin bureau, minibar, coffre-fort, t\u00e9l\u00e9phone. Salle de bains priv\u00e9e (toujours bien \u00e9clair\u00e9e gr\u00e2ce \u00e0 la paroi en verre cannel\u00e9 raffin\u00e9 qui la s\u00e9pare du reste de la chambre) avec douche, s\u00e8che-cheveux, serviettes et articles de toilette. Grande fen\u00eatre donnant sur le patio de Betulle. .\",\"breadcrumb\":{\"@id\":\"https:\/\/www.versoverde.it\/fr\/pieces\/hotel\/chambres-simples-2\/#breadcrumb\"},\"inLanguage\":\"fr-FR\",\"potentialAction\":[{\"@type\":\"ReadAction\",\"target\":[\"https:\/\/www.versoverde.it\/fr\/pieces\/hotel\/chambres-simples-2\/\"]}]},{\"@type\":\"BreadcrumbList\",\"@id\":\"https:\/\/www.versoverde.it\/fr\/pieces\/hotel\/chambres-simples-2\/#breadcrumb\",\"itemListElement\":[{\"@type\":\"ListItem\",\"position\":1,\"name\":\"Home\",\"item\":\"https:\/\/www.versoverde.it\/fr\/\"},{\"@type\":\"ListItem\",\"position\":2,\"name\":\"Pi\u00e8ces\",\"item\":\"https:\/\/www.versoverde.it\/fr\/pieces\/\"},{\"@type\":\"ListItem\",\"position\":3,\"name\":\"H\u00f4tel\",\"item\":\"https:\/\/www.versoverde.it\/fr\/pieces\/hotel\/\"},{\"@type\":\"ListItem\",\"position\":4,\"name\":\"Chambres simples\"}]},{\"@type\":\"WebSite\",\"@id\":\"https:\/\/www.versoverde.it\/fr\/#website\",\"url\":\"https:\/\/www.versoverde.it\/fr\/\",\"name\":\"Verso Verde Milano\",\"description\":\"Ecco un altro sito ms.decms.eu\",\"potentialAction\":[{\"@type\":\"SearchAction\",\"target\":{\"@type\":\"EntryPoint\",\"urlTemplate\":\"https:\/\/www.versoverde.it\/fr\/?s={search_term_string}\"},\"query-input\":{\"@type\":\"PropertyValueSpecification\",\"valueRequired\":true,\"valueName\":\"search_term_string\"}}],\"inLanguage\":\"fr-FR\"}]}<\/script>\n<!-- \/ Yoast SEO plugin. -->","yoast_head_json":{"title":"Chambres simples &#8226; Verso Verde Milano &#8226;","description":"La solution id\u00e9ale pour les courts s\u00e9jours. Lit Queen size confortable (140 cm) avec sur-matelas et oreillers doubles. \u00a0Smart TV \u00e9quip\u00e9e du syst\u00e8me Chromecast, qui vous permet de projeter sur votre TV le contenu en streaming disponible sur Internet. Coin bureau, minibar, coffre-fort, t\u00e9l\u00e9phone. Salle de bains priv\u00e9e (toujours bien \u00e9clair\u00e9e gr\u00e2ce \u00e0 la paroi en verre cannel\u00e9 raffin\u00e9 qui la s\u00e9pare du reste de la chambre) avec douche, s\u00e8che-cheveux, serviettes et articles de toilette. Grande fen\u00eatre donnant sur le patio de Betulle..","robots":{"index":"index","follow":"follow","max-snippet":"max-snippet:-1","max-image-preview":"max-image-preview:large","max-video-preview":"max-video-preview:-1"},"canonical":"https:\/\/www.versoverde.it\/fr\/pieces\/hotel\/chambres-simples-2\/","og_locale":"fr_FR","og_type":"article","og_title":"Chambres simples &#8226; Verso Verde Milano &#8226;","og_description":"La solution id\u00e9ale pour les courts s\u00e9jours. Lit Queen size confortable (140 cm) avec sur-matelas et oreillers doubles. \u00a0Smart TV \u00e9quip\u00e9e du syst\u00e8me Chromecast, qui vous permet de projeter sur votre TV le contenu en streaming disponible sur Internet. Coin bureau, minibar, coffre-fort, t\u00e9l\u00e9phone. Salle de bains priv\u00e9e (toujours bien \u00e9clair\u00e9e gr\u00e2ce \u00e0 la paroi en verre cannel\u00e9 raffin\u00e9 qui la s\u00e9pare du reste de la chambre) avec douche, s\u00e8che-cheveux, serviettes et articles de toilette. Grande fen\u00eatre donnant sur le patio de Betulle..","og_url":"https:\/\/www.versoverde.it\/fr\/pieces\/hotel\/chambres-simples-2\/","og_site_name":"Verso Verde Milano","article_modified_time":"2023-01-23T13:58:45+00:00","twitter_card":"summary_large_image","schema":{"@context":"https:\/\/schema.org","@graph":[{"@type":"WebPage","@id":"https:\/\/www.versoverde.it\/fr\/pieces\/hotel\/chambres-simples-2\/","url":"https:\/\/www.versoverde.it\/fr\/pieces\/hotel\/chambres-simples-2\/","name":"Chambres simples &#8226; Verso Verde Milano &#8226;","isPartOf":{"@id":"https:\/\/www.versoverde.it\/fr\/#website"},"datePublished":"2022-04-27T14:04:54+00:00","dateModified":"2023-01-23T13:58:45+00:00","description":"La solution id\u00e9ale pour les courts s\u00e9jours. Lit Queen size confortable (140 cm) avec sur-matelas et oreillers doubles. \u00a0Smart TV \u00e9quip\u00e9e du syst\u00e8me Chromecast, qui vous permet de projeter sur votre TV le contenu en streaming disponible sur Internet. Coin bureau, minibar, coffre-fort, t\u00e9l\u00e9phone. Salle de bains priv\u00e9e (toujours bien \u00e9clair\u00e9e gr\u00e2ce \u00e0 la paroi en verre cannel\u00e9 raffin\u00e9 qui la s\u00e9pare du reste de la chambre) avec douche, s\u00e8che-cheveux, serviettes et articles de toilette. Grande fen\u00eatre donnant sur le patio de Betulle. .","breadcrumb":{"@id":"https:\/\/www.versoverde.it\/fr\/pieces\/hotel\/chambres-simples-2\/#breadcrumb"},"inLanguage":"fr-FR","potentialAction":[{"@type":"ReadAction","target":["https:\/\/www.versoverde.it\/fr\/pieces\/hotel\/chambres-simples-2\/"]}]},{"@type":"BreadcrumbList","@id":"https:\/\/www.versoverde.it\/fr\/pieces\/hotel\/chambres-simples-2\/#breadcrumb","itemListElement":[{"@type":"ListItem","position":1,"name":"Home","item":"https:\/\/www.versoverde.it\/fr\/"},{"@type":"ListItem","position":2,"name":"Pi\u00e8ces","item":"https:\/\/www.versoverde.it\/fr\/pieces\/"},{"@type":"ListItem","position":3,"name":"H\u00f4tel","item":"https:\/\/www.versoverde.it\/fr\/pieces\/hotel\/"},{"@type":"ListItem","position":4,"name":"Chambres simples"}]},{"@type":"WebSite","@id":"https:\/\/www.versoverde.it\/fr\/#website","url":"https:\/\/www.versoverde.it\/fr\/","name":"Verso Verde Milano","description":"Ecco un altro sito ms.decms.eu","potentialAction":[{"@type":"SearchAction","target":{"@type":"EntryPoint","urlTemplate":"https:\/\/www.versoverde.it\/fr\/?s={search_term_string}"},"query-input":{"@type":"PropertyValueSpecification","valueRequired":true,"valueName":"search_term_string"}}],"inLanguage":"fr-FR"}]}},"acf":[],"_links":{"self":[{"href":"https:\/\/www.versoverde.it\/fr\/wp-json\/wp\/v2\/pages\/578","targetHints":{"allow":["GET"]}}],"collection":[{"href":"https:\/\/www.versoverde.it\/fr\/wp-json\/wp\/v2\/pages"}],"about":[{"href":"https:\/\/www.versoverde.it\/fr\/wp-json\/wp\/v2\/types\/page"}],"author":[{"embeddable":true,"href":"https:\/\/www.versoverde.it\/fr\/wp-json\/wp\/v2\/users\/13"}],"replies":[{"embeddable":true,"href":"https:\/\/www.versoverde.it\/fr\/wp-json\/wp\/v2\/comments?post=578"}],"version-history":[{"count":0,"href":"https:\/\/www.versoverde.it\/fr\/wp-json\/wp\/v2\/pages\/578\/revisions"}],"up":[{"embeddable":true,"href":"https:\/\/www.versoverde.it\/fr\/wp-json\/wp\/v2\/pages\/572"}],"wp:attachment":[{"href":"https:\/\/www.versoverde.it\/fr\/wp-json\/wp\/v2\/media?parent=578"}],"curies":[{"name":"wp","href":"https:\/\/api.w.org\/{rel}","templated":true}]}}