{"id":580,"date":"2022-04-27T16:09:06","date_gmt":"2022-04-27T14:09:06","guid":{"rendered":"https:\/\/www.versoverde.it\/?page_id=580"},"modified":"2025-03-10T10:01:44","modified_gmt":"2025-03-10T09:01:44","slug":"chambres-superieures-avec-jardin-prive","status":"publish","type":"page","link":"https:\/\/www.versoverde.it\/fr\/pieces\/hotel\/chambres-superieures-avec-jardin-prive\/","title":{"rendered":"Chambres sup\u00e9rieures avec jardin priv\u00e9"},"content":{"rendered":"<p style=\"text-align: center\">Chambre double avec jardin priv\u00e9.<\/p>\n<p style=\"text-align: center\">Lit king-size confortable (180 cm) avec sur-matelas et oreillers doubles.<\/p>\n<p style=\"text-align: center\">Possibilit\u00e9 de lits jumeaux.<\/p>\n<p style=\"text-align: center\">Smart TV \u00e9quip\u00e9e du syst\u00e8me Chromecast, qui vous permet de projeter sur votre TV<\/p>\n<p style=\"text-align: center\">le contenu en streaming disponible sur Internet.<\/p>\n<p style=\"text-align: center\">Coin bureau, minibar, coffre-fort, t\u00e9l\u00e9phone.<\/p>\n<p style=\"text-align: center\">Salle de bains priv\u00e9e avec douche, s\u00e8che-cheveux, serviettes et articles de toilette.<\/p>\n<p style=\"text-align: center\">Grande fen\u00eatre avec acc\u00e8s au jardin priv\u00e9.<\/p>\n<p>&nbsp;<\/p>\n<p style=\"text-align: center\">\n","protected":false},"excerpt":{"rendered":"<p>Chambre double avec jardin priv\u00e9. Lit king-size confortable (180 cm) avec sur-matelas et oreillers doubles. Possibilit\u00e9 de lits jumeaux. Smart TV \u00e9quip\u00e9e du syst\u00e8me Chromecast, qui vous permet de projeter sur votre TV le contenu en streaming disponible sur Internet. Coin bureau, minibar, coffre-fort, t\u00e9l\u00e9phone. Salle de bains priv\u00e9e avec douche, s\u00e8che-cheveux, serviettes et articles [&hellip;]<\/p>\n","protected":false},"author":13,"featured_media":0,"parent":572,"menu_order":40,"comment_status":"closed","ping_status":"closed","template":"template-single-room.php","meta":{"footnotes":""},"class_list":["post-580","page","type-page","status-publish","hentry"],"yoast_head":"<!-- This site is optimized with the Yoast SEO plugin v26.9 - https:\/\/yoast.com\/product\/yoast-seo-wordpress\/ -->\n<title>Chambres sup\u00e9rieures avec jardin priv\u00e9 &#8226; Verso Verde Milano &#8226;<\/title>\n<meta name=\"description\" content=\"Chambre double avec jardin priv\u00e9. Lit king-size confortable (180 cm) avec sur-matelas et oreillers doubles. Possibilit\u00e9 de lits jumeaux. Smart TV \u00e9quip\u00e9e du syst\u00e8me Chromecast, qui vous permet de projeter sur votre TV le contenu en streaming disponible sur Internet. Coin bureau, minibar, coffre-fort, t\u00e9l\u00e9phone. Salle de bains priv\u00e9e avec douche, s\u00e8che-cheveux, serviettes et articles de toilette. Grande fen\u00eatre avec acc\u00e8s au jardin priv\u00e9. &nbsp; .\" \/>\n<meta name=\"robots\" content=\"index, follow, max-snippet:-1, max-image-preview:large, max-video-preview:-1\" \/>\n<link rel=\"canonical\" href=\"https:\/\/www.versoverde.it\/fr\/pieces\/hotel\/chambres-superieures-avec-jardin-prive\/\" \/>\n<meta property=\"og:locale\" content=\"fr_FR\" \/>\n<meta property=\"og:type\" content=\"article\" \/>\n<meta property=\"og:title\" content=\"Chambres sup\u00e9rieures avec jardin priv\u00e9 &#8226; Verso Verde Milano &#8226;\" \/>\n<meta property=\"og:description\" content=\"Chambre double avec jardin priv\u00e9. Lit king-size confortable (180 cm) avec sur-matelas et oreillers doubles. Possibilit\u00e9 de lits jumeaux. Smart TV \u00e9quip\u00e9e du syst\u00e8me Chromecast, qui vous permet de projeter sur votre TV le contenu en streaming disponible sur Internet. Coin bureau, minibar, coffre-fort, t\u00e9l\u00e9phone. Salle de bains priv\u00e9e avec douche, s\u00e8che-cheveux, serviettes et articles de toilette. Grande fen\u00eatre avec acc\u00e8s au jardin priv\u00e9. &nbsp; .\" \/>\n<meta property=\"og:url\" content=\"https:\/\/www.versoverde.it\/fr\/pieces\/hotel\/chambres-superieures-avec-jardin-prive\/\" \/>\n<meta property=\"og:site_name\" content=\"Verso Verde Milano\" \/>\n<meta property=\"article:modified_time\" content=\"2025-03-10T09:01:44+00:00\" \/>\n<meta name=\"twitter:card\" content=\"summary_large_image\" \/>\n<script type=\"application\/ld+json\" class=\"yoast-schema-graph\">{\"@context\":\"https:\/\/schema.org\",\"@graph\":[{\"@type\":\"WebPage\",\"@id\":\"https:\/\/www.versoverde.it\/fr\/pieces\/hotel\/chambres-superieures-avec-jardin-prive\/\",\"url\":\"https:\/\/www.versoverde.it\/fr\/pieces\/hotel\/chambres-superieures-avec-jardin-prive\/\",\"name\":\"Chambres sup\u00e9rieures avec jardin priv\u00e9 &#8226; Verso Verde Milano &#8226;\",\"isPartOf\":{\"@id\":\"https:\/\/www.versoverde.it\/fr\/#website\"},\"datePublished\":\"2022-04-27T14:09:06+00:00\",\"dateModified\":\"2025-03-10T09:01:44+00:00\",\"description\":\"Chambre double avec jardin priv\u00e9. Lit king-size confortable (180 cm) avec sur-matelas et oreillers doubles. Possibilit\u00e9 de lits jumeaux. Smart TV \u00e9quip\u00e9e du syst\u00e8me Chromecast, qui vous permet de projeter sur votre TV le contenu en streaming disponible sur Internet. Coin bureau, minibar, coffre-fort, t\u00e9l\u00e9phone. Salle de bains priv\u00e9e avec douche, s\u00e8che-cheveux, serviettes et articles de toilette. Grande fen\u00eatre avec acc\u00e8s au jardin priv\u00e9. &nbsp; .\",\"breadcrumb\":{\"@id\":\"https:\/\/www.versoverde.it\/fr\/pieces\/hotel\/chambres-superieures-avec-jardin-prive\/#breadcrumb\"},\"inLanguage\":\"fr-FR\",\"potentialAction\":[{\"@type\":\"ReadAction\",\"target\":[\"https:\/\/www.versoverde.it\/fr\/pieces\/hotel\/chambres-superieures-avec-jardin-prive\/\"]}]},{\"@type\":\"BreadcrumbList\",\"@id\":\"https:\/\/www.versoverde.it\/fr\/pieces\/hotel\/chambres-superieures-avec-jardin-prive\/#breadcrumb\",\"itemListElement\":[{\"@type\":\"ListItem\",\"position\":1,\"name\":\"Home\",\"item\":\"https:\/\/www.versoverde.it\/fr\/\"},{\"@type\":\"ListItem\",\"position\":2,\"name\":\"Pi\u00e8ces\",\"item\":\"https:\/\/www.versoverde.it\/fr\/pieces\/\"},{\"@type\":\"ListItem\",\"position\":3,\"name\":\"H\u00f4tel\",\"item\":\"https:\/\/www.versoverde.it\/fr\/pieces\/hotel\/\"},{\"@type\":\"ListItem\",\"position\":4,\"name\":\"Chambres sup\u00e9rieures avec jardin priv\u00e9\"}]},{\"@type\":\"WebSite\",\"@id\":\"https:\/\/www.versoverde.it\/fr\/#website\",\"url\":\"https:\/\/www.versoverde.it\/fr\/\",\"name\":\"Verso Verde Milano\",\"description\":\"Ecco un altro sito ms.decms.eu\",\"potentialAction\":[{\"@type\":\"SearchAction\",\"target\":{\"@type\":\"EntryPoint\",\"urlTemplate\":\"https:\/\/www.versoverde.it\/fr\/?s={search_term_string}\"},\"query-input\":{\"@type\":\"PropertyValueSpecification\",\"valueRequired\":true,\"valueName\":\"search_term_string\"}}],\"inLanguage\":\"fr-FR\"}]}<\/script>\n<!-- \/ Yoast SEO plugin. -->","yoast_head_json":{"title":"Chambres sup\u00e9rieures avec jardin priv\u00e9 &#8226; Verso Verde Milano &#8226;","description":"Chambre double avec jardin priv\u00e9. Lit king-size confortable (180 cm) avec sur-matelas et oreillers doubles. Possibilit\u00e9 de lits jumeaux. Smart TV \u00e9quip\u00e9e du syst\u00e8me Chromecast, qui vous permet de projeter sur votre TV le contenu en streaming disponible sur Internet. Coin bureau, minibar, coffre-fort, t\u00e9l\u00e9phone. Salle de bains priv\u00e9e avec douche, s\u00e8che-cheveux, serviettes et articles de toilette. Grande fen\u00eatre avec acc\u00e8s au jardin priv\u00e9. &nbsp; .","robots":{"index":"index","follow":"follow","max-snippet":"max-snippet:-1","max-image-preview":"max-image-preview:large","max-video-preview":"max-video-preview:-1"},"canonical":"https:\/\/www.versoverde.it\/fr\/pieces\/hotel\/chambres-superieures-avec-jardin-prive\/","og_locale":"fr_FR","og_type":"article","og_title":"Chambres sup\u00e9rieures avec jardin priv\u00e9 &#8226; Verso Verde Milano &#8226;","og_description":"Chambre double avec jardin priv\u00e9. Lit king-size confortable (180 cm) avec sur-matelas et oreillers doubles. Possibilit\u00e9 de lits jumeaux. Smart TV \u00e9quip\u00e9e du syst\u00e8me Chromecast, qui vous permet de projeter sur votre TV le contenu en streaming disponible sur Internet. Coin bureau, minibar, coffre-fort, t\u00e9l\u00e9phone. Salle de bains priv\u00e9e avec douche, s\u00e8che-cheveux, serviettes et articles de toilette. Grande fen\u00eatre avec acc\u00e8s au jardin priv\u00e9. &nbsp; .","og_url":"https:\/\/www.versoverde.it\/fr\/pieces\/hotel\/chambres-superieures-avec-jardin-prive\/","og_site_name":"Verso Verde Milano","article_modified_time":"2025-03-10T09:01:44+00:00","twitter_card":"summary_large_image","schema":{"@context":"https:\/\/schema.org","@graph":[{"@type":"WebPage","@id":"https:\/\/www.versoverde.it\/fr\/pieces\/hotel\/chambres-superieures-avec-jardin-prive\/","url":"https:\/\/www.versoverde.it\/fr\/pieces\/hotel\/chambres-superieures-avec-jardin-prive\/","name":"Chambres sup\u00e9rieures avec jardin priv\u00e9 &#8226; Verso Verde Milano &#8226;","isPartOf":{"@id":"https:\/\/www.versoverde.it\/fr\/#website"},"datePublished":"2022-04-27T14:09:06+00:00","dateModified":"2025-03-10T09:01:44+00:00","description":"Chambre double avec jardin priv\u00e9. Lit king-size confortable (180 cm) avec sur-matelas et oreillers doubles. Possibilit\u00e9 de lits jumeaux. Smart TV \u00e9quip\u00e9e du syst\u00e8me Chromecast, qui vous permet de projeter sur votre TV le contenu en streaming disponible sur Internet. Coin bureau, minibar, coffre-fort, t\u00e9l\u00e9phone. Salle de bains priv\u00e9e avec douche, s\u00e8che-cheveux, serviettes et articles de toilette. Grande fen\u00eatre avec acc\u00e8s au jardin priv\u00e9. &nbsp; .","breadcrumb":{"@id":"https:\/\/www.versoverde.it\/fr\/pieces\/hotel\/chambres-superieures-avec-jardin-prive\/#breadcrumb"},"inLanguage":"fr-FR","potentialAction":[{"@type":"ReadAction","target":["https:\/\/www.versoverde.it\/fr\/pieces\/hotel\/chambres-superieures-avec-jardin-prive\/"]}]},{"@type":"BreadcrumbList","@id":"https:\/\/www.versoverde.it\/fr\/pieces\/hotel\/chambres-superieures-avec-jardin-prive\/#breadcrumb","itemListElement":[{"@type":"ListItem","position":1,"name":"Home","item":"https:\/\/www.versoverde.it\/fr\/"},{"@type":"ListItem","position":2,"name":"Pi\u00e8ces","item":"https:\/\/www.versoverde.it\/fr\/pieces\/"},{"@type":"ListItem","position":3,"name":"H\u00f4tel","item":"https:\/\/www.versoverde.it\/fr\/pieces\/hotel\/"},{"@type":"ListItem","position":4,"name":"Chambres sup\u00e9rieures avec jardin priv\u00e9"}]},{"@type":"WebSite","@id":"https:\/\/www.versoverde.it\/fr\/#website","url":"https:\/\/www.versoverde.it\/fr\/","name":"Verso Verde Milano","description":"Ecco un altro sito ms.decms.eu","potentialAction":[{"@type":"SearchAction","target":{"@type":"EntryPoint","urlTemplate":"https:\/\/www.versoverde.it\/fr\/?s={search_term_string}"},"query-input":{"@type":"PropertyValueSpecification","valueRequired":true,"valueName":"search_term_string"}}],"inLanguage":"fr-FR"}]}},"acf":[],"_links":{"self":[{"href":"https:\/\/www.versoverde.it\/fr\/wp-json\/wp\/v2\/pages\/580","targetHints":{"allow":["GET"]}}],"collection":[{"href":"https:\/\/www.versoverde.it\/fr\/wp-json\/wp\/v2\/pages"}],"about":[{"href":"https:\/\/www.versoverde.it\/fr\/wp-json\/wp\/v2\/types\/page"}],"author":[{"embeddable":true,"href":"https:\/\/www.versoverde.it\/fr\/wp-json\/wp\/v2\/users\/13"}],"replies":[{"embeddable":true,"href":"https:\/\/www.versoverde.it\/fr\/wp-json\/wp\/v2\/comments?post=580"}],"version-history":[{"count":0,"href":"https:\/\/www.versoverde.it\/fr\/wp-json\/wp\/v2\/pages\/580\/revisions"}],"up":[{"embeddable":true,"href":"https:\/\/www.versoverde.it\/fr\/wp-json\/wp\/v2\/pages\/572"}],"wp:attachment":[{"href":"https:\/\/www.versoverde.it\/fr\/wp-json\/wp\/v2\/media?parent=580"}],"curies":[{"name":"wp","href":"https:\/\/api.w.org\/{rel}","templated":true}]}}