{"id":585,"date":"2022-04-27T16:10:45","date_gmt":"2022-04-27T14:10:45","guid":{"rendered":"https:\/\/www.versoverde.it\/?page_id=585"},"modified":"2022-12-06T11:54:44","modified_gmt":"2022-12-06T10:54:44","slug":"chambres-superieures","status":"publish","type":"page","link":"https:\/\/www.versoverde.it\/fr\/pieces\/hotel\/chambres-superieures\/","title":{"rendered":"Chambres sup\u00e9rieures"},"content":{"rendered":"<p style=\"text-align: center\">Chambre double situ\u00e9e au premier \u00e9tage.<\/p>\n<p style=\"text-align: center\">Lit king-size confortable (180 cm) avec sur-matelas et oreillers doubles.<\/p>\n<p style=\"text-align: center\">Possibilit\u00e9 de lits jumeaux.<\/p>\n<p style=\"text-align: center\">Smart TV \u00e9quip\u00e9e du syst\u00e8me Chromecast, qui vous permet de projeter sur votre TV<\/p>\n<p style=\"text-align: center\">le contenu en streaming disponible sur Internet.<\/p>\n<p style=\"text-align: center\">Coin bureau, minibar, coffre-fort, t\u00e9l\u00e9phone.<\/p>\n<p style=\"text-align: center\">Salle de bains priv\u00e9e avec douche, s\u00e8che-cheveux, serviettes et articles de toilette.<\/p>\n<p style=\"text-align: center\">Grande fen\u00eatre avec vue sur le jardin.<\/p>\n","protected":false},"excerpt":{"rendered":"<p>Chambre double situ\u00e9e au premier \u00e9tage. Lit king-size confortable (180 cm) avec sur-matelas et oreillers doubles. Possibilit\u00e9 de lits jumeaux. Smart TV \u00e9quip\u00e9e du syst\u00e8me Chromecast, qui vous permet de projeter sur votre TV le contenu en streaming disponible sur Internet. Coin bureau, minibar, coffre-fort, t\u00e9l\u00e9phone. Salle de bains priv\u00e9e avec douche, s\u00e8che-cheveux, serviettes et [&hellip;]<\/p>\n","protected":false},"author":13,"featured_media":0,"parent":572,"menu_order":30,"comment_status":"closed","ping_status":"closed","template":"template-single-room.php","meta":{"footnotes":""},"class_list":["post-585","page","type-page","status-publish","hentry"],"yoast_head":"<!-- This site is optimized with the Yoast SEO plugin v26.9 - https:\/\/yoast.com\/product\/yoast-seo-wordpress\/ -->\n<title>Chambres sup\u00e9rieures &#8226; Verso Verde Milano &#8226;<\/title>\n<meta name=\"description\" content=\"Chambre double situ\u00e9e au premier \u00e9tage. Lit king-size confortable (180 cm) avec sur-matelas et oreillers doubles. Possibilit\u00e9 de lits jumeaux. Smart TV \u00e9quip\u00e9e du syst\u00e8me Chromecast, qui vous permet de projeter sur votre TV le contenu en streaming disponible sur Internet. Coin bureau, minibar, coffre-fort, t\u00e9l\u00e9phone. Salle de bains priv\u00e9e avec douche, s\u00e8che-cheveux, serviettes et articles de toilette. Grande fen\u00eatre avec vue sur le jardin..\" \/>\n<meta name=\"robots\" content=\"index, follow, max-snippet:-1, max-image-preview:large, max-video-preview:-1\" \/>\n<link rel=\"canonical\" href=\"https:\/\/www.versoverde.it\/fr\/pieces\/hotel\/chambres-superieures\/\" \/>\n<meta property=\"og:locale\" content=\"fr_FR\" \/>\n<meta property=\"og:type\" content=\"article\" \/>\n<meta property=\"og:title\" content=\"Chambres sup\u00e9rieures &#8226; Verso Verde Milano &#8226;\" \/>\n<meta property=\"og:description\" content=\"Chambre double situ\u00e9e au premier \u00e9tage. Lit king-size confortable (180 cm) avec sur-matelas et oreillers doubles. Possibilit\u00e9 de lits jumeaux. Smart TV \u00e9quip\u00e9e du syst\u00e8me Chromecast, qui vous permet de projeter sur votre TV le contenu en streaming disponible sur Internet. Coin bureau, minibar, coffre-fort, t\u00e9l\u00e9phone. Salle de bains priv\u00e9e avec douche, s\u00e8che-cheveux, serviettes et articles de toilette. Grande fen\u00eatre avec vue sur le jardin..\" \/>\n<meta property=\"og:url\" content=\"https:\/\/www.versoverde.it\/fr\/pieces\/hotel\/chambres-superieures\/\" \/>\n<meta property=\"og:site_name\" content=\"Verso Verde Milano\" \/>\n<meta property=\"article:modified_time\" content=\"2022-12-06T10:54:44+00:00\" \/>\n<meta name=\"twitter:card\" content=\"summary_large_image\" \/>\n<script type=\"application\/ld+json\" class=\"yoast-schema-graph\">{\"@context\":\"https:\/\/schema.org\",\"@graph\":[{\"@type\":\"WebPage\",\"@id\":\"https:\/\/www.versoverde.it\/fr\/pieces\/hotel\/chambres-superieures\/\",\"url\":\"https:\/\/www.versoverde.it\/fr\/pieces\/hotel\/chambres-superieures\/\",\"name\":\"Chambres sup\u00e9rieures &#8226; Verso Verde Milano &#8226;\",\"isPartOf\":{\"@id\":\"https:\/\/www.versoverde.it\/fr\/#website\"},\"datePublished\":\"2022-04-27T14:10:45+00:00\",\"dateModified\":\"2022-12-06T10:54:44+00:00\",\"description\":\"Chambre double situ\u00e9e au premier \u00e9tage. Lit king-size confortable (180 cm) avec sur-matelas et oreillers doubles. Possibilit\u00e9 de lits jumeaux. Smart TV \u00e9quip\u00e9e du syst\u00e8me Chromecast, qui vous permet de projeter sur votre TV le contenu en streaming disponible sur Internet. Coin bureau, minibar, coffre-fort, t\u00e9l\u00e9phone. Salle de bains priv\u00e9e avec douche, s\u00e8che-cheveux, serviettes et articles de toilette. Grande fen\u00eatre avec vue sur le jardin. .\",\"breadcrumb\":{\"@id\":\"https:\/\/www.versoverde.it\/fr\/pieces\/hotel\/chambres-superieures\/#breadcrumb\"},\"inLanguage\":\"fr-FR\",\"potentialAction\":[{\"@type\":\"ReadAction\",\"target\":[\"https:\/\/www.versoverde.it\/fr\/pieces\/hotel\/chambres-superieures\/\"]}]},{\"@type\":\"BreadcrumbList\",\"@id\":\"https:\/\/www.versoverde.it\/fr\/pieces\/hotel\/chambres-superieures\/#breadcrumb\",\"itemListElement\":[{\"@type\":\"ListItem\",\"position\":1,\"name\":\"Home\",\"item\":\"https:\/\/www.versoverde.it\/fr\/\"},{\"@type\":\"ListItem\",\"position\":2,\"name\":\"Pi\u00e8ces\",\"item\":\"https:\/\/www.versoverde.it\/fr\/pieces\/\"},{\"@type\":\"ListItem\",\"position\":3,\"name\":\"H\u00f4tel\",\"item\":\"https:\/\/www.versoverde.it\/fr\/pieces\/hotel\/\"},{\"@type\":\"ListItem\",\"position\":4,\"name\":\"Chambres sup\u00e9rieures\"}]},{\"@type\":\"WebSite\",\"@id\":\"https:\/\/www.versoverde.it\/fr\/#website\",\"url\":\"https:\/\/www.versoverde.it\/fr\/\",\"name\":\"Verso Verde Milano\",\"description\":\"Ecco un altro sito ms.decms.eu\",\"potentialAction\":[{\"@type\":\"SearchAction\",\"target\":{\"@type\":\"EntryPoint\",\"urlTemplate\":\"https:\/\/www.versoverde.it\/fr\/?s={search_term_string}\"},\"query-input\":{\"@type\":\"PropertyValueSpecification\",\"valueRequired\":true,\"valueName\":\"search_term_string\"}}],\"inLanguage\":\"fr-FR\"}]}<\/script>\n<!-- \/ Yoast SEO plugin. -->","yoast_head_json":{"title":"Chambres sup\u00e9rieures &#8226; Verso Verde Milano &#8226;","description":"Chambre double situ\u00e9e au premier \u00e9tage. Lit king-size confortable (180 cm) avec sur-matelas et oreillers doubles. Possibilit\u00e9 de lits jumeaux. Smart TV \u00e9quip\u00e9e du syst\u00e8me Chromecast, qui vous permet de projeter sur votre TV le contenu en streaming disponible sur Internet. Coin bureau, minibar, coffre-fort, t\u00e9l\u00e9phone. Salle de bains priv\u00e9e avec douche, s\u00e8che-cheveux, serviettes et articles de toilette. Grande fen\u00eatre avec vue sur le jardin..","robots":{"index":"index","follow":"follow","max-snippet":"max-snippet:-1","max-image-preview":"max-image-preview:large","max-video-preview":"max-video-preview:-1"},"canonical":"https:\/\/www.versoverde.it\/fr\/pieces\/hotel\/chambres-superieures\/","og_locale":"fr_FR","og_type":"article","og_title":"Chambres sup\u00e9rieures &#8226; Verso Verde Milano &#8226;","og_description":"Chambre double situ\u00e9e au premier \u00e9tage. Lit king-size confortable (180 cm) avec sur-matelas et oreillers doubles. Possibilit\u00e9 de lits jumeaux. Smart TV \u00e9quip\u00e9e du syst\u00e8me Chromecast, qui vous permet de projeter sur votre TV le contenu en streaming disponible sur Internet. Coin bureau, minibar, coffre-fort, t\u00e9l\u00e9phone. Salle de bains priv\u00e9e avec douche, s\u00e8che-cheveux, serviettes et articles de toilette. Grande fen\u00eatre avec vue sur le jardin..","og_url":"https:\/\/www.versoverde.it\/fr\/pieces\/hotel\/chambres-superieures\/","og_site_name":"Verso Verde Milano","article_modified_time":"2022-12-06T10:54:44+00:00","twitter_card":"summary_large_image","schema":{"@context":"https:\/\/schema.org","@graph":[{"@type":"WebPage","@id":"https:\/\/www.versoverde.it\/fr\/pieces\/hotel\/chambres-superieures\/","url":"https:\/\/www.versoverde.it\/fr\/pieces\/hotel\/chambres-superieures\/","name":"Chambres sup\u00e9rieures &#8226; Verso Verde Milano &#8226;","isPartOf":{"@id":"https:\/\/www.versoverde.it\/fr\/#website"},"datePublished":"2022-04-27T14:10:45+00:00","dateModified":"2022-12-06T10:54:44+00:00","description":"Chambre double situ\u00e9e au premier \u00e9tage. Lit king-size confortable (180 cm) avec sur-matelas et oreillers doubles. Possibilit\u00e9 de lits jumeaux. Smart TV \u00e9quip\u00e9e du syst\u00e8me Chromecast, qui vous permet de projeter sur votre TV le contenu en streaming disponible sur Internet. Coin bureau, minibar, coffre-fort, t\u00e9l\u00e9phone. Salle de bains priv\u00e9e avec douche, s\u00e8che-cheveux, serviettes et articles de toilette. Grande fen\u00eatre avec vue sur le jardin. .","breadcrumb":{"@id":"https:\/\/www.versoverde.it\/fr\/pieces\/hotel\/chambres-superieures\/#breadcrumb"},"inLanguage":"fr-FR","potentialAction":[{"@type":"ReadAction","target":["https:\/\/www.versoverde.it\/fr\/pieces\/hotel\/chambres-superieures\/"]}]},{"@type":"BreadcrumbList","@id":"https:\/\/www.versoverde.it\/fr\/pieces\/hotel\/chambres-superieures\/#breadcrumb","itemListElement":[{"@type":"ListItem","position":1,"name":"Home","item":"https:\/\/www.versoverde.it\/fr\/"},{"@type":"ListItem","position":2,"name":"Pi\u00e8ces","item":"https:\/\/www.versoverde.it\/fr\/pieces\/"},{"@type":"ListItem","position":3,"name":"H\u00f4tel","item":"https:\/\/www.versoverde.it\/fr\/pieces\/hotel\/"},{"@type":"ListItem","position":4,"name":"Chambres sup\u00e9rieures"}]},{"@type":"WebSite","@id":"https:\/\/www.versoverde.it\/fr\/#website","url":"https:\/\/www.versoverde.it\/fr\/","name":"Verso Verde Milano","description":"Ecco un altro sito ms.decms.eu","potentialAction":[{"@type":"SearchAction","target":{"@type":"EntryPoint","urlTemplate":"https:\/\/www.versoverde.it\/fr\/?s={search_term_string}"},"query-input":{"@type":"PropertyValueSpecification","valueRequired":true,"valueName":"search_term_string"}}],"inLanguage":"fr-FR"}]}},"acf":[],"_links":{"self":[{"href":"https:\/\/www.versoverde.it\/fr\/wp-json\/wp\/v2\/pages\/585","targetHints":{"allow":["GET"]}}],"collection":[{"href":"https:\/\/www.versoverde.it\/fr\/wp-json\/wp\/v2\/pages"}],"about":[{"href":"https:\/\/www.versoverde.it\/fr\/wp-json\/wp\/v2\/types\/page"}],"author":[{"embeddable":true,"href":"https:\/\/www.versoverde.it\/fr\/wp-json\/wp\/v2\/users\/13"}],"replies":[{"embeddable":true,"href":"https:\/\/www.versoverde.it\/fr\/wp-json\/wp\/v2\/comments?post=585"}],"version-history":[{"count":0,"href":"https:\/\/www.versoverde.it\/fr\/wp-json\/wp\/v2\/pages\/585\/revisions"}],"up":[{"embeddable":true,"href":"https:\/\/www.versoverde.it\/fr\/wp-json\/wp\/v2\/pages\/572"}],"wp:attachment":[{"href":"https:\/\/www.versoverde.it\/fr\/wp-json\/wp\/v2\/media?parent=585"}],"curies":[{"name":"wp","href":"https:\/\/api.w.org\/{rel}","templated":true}]}}