{"id":592,"date":"2022-04-27T16:15:25","date_gmt":"2022-04-27T14:15:25","guid":{"rendered":"https:\/\/www.versoverde.it\/?page_id=592"},"modified":"2022-12-07T09:34:54","modified_gmt":"2022-12-07T08:34:54","slug":"chambres-doubles","status":"publish","type":"page","link":"https:\/\/www.versoverde.it\/fr\/pieces\/cascine\/chambres-doubles\/","title":{"rendered":"Chambres doubles"},"content":{"rendered":"<p style=\"text-align: center\">Chambre double avec un lit king-size (180 cm), possibilit\u00e9 de lits jumeaux.<\/p>\n<p style=\"text-align: center\">Salle de bain avec douche.<\/p>\n<p style=\"text-align: center\">Coin bureau avec t\u00e9l\u00e9vision \u00e0 \u00e9cran plat, minibar, coffre-fort et t\u00e9l\u00e9phone.<\/p>\n<p style=\"text-align: center\">\u00a0Smart TV \u00e9quip\u00e9e du syst\u00e8me Chromecast, qui vous permet de projeter sur la t\u00e9l\u00e9vision<\/p>\n<p style=\"text-align: center\">contenu disponible en streaming sur Internet.<\/p>\n<p style=\"text-align: center\">Salle de bains priv\u00e9e avec douche, s\u00e8che-cheveux, serviettes et articles de toilette gratuits.<\/p>\n","protected":false},"excerpt":{"rendered":"<p>Chambre double avec un lit king-size (180 cm), possibilit\u00e9 de lits jumeaux. Salle de bain avec douche. Coin bureau avec t\u00e9l\u00e9vision \u00e0 \u00e9cran plat, minibar, coffre-fort et t\u00e9l\u00e9phone. \u00a0Smart TV \u00e9quip\u00e9e du syst\u00e8me Chromecast, qui vous permet de projeter sur la t\u00e9l\u00e9vision contenu disponible en streaming sur Internet. Salle de bains priv\u00e9e avec douche, s\u00e8che-cheveux, [&hellip;]<\/p>\n","protected":false},"author":13,"featured_media":0,"parent":588,"menu_order":10,"comment_status":"closed","ping_status":"closed","template":"template-single-room.php","meta":{"footnotes":""},"class_list":["post-592","page","type-page","status-publish","hentry"],"yoast_head":"<!-- This site is optimized with the Yoast SEO plugin v26.9 - https:\/\/yoast.com\/product\/yoast-seo-wordpress\/ -->\n<title>Chambres doubles &#8226; Verso Verde Milano &#8226;<\/title>\n<meta name=\"description\" content=\"Chambre double avec un lit king-size (180 cm), possibilit\u00e9 de lits jumeaux. Salle de bain avec douche. Coin bureau avec t\u00e9l\u00e9vision \u00e0 \u00e9cran plat, minibar, coffre-fort et t\u00e9l\u00e9phone. \u00a0Smart TV \u00e9quip\u00e9e du syst\u00e8me Chromecast, qui vous permet de projeter sur la t\u00e9l\u00e9vision contenu disponible en streaming sur Internet. Salle de bains priv\u00e9e avec douche, s\u00e8che-cheveux, serviettes et articles de toilette gratuits..\" \/>\n<meta name=\"robots\" content=\"index, follow, max-snippet:-1, max-image-preview:large, max-video-preview:-1\" \/>\n<link rel=\"canonical\" href=\"https:\/\/www.versoverde.it\/fr\/pieces\/cascine\/chambres-doubles\/\" \/>\n<meta property=\"og:locale\" content=\"fr_FR\" \/>\n<meta property=\"og:type\" content=\"article\" \/>\n<meta property=\"og:title\" content=\"Chambres doubles &#8226; Verso Verde Milano &#8226;\" \/>\n<meta property=\"og:description\" content=\"Chambre double avec un lit king-size (180 cm), possibilit\u00e9 de lits jumeaux. Salle de bain avec douche. Coin bureau avec t\u00e9l\u00e9vision \u00e0 \u00e9cran plat, minibar, coffre-fort et t\u00e9l\u00e9phone. \u00a0Smart TV \u00e9quip\u00e9e du syst\u00e8me Chromecast, qui vous permet de projeter sur la t\u00e9l\u00e9vision contenu disponible en streaming sur Internet. Salle de bains priv\u00e9e avec douche, s\u00e8che-cheveux, serviettes et articles de toilette gratuits..\" \/>\n<meta property=\"og:url\" content=\"https:\/\/www.versoverde.it\/fr\/pieces\/cascine\/chambres-doubles\/\" \/>\n<meta property=\"og:site_name\" content=\"Verso Verde Milano\" \/>\n<meta property=\"article:modified_time\" content=\"2022-12-07T08:34:54+00:00\" \/>\n<meta name=\"twitter:card\" content=\"summary_large_image\" \/>\n<script type=\"application\/ld+json\" class=\"yoast-schema-graph\">{\"@context\":\"https:\/\/schema.org\",\"@graph\":[{\"@type\":\"WebPage\",\"@id\":\"https:\/\/www.versoverde.it\/fr\/pieces\/cascine\/chambres-doubles\/\",\"url\":\"https:\/\/www.versoverde.it\/fr\/pieces\/cascine\/chambres-doubles\/\",\"name\":\"Chambres doubles &#8226; Verso Verde Milano &#8226;\",\"isPartOf\":{\"@id\":\"https:\/\/www.versoverde.it\/fr\/#website\"},\"datePublished\":\"2022-04-27T14:15:25+00:00\",\"dateModified\":\"2022-12-07T08:34:54+00:00\",\"description\":\"Chambre double avec un lit king-size (180 cm), possibilit\u00e9 de lits jumeaux. Salle de bain avec douche. Coin bureau avec t\u00e9l\u00e9vision \u00e0 \u00e9cran plat, minibar, coffre-fort et t\u00e9l\u00e9phone. \u00a0Smart TV \u00e9quip\u00e9e du syst\u00e8me Chromecast, qui vous permet de projeter sur la t\u00e9l\u00e9vision contenu disponible en streaming sur Internet. Salle de bains priv\u00e9e avec douche, s\u00e8che-cheveux, serviettes et articles de toilette gratuits. .\",\"breadcrumb\":{\"@id\":\"https:\/\/www.versoverde.it\/fr\/pieces\/cascine\/chambres-doubles\/#breadcrumb\"},\"inLanguage\":\"fr-FR\",\"potentialAction\":[{\"@type\":\"ReadAction\",\"target\":[\"https:\/\/www.versoverde.it\/fr\/pieces\/cascine\/chambres-doubles\/\"]}]},{\"@type\":\"BreadcrumbList\",\"@id\":\"https:\/\/www.versoverde.it\/fr\/pieces\/cascine\/chambres-doubles\/#breadcrumb\",\"itemListElement\":[{\"@type\":\"ListItem\",\"position\":1,\"name\":\"Home\",\"item\":\"https:\/\/www.versoverde.it\/fr\/\"},{\"@type\":\"ListItem\",\"position\":2,\"name\":\"Pi\u00e8ces\",\"item\":\"https:\/\/www.versoverde.it\/fr\/pieces\/\"},{\"@type\":\"ListItem\",\"position\":3,\"name\":\"Cascine\",\"item\":\"https:\/\/www.versoverde.it\/fr\/pieces\/cascine\/\"},{\"@type\":\"ListItem\",\"position\":4,\"name\":\"Chambres doubles\"}]},{\"@type\":\"WebSite\",\"@id\":\"https:\/\/www.versoverde.it\/fr\/#website\",\"url\":\"https:\/\/www.versoverde.it\/fr\/\",\"name\":\"Verso Verde Milano\",\"description\":\"Ecco un altro sito ms.decms.eu\",\"potentialAction\":[{\"@type\":\"SearchAction\",\"target\":{\"@type\":\"EntryPoint\",\"urlTemplate\":\"https:\/\/www.versoverde.it\/fr\/?s={search_term_string}\"},\"query-input\":{\"@type\":\"PropertyValueSpecification\",\"valueRequired\":true,\"valueName\":\"search_term_string\"}}],\"inLanguage\":\"fr-FR\"}]}<\/script>\n<!-- \/ Yoast SEO plugin. -->","yoast_head_json":{"title":"Chambres doubles &#8226; Verso Verde Milano &#8226;","description":"Chambre double avec un lit king-size (180 cm), possibilit\u00e9 de lits jumeaux. Salle de bain avec douche. Coin bureau avec t\u00e9l\u00e9vision \u00e0 \u00e9cran plat, minibar, coffre-fort et t\u00e9l\u00e9phone. \u00a0Smart TV \u00e9quip\u00e9e du syst\u00e8me Chromecast, qui vous permet de projeter sur la t\u00e9l\u00e9vision contenu disponible en streaming sur Internet. Salle de bains priv\u00e9e avec douche, s\u00e8che-cheveux, serviettes et articles de toilette gratuits..","robots":{"index":"index","follow":"follow","max-snippet":"max-snippet:-1","max-image-preview":"max-image-preview:large","max-video-preview":"max-video-preview:-1"},"canonical":"https:\/\/www.versoverde.it\/fr\/pieces\/cascine\/chambres-doubles\/","og_locale":"fr_FR","og_type":"article","og_title":"Chambres doubles &#8226; Verso Verde Milano &#8226;","og_description":"Chambre double avec un lit king-size (180 cm), possibilit\u00e9 de lits jumeaux. Salle de bain avec douche. Coin bureau avec t\u00e9l\u00e9vision \u00e0 \u00e9cran plat, minibar, coffre-fort et t\u00e9l\u00e9phone. \u00a0Smart TV \u00e9quip\u00e9e du syst\u00e8me Chromecast, qui vous permet de projeter sur la t\u00e9l\u00e9vision contenu disponible en streaming sur Internet. Salle de bains priv\u00e9e avec douche, s\u00e8che-cheveux, serviettes et articles de toilette gratuits..","og_url":"https:\/\/www.versoverde.it\/fr\/pieces\/cascine\/chambres-doubles\/","og_site_name":"Verso Verde Milano","article_modified_time":"2022-12-07T08:34:54+00:00","twitter_card":"summary_large_image","schema":{"@context":"https:\/\/schema.org","@graph":[{"@type":"WebPage","@id":"https:\/\/www.versoverde.it\/fr\/pieces\/cascine\/chambres-doubles\/","url":"https:\/\/www.versoverde.it\/fr\/pieces\/cascine\/chambres-doubles\/","name":"Chambres doubles &#8226; Verso Verde Milano &#8226;","isPartOf":{"@id":"https:\/\/www.versoverde.it\/fr\/#website"},"datePublished":"2022-04-27T14:15:25+00:00","dateModified":"2022-12-07T08:34:54+00:00","description":"Chambre double avec un lit king-size (180 cm), possibilit\u00e9 de lits jumeaux. Salle de bain avec douche. Coin bureau avec t\u00e9l\u00e9vision \u00e0 \u00e9cran plat, minibar, coffre-fort et t\u00e9l\u00e9phone. \u00a0Smart TV \u00e9quip\u00e9e du syst\u00e8me Chromecast, qui vous permet de projeter sur la t\u00e9l\u00e9vision contenu disponible en streaming sur Internet. Salle de bains priv\u00e9e avec douche, s\u00e8che-cheveux, serviettes et articles de toilette gratuits. .","breadcrumb":{"@id":"https:\/\/www.versoverde.it\/fr\/pieces\/cascine\/chambres-doubles\/#breadcrumb"},"inLanguage":"fr-FR","potentialAction":[{"@type":"ReadAction","target":["https:\/\/www.versoverde.it\/fr\/pieces\/cascine\/chambres-doubles\/"]}]},{"@type":"BreadcrumbList","@id":"https:\/\/www.versoverde.it\/fr\/pieces\/cascine\/chambres-doubles\/#breadcrumb","itemListElement":[{"@type":"ListItem","position":1,"name":"Home","item":"https:\/\/www.versoverde.it\/fr\/"},{"@type":"ListItem","position":2,"name":"Pi\u00e8ces","item":"https:\/\/www.versoverde.it\/fr\/pieces\/"},{"@type":"ListItem","position":3,"name":"Cascine","item":"https:\/\/www.versoverde.it\/fr\/pieces\/cascine\/"},{"@type":"ListItem","position":4,"name":"Chambres doubles"}]},{"@type":"WebSite","@id":"https:\/\/www.versoverde.it\/fr\/#website","url":"https:\/\/www.versoverde.it\/fr\/","name":"Verso Verde Milano","description":"Ecco un altro sito ms.decms.eu","potentialAction":[{"@type":"SearchAction","target":{"@type":"EntryPoint","urlTemplate":"https:\/\/www.versoverde.it\/fr\/?s={search_term_string}"},"query-input":{"@type":"PropertyValueSpecification","valueRequired":true,"valueName":"search_term_string"}}],"inLanguage":"fr-FR"}]}},"acf":[],"_links":{"self":[{"href":"https:\/\/www.versoverde.it\/fr\/wp-json\/wp\/v2\/pages\/592","targetHints":{"allow":["GET"]}}],"collection":[{"href":"https:\/\/www.versoverde.it\/fr\/wp-json\/wp\/v2\/pages"}],"about":[{"href":"https:\/\/www.versoverde.it\/fr\/wp-json\/wp\/v2\/types\/page"}],"author":[{"embeddable":true,"href":"https:\/\/www.versoverde.it\/fr\/wp-json\/wp\/v2\/users\/13"}],"replies":[{"embeddable":true,"href":"https:\/\/www.versoverde.it\/fr\/wp-json\/wp\/v2\/comments?post=592"}],"version-history":[{"count":0,"href":"https:\/\/www.versoverde.it\/fr\/wp-json\/wp\/v2\/pages\/592\/revisions"}],"up":[{"embeddable":true,"href":"https:\/\/www.versoverde.it\/fr\/wp-json\/wp\/v2\/pages\/588"}],"wp:attachment":[{"href":"https:\/\/www.versoverde.it\/fr\/wp-json\/wp\/v2\/media?parent=592"}],"curies":[{"name":"wp","href":"https:\/\/api.w.org\/{rel}","templated":true}]}}