{"id":595,"date":"2022-04-27T16:16:15","date_gmt":"2022-04-27T14:16:15","guid":{"rendered":"https:\/\/www.versoverde.it\/?page_id=595"},"modified":"2026-01-20T11:17:56","modified_gmt":"2026-01-20T10:17:56","slug":"appartement-lilium","status":"publish","type":"page","link":"https:\/\/www.versoverde.it\/fr\/pieces\/cascine\/appartement-lilium\/","title":{"rendered":"Appartement Lilium"},"content":{"rendered":"<p style=\"text-align: center\">Appartement avec vue Naviglio Grande dans une solution open space, compos\u00e9 d&rsquo;une chambre double avec lit King size (180 cm) et d&rsquo;une chambre double avec deux lits simples, salon avec canap\u00e9-lit, cuisine \u00e9quip\u00e9e avec table \u00e0 manger, cafeti\u00e8re, plaque de cuisson, combi four, ustensiles de cuisine.<\/p>\n<p style=\"text-align: center\">Une salle de bain priv\u00e9e avec douche, s\u00e8che-cheveux, serviettes et articles de toilette gratuits.<\/p>\n<p style=\"text-align: center\">Jusqu&rsquo;\u00e0 quatre personnes<\/p>\n","protected":false},"excerpt":{"rendered":"<p>Appartement avec vue Naviglio Grande dans une solution open space, compos\u00e9 d&rsquo;une chambre double avec lit King size (180 cm) et d&rsquo;une chambre double avec deux lits simples, salon avec canap\u00e9-lit, cuisine \u00e9quip\u00e9e avec table \u00e0 manger, cafeti\u00e8re, plaque de cuisson, combi four, ustensiles de cuisine. Une salle de bain priv\u00e9e avec douche, s\u00e8che-cheveux, serviettes [&hellip;]<\/p>\n","protected":false},"author":13,"featured_media":0,"parent":588,"menu_order":20,"comment_status":"closed","ping_status":"closed","template":"template-single-room.php","meta":{"footnotes":""},"class_list":["post-595","page","type-page","status-publish","hentry"],"yoast_head":"<!-- This site is optimized with the Yoast SEO plugin v26.9 - https:\/\/yoast.com\/product\/yoast-seo-wordpress\/ -->\n<title>Appartement Lilium &#8226; Verso Verde Milano &#8226;<\/title>\n<meta name=\"description\" content=\"Appartement avec vue Naviglio Grande dans une solution open space, compos\u00e9 d&#039;une chambre double avec lit King size (180 cm) et d&#039;une chambre double avec deux lits simples, salon avec canap\u00e9-lit, cuisine \u00e9quip\u00e9e avec table \u00e0 manger, cafeti\u00e8re, plaque de cuisson, combi four, ustensiles de cuisine. Une salle de bain priv\u00e9e avec douche, s\u00e8che-cheveux, serviettes et articles de toilette gratuits. Jusqu&#039;\u00e0 quatre personnes.\" \/>\n<meta name=\"robots\" content=\"index, follow, max-snippet:-1, max-image-preview:large, max-video-preview:-1\" \/>\n<link rel=\"canonical\" href=\"https:\/\/www.versoverde.it\/fr\/pieces\/cascine\/appartement-lilium\/\" \/>\n<meta property=\"og:locale\" content=\"fr_FR\" \/>\n<meta property=\"og:type\" content=\"article\" \/>\n<meta property=\"og:title\" content=\"Appartement Lilium &#8226; Verso Verde Milano &#8226;\" \/>\n<meta property=\"og:description\" content=\"Appartement avec vue Naviglio Grande dans une solution open space, compos\u00e9 d&#039;une chambre double avec lit King size (180 cm) et d&#039;une chambre double avec deux lits simples, salon avec canap\u00e9-lit, cuisine \u00e9quip\u00e9e avec table \u00e0 manger, cafeti\u00e8re, plaque de cuisson, combi four, ustensiles de cuisine. Une salle de bain priv\u00e9e avec douche, s\u00e8che-cheveux, serviettes et articles de toilette gratuits. Jusqu&#039;\u00e0 quatre personnes.\" \/>\n<meta property=\"og:url\" content=\"https:\/\/www.versoverde.it\/fr\/pieces\/cascine\/appartement-lilium\/\" \/>\n<meta property=\"og:site_name\" content=\"Verso Verde Milano\" \/>\n<meta property=\"article:modified_time\" content=\"2026-01-20T10:17:56+00:00\" \/>\n<meta name=\"twitter:card\" content=\"summary_large_image\" \/>\n<script type=\"application\/ld+json\" class=\"yoast-schema-graph\">{\"@context\":\"https:\/\/schema.org\",\"@graph\":[{\"@type\":\"WebPage\",\"@id\":\"https:\/\/www.versoverde.it\/fr\/pieces\/cascine\/appartement-lilium\/\",\"url\":\"https:\/\/www.versoverde.it\/fr\/pieces\/cascine\/appartement-lilium\/\",\"name\":\"Appartement Lilium &#8226; Verso Verde Milano &#8226;\",\"isPartOf\":{\"@id\":\"https:\/\/www.versoverde.it\/fr\/#website\"},\"datePublished\":\"2022-04-27T14:16:15+00:00\",\"dateModified\":\"2026-01-20T10:17:56+00:00\",\"description\":\"Appartement avec vue Naviglio Grande dans une solution open space, compos\u00e9 d'une chambre double avec lit King size (180 cm) et d'une chambre double avec deux lits simples, salon avec canap\u00e9-lit, cuisine \u00e9quip\u00e9e avec table \u00e0 manger, cafeti\u00e8re, plaque de cuisson, combi four, ustensiles de cuisine. Une salle de bain priv\u00e9e avec douche, s\u00e8che-cheveux, serviettes et articles de toilette gratuits. Jusqu'\u00e0 quatre personnes .\",\"breadcrumb\":{\"@id\":\"https:\/\/www.versoverde.it\/fr\/pieces\/cascine\/appartement-lilium\/#breadcrumb\"},\"inLanguage\":\"fr-FR\",\"potentialAction\":[{\"@type\":\"ReadAction\",\"target\":[\"https:\/\/www.versoverde.it\/fr\/pieces\/cascine\/appartement-lilium\/\"]}]},{\"@type\":\"BreadcrumbList\",\"@id\":\"https:\/\/www.versoverde.it\/fr\/pieces\/cascine\/appartement-lilium\/#breadcrumb\",\"itemListElement\":[{\"@type\":\"ListItem\",\"position\":1,\"name\":\"Home\",\"item\":\"https:\/\/www.versoverde.it\/fr\/\"},{\"@type\":\"ListItem\",\"position\":2,\"name\":\"Pi\u00e8ces\",\"item\":\"https:\/\/www.versoverde.it\/fr\/pieces\/\"},{\"@type\":\"ListItem\",\"position\":3,\"name\":\"Cascine\",\"item\":\"https:\/\/www.versoverde.it\/fr\/pieces\/cascine\/\"},{\"@type\":\"ListItem\",\"position\":4,\"name\":\"Appartement Lilium\"}]},{\"@type\":\"WebSite\",\"@id\":\"https:\/\/www.versoverde.it\/fr\/#website\",\"url\":\"https:\/\/www.versoverde.it\/fr\/\",\"name\":\"Verso Verde Milano\",\"description\":\"Ecco un altro sito ms.decms.eu\",\"potentialAction\":[{\"@type\":\"SearchAction\",\"target\":{\"@type\":\"EntryPoint\",\"urlTemplate\":\"https:\/\/www.versoverde.it\/fr\/?s={search_term_string}\"},\"query-input\":{\"@type\":\"PropertyValueSpecification\",\"valueRequired\":true,\"valueName\":\"search_term_string\"}}],\"inLanguage\":\"fr-FR\"}]}<\/script>\n<!-- \/ Yoast SEO plugin. -->","yoast_head_json":{"title":"Appartement Lilium &#8226; Verso Verde Milano &#8226;","description":"Appartement avec vue Naviglio Grande dans une solution open space, compos\u00e9 d'une chambre double avec lit King size (180 cm) et d'une chambre double avec deux lits simples, salon avec canap\u00e9-lit, cuisine \u00e9quip\u00e9e avec table \u00e0 manger, cafeti\u00e8re, plaque de cuisson, combi four, ustensiles de cuisine. Une salle de bain priv\u00e9e avec douche, s\u00e8che-cheveux, serviettes et articles de toilette gratuits. Jusqu'\u00e0 quatre personnes.","robots":{"index":"index","follow":"follow","max-snippet":"max-snippet:-1","max-image-preview":"max-image-preview:large","max-video-preview":"max-video-preview:-1"},"canonical":"https:\/\/www.versoverde.it\/fr\/pieces\/cascine\/appartement-lilium\/","og_locale":"fr_FR","og_type":"article","og_title":"Appartement Lilium &#8226; Verso Verde Milano &#8226;","og_description":"Appartement avec vue Naviglio Grande dans une solution open space, compos\u00e9 d'une chambre double avec lit King size (180 cm) et d'une chambre double avec deux lits simples, salon avec canap\u00e9-lit, cuisine \u00e9quip\u00e9e avec table \u00e0 manger, cafeti\u00e8re, plaque de cuisson, combi four, ustensiles de cuisine. Une salle de bain priv\u00e9e avec douche, s\u00e8che-cheveux, serviettes et articles de toilette gratuits. Jusqu'\u00e0 quatre personnes.","og_url":"https:\/\/www.versoverde.it\/fr\/pieces\/cascine\/appartement-lilium\/","og_site_name":"Verso Verde Milano","article_modified_time":"2026-01-20T10:17:56+00:00","twitter_card":"summary_large_image","schema":{"@context":"https:\/\/schema.org","@graph":[{"@type":"WebPage","@id":"https:\/\/www.versoverde.it\/fr\/pieces\/cascine\/appartement-lilium\/","url":"https:\/\/www.versoverde.it\/fr\/pieces\/cascine\/appartement-lilium\/","name":"Appartement Lilium &#8226; Verso Verde Milano &#8226;","isPartOf":{"@id":"https:\/\/www.versoverde.it\/fr\/#website"},"datePublished":"2022-04-27T14:16:15+00:00","dateModified":"2026-01-20T10:17:56+00:00","description":"Appartement avec vue Naviglio Grande dans une solution open space, compos\u00e9 d'une chambre double avec lit King size (180 cm) et d'une chambre double avec deux lits simples, salon avec canap\u00e9-lit, cuisine \u00e9quip\u00e9e avec table \u00e0 manger, cafeti\u00e8re, plaque de cuisson, combi four, ustensiles de cuisine. Une salle de bain priv\u00e9e avec douche, s\u00e8che-cheveux, serviettes et articles de toilette gratuits. Jusqu'\u00e0 quatre personnes .","breadcrumb":{"@id":"https:\/\/www.versoverde.it\/fr\/pieces\/cascine\/appartement-lilium\/#breadcrumb"},"inLanguage":"fr-FR","potentialAction":[{"@type":"ReadAction","target":["https:\/\/www.versoverde.it\/fr\/pieces\/cascine\/appartement-lilium\/"]}]},{"@type":"BreadcrumbList","@id":"https:\/\/www.versoverde.it\/fr\/pieces\/cascine\/appartement-lilium\/#breadcrumb","itemListElement":[{"@type":"ListItem","position":1,"name":"Home","item":"https:\/\/www.versoverde.it\/fr\/"},{"@type":"ListItem","position":2,"name":"Pi\u00e8ces","item":"https:\/\/www.versoverde.it\/fr\/pieces\/"},{"@type":"ListItem","position":3,"name":"Cascine","item":"https:\/\/www.versoverde.it\/fr\/pieces\/cascine\/"},{"@type":"ListItem","position":4,"name":"Appartement Lilium"}]},{"@type":"WebSite","@id":"https:\/\/www.versoverde.it\/fr\/#website","url":"https:\/\/www.versoverde.it\/fr\/","name":"Verso Verde Milano","description":"Ecco un altro sito ms.decms.eu","potentialAction":[{"@type":"SearchAction","target":{"@type":"EntryPoint","urlTemplate":"https:\/\/www.versoverde.it\/fr\/?s={search_term_string}"},"query-input":{"@type":"PropertyValueSpecification","valueRequired":true,"valueName":"search_term_string"}}],"inLanguage":"fr-FR"}]}},"acf":[],"_links":{"self":[{"href":"https:\/\/www.versoverde.it\/fr\/wp-json\/wp\/v2\/pages\/595","targetHints":{"allow":["GET"]}}],"collection":[{"href":"https:\/\/www.versoverde.it\/fr\/wp-json\/wp\/v2\/pages"}],"about":[{"href":"https:\/\/www.versoverde.it\/fr\/wp-json\/wp\/v2\/types\/page"}],"author":[{"embeddable":true,"href":"https:\/\/www.versoverde.it\/fr\/wp-json\/wp\/v2\/users\/13"}],"replies":[{"embeddable":true,"href":"https:\/\/www.versoverde.it\/fr\/wp-json\/wp\/v2\/comments?post=595"}],"version-history":[{"count":0,"href":"https:\/\/www.versoverde.it\/fr\/wp-json\/wp\/v2\/pages\/595\/revisions"}],"up":[{"embeddable":true,"href":"https:\/\/www.versoverde.it\/fr\/wp-json\/wp\/v2\/pages\/588"}],"wp:attachment":[{"href":"https:\/\/www.versoverde.it\/fr\/wp-json\/wp\/v2\/media?parent=595"}],"curies":[{"name":"wp","href":"https:\/\/api.w.org\/{rel}","templated":true}]}}