{"id":597,"date":"2022-04-27T16:17:14","date_gmt":"2022-04-27T14:17:14","guid":{"rendered":"https:\/\/www.versoverde.it\/?page_id=597"},"modified":"2022-12-06T11:39:17","modified_gmt":"2022-12-06T10:39:17","slug":"appartement-girasole","status":"publish","type":"page","link":"https:\/\/www.versoverde.it\/fr\/pieces\/cascine\/appartement-girasole\/","title":{"rendered":"Appartement Girasole"},"content":{"rendered":"<p style=\"text-align: center\">Appartement en mezzanine avec vue sur le Naviglio Grande.<\/p>\n<p style=\"text-align: center\">Lit double king-size (180 cm) sur la mezzanine, cuisine enti\u00e8rement \u00e9quip\u00e9e avec table \u00e0 manger, machine \u00e0 caf\u00e9, plaque de cuisson, four combin\u00e9, ustensiles de cuisine et salle de bains priv\u00e9e avec s\u00e8che-cheveux, serviettes et articles de toilette gratuits au rez-de-chauss\u00e9e.<\/p>\n<p style=\"text-align: center\">Jusqu&rsquo;\u00e0 deux personnes.<\/p>\n","protected":false},"excerpt":{"rendered":"<p>Appartement en mezzanine avec vue sur le Naviglio Grande. Lit double king-size (180 cm) sur la mezzanine, cuisine enti\u00e8rement \u00e9quip\u00e9e avec table \u00e0 manger, machine \u00e0 caf\u00e9, plaque de cuisson, four combin\u00e9, ustensiles de cuisine et salle de bains priv\u00e9e avec s\u00e8che-cheveux, serviettes et articles de toilette gratuits au rez-de-chauss\u00e9e. Jusqu&rsquo;\u00e0 deux personnes.<\/p>\n","protected":false},"author":13,"featured_media":0,"parent":588,"menu_order":30,"comment_status":"closed","ping_status":"closed","template":"template-single-room.php","meta":{"footnotes":""},"class_list":["post-597","page","type-page","status-publish","hentry"],"yoast_head":"<!-- This site is optimized with the Yoast SEO plugin v26.9 - https:\/\/yoast.com\/product\/yoast-seo-wordpress\/ -->\n<title>Appartement Girasole &#8226; Verso Verde Milano &#8226;<\/title>\n<meta name=\"description\" content=\"Appartement en mezzanine avec vue sur le Naviglio Grande. Lit double king-size (180 cm) sur la mezzanine, cuisine enti\u00e8rement \u00e9quip\u00e9e avec table \u00e0 manger, machine \u00e0 caf\u00e9, plaque de cuisson, four combin\u00e9, ustensiles de cuisine et salle de bains priv\u00e9e avec s\u00e8che-cheveux, serviettes et articles de toilette gratuits au rez-de-chauss\u00e9e. Jusqu&#039;\u00e0 deux personnes..\" \/>\n<meta name=\"robots\" content=\"index, follow, max-snippet:-1, max-image-preview:large, max-video-preview:-1\" \/>\n<link rel=\"canonical\" href=\"https:\/\/www.versoverde.it\/fr\/pieces\/cascine\/appartement-girasole\/\" \/>\n<meta property=\"og:locale\" content=\"fr_FR\" \/>\n<meta property=\"og:type\" content=\"article\" \/>\n<meta property=\"og:title\" content=\"Appartement Girasole &#8226; Verso Verde Milano &#8226;\" \/>\n<meta property=\"og:description\" content=\"Appartement en mezzanine avec vue sur le Naviglio Grande. Lit double king-size (180 cm) sur la mezzanine, cuisine enti\u00e8rement \u00e9quip\u00e9e avec table \u00e0 manger, machine \u00e0 caf\u00e9, plaque de cuisson, four combin\u00e9, ustensiles de cuisine et salle de bains priv\u00e9e avec s\u00e8che-cheveux, serviettes et articles de toilette gratuits au rez-de-chauss\u00e9e. Jusqu&#039;\u00e0 deux personnes..\" \/>\n<meta property=\"og:url\" content=\"https:\/\/www.versoverde.it\/fr\/pieces\/cascine\/appartement-girasole\/\" \/>\n<meta property=\"og:site_name\" content=\"Verso Verde Milano\" \/>\n<meta property=\"article:modified_time\" content=\"2022-12-06T10:39:17+00:00\" \/>\n<meta name=\"twitter:card\" content=\"summary_large_image\" \/>\n<script type=\"application\/ld+json\" class=\"yoast-schema-graph\">{\"@context\":\"https:\/\/schema.org\",\"@graph\":[{\"@type\":\"WebPage\",\"@id\":\"https:\/\/www.versoverde.it\/fr\/pieces\/cascine\/appartement-girasole\/\",\"url\":\"https:\/\/www.versoverde.it\/fr\/pieces\/cascine\/appartement-girasole\/\",\"name\":\"Appartement Girasole &#8226; Verso Verde Milano &#8226;\",\"isPartOf\":{\"@id\":\"https:\/\/www.versoverde.it\/fr\/#website\"},\"datePublished\":\"2022-04-27T14:17:14+00:00\",\"dateModified\":\"2022-12-06T10:39:17+00:00\",\"description\":\"Appartement en mezzanine avec vue sur le Naviglio Grande. Lit double king-size (180 cm) sur la mezzanine, cuisine enti\u00e8rement \u00e9quip\u00e9e avec table \u00e0 manger, machine \u00e0 caf\u00e9, plaque de cuisson, four combin\u00e9, ustensiles de cuisine et salle de bains priv\u00e9e avec s\u00e8che-cheveux, serviettes et articles de toilette gratuits au rez-de-chauss\u00e9e. Jusqu'\u00e0 deux personnes. .\",\"breadcrumb\":{\"@id\":\"https:\/\/www.versoverde.it\/fr\/pieces\/cascine\/appartement-girasole\/#breadcrumb\"},\"inLanguage\":\"fr-FR\",\"potentialAction\":[{\"@type\":\"ReadAction\",\"target\":[\"https:\/\/www.versoverde.it\/fr\/pieces\/cascine\/appartement-girasole\/\"]}]},{\"@type\":\"BreadcrumbList\",\"@id\":\"https:\/\/www.versoverde.it\/fr\/pieces\/cascine\/appartement-girasole\/#breadcrumb\",\"itemListElement\":[{\"@type\":\"ListItem\",\"position\":1,\"name\":\"Home\",\"item\":\"https:\/\/www.versoverde.it\/fr\/\"},{\"@type\":\"ListItem\",\"position\":2,\"name\":\"Pi\u00e8ces\",\"item\":\"https:\/\/www.versoverde.it\/fr\/pieces\/\"},{\"@type\":\"ListItem\",\"position\":3,\"name\":\"Cascine\",\"item\":\"https:\/\/www.versoverde.it\/fr\/pieces\/cascine\/\"},{\"@type\":\"ListItem\",\"position\":4,\"name\":\"Appartement Girasole\"}]},{\"@type\":\"WebSite\",\"@id\":\"https:\/\/www.versoverde.it\/fr\/#website\",\"url\":\"https:\/\/www.versoverde.it\/fr\/\",\"name\":\"Verso Verde Milano\",\"description\":\"Ecco un altro sito ms.decms.eu\",\"potentialAction\":[{\"@type\":\"SearchAction\",\"target\":{\"@type\":\"EntryPoint\",\"urlTemplate\":\"https:\/\/www.versoverde.it\/fr\/?s={search_term_string}\"},\"query-input\":{\"@type\":\"PropertyValueSpecification\",\"valueRequired\":true,\"valueName\":\"search_term_string\"}}],\"inLanguage\":\"fr-FR\"}]}<\/script>\n<!-- \/ Yoast SEO plugin. -->","yoast_head_json":{"title":"Appartement Girasole &#8226; Verso Verde Milano &#8226;","description":"Appartement en mezzanine avec vue sur le Naviglio Grande. Lit double king-size (180 cm) sur la mezzanine, cuisine enti\u00e8rement \u00e9quip\u00e9e avec table \u00e0 manger, machine \u00e0 caf\u00e9, plaque de cuisson, four combin\u00e9, ustensiles de cuisine et salle de bains priv\u00e9e avec s\u00e8che-cheveux, serviettes et articles de toilette gratuits au rez-de-chauss\u00e9e. Jusqu'\u00e0 deux personnes..","robots":{"index":"index","follow":"follow","max-snippet":"max-snippet:-1","max-image-preview":"max-image-preview:large","max-video-preview":"max-video-preview:-1"},"canonical":"https:\/\/www.versoverde.it\/fr\/pieces\/cascine\/appartement-girasole\/","og_locale":"fr_FR","og_type":"article","og_title":"Appartement Girasole &#8226; Verso Verde Milano &#8226;","og_description":"Appartement en mezzanine avec vue sur le Naviglio Grande. Lit double king-size (180 cm) sur la mezzanine, cuisine enti\u00e8rement \u00e9quip\u00e9e avec table \u00e0 manger, machine \u00e0 caf\u00e9, plaque de cuisson, four combin\u00e9, ustensiles de cuisine et salle de bains priv\u00e9e avec s\u00e8che-cheveux, serviettes et articles de toilette gratuits au rez-de-chauss\u00e9e. Jusqu'\u00e0 deux personnes..","og_url":"https:\/\/www.versoverde.it\/fr\/pieces\/cascine\/appartement-girasole\/","og_site_name":"Verso Verde Milano","article_modified_time":"2022-12-06T10:39:17+00:00","twitter_card":"summary_large_image","schema":{"@context":"https:\/\/schema.org","@graph":[{"@type":"WebPage","@id":"https:\/\/www.versoverde.it\/fr\/pieces\/cascine\/appartement-girasole\/","url":"https:\/\/www.versoverde.it\/fr\/pieces\/cascine\/appartement-girasole\/","name":"Appartement Girasole &#8226; Verso Verde Milano &#8226;","isPartOf":{"@id":"https:\/\/www.versoverde.it\/fr\/#website"},"datePublished":"2022-04-27T14:17:14+00:00","dateModified":"2022-12-06T10:39:17+00:00","description":"Appartement en mezzanine avec vue sur le Naviglio Grande. Lit double king-size (180 cm) sur la mezzanine, cuisine enti\u00e8rement \u00e9quip\u00e9e avec table \u00e0 manger, machine \u00e0 caf\u00e9, plaque de cuisson, four combin\u00e9, ustensiles de cuisine et salle de bains priv\u00e9e avec s\u00e8che-cheveux, serviettes et articles de toilette gratuits au rez-de-chauss\u00e9e. Jusqu'\u00e0 deux personnes. .","breadcrumb":{"@id":"https:\/\/www.versoverde.it\/fr\/pieces\/cascine\/appartement-girasole\/#breadcrumb"},"inLanguage":"fr-FR","potentialAction":[{"@type":"ReadAction","target":["https:\/\/www.versoverde.it\/fr\/pieces\/cascine\/appartement-girasole\/"]}]},{"@type":"BreadcrumbList","@id":"https:\/\/www.versoverde.it\/fr\/pieces\/cascine\/appartement-girasole\/#breadcrumb","itemListElement":[{"@type":"ListItem","position":1,"name":"Home","item":"https:\/\/www.versoverde.it\/fr\/"},{"@type":"ListItem","position":2,"name":"Pi\u00e8ces","item":"https:\/\/www.versoverde.it\/fr\/pieces\/"},{"@type":"ListItem","position":3,"name":"Cascine","item":"https:\/\/www.versoverde.it\/fr\/pieces\/cascine\/"},{"@type":"ListItem","position":4,"name":"Appartement Girasole"}]},{"@type":"WebSite","@id":"https:\/\/www.versoverde.it\/fr\/#website","url":"https:\/\/www.versoverde.it\/fr\/","name":"Verso Verde Milano","description":"Ecco un altro sito ms.decms.eu","potentialAction":[{"@type":"SearchAction","target":{"@type":"EntryPoint","urlTemplate":"https:\/\/www.versoverde.it\/fr\/?s={search_term_string}"},"query-input":{"@type":"PropertyValueSpecification","valueRequired":true,"valueName":"search_term_string"}}],"inLanguage":"fr-FR"}]}},"acf":[],"_links":{"self":[{"href":"https:\/\/www.versoverde.it\/fr\/wp-json\/wp\/v2\/pages\/597","targetHints":{"allow":["GET"]}}],"collection":[{"href":"https:\/\/www.versoverde.it\/fr\/wp-json\/wp\/v2\/pages"}],"about":[{"href":"https:\/\/www.versoverde.it\/fr\/wp-json\/wp\/v2\/types\/page"}],"author":[{"embeddable":true,"href":"https:\/\/www.versoverde.it\/fr\/wp-json\/wp\/v2\/users\/13"}],"replies":[{"embeddable":true,"href":"https:\/\/www.versoverde.it\/fr\/wp-json\/wp\/v2\/comments?post=597"}],"version-history":[{"count":0,"href":"https:\/\/www.versoverde.it\/fr\/wp-json\/wp\/v2\/pages\/597\/revisions"}],"up":[{"embeddable":true,"href":"https:\/\/www.versoverde.it\/fr\/wp-json\/wp\/v2\/pages\/588"}],"wp:attachment":[{"href":"https:\/\/www.versoverde.it\/fr\/wp-json\/wp\/v2\/media?parent=597"}],"curies":[{"name":"wp","href":"https:\/\/api.w.org\/{rel}","templated":true}]}}