{"id":599,"date":"2022-04-27T16:17:59","date_gmt":"2022-04-27T14:17:59","guid":{"rendered":"https:\/\/www.versoverde.it\/?page_id=599"},"modified":"2022-04-27T16:17:59","modified_gmt":"2022-04-27T14:17:59","slug":"appartement-tulipano","status":"publish","type":"page","link":"https:\/\/www.versoverde.it\/fr\/pieces\/cascine\/appartement-tulipano\/","title":{"rendered":"Appartement Tulipano"},"content":{"rendered":"<p style=\"text-align: center;\">Appartement loft avec vue sur Corte Lombarda, avec lit double King size (180 cm) sur la mezzanine, cuisine \u00e9quip\u00e9e avec table \u00e0 manger, cafeti\u00e8re, plaque de cuisson, four mixte, ustensiles de cuisine et salle de bain priv\u00e9e avec s\u00e8che-cheveux, serviettes et articles de toilette.<\/p>\n<p style=\"text-align: center;\">Jusqu&rsquo;\u00e0 deux invit\u00e9s.<\/p>\n","protected":false},"excerpt":{"rendered":"<p>Appartement loft avec vue sur Corte Lombarda, avec lit double King size (180 cm) sur la mezzanine, cuisine \u00e9quip\u00e9e avec table \u00e0 manger, cafeti\u00e8re, plaque de cuisson, four mixte, ustensiles de cuisine et salle de bain priv\u00e9e avec s\u00e8che-cheveux, serviettes et articles de toilette. Jusqu&rsquo;\u00e0 deux invit\u00e9s.<\/p>\n","protected":false},"author":13,"featured_media":0,"parent":588,"menu_order":40,"comment_status":"closed","ping_status":"closed","template":"template-single-room.php","meta":{"footnotes":""},"class_list":["post-599","page","type-page","status-publish","hentry"],"yoast_head":"<!-- This site is optimized with the Yoast SEO plugin v26.9 - https:\/\/yoast.com\/product\/yoast-seo-wordpress\/ -->\n<title>Appartement Tulipano &#8226; Verso Verde Milano &#8226;<\/title>\n<meta name=\"description\" content=\"Appartement loft avec vue sur Corte Lombarda, avec lit double King size (180 cm) sur la mezzanine, cuisine \u00e9quip\u00e9e avec table \u00e0 manger, cafeti\u00e8re, plaque de cuisson, four mixte, ustensiles de cuisine et salle de bain priv\u00e9e avec s\u00e8che-cheveux, serviettes et articles de toilette. Jusqu&#039;\u00e0 deux invit\u00e9s..\" \/>\n<meta name=\"robots\" content=\"index, follow, max-snippet:-1, max-image-preview:large, max-video-preview:-1\" \/>\n<link rel=\"canonical\" href=\"https:\/\/www.versoverde.it\/fr\/pieces\/cascine\/appartement-tulipano\/\" \/>\n<meta property=\"og:locale\" content=\"fr_FR\" \/>\n<meta property=\"og:type\" content=\"article\" \/>\n<meta property=\"og:title\" content=\"Appartement Tulipano &#8226; Verso Verde Milano &#8226;\" \/>\n<meta property=\"og:description\" content=\"Appartement loft avec vue sur Corte Lombarda, avec lit double King size (180 cm) sur la mezzanine, cuisine \u00e9quip\u00e9e avec table \u00e0 manger, cafeti\u00e8re, plaque de cuisson, four mixte, ustensiles de cuisine et salle de bain priv\u00e9e avec s\u00e8che-cheveux, serviettes et articles de toilette. Jusqu&#039;\u00e0 deux invit\u00e9s..\" \/>\n<meta property=\"og:url\" content=\"https:\/\/www.versoverde.it\/fr\/pieces\/cascine\/appartement-tulipano\/\" \/>\n<meta property=\"og:site_name\" content=\"Verso Verde Milano\" \/>\n<meta name=\"twitter:card\" content=\"summary_large_image\" \/>\n<script type=\"application\/ld+json\" class=\"yoast-schema-graph\">{\"@context\":\"https:\/\/schema.org\",\"@graph\":[{\"@type\":\"WebPage\",\"@id\":\"https:\/\/www.versoverde.it\/fr\/pieces\/cascine\/appartement-tulipano\/\",\"url\":\"https:\/\/www.versoverde.it\/fr\/pieces\/cascine\/appartement-tulipano\/\",\"name\":\"Appartement Tulipano &#8226; Verso Verde Milano &#8226;\",\"isPartOf\":{\"@id\":\"https:\/\/www.versoverde.it\/fr\/#website\"},\"datePublished\":\"2022-04-27T14:17:59+00:00\",\"description\":\"Appartement loft avec vue sur Corte Lombarda, avec lit double King size (180 cm) sur la mezzanine, cuisine \u00e9quip\u00e9e avec table \u00e0 manger, cafeti\u00e8re, plaque de cuisson, four mixte, ustensiles de cuisine et salle de bain priv\u00e9e avec s\u00e8che-cheveux, serviettes et articles de toilette. Jusqu'\u00e0 deux invit\u00e9s. .\",\"breadcrumb\":{\"@id\":\"https:\/\/www.versoverde.it\/fr\/pieces\/cascine\/appartement-tulipano\/#breadcrumb\"},\"inLanguage\":\"fr-FR\",\"potentialAction\":[{\"@type\":\"ReadAction\",\"target\":[\"https:\/\/www.versoverde.it\/fr\/pieces\/cascine\/appartement-tulipano\/\"]}]},{\"@type\":\"BreadcrumbList\",\"@id\":\"https:\/\/www.versoverde.it\/fr\/pieces\/cascine\/appartement-tulipano\/#breadcrumb\",\"itemListElement\":[{\"@type\":\"ListItem\",\"position\":1,\"name\":\"Home\",\"item\":\"https:\/\/www.versoverde.it\/fr\/\"},{\"@type\":\"ListItem\",\"position\":2,\"name\":\"Pi\u00e8ces\",\"item\":\"https:\/\/www.versoverde.it\/fr\/pieces\/\"},{\"@type\":\"ListItem\",\"position\":3,\"name\":\"Cascine\",\"item\":\"https:\/\/www.versoverde.it\/fr\/pieces\/cascine\/\"},{\"@type\":\"ListItem\",\"position\":4,\"name\":\"Appartement Tulipano\"}]},{\"@type\":\"WebSite\",\"@id\":\"https:\/\/www.versoverde.it\/fr\/#website\",\"url\":\"https:\/\/www.versoverde.it\/fr\/\",\"name\":\"Verso Verde Milano\",\"description\":\"Ecco un altro sito ms.decms.eu\",\"potentialAction\":[{\"@type\":\"SearchAction\",\"target\":{\"@type\":\"EntryPoint\",\"urlTemplate\":\"https:\/\/www.versoverde.it\/fr\/?s={search_term_string}\"},\"query-input\":{\"@type\":\"PropertyValueSpecification\",\"valueRequired\":true,\"valueName\":\"search_term_string\"}}],\"inLanguage\":\"fr-FR\"}]}<\/script>\n<!-- \/ Yoast SEO plugin. -->","yoast_head_json":{"title":"Appartement Tulipano &#8226; Verso Verde Milano &#8226;","description":"Appartement loft avec vue sur Corte Lombarda, avec lit double King size (180 cm) sur la mezzanine, cuisine \u00e9quip\u00e9e avec table \u00e0 manger, cafeti\u00e8re, plaque de cuisson, four mixte, ustensiles de cuisine et salle de bain priv\u00e9e avec s\u00e8che-cheveux, serviettes et articles de toilette. Jusqu'\u00e0 deux invit\u00e9s..","robots":{"index":"index","follow":"follow","max-snippet":"max-snippet:-1","max-image-preview":"max-image-preview:large","max-video-preview":"max-video-preview:-1"},"canonical":"https:\/\/www.versoverde.it\/fr\/pieces\/cascine\/appartement-tulipano\/","og_locale":"fr_FR","og_type":"article","og_title":"Appartement Tulipano &#8226; Verso Verde Milano &#8226;","og_description":"Appartement loft avec vue sur Corte Lombarda, avec lit double King size (180 cm) sur la mezzanine, cuisine \u00e9quip\u00e9e avec table \u00e0 manger, cafeti\u00e8re, plaque de cuisson, four mixte, ustensiles de cuisine et salle de bain priv\u00e9e avec s\u00e8che-cheveux, serviettes et articles de toilette. Jusqu'\u00e0 deux invit\u00e9s..","og_url":"https:\/\/www.versoverde.it\/fr\/pieces\/cascine\/appartement-tulipano\/","og_site_name":"Verso Verde Milano","twitter_card":"summary_large_image","schema":{"@context":"https:\/\/schema.org","@graph":[{"@type":"WebPage","@id":"https:\/\/www.versoverde.it\/fr\/pieces\/cascine\/appartement-tulipano\/","url":"https:\/\/www.versoverde.it\/fr\/pieces\/cascine\/appartement-tulipano\/","name":"Appartement Tulipano &#8226; Verso Verde Milano &#8226;","isPartOf":{"@id":"https:\/\/www.versoverde.it\/fr\/#website"},"datePublished":"2022-04-27T14:17:59+00:00","description":"Appartement loft avec vue sur Corte Lombarda, avec lit double King size (180 cm) sur la mezzanine, cuisine \u00e9quip\u00e9e avec table \u00e0 manger, cafeti\u00e8re, plaque de cuisson, four mixte, ustensiles de cuisine et salle de bain priv\u00e9e avec s\u00e8che-cheveux, serviettes et articles de toilette. Jusqu'\u00e0 deux invit\u00e9s. .","breadcrumb":{"@id":"https:\/\/www.versoverde.it\/fr\/pieces\/cascine\/appartement-tulipano\/#breadcrumb"},"inLanguage":"fr-FR","potentialAction":[{"@type":"ReadAction","target":["https:\/\/www.versoverde.it\/fr\/pieces\/cascine\/appartement-tulipano\/"]}]},{"@type":"BreadcrumbList","@id":"https:\/\/www.versoverde.it\/fr\/pieces\/cascine\/appartement-tulipano\/#breadcrumb","itemListElement":[{"@type":"ListItem","position":1,"name":"Home","item":"https:\/\/www.versoverde.it\/fr\/"},{"@type":"ListItem","position":2,"name":"Pi\u00e8ces","item":"https:\/\/www.versoverde.it\/fr\/pieces\/"},{"@type":"ListItem","position":3,"name":"Cascine","item":"https:\/\/www.versoverde.it\/fr\/pieces\/cascine\/"},{"@type":"ListItem","position":4,"name":"Appartement Tulipano"}]},{"@type":"WebSite","@id":"https:\/\/www.versoverde.it\/fr\/#website","url":"https:\/\/www.versoverde.it\/fr\/","name":"Verso Verde Milano","description":"Ecco un altro sito ms.decms.eu","potentialAction":[{"@type":"SearchAction","target":{"@type":"EntryPoint","urlTemplate":"https:\/\/www.versoverde.it\/fr\/?s={search_term_string}"},"query-input":{"@type":"PropertyValueSpecification","valueRequired":true,"valueName":"search_term_string"}}],"inLanguage":"fr-FR"}]}},"acf":[],"_links":{"self":[{"href":"https:\/\/www.versoverde.it\/fr\/wp-json\/wp\/v2\/pages\/599","targetHints":{"allow":["GET"]}}],"collection":[{"href":"https:\/\/www.versoverde.it\/fr\/wp-json\/wp\/v2\/pages"}],"about":[{"href":"https:\/\/www.versoverde.it\/fr\/wp-json\/wp\/v2\/types\/page"}],"author":[{"embeddable":true,"href":"https:\/\/www.versoverde.it\/fr\/wp-json\/wp\/v2\/users\/13"}],"replies":[{"embeddable":true,"href":"https:\/\/www.versoverde.it\/fr\/wp-json\/wp\/v2\/comments?post=599"}],"version-history":[{"count":0,"href":"https:\/\/www.versoverde.it\/fr\/wp-json\/wp\/v2\/pages\/599\/revisions"}],"up":[{"embeddable":true,"href":"https:\/\/www.versoverde.it\/fr\/wp-json\/wp\/v2\/pages\/588"}],"wp:attachment":[{"href":"https:\/\/www.versoverde.it\/fr\/wp-json\/wp\/v2\/media?parent=599"}],"curies":[{"name":"wp","href":"https:\/\/api.w.org\/{rel}","templated":true}]}}