{"id":606,"date":"2022-04-27T16:34:28","date_gmt":"2022-04-27T14:34:28","guid":{"rendered":"https:\/\/www.versoverde.it\/?page_id=606"},"modified":"2023-07-10T09:02:39","modified_gmt":"2023-07-10T07:02:39","slug":"spa-gym","status":"publish","type":"page","link":"https:\/\/www.versoverde.it\/fr\/spa-gym\/","title":{"rendered":"SPA&amp;GYM"},"content":{"rendered":"<p style=\"text-align: center\">Dans notre<strong> SPA<\/strong>, vous trouverez pour votre bien-\u00eatre : sauna, bain turc, douches exp\u00e9rimentales,<\/p>\n<p style=\"text-align: center\">un seau d&rsquo;eau, une cascade et un jacuzzi dans l&rsquo;espace ex\u00e9cutif.<\/p>\n<p style=\"text-align: center\">Vous pouvez \u00e9galement vous d\u00e9tendre dans l&rsquo;<strong>espace de relaxation<\/strong> confortable.<\/p>\n<p style=\"text-align: center\">Le SPA est payant et doit \u00eatre r\u00e9serv\u00e9 \u00e0 l&rsquo;avance.<\/p>\n<p style=\"text-align: center\">\n<p style=\"text-align: center\">\nL&rsquo;h\u00f4tel dispose \u00e9galement d&rsquo;un <strong>GYM<\/strong> couvert gratuit,<\/p>\n<p style=\"text-align: center\">o\u00f9 vous pourrez vous entra\u00eener sur des appareils Technogym et rel\u00e2cher les tensions de la journ\u00e9e.<\/p>\n","protected":false},"excerpt":{"rendered":"<p>Dans notre SPA, vous trouverez pour votre bien-\u00eatre : sauna, bain turc, douches exp\u00e9rimentales, un seau d&rsquo;eau, une cascade et un jacuzzi dans l&rsquo;espace ex\u00e9cutif. Vous pouvez \u00e9galement vous d\u00e9tendre dans l&rsquo;espace de relaxation confortable. Le SPA est payant et doit \u00eatre r\u00e9serv\u00e9 \u00e0 l&rsquo;avance. L&rsquo;h\u00f4tel dispose \u00e9galement d&rsquo;un GYM couvert gratuit, o\u00f9 vous pourrez [&hellip;]<\/p>\n","protected":false},"author":13,"featured_media":0,"parent":0,"menu_order":45,"comment_status":"closed","ping_status":"closed","template":"","meta":{"footnotes":""},"class_list":["post-606","page","type-page","status-publish","hentry"],"yoast_head":"<!-- This site is optimized with the Yoast SEO plugin v26.9 - https:\/\/yoast.com\/product\/yoast-seo-wordpress\/ -->\n<title>SPA&amp;GYM &#8226; Verso Verde Milano &#8226;<\/title>\n<meta name=\"description\" content=\"Dans notre SPA, vous trouverez pour votre bien-\u00eatre : sauna, bain turc, douches exp\u00e9rimentales, un seau d&#039;eau, une cascade et un jacuzzi dans l&#039;espace ex\u00e9cutif. Vous pouvez \u00e9galement vous d\u00e9tendre dans l&#039;espace de relaxation confortable. Le SPA est payant et doit \u00eatre r\u00e9serv\u00e9 \u00e0 l&#039;avance.   L&#039;h\u00f4tel dispose \u00e9galement d&#039;un GYM couvert gratuit, o\u00f9 vous pourrez vous entra\u00eener sur des appareils Technogym et rel\u00e2cher les tensions de la journ\u00e9e..\" \/>\n<meta name=\"robots\" content=\"index, follow, max-snippet:-1, max-image-preview:large, max-video-preview:-1\" \/>\n<link rel=\"canonical\" href=\"https:\/\/www.versoverde.it\/fr\/spa-gym\/\" \/>\n<meta property=\"og:locale\" content=\"fr_FR\" \/>\n<meta property=\"og:type\" content=\"article\" \/>\n<meta property=\"og:title\" content=\"SPA&amp;GYM &#8226; Verso Verde Milano &#8226;\" \/>\n<meta property=\"og:description\" content=\"Dans notre SPA, vous trouverez pour votre bien-\u00eatre : sauna, bain turc, douches exp\u00e9rimentales, un seau d&#039;eau, une cascade et un jacuzzi dans l&#039;espace ex\u00e9cutif. Vous pouvez \u00e9galement vous d\u00e9tendre dans l&#039;espace de relaxation confortable. Le SPA est payant et doit \u00eatre r\u00e9serv\u00e9 \u00e0 l&#039;avance.   L&#039;h\u00f4tel dispose \u00e9galement d&#039;un GYM couvert gratuit, o\u00f9 vous pourrez vous entra\u00eener sur des appareils Technogym et rel\u00e2cher les tensions de la journ\u00e9e..\" \/>\n<meta property=\"og:url\" content=\"https:\/\/www.versoverde.it\/fr\/spa-gym\/\" \/>\n<meta property=\"og:site_name\" content=\"Verso Verde Milano\" \/>\n<meta property=\"article:modified_time\" content=\"2023-07-10T07:02:39+00:00\" \/>\n<meta name=\"twitter:card\" content=\"summary_large_image\" \/>\n<script type=\"application\/ld+json\" class=\"yoast-schema-graph\">{\"@context\":\"https:\/\/schema.org\",\"@graph\":[{\"@type\":\"WebPage\",\"@id\":\"https:\/\/www.versoverde.it\/fr\/spa-gym\/\",\"url\":\"https:\/\/www.versoverde.it\/fr\/spa-gym\/\",\"name\":\"SPA&amp;GYM &#8226; Verso Verde Milano &#8226;\",\"isPartOf\":{\"@id\":\"https:\/\/www.versoverde.it\/fr\/#website\"},\"datePublished\":\"2022-04-27T14:34:28+00:00\",\"dateModified\":\"2023-07-10T07:02:39+00:00\",\"description\":\"Dans notre SPA, vous trouverez pour votre bien-\u00eatre : sauna, bain turc, douches exp\u00e9rimentales, un seau d'eau, une cascade et un jacuzzi dans l'espace ex\u00e9cutif. Vous pouvez \u00e9galement vous d\u00e9tendre dans l'espace de relaxation confortable. Le SPA est payant et doit \u00eatre r\u00e9serv\u00e9 \u00e0 l'avance. L'h\u00f4tel dispose \u00e9galement d'un GYM couvert gratuit, o\u00f9 vous pourrez vous entra\u00eener sur des appareils Technogym et rel\u00e2cher les tensions de la journ\u00e9e. .\",\"breadcrumb\":{\"@id\":\"https:\/\/www.versoverde.it\/fr\/spa-gym\/#breadcrumb\"},\"inLanguage\":\"fr-FR\",\"potentialAction\":[{\"@type\":\"ReadAction\",\"target\":[\"https:\/\/www.versoverde.it\/fr\/spa-gym\/\"]}]},{\"@type\":\"BreadcrumbList\",\"@id\":\"https:\/\/www.versoverde.it\/fr\/spa-gym\/#breadcrumb\",\"itemListElement\":[{\"@type\":\"ListItem\",\"position\":1,\"name\":\"Home\",\"item\":\"https:\/\/www.versoverde.it\/fr\/\"},{\"@type\":\"ListItem\",\"position\":2,\"name\":\"SPA&amp;GYM\"}]},{\"@type\":\"WebSite\",\"@id\":\"https:\/\/www.versoverde.it\/fr\/#website\",\"url\":\"https:\/\/www.versoverde.it\/fr\/\",\"name\":\"Verso Verde Milano\",\"description\":\"Ecco un altro sito ms.decms.eu\",\"potentialAction\":[{\"@type\":\"SearchAction\",\"target\":{\"@type\":\"EntryPoint\",\"urlTemplate\":\"https:\/\/www.versoverde.it\/fr\/?s={search_term_string}\"},\"query-input\":{\"@type\":\"PropertyValueSpecification\",\"valueRequired\":true,\"valueName\":\"search_term_string\"}}],\"inLanguage\":\"fr-FR\"}]}<\/script>\n<!-- \/ Yoast SEO plugin. -->","yoast_head_json":{"title":"SPA&amp;GYM &#8226; Verso Verde Milano &#8226;","description":"Dans notre SPA, vous trouverez pour votre bien-\u00eatre : sauna, bain turc, douches exp\u00e9rimentales, un seau d'eau, une cascade et un jacuzzi dans l'espace ex\u00e9cutif. Vous pouvez \u00e9galement vous d\u00e9tendre dans l'espace de relaxation confortable. Le SPA est payant et doit \u00eatre r\u00e9serv\u00e9 \u00e0 l'avance.   L'h\u00f4tel dispose \u00e9galement d'un GYM couvert gratuit, o\u00f9 vous pourrez vous entra\u00eener sur des appareils Technogym et rel\u00e2cher les tensions de la journ\u00e9e..","robots":{"index":"index","follow":"follow","max-snippet":"max-snippet:-1","max-image-preview":"max-image-preview:large","max-video-preview":"max-video-preview:-1"},"canonical":"https:\/\/www.versoverde.it\/fr\/spa-gym\/","og_locale":"fr_FR","og_type":"article","og_title":"SPA&amp;GYM &#8226; Verso Verde Milano &#8226;","og_description":"Dans notre SPA, vous trouverez pour votre bien-\u00eatre : sauna, bain turc, douches exp\u00e9rimentales, un seau d'eau, une cascade et un jacuzzi dans l'espace ex\u00e9cutif. Vous pouvez \u00e9galement vous d\u00e9tendre dans l'espace de relaxation confortable. Le SPA est payant et doit \u00eatre r\u00e9serv\u00e9 \u00e0 l'avance.   L'h\u00f4tel dispose \u00e9galement d'un GYM couvert gratuit, o\u00f9 vous pourrez vous entra\u00eener sur des appareils Technogym et rel\u00e2cher les tensions de la journ\u00e9e..","og_url":"https:\/\/www.versoverde.it\/fr\/spa-gym\/","og_site_name":"Verso Verde Milano","article_modified_time":"2023-07-10T07:02:39+00:00","twitter_card":"summary_large_image","schema":{"@context":"https:\/\/schema.org","@graph":[{"@type":"WebPage","@id":"https:\/\/www.versoverde.it\/fr\/spa-gym\/","url":"https:\/\/www.versoverde.it\/fr\/spa-gym\/","name":"SPA&amp;GYM &#8226; Verso Verde Milano &#8226;","isPartOf":{"@id":"https:\/\/www.versoverde.it\/fr\/#website"},"datePublished":"2022-04-27T14:34:28+00:00","dateModified":"2023-07-10T07:02:39+00:00","description":"Dans notre SPA, vous trouverez pour votre bien-\u00eatre : sauna, bain turc, douches exp\u00e9rimentales, un seau d'eau, une cascade et un jacuzzi dans l'espace ex\u00e9cutif. Vous pouvez \u00e9galement vous d\u00e9tendre dans l'espace de relaxation confortable. Le SPA est payant et doit \u00eatre r\u00e9serv\u00e9 \u00e0 l'avance. L'h\u00f4tel dispose \u00e9galement d'un GYM couvert gratuit, o\u00f9 vous pourrez vous entra\u00eener sur des appareils Technogym et rel\u00e2cher les tensions de la journ\u00e9e. .","breadcrumb":{"@id":"https:\/\/www.versoverde.it\/fr\/spa-gym\/#breadcrumb"},"inLanguage":"fr-FR","potentialAction":[{"@type":"ReadAction","target":["https:\/\/www.versoverde.it\/fr\/spa-gym\/"]}]},{"@type":"BreadcrumbList","@id":"https:\/\/www.versoverde.it\/fr\/spa-gym\/#breadcrumb","itemListElement":[{"@type":"ListItem","position":1,"name":"Home","item":"https:\/\/www.versoverde.it\/fr\/"},{"@type":"ListItem","position":2,"name":"SPA&amp;GYM"}]},{"@type":"WebSite","@id":"https:\/\/www.versoverde.it\/fr\/#website","url":"https:\/\/www.versoverde.it\/fr\/","name":"Verso Verde Milano","description":"Ecco un altro sito ms.decms.eu","potentialAction":[{"@type":"SearchAction","target":{"@type":"EntryPoint","urlTemplate":"https:\/\/www.versoverde.it\/fr\/?s={search_term_string}"},"query-input":{"@type":"PropertyValueSpecification","valueRequired":true,"valueName":"search_term_string"}}],"inLanguage":"fr-FR"}]}},"acf":[],"_links":{"self":[{"href":"https:\/\/www.versoverde.it\/fr\/wp-json\/wp\/v2\/pages\/606","targetHints":{"allow":["GET"]}}],"collection":[{"href":"https:\/\/www.versoverde.it\/fr\/wp-json\/wp\/v2\/pages"}],"about":[{"href":"https:\/\/www.versoverde.it\/fr\/wp-json\/wp\/v2\/types\/page"}],"author":[{"embeddable":true,"href":"https:\/\/www.versoverde.it\/fr\/wp-json\/wp\/v2\/users\/13"}],"replies":[{"embeddable":true,"href":"https:\/\/www.versoverde.it\/fr\/wp-json\/wp\/v2\/comments?post=606"}],"version-history":[{"count":0,"href":"https:\/\/www.versoverde.it\/fr\/wp-json\/wp\/v2\/pages\/606\/revisions"}],"wp:attachment":[{"href":"https:\/\/www.versoverde.it\/fr\/wp-json\/wp\/v2\/media?parent=606"}],"curies":[{"name":"wp","href":"https:\/\/api.w.org\/{rel}","templated":true}]}}