{"id":614,"date":"2022-11-28T16:13:39","date_gmt":"2022-11-28T15:13:39","guid":{"rendered":"https:\/\/www.versoverde.it\/?page_id=614"},"modified":"2023-07-11T10:54:10","modified_gmt":"2023-07-11T08:54:10","slug":"douches-emotionnelles","status":"publish","type":"page","link":"https:\/\/www.versoverde.it\/fr\/spa-gym\/douches-emotionnelles\/","title":{"rendered":"Douches \u00e9motionnelles"},"content":{"rendered":"<p style=\"text-align: center\">Douche de pluie, n\u00e9bulisation, cascades et chromoth\u00e9rapie.<\/p>\n<p style=\"text-align: center\">Les douches \u00e9motionnelles vous feront vivre une exp\u00e9rience unique dans laquelle tous les sens seront stimul\u00e9s.<\/p>\n<p style=\"text-align: center\">Un voyage dans la d\u00e9tente et la tranquillit\u00e9 qui vous transportera dans un environnement relaxant pour le corps et l&rsquo;esprit !<\/p>\n<p style=\"text-align: center\">Les douches sont situ\u00e9es \u00e0 c\u00f4t\u00e9 du sauna et du bain de vapeur afin de renforcer les bienfaits de leur utilisation.<\/p>\n","protected":false},"excerpt":{"rendered":"<p>Douche de pluie, n\u00e9bulisation, cascades et chromoth\u00e9rapie. Les douches \u00e9motionnelles vous feront vivre une exp\u00e9rience unique dans laquelle tous les sens seront stimul\u00e9s. Un voyage dans la d\u00e9tente et la tranquillit\u00e9 qui vous transportera dans un environnement relaxant pour le corps et l&rsquo;esprit ! Les douches sont situ\u00e9es \u00e0 c\u00f4t\u00e9 du sauna et du bain [&hellip;]<\/p>\n","protected":false},"author":13,"featured_media":0,"parent":606,"menu_order":30,"comment_status":"closed","ping_status":"closed","template":"","meta":{"footnotes":""},"class_list":["post-614","page","type-page","status-publish","hentry"],"yoast_head":"<!-- This site is optimized with the Yoast SEO plugin v26.9 - https:\/\/yoast.com\/product\/yoast-seo-wordpress\/ -->\n<title>Douches \u00e9motionnelles &#8226; Verso Verde Milano &#8226;<\/title>\n<meta name=\"description\" content=\"Douche de pluie, n\u00e9bulisation, cascades et chromoth\u00e9rapie. Les douches \u00e9motionnelles vous feront vivre une exp\u00e9rience unique dans laquelle tous les sens seront stimul\u00e9s. Un voyage dans la d\u00e9tente et la tranquillit\u00e9 qui vous transportera dans un environnement relaxant pour le corps et l&#039;esprit ! Les douches sont situ\u00e9es \u00e0 c\u00f4t\u00e9 du sauna et du bain de vapeur afin de renforcer les bienfaits de leur utilisation..\" \/>\n<meta name=\"robots\" content=\"index, follow, max-snippet:-1, max-image-preview:large, max-video-preview:-1\" \/>\n<link rel=\"canonical\" href=\"https:\/\/www.versoverde.it\/fr\/spa-gym\/douches-emotionnelles\/\" \/>\n<meta property=\"og:locale\" content=\"fr_FR\" \/>\n<meta property=\"og:type\" content=\"article\" \/>\n<meta property=\"og:title\" content=\"Douches \u00e9motionnelles &#8226; Verso Verde Milano &#8226;\" \/>\n<meta property=\"og:description\" content=\"Douche de pluie, n\u00e9bulisation, cascades et chromoth\u00e9rapie. Les douches \u00e9motionnelles vous feront vivre une exp\u00e9rience unique dans laquelle tous les sens seront stimul\u00e9s. Un voyage dans la d\u00e9tente et la tranquillit\u00e9 qui vous transportera dans un environnement relaxant pour le corps et l&#039;esprit ! Les douches sont situ\u00e9es \u00e0 c\u00f4t\u00e9 du sauna et du bain de vapeur afin de renforcer les bienfaits de leur utilisation..\" \/>\n<meta property=\"og:url\" content=\"https:\/\/www.versoverde.it\/fr\/spa-gym\/douches-emotionnelles\/\" \/>\n<meta property=\"og:site_name\" content=\"Verso Verde Milano\" \/>\n<meta property=\"article:modified_time\" content=\"2023-07-11T08:54:10+00:00\" \/>\n<meta name=\"twitter:card\" content=\"summary_large_image\" \/>\n<script type=\"application\/ld+json\" class=\"yoast-schema-graph\">{\"@context\":\"https:\/\/schema.org\",\"@graph\":[{\"@type\":\"WebPage\",\"@id\":\"https:\/\/www.versoverde.it\/fr\/spa-gym\/douches-emotionnelles\/\",\"url\":\"https:\/\/www.versoverde.it\/fr\/spa-gym\/douches-emotionnelles\/\",\"name\":\"Douches \u00e9motionnelles &#8226; Verso Verde Milano &#8226;\",\"isPartOf\":{\"@id\":\"https:\/\/www.versoverde.it\/fr\/#website\"},\"datePublished\":\"2022-11-28T15:13:39+00:00\",\"dateModified\":\"2023-07-11T08:54:10+00:00\",\"description\":\"Douche de pluie, n\u00e9bulisation, cascades et chromoth\u00e9rapie. Les douches \u00e9motionnelles vous feront vivre une exp\u00e9rience unique dans laquelle tous les sens seront stimul\u00e9s. Un voyage dans la d\u00e9tente et la tranquillit\u00e9 qui vous transportera dans un environnement relaxant pour le corps et l'esprit ! Les douches sont situ\u00e9es \u00e0 c\u00f4t\u00e9 du sauna et du bain de vapeur afin de renforcer les bienfaits de leur utilisation. .\",\"breadcrumb\":{\"@id\":\"https:\/\/www.versoverde.it\/fr\/spa-gym\/douches-emotionnelles\/#breadcrumb\"},\"inLanguage\":\"fr-FR\",\"potentialAction\":[{\"@type\":\"ReadAction\",\"target\":[\"https:\/\/www.versoverde.it\/fr\/spa-gym\/douches-emotionnelles\/\"]}]},{\"@type\":\"BreadcrumbList\",\"@id\":\"https:\/\/www.versoverde.it\/fr\/spa-gym\/douches-emotionnelles\/#breadcrumb\",\"itemListElement\":[{\"@type\":\"ListItem\",\"position\":1,\"name\":\"Home\",\"item\":\"https:\/\/www.versoverde.it\/fr\/\"},{\"@type\":\"ListItem\",\"position\":2,\"name\":\"SPA&amp;GYM\",\"item\":\"https:\/\/www.versoverde.it\/fr\/spa-gym\/\"},{\"@type\":\"ListItem\",\"position\":3,\"name\":\"Douches \u00e9motionnelles\"}]},{\"@type\":\"WebSite\",\"@id\":\"https:\/\/www.versoverde.it\/fr\/#website\",\"url\":\"https:\/\/www.versoverde.it\/fr\/\",\"name\":\"Verso Verde Milano\",\"description\":\"Ecco un altro sito ms.decms.eu\",\"potentialAction\":[{\"@type\":\"SearchAction\",\"target\":{\"@type\":\"EntryPoint\",\"urlTemplate\":\"https:\/\/www.versoverde.it\/fr\/?s={search_term_string}\"},\"query-input\":{\"@type\":\"PropertyValueSpecification\",\"valueRequired\":true,\"valueName\":\"search_term_string\"}}],\"inLanguage\":\"fr-FR\"}]}<\/script>\n<!-- \/ Yoast SEO plugin. -->","yoast_head_json":{"title":"Douches \u00e9motionnelles &#8226; Verso Verde Milano &#8226;","description":"Douche de pluie, n\u00e9bulisation, cascades et chromoth\u00e9rapie. Les douches \u00e9motionnelles vous feront vivre une exp\u00e9rience unique dans laquelle tous les sens seront stimul\u00e9s. Un voyage dans la d\u00e9tente et la tranquillit\u00e9 qui vous transportera dans un environnement relaxant pour le corps et l'esprit ! Les douches sont situ\u00e9es \u00e0 c\u00f4t\u00e9 du sauna et du bain de vapeur afin de renforcer les bienfaits de leur utilisation..","robots":{"index":"index","follow":"follow","max-snippet":"max-snippet:-1","max-image-preview":"max-image-preview:large","max-video-preview":"max-video-preview:-1"},"canonical":"https:\/\/www.versoverde.it\/fr\/spa-gym\/douches-emotionnelles\/","og_locale":"fr_FR","og_type":"article","og_title":"Douches \u00e9motionnelles &#8226; Verso Verde Milano &#8226;","og_description":"Douche de pluie, n\u00e9bulisation, cascades et chromoth\u00e9rapie. Les douches \u00e9motionnelles vous feront vivre une exp\u00e9rience unique dans laquelle tous les sens seront stimul\u00e9s. Un voyage dans la d\u00e9tente et la tranquillit\u00e9 qui vous transportera dans un environnement relaxant pour le corps et l'esprit ! Les douches sont situ\u00e9es \u00e0 c\u00f4t\u00e9 du sauna et du bain de vapeur afin de renforcer les bienfaits de leur utilisation..","og_url":"https:\/\/www.versoverde.it\/fr\/spa-gym\/douches-emotionnelles\/","og_site_name":"Verso Verde Milano","article_modified_time":"2023-07-11T08:54:10+00:00","twitter_card":"summary_large_image","schema":{"@context":"https:\/\/schema.org","@graph":[{"@type":"WebPage","@id":"https:\/\/www.versoverde.it\/fr\/spa-gym\/douches-emotionnelles\/","url":"https:\/\/www.versoverde.it\/fr\/spa-gym\/douches-emotionnelles\/","name":"Douches \u00e9motionnelles &#8226; Verso Verde Milano &#8226;","isPartOf":{"@id":"https:\/\/www.versoverde.it\/fr\/#website"},"datePublished":"2022-11-28T15:13:39+00:00","dateModified":"2023-07-11T08:54:10+00:00","description":"Douche de pluie, n\u00e9bulisation, cascades et chromoth\u00e9rapie. Les douches \u00e9motionnelles vous feront vivre une exp\u00e9rience unique dans laquelle tous les sens seront stimul\u00e9s. Un voyage dans la d\u00e9tente et la tranquillit\u00e9 qui vous transportera dans un environnement relaxant pour le corps et l'esprit ! Les douches sont situ\u00e9es \u00e0 c\u00f4t\u00e9 du sauna et du bain de vapeur afin de renforcer les bienfaits de leur utilisation. .","breadcrumb":{"@id":"https:\/\/www.versoverde.it\/fr\/spa-gym\/douches-emotionnelles\/#breadcrumb"},"inLanguage":"fr-FR","potentialAction":[{"@type":"ReadAction","target":["https:\/\/www.versoverde.it\/fr\/spa-gym\/douches-emotionnelles\/"]}]},{"@type":"BreadcrumbList","@id":"https:\/\/www.versoverde.it\/fr\/spa-gym\/douches-emotionnelles\/#breadcrumb","itemListElement":[{"@type":"ListItem","position":1,"name":"Home","item":"https:\/\/www.versoverde.it\/fr\/"},{"@type":"ListItem","position":2,"name":"SPA&amp;GYM","item":"https:\/\/www.versoverde.it\/fr\/spa-gym\/"},{"@type":"ListItem","position":3,"name":"Douches \u00e9motionnelles"}]},{"@type":"WebSite","@id":"https:\/\/www.versoverde.it\/fr\/#website","url":"https:\/\/www.versoverde.it\/fr\/","name":"Verso Verde Milano","description":"Ecco un altro sito ms.decms.eu","potentialAction":[{"@type":"SearchAction","target":{"@type":"EntryPoint","urlTemplate":"https:\/\/www.versoverde.it\/fr\/?s={search_term_string}"},"query-input":{"@type":"PropertyValueSpecification","valueRequired":true,"valueName":"search_term_string"}}],"inLanguage":"fr-FR"}]}},"acf":[],"_links":{"self":[{"href":"https:\/\/www.versoverde.it\/fr\/wp-json\/wp\/v2\/pages\/614","targetHints":{"allow":["GET"]}}],"collection":[{"href":"https:\/\/www.versoverde.it\/fr\/wp-json\/wp\/v2\/pages"}],"about":[{"href":"https:\/\/www.versoverde.it\/fr\/wp-json\/wp\/v2\/types\/page"}],"author":[{"embeddable":true,"href":"https:\/\/www.versoverde.it\/fr\/wp-json\/wp\/v2\/users\/13"}],"replies":[{"embeddable":true,"href":"https:\/\/www.versoverde.it\/fr\/wp-json\/wp\/v2\/comments?post=614"}],"version-history":[{"count":0,"href":"https:\/\/www.versoverde.it\/fr\/wp-json\/wp\/v2\/pages\/614\/revisions"}],"up":[{"embeddable":true,"href":"https:\/\/www.versoverde.it\/fr\/wp-json\/wp\/v2\/pages\/606"}],"wp:attachment":[{"href":"https:\/\/www.versoverde.it\/fr\/wp-json\/wp\/v2\/media?parent=614"}],"curies":[{"name":"wp","href":"https:\/\/api.w.org\/{rel}","templated":true}]}}