{"id":616,"date":"2022-04-27T16:44:33","date_gmt":"2022-04-27T14:44:33","guid":{"rendered":"https:\/\/www.versoverde.it\/?page_id=616"},"modified":"2023-06-09T09:30:19","modified_gmt":"2023-06-09T07:30:19","slug":"suite-privee-avec-jacuzzi","status":"publish","type":"page","link":"https:\/\/www.versoverde.it\/fr\/spa-gym\/suite-privee-avec-jacuzzi\/","title":{"rendered":"Suite priv\u00e9e avec jacuzzi"},"content":{"rendered":"<p style=\"text-align: center\">D\u00e9couvrez notre SPA Ex\u00e9cutif, avec <strong>baignoire jacuzzi<\/strong>, <strong>t\u00e9l\u00e9vision 65&Prime;<\/strong> et <strong>double chaise longue de relaxation<\/strong>, pour votre usage exclusif.<\/p>\n<p style=\"text-align: center\">Le tout accompagn\u00e9 d&rsquo;une agr\u00e9able <strong>Wellness Snack&amp;Drink<\/strong>.<\/p>\n<p>&nbsp;<\/p>\n<p style=\"text-align: center\">Avec la <em><strong>formule Executiv<\/strong>e<\/em>, vous pouvez \u00e9galement profiter de:<\/p>\n<p style=\"text-align: center\">\u2022 Sauna, bain turc, douches de chromoth\u00e9rapie, douche \u00e0 seau et cascade de r\u00e9action.<\/p>\n<p style=\"text-align: center\">\u2022 Espace de d\u00e9tente commun avec chaises longues et magazines.<\/p>\n<p style=\"text-align: center\">\u2022 Espace tisanerie avec fruits, snacks, eaux aromatis\u00e9es et tisanes chaudes.<\/p>\n<p>&nbsp;<\/p>\n<p style=\"text-align: center\"><strong><em>L&rsquo;entr\u00e9e comprend<\/em><\/strong>:<\/p>\n<p style=\"text-align: center\">\u2022 2 heures d&rsquo;acc\u00e8s.<\/p>\n<p style=\"text-align: center\">\u2022 Peignoir, serviette et pantoufles.<\/p>\n<p style=\"text-align: center\">Costume obligatoire. R\u00e9servation obligatoire.<\/p>\n","protected":false},"excerpt":{"rendered":"<p>D\u00e9couvrez notre SPA Ex\u00e9cutif, avec baignoire jacuzzi, t\u00e9l\u00e9vision 65&Prime; et double chaise longue de relaxation, pour votre usage exclusif. Le tout accompagn\u00e9 d&rsquo;une agr\u00e9able Wellness Snack&amp;Drink. &nbsp; Avec la formule Executive, vous pouvez \u00e9galement profiter de: \u2022 Sauna, bain turc, douches de chromoth\u00e9rapie, douche \u00e0 seau et cascade de r\u00e9action. \u2022 Espace de d\u00e9tente commun [&hellip;]<\/p>\n","protected":false},"author":13,"featured_media":0,"parent":606,"menu_order":50,"comment_status":"closed","ping_status":"closed","template":"","meta":{"footnotes":""},"class_list":["post-616","page","type-page","status-publish","hentry"],"yoast_head":"<!-- This site is optimized with the Yoast SEO plugin v26.9 - https:\/\/yoast.com\/product\/yoast-seo-wordpress\/ -->\n<title>Suite priv\u00e9e avec jacuzzi &#8226; Verso Verde Milano &#8226;<\/title>\n<meta name=\"description\" content=\"D\u00e9couvrez notre SPA Ex\u00e9cutif, avec baignoire jacuzzi, t\u00e9l\u00e9vision 65&quot; et double chaise longue de relaxation, pour votre usage exclusif. Le tout accompagn\u00e9 d&#039;une agr\u00e9able Wellness Snack&amp;Drink. &nbsp; Avec la formule Executive, vous pouvez \u00e9galement profiter de: \u2022 Sauna, bain turc, douches de chromoth\u00e9rapie, douche \u00e0 seau et cascade de r\u00e9action. \u2022 Espace de d\u00e9tente commun avec chaises longues et magazines. \u2022 Espace tisanerie avec fruits, snacks, eaux aromatis\u00e9es et tisanes chaudes. &nbsp; L&#039;entr\u00e9e comprend: \u2022 2 heures d&#039;acc\u00e8s. \u2022 Peignoir, serviette et pantoufles. Costume obligatoire. R\u00e9servation obligatoire.\" \/>\n<meta name=\"robots\" content=\"index, follow, max-snippet:-1, max-image-preview:large, max-video-preview:-1\" \/>\n<link rel=\"canonical\" href=\"https:\/\/www.versoverde.it\/fr\/spa-gym\/suite-privee-avec-jacuzzi\/\" \/>\n<meta property=\"og:locale\" content=\"fr_FR\" \/>\n<meta property=\"og:type\" content=\"article\" \/>\n<meta property=\"og:title\" content=\"Suite priv\u00e9e avec jacuzzi &#8226; Verso Verde Milano &#8226;\" \/>\n<meta property=\"og:description\" content=\"D\u00e9couvrez notre SPA Ex\u00e9cutif, avec baignoire jacuzzi, t\u00e9l\u00e9vision 65&quot; et double chaise longue de relaxation, pour votre usage exclusif. Le tout accompagn\u00e9 d&#039;une agr\u00e9able Wellness Snack&amp;Drink. &nbsp; Avec la formule Executive, vous pouvez \u00e9galement profiter de: \u2022 Sauna, bain turc, douches de chromoth\u00e9rapie, douche \u00e0 seau et cascade de r\u00e9action. \u2022 Espace de d\u00e9tente commun avec chaises longues et magazines. \u2022 Espace tisanerie avec fruits, snacks, eaux aromatis\u00e9es et tisanes chaudes. &nbsp; L&#039;entr\u00e9e comprend: \u2022 2 heures d&#039;acc\u00e8s. \u2022 Peignoir, serviette et pantoufles. Costume obligatoire. R\u00e9servation obligatoire.\" \/>\n<meta property=\"og:url\" content=\"https:\/\/www.versoverde.it\/fr\/spa-gym\/suite-privee-avec-jacuzzi\/\" \/>\n<meta property=\"og:site_name\" content=\"Verso Verde Milano\" \/>\n<meta property=\"article:modified_time\" content=\"2023-06-09T07:30:19+00:00\" \/>\n<meta name=\"twitter:card\" content=\"summary_large_image\" \/>\n<script type=\"application\/ld+json\" class=\"yoast-schema-graph\">{\"@context\":\"https:\/\/schema.org\",\"@graph\":[{\"@type\":\"WebPage\",\"@id\":\"https:\/\/www.versoverde.it\/fr\/spa-gym\/suite-privee-avec-jacuzzi\/\",\"url\":\"https:\/\/www.versoverde.it\/fr\/spa-gym\/suite-privee-avec-jacuzzi\/\",\"name\":\"Suite priv\u00e9e avec jacuzzi &#8226; Verso Verde Milano &#8226;\",\"isPartOf\":{\"@id\":\"https:\/\/www.versoverde.it\/fr\/#website\"},\"datePublished\":\"2022-04-27T14:44:33+00:00\",\"dateModified\":\"2023-06-09T07:30:19+00:00\",\"description\":\"D\u00e9couvrez notre SPA Ex\u00e9cutif, avec baignoire jacuzzi, t\u00e9l\u00e9vision 65\\\" et double chaise longue de relaxation, pour votre usage exclusif. Le tout accompagn\u00e9 d'une agr\u00e9able Wellness Snack&amp;Drink. &nbsp; Avec la formule Executive, vous pouvez \u00e9galement profiter de: \u2022 Sauna, bain turc, douches de chromoth\u00e9rapie, douche \u00e0 seau et cascade de r\u00e9action. \u2022 Espace de d\u00e9tente commun avec chaises longues et magazines. \u2022 Espace tisanerie avec fruits, snacks, eaux aromatis\u00e9es et tisanes chaudes. &nbsp; L'entr\u00e9e comprend: \u2022 2 heures d'acc\u00e8s. \u2022 Peignoir, serviette et pantoufles. Costume obligatoire. R\u00e9servation obligatoire.\",\"breadcrumb\":{\"@id\":\"https:\/\/www.versoverde.it\/fr\/spa-gym\/suite-privee-avec-jacuzzi\/#breadcrumb\"},\"inLanguage\":\"fr-FR\",\"potentialAction\":[{\"@type\":\"ReadAction\",\"target\":[\"https:\/\/www.versoverde.it\/fr\/spa-gym\/suite-privee-avec-jacuzzi\/\"]}]},{\"@type\":\"BreadcrumbList\",\"@id\":\"https:\/\/www.versoverde.it\/fr\/spa-gym\/suite-privee-avec-jacuzzi\/#breadcrumb\",\"itemListElement\":[{\"@type\":\"ListItem\",\"position\":1,\"name\":\"Home\",\"item\":\"https:\/\/www.versoverde.it\/fr\/\"},{\"@type\":\"ListItem\",\"position\":2,\"name\":\"SPA&amp;GYM\",\"item\":\"https:\/\/www.versoverde.it\/fr\/spa-gym\/\"},{\"@type\":\"ListItem\",\"position\":3,\"name\":\"Suite priv\u00e9e avec jacuzzi\"}]},{\"@type\":\"WebSite\",\"@id\":\"https:\/\/www.versoverde.it\/fr\/#website\",\"url\":\"https:\/\/www.versoverde.it\/fr\/\",\"name\":\"Verso Verde Milano\",\"description\":\"Ecco un altro sito ms.decms.eu\",\"potentialAction\":[{\"@type\":\"SearchAction\",\"target\":{\"@type\":\"EntryPoint\",\"urlTemplate\":\"https:\/\/www.versoverde.it\/fr\/?s={search_term_string}\"},\"query-input\":{\"@type\":\"PropertyValueSpecification\",\"valueRequired\":true,\"valueName\":\"search_term_string\"}}],\"inLanguage\":\"fr-FR\"}]}<\/script>\n<!-- \/ Yoast SEO plugin. -->","yoast_head_json":{"title":"Suite priv\u00e9e avec jacuzzi &#8226; Verso Verde Milano &#8226;","description":"D\u00e9couvrez notre SPA Ex\u00e9cutif, avec baignoire jacuzzi, t\u00e9l\u00e9vision 65\" et double chaise longue de relaxation, pour votre usage exclusif. Le tout accompagn\u00e9 d'une agr\u00e9able Wellness Snack&amp;Drink. &nbsp; Avec la formule Executive, vous pouvez \u00e9galement profiter de: \u2022 Sauna, bain turc, douches de chromoth\u00e9rapie, douche \u00e0 seau et cascade de r\u00e9action. \u2022 Espace de d\u00e9tente commun avec chaises longues et magazines. \u2022 Espace tisanerie avec fruits, snacks, eaux aromatis\u00e9es et tisanes chaudes. &nbsp; L'entr\u00e9e comprend: \u2022 2 heures d'acc\u00e8s. \u2022 Peignoir, serviette et pantoufles. Costume obligatoire. R\u00e9servation obligatoire.","robots":{"index":"index","follow":"follow","max-snippet":"max-snippet:-1","max-image-preview":"max-image-preview:large","max-video-preview":"max-video-preview:-1"},"canonical":"https:\/\/www.versoverde.it\/fr\/spa-gym\/suite-privee-avec-jacuzzi\/","og_locale":"fr_FR","og_type":"article","og_title":"Suite priv\u00e9e avec jacuzzi &#8226; Verso Verde Milano &#8226;","og_description":"D\u00e9couvrez notre SPA Ex\u00e9cutif, avec baignoire jacuzzi, t\u00e9l\u00e9vision 65\" et double chaise longue de relaxation, pour votre usage exclusif. Le tout accompagn\u00e9 d'une agr\u00e9able Wellness Snack&amp;Drink. &nbsp; Avec la formule Executive, vous pouvez \u00e9galement profiter de: \u2022 Sauna, bain turc, douches de chromoth\u00e9rapie, douche \u00e0 seau et cascade de r\u00e9action. \u2022 Espace de d\u00e9tente commun avec chaises longues et magazines. \u2022 Espace tisanerie avec fruits, snacks, eaux aromatis\u00e9es et tisanes chaudes. &nbsp; L'entr\u00e9e comprend: \u2022 2 heures d'acc\u00e8s. \u2022 Peignoir, serviette et pantoufles. Costume obligatoire. R\u00e9servation obligatoire.","og_url":"https:\/\/www.versoverde.it\/fr\/spa-gym\/suite-privee-avec-jacuzzi\/","og_site_name":"Verso Verde Milano","article_modified_time":"2023-06-09T07:30:19+00:00","twitter_card":"summary_large_image","schema":{"@context":"https:\/\/schema.org","@graph":[{"@type":"WebPage","@id":"https:\/\/www.versoverde.it\/fr\/spa-gym\/suite-privee-avec-jacuzzi\/","url":"https:\/\/www.versoverde.it\/fr\/spa-gym\/suite-privee-avec-jacuzzi\/","name":"Suite priv\u00e9e avec jacuzzi &#8226; Verso Verde Milano &#8226;","isPartOf":{"@id":"https:\/\/www.versoverde.it\/fr\/#website"},"datePublished":"2022-04-27T14:44:33+00:00","dateModified":"2023-06-09T07:30:19+00:00","description":"D\u00e9couvrez notre SPA Ex\u00e9cutif, avec baignoire jacuzzi, t\u00e9l\u00e9vision 65\" et double chaise longue de relaxation, pour votre usage exclusif. Le tout accompagn\u00e9 d'une agr\u00e9able Wellness Snack&amp;Drink. &nbsp; Avec la formule Executive, vous pouvez \u00e9galement profiter de: \u2022 Sauna, bain turc, douches de chromoth\u00e9rapie, douche \u00e0 seau et cascade de r\u00e9action. \u2022 Espace de d\u00e9tente commun avec chaises longues et magazines. \u2022 Espace tisanerie avec fruits, snacks, eaux aromatis\u00e9es et tisanes chaudes. &nbsp; L'entr\u00e9e comprend: \u2022 2 heures d'acc\u00e8s. \u2022 Peignoir, serviette et pantoufles. Costume obligatoire. R\u00e9servation obligatoire.","breadcrumb":{"@id":"https:\/\/www.versoverde.it\/fr\/spa-gym\/suite-privee-avec-jacuzzi\/#breadcrumb"},"inLanguage":"fr-FR","potentialAction":[{"@type":"ReadAction","target":["https:\/\/www.versoverde.it\/fr\/spa-gym\/suite-privee-avec-jacuzzi\/"]}]},{"@type":"BreadcrumbList","@id":"https:\/\/www.versoverde.it\/fr\/spa-gym\/suite-privee-avec-jacuzzi\/#breadcrumb","itemListElement":[{"@type":"ListItem","position":1,"name":"Home","item":"https:\/\/www.versoverde.it\/fr\/"},{"@type":"ListItem","position":2,"name":"SPA&amp;GYM","item":"https:\/\/www.versoverde.it\/fr\/spa-gym\/"},{"@type":"ListItem","position":3,"name":"Suite priv\u00e9e avec jacuzzi"}]},{"@type":"WebSite","@id":"https:\/\/www.versoverde.it\/fr\/#website","url":"https:\/\/www.versoverde.it\/fr\/","name":"Verso Verde Milano","description":"Ecco un altro sito ms.decms.eu","potentialAction":[{"@type":"SearchAction","target":{"@type":"EntryPoint","urlTemplate":"https:\/\/www.versoverde.it\/fr\/?s={search_term_string}"},"query-input":{"@type":"PropertyValueSpecification","valueRequired":true,"valueName":"search_term_string"}}],"inLanguage":"fr-FR"}]}},"acf":[],"_links":{"self":[{"href":"https:\/\/www.versoverde.it\/fr\/wp-json\/wp\/v2\/pages\/616","targetHints":{"allow":["GET"]}}],"collection":[{"href":"https:\/\/www.versoverde.it\/fr\/wp-json\/wp\/v2\/pages"}],"about":[{"href":"https:\/\/www.versoverde.it\/fr\/wp-json\/wp\/v2\/types\/page"}],"author":[{"embeddable":true,"href":"https:\/\/www.versoverde.it\/fr\/wp-json\/wp\/v2\/users\/13"}],"replies":[{"embeddable":true,"href":"https:\/\/www.versoverde.it\/fr\/wp-json\/wp\/v2\/comments?post=616"}],"version-history":[{"count":0,"href":"https:\/\/www.versoverde.it\/fr\/wp-json\/wp\/v2\/pages\/616\/revisions"}],"up":[{"embeddable":true,"href":"https:\/\/www.versoverde.it\/fr\/wp-json\/wp\/v2\/pages\/606"}],"wp:attachment":[{"href":"https:\/\/www.versoverde.it\/fr\/wp-json\/wp\/v2\/media?parent=616"}],"curies":[{"name":"wp","href":"https:\/\/api.w.org\/{rel}","templated":true}]}}